{"id":30516,"date":"2026-05-08T21:35:00","date_gmt":"2026-05-08T21:35:00","guid":{"rendered":"https:\/\/kingwaycarrental.com\/car\/mercedes-cla-250\/"},"modified":"2026-05-12T01:37:34","modified_gmt":"2026-05-12T01:37:34","slug":"mercedes-cla-250","status":"publish","type":"product","link":"https:\/\/kingwaycarrental.com\/it\/car\/mercedes-cla-250\/","title":{"rendered":"Mercedes CLA 250"},"content":{"rendered":"<h2>Noleggia una Mercedes-Benz CLA 250 a Dubai<\/h2>\n<p>Quando decidi di guidare un&#8217;auto di lusso per le strade degli Emirati, la verifica dell&#8217;affidabilit\u00e0 del servizio e dei dettagli del veicolo diventa un passo essenziale per garantire un&#8217;esperienza confortevole. King Way Car Rental offre completa trasparenza, permettendoti di rivedere tutti i dettagli dell&#8217;auto prima del ritiro, dandoti piena fiducia durante la guida. Se stai cercando eleganza e prestazioni sportive, l&#8217;opzione di noleggiare una Mercedes CLA 250 a Dubai \u00e8 una delle migliori scelte disponibili, che unisce design moderno e tecnologie avanzate. Ci preoccupiamo di fornire un&#8217;esperienza di prenotazione fluida e chiara, permettendoti di godere della bellezza di Dubai e delle sue attrazioni turistiche al volante della tua auto dei sogni con totale serenit\u00e0 e facilit\u00e0.<\/p>\n<h2>Perch\u00e9 i turisti preferiscono la Mercedes CLA 250 a noleggio a Dubai?<\/h2>\n<p>I turisti che vengono negli Emirati preferiscono un&#8217;esperienza di guida che rifletta la vitalit\u00e0 e la modernit\u00e0 della citt\u00e0. \u00c8 qui che la Mercedes CLA 250 a noleggio a Dubai emerge come una scelta intelligente che bilancia il lusso tedesco e un prezzo ragionevole rispetto alle supercar.<\/p>\n<p>I visitatori sono attratti dal suo design elegante da berlina che ricorda una <a href=\"https:\/\/kingwaycarrental.com\/it\/coupe-car-rental-dubai\/\">coup\u00e9<\/a> a quattro porte, rendendola ideale per scattare foto ricordo davanti al Burj Khalifa o a JBR. Inoltre, l&#8217;auto dispone di un avanzato sistema di navigazione e di un&#8217;interfaccia utente che supporta i comandi vocali, aiutando i turisti a navigare tra le attrazioni senza confusione.<\/p>\n<p>Scegliere la classe <a href=\"https:\/\/kingwaycarrental.com\/mercedes-benz-cla-rental-dubai\/\">Mercedes-Benz CLA<\/a> ti d\u00e0 una presenza prestigiosa negli hotel e resort di lusso, garantendo al contempo facilit\u00e0 di parcheggio e manovra nelle affollate strade di Dubai con elevata flessibilit\u00e0. Questo \u00e8 ci\u00f2 che King Way Car Rental garantisce di fornire ai suoi clienti per un viaggio turistico indimenticabile.<\/p>\n<h3>Specifiche della Mercedes CLA 250 che la rendono la prima scelta per i giovani a Dubai<\/h3>\n<p>La Mercedes-Benz CLA 250 si rivolge al gruppo dei giovani grazie al suo spirito sportivo e alle tecnologie che si allineano con lo stile di vita moderno di Dubai. Il suo appeal pu\u00f2 essere riassunto nei seguenti punti:<\/p>\n<ul>\n<li>Il potente motore turbo da 2,0 litri che genera un&#8217;accelerazione che ti d\u00e0 l&#8217;eccitazione necessaria sulle strade veloci come la Sheikh Zayed Road.<\/li>\n<li>Il sistema di illuminazione ambientale all&#8217;interno dell&#8217;abitacolo che ti permette di scegliere tra 64 colori diversi per adattarti al tuo umore durante la guida notturna.<\/li>\n<li>I doppi schermi digitali che mostrano le informazioni con completa chiarezza e supportano i sistemi smartphone in modalit\u00e0 wireless e diretta.<\/li>\n<li>Il design esterno aggressivo con cerchi in lega sportivi che danno un&#8217;impressione di forza e distinzione tra i coetanei.<\/li>\n<li>I comodi sedili sportivi che forniscono un supporto corporeo ideale durante i lunghi viaggi verso aree montuose o spiagge lontane.<\/li>\n<\/ul>\n<h3>Tecnologie di sicurezza della Mercedes-Benz CLA 250 e la loro idoneit\u00e0 per le strade di Dubai<\/h3>\n<p>La sicurezza di guida \u00e8 una priorit\u00e0 assoluta quando si considera il noleggio di una Mercedes CLA 250 a Dubai, poich\u00e9 l&#8217;auto \u00e8 dotata di un pacchetto di sistemi di sicurezza intelligenti che gestiscono efficacemente le alte velocit\u00e0 stradali. L&#8217;auto include un sistema attivo di assistenza alla frenata che prevede collisioni imminenti e un sistema di mantenimento della corsia che avverte il conducente in caso di disattenzione. Queste caratteristiche sono molto necessarie quando si guidano lunghe distanze tra Dubai e Abu Dhabi.<\/p>\n<p>Le telecamere posteriori e i sensori perimetrali forniscono una visione completa aiutandoti a evitare gli angoli ciechi nelle corsie multiple. Queste tecnologie rendono la guida della Mercedes-Benz CLA 250 un&#8217;esperienza completamente sicura anche per coloro che visitano Dubai per la prima volta e non hanno familiarit\u00e0 con la natura del flusso di traffico veloce, riducendo significativamente la probabilit\u00e0 di piccoli incidenti.<\/p>\n<h3>Quanti chilometri percorre la Mercedes-Benz CLA 250 con un litro di carburante?<\/h3>\n<p>Economicamente, la <a href=\"https:\/\/kingwaycarrental.com\/it\/rent-mercedes-in-dubai\/\">Mercedes-Benz CLA<\/a> 250 eccelle nell&#8217;efficienza del consumo di carburante nonostante le sue prestazioni sportive, cosa che i locatari cercano per risparmiare sui costi accessori. In media, l&#8217;auto percorre una distanza fino a 14 o 15 chilometri per litro di benzina, grazie al cambio automatico a 7 o 8 rapporti che migliora l&#8217;efficienza del motore.<\/p>\n<p>Nella guida cittadina che richiede fermate frequenti, l&#8217;intelligente sistema start-stop aiuta a ridurre gli sprechi, mentre su strade aperte, l&#8217;auto diventa molto efficiente grazie alla sua elevata aerodinamica che riduce la resistenza al vento. Questa efficienza la rende una scelta ideale per coloro che desiderano esplorare ogni angolo degli Emirati senza preoccuparsi costantemente del numero di visite alla stazione di servizio, aumentando il suo valore come auto pratica e lussuosa allo stesso tempo.<\/p>\n<p>Se desideri provare l&#8217;esperienza di guida di questo veicolo compatto che unisce carattere sportivo, lussuoso e giovanile, contattaci attraverso i nostri canali di comunicazione. Stai certo che ti forniremo il miglior prezzo possibile per il pacchetto di noleggio e senza deposito obbligatorio.<\/p>\n<h2>Domande frequenti<\/h2>\n<div id=\"rank-math-rich-snippet-wrapper\"><div id=\"rank-math-faq\" class=\"rank-math-block\">\n<div class=\"rank-math-list \">\n<div id=\"faq-1\" class=\"rank-math-list-item\">\n<h3 class=\"rank-math-question \">Il servizio di consegna dell'auto in hotel o in aeroporto \u00e8 disponibile?<\/h3>\n<div class=\"rank-math-answer \">\n\n<p>S\u00ec, forniamo un servizio di consegna e ritiro dell'auto in qualsiasi luogo a Dubai, incluso l'aeroporto internazionale di Dubai e gli hotel di Palm, per risparmiare tempo e fatica ai nostri clienti.<\/p>\n\n<\/div>\n<\/div>\n<div id=\"faq-2\" class=\"rank-math-list-item\">\n<h3 class=\"rank-math-question \">Che tipo di carburante utilizza questa classe di Mercedes?<\/h3>\n<div class=\"rank-math-answer \">\n\n<p>L'auto utilizza principalmente benzina Premium 98 per garantire le migliori prestazioni del motore turbo e mantenere l'efficienza della combustione e la velocit\u00e0 richiesta.<\/p>\n\n<\/div>\n<\/div>\n<div id=\"faq-3\" class=\"rank-math-list-item\">\n<h3 class=\"rank-math-question \">Due persone possono guidare l'auto con un unico contratto di noleggio?<\/h3>\n<div class=\"rank-math-answer \">\n\n<p>\u00c8 possibile aggiungere un conducente aggiuntivo al contratto di noleggio, a condizione che i documenti ufficiali richiesti (patente di guida e documento d'identit\u00e0) siano forniti per entrambi, per garantire la piena copertura legale durante la guida.<\/p>\n\n<\/div>\n<\/div>\n<\/div>\n<\/div><\/div>\n","protected":false},"excerpt":{"rendered":"<p>Goditi il lusso con la <a href=\"https:\/\/kingwaycarrental.com\/rent-mercedes-cla-250-in-dubai\/\">Mercedes CLA 250 a noleggio a Dubai<\/a>. Scopri le specifiche, l&#8217;efficienza del carburante e le tecnologie di sicurezza con la societ\u00e0 King Way. Prenota ora la tua auto per un&#8217;esperienza di guida divertente e sicura.<\/p>\n","protected":false},"featured_media":24964,"comment_status":"open","ping_status":"closed","template":"","meta":[],"product_brand":[1297],"product_cat":[1305,894,820,902,803,1111,773],"product_tag":[974,793,794,795],"class_list":{"0":"post-30516","1":"product","2":"type-product","3":"status-publish","4":"has-post-thumbnail","6":"product_brand-mercedes","7":"product_cat-mercedes","8":"product_cat-mercedes-benz-cla","9":"product_cat-mercedes-c-class","10":"product_cat-mercedes-cla-250","11":"product_cat-sedan-cars","12":"product_cat-coupe-cars","13":"product_cat-all-cars","14":"product_tag-dubai-car-rental-it","15":"product_tag-king-way-car-rental-it","16":"product_tag-rent-a-car-in-dubai-it","17":"product_tag-----it","19":"first","20":"instock","21":"featured","22":"taxable","23":"shipping-taxable","24":"purchasable","25":"product-type-ovabrw_car_rental"},"_links":{"self":[{"href":"https:\/\/kingwaycarrental.com\/it\/wp-json\/wp\/v2\/product\/30516","targetHints":{"allow":["GET"]}}],"collection":[{"href":"https:\/\/kingwaycarrental.com\/it\/wp-json\/wp\/v2\/product"}],"about":[{"href":"https:\/\/kingwaycarrental.com\/it\/wp-json\/wp\/v2\/types\/product"}],"replies":[{"embeddable":true,"href":"https:\/\/kingwaycarrental.com\/it\/wp-json\/wp\/v2\/comments?post=30516"}],"version-history":[{"count":0,"href":"https:\/\/kingwaycarrental.com\/it\/wp-json\/wp\/v2\/product\/30516\/revisions"}],"wp:featuredmedia":[{"embeddable":true,"href":"https:\/\/kingwaycarrental.com\/it\/wp-json\/wp\/v2\/media\/24964"}],"wp:attachment":[{"href":"https:\/\/kingwaycarrental.com\/it\/wp-json\/wp\/v2\/media?parent=30516"}],"wp:term":[{"taxonomy":"product_brand","embeddable":true,"href":"https:\/\/kingwaycarrental.com\/it\/wp-json\/wp\/v2\/product_brand?post=30516"},{"taxonomy":"product_cat","embeddable":true,"href":"https:\/\/kingwaycarrental.com\/it\/wp-json\/wp\/v2\/product_cat?post=30516"},{"taxonomy":"product_tag","embeddable":true,"href":"https:\/\/kingwaycarrental.com\/it\/wp-json\/wp\/v2\/product_tag?post=30516"}],"curies":[{"name":"wp","href":"https:\/\/api.w.org\/{rel}","templated":true}]}}