{"id":29980,"date":"2026-03-24T00:42:28","date_gmt":"2026-03-24T00:42:28","guid":{"rendered":"https:\/\/kingwaycarrental.com\/?post_type=product&#038;p=29980"},"modified":"2026-04-12T01:55:35","modified_gmt":"2026-04-12T01:55:35","slug":"rent-lamborghini-huracan-dubai","status":"publish","type":"product","link":"https:\/\/kingwaycarrental.com\/it\/car\/rent-lamborghini-huracan-dubai\/","title":{"rendered":"Lamborghini Huracan"},"content":{"rendered":"<h2>Noleggio Lamborghini Huracan a Dubai<\/h2>\n<p>Comprendiamo che gli appassionati di auto sportive cercano chiarezza e semplicit\u00e0, quindi ci assicuriamo in King Way di semplificare questo processo e fornire auto in eccellenti condizioni meccaniche, dandoti piena fiducia per goderti la potenza del motore e il design elegante della Huracan sulle strade degli Emirati senza complicazioni burocratiche o tecniche. Offriamo quindi un&#8217;ampia flotta di <a href=\"https:\/\/kingwaycarrental.com\/rent-lamborghini-in-dubai\/\">auto Lamborghini a noleggio a Dubai<\/a> nelle migliori condizioni e al miglior prezzo di sempre.<\/p>\n<h2>Condizioni per il noleggio di una Lamborghini Huracan a Dubai per turisti e residenti<\/h2>\n<p>Ottenere un&#8217;esperienza di guida eccezionale richiede il rispetto di alcune normative legali per garantire i tuoi diritti e quelli dell&#8217;agenzia. Se sei residente negli Emirati Arabi Uniti, dovrai essenzialmente presentare una copia del tuo documento d&#8217;identit\u00e0 Emirates ID valido, insieme a una patente di guida locale che ti d\u00e0 il diritto di guidare <a href=\"https:\/\/kingwaycarrental.com\/it\/sports-car-rental-dubai\/\">auto sportive<\/a>.<\/p>\n<p>Per i turisti che desiderano noleggiare una Lamborghini Huracan a Dubai, devono presentare una copia del passaporto e del visto di visita, insieme alla patente di guida del loro paese d&#8217;origine. In alcuni casi, potrebbe essere richiesta una patente di guida internazionale a seconda della nazionalit\u00e0 del conducente. King Way stabilisce queste regole per facilitare le transazioni ufficiali e garantire la conformit\u00e0 con le normative dell&#8217;Autorit\u00e0 per le Strade e i Trasporti, facilitandoti la prenotazione immediata di una Lamborghini Huracan a noleggio e l&#8217;inizio del tuo emozionante viaggio attraverso le veloci strade di Dubai.<\/p>\n<h3>Documenti richiesti per la contrattazione<\/h3>\n<ol>\n<li>Copia a colori del passaporto e del visto d&#8217;ingresso per i turisti.<\/li>\n<li>Patente di guida internazionale o patente del paese d&#8217;origine riconosciuta.<\/li>\n<li>Documento d&#8217;identit\u00e0 Emirates ID originale (per i residenti).<\/li>\n<li>Patente di guida degli Emirati valida (per i residenti).<\/li>\n<li>Et\u00e0 del conducente non inferiore a 21 anni (o 25 anni per alcuni modelli).<\/li>\n<\/ol>\n<h2>Caratteristiche tecniche ed estetiche della Lamborghini Huracan EVO Spyder<\/h2>\n<p>Questa vettura \u00e8 considerata un&#8217;icona nel mondo dei motori grazie al suo design che unisce ferocia e aerodinamica superiore. Quando consideri il <a href=\"https:\/\/kingwaycarrental.com\/car\/lamborghini-huracan-evo-spyder\/\">noleggio di una Lamborghini Huracan EVO Spyder<\/a>, ti troverai di fronte a un cockpit ispirato ai caccia militari, dotato di uno schermo touchscreen avanzato per controllare tutte le funzioni del veicolo, con sedili in pelle lussuosi che offrono stabilit\u00e0 e comfort alle alte velocit\u00e0.<\/p>\n<p>Ci\u00f2 che distingue questa versione \u00e8 il sistema di trazione integrale che d\u00e0 al conducente il pieno controllo in curva, oltre al sistema di scarico che emette un rombo potente che delizia gli amanti della velocit\u00e0. Il noleggio di una Lamborghini Huracan ti offre un&#8217;opportunit\u00e0 d&#8217;oro per esplorare la tecnologia italiana nella sua forma pi\u00f9 raffinata, specialmente con la presenza di sistemi di assistenza alla guida intelligenti che rendono la guida di una supercar allo stesso tempo piacevole e facile, sia che tu sia diretto al Burj Khalifa o che tu stia facendo un giro lungo lo Sheikh Zayed Road.<\/p>\n<h3>Specifiche del motore e prestazioni della Lamborghini Huracan<\/h3>\n<p>La Huracan trae la sua forza da un motore V10 da 5,2 litri, un motore aspirato che sviluppa una potenza impressionante che supera i 600 cavalli nella maggior parte delle sue versioni. Questo motore ti offre un&#8217;accelerazione da 0 a 100 km\/h in soli 2,9-3,2 secondi, facendoti sentire la forza di gravit\u00e0 quando premi l&#8217;acceleratore. I seguenti punti mostrano i numeri e le specifiche pi\u00f9 importanti per chiunque cerchi di noleggiare una Lamborghini Huracan a Dubai, per sapere esattamente quali capacit\u00e0 otterr\u00e0 per il suo budget:<\/p>\n<ul>\n<li><strong>Cilindrata:<\/strong> 5,2 litri V10.<\/li>\n<li><strong>Potenza:<\/strong> 610 &#8211; 640 CV.<\/li>\n<li><strong>Velocit\u00e0 massima:<\/strong> 325 km\/h.<\/li>\n<li><strong>Cambio:<\/strong> Automatico a doppia frizione (7 rapporti).<\/li>\n<li><strong>Tipo di trazione:<\/strong> Trazione integrale (AWD) o posteriore a seconda della versione.<\/li>\n<\/ul>\n<h3>Prestazioni della Lamborghini Huracan su strada e sistemi di guida<\/h3>\n<p>Guidare a Dubai ti d\u00e0 l&#8217;opportunit\u00e0 di testare i molteplici sistemi ANIMA della Huracan, che ti consentono di passare dalla modalit\u00e0 STRADA per una guida quotidiana confortevole, alla modalit\u00e0 SPORT che aumenta la risposta del motore e il suono dello scarico, fino alla modalit\u00e0 CORSA dedicata alle gare, che scatena tutta la potenza dell&#8217;auto. Quando richiedi un servizio di noleggio Lamborghini Huracan, noterai come il sistema di sospensioni magnetiche interagisce con la superficie stradale per assorbire gli urti e offrire stabilit\u00e0 ideale.<\/p>\n<p>Il design esterno dell&#8217;auto non \u00e8 solo estetico; mira a ridurre la resistenza dell&#8217;aria e ad aumentare il carico aerodinamico, migliorando le prestazioni sportive del veicolo. L&#8217;integrazione di queste tecnologie rende il noleggio di una Lamborghini Huracan un&#8217;esperienza che non si limita al prestigio sociale, ma \u00e8 un viaggio tecnologico completo nel mondo dell&#8217;ingegneria meccanica avanzata, che ti garantisce distinzione, velocit\u00e0 e sicurezza simultaneamente.<\/p>\n<h2>FAQ<\/h2>\n<div id=\"rank-math-rich-snippet-wrapper\"><div id=\"rank-math-faq\" class=\"rank-math-block\">\n<div class=\"rank-math-list \">\n<div id=\"faq-1\" class=\"rank-math-list-item\">\n<h3 class=\"rank-math-question \">Qualcuno diverso dal locatario principale pu\u00f2 guidare l'auto noleggiata?<\/h3>\n<div class=\"rank-math-answer \">\n\n<p>Legalmente, solo la persona il cui nome \u00e8 registrato nel contratto di noleggio e che ha presentato i propri documenti ufficiali \u00e8 autorizzata a guidare l'auto. Se desideri aggiungere un secondo conducente, i suoi dati devono essere registrati e una piccola tassa aggiuntiva pagata in ufficio per garantire la copertura legale.<\/p>\n\n<\/div>\n<\/div>\n<div id=\"faq-2\" class=\"rank-math-list-item\">\n<h3 class=\"rank-math-question \">Cosa succede in caso di infrazioni stradali?<\/h3>\n<div class=\"rank-math-answer \">\n\n<p>L'importo delle infrazioni stradali registrate sull'auto durante il tuo periodo di noleggio viene trasferito sul tuo conto e ti viene comunicato immediatamente non appena vengono emesse dal sistema di traffico della polizia di Dubai o dell'Autorit\u00e0 per le Strade e i Trasporti per il pagamento.<\/p>\n\n<\/div>\n<\/div>\n<div id=\"faq-3\" class=\"rank-math-list-item\">\n<h3 class=\"rank-math-question \">Il servizio di consegna dell'auto in aeroporto \u00e8 disponibile?<\/h3>\n<div class=\"rank-math-answer \">\n\n<p>S\u00ec, forniamo un servizio di consegna e ritiro dell'auto dall'aeroporto internazionale di Dubai o da qualsiasi luogo tu scelga in citt\u00e0, per garantire il tuo comfort e iniziare il tuo tour immediatamente al tuo arrivo senza bisogno di recarti in ufficio.<\/p>\n\n<\/div>\n<\/div>\n<\/div>\n<\/div><\/div>\n","protected":false},"excerpt":{"rendered":"<p>Quando decidi di guidare una supercar per le strade di Dubai, il primo passo per garantire un&#8217;esperienza sicura inizia con la verifica dei dati del proprietario dell&#8217;auto e dell&#8217;affidabilit\u00e0 dell&#8217;entit\u00e0 con cui stai trattando. King Way Car Rental offre la completa trasparenza che il locatario cerca, fornendoti tutte le informazioni e i documenti legali che garantiscono i tuoi diritti prima di iniziare le procedure di <a href=\"https:\/\/kingwaycarrental.com\/lamborghini-huracan-rental-dubai\/\">noleggio di una Lamborghini Huracan a Dubai<\/a>.<\/p>\n","protected":false},"featured_media":29986,"comment_status":"open","ping_status":"closed","template":"","meta":[],"product_brand":[],"product_cat":[893,882,1111,950,955,773],"product_tag":[792,794],"class_list":{"0":"post-29980","1":"product","2":"type-product","3":"status-publish","4":"has-post-thumbnail","6":"product_cat-lamborghini","7":"product_cat-lamborghini-huracan","8":"product_cat-coupe-cars","9":"product_cat-convertible-cars","10":"product_cat-sports-cars","11":"product_cat-all-cars","12":"product_tag-car-rental-it","13":"product_tag-rent-a-car-in-dubai-it","15":"first","16":"instock","17":"featured","18":"taxable","19":"shipping-taxable","20":"purchasable","21":"product-type-ovabrw_car_rental"},"_links":{"self":[{"href":"https:\/\/kingwaycarrental.com\/it\/wp-json\/wp\/v2\/product\/29980","targetHints":{"allow":["GET"]}}],"collection":[{"href":"https:\/\/kingwaycarrental.com\/it\/wp-json\/wp\/v2\/product"}],"about":[{"href":"https:\/\/kingwaycarrental.com\/it\/wp-json\/wp\/v2\/types\/product"}],"replies":[{"embeddable":true,"href":"https:\/\/kingwaycarrental.com\/it\/wp-json\/wp\/v2\/comments?post=29980"}],"version-history":[{"count":0,"href":"https:\/\/kingwaycarrental.com\/it\/wp-json\/wp\/v2\/product\/29980\/revisions"}],"wp:featuredmedia":[{"embeddable":true,"href":"https:\/\/kingwaycarrental.com\/it\/wp-json\/wp\/v2\/media\/29986"}],"wp:attachment":[{"href":"https:\/\/kingwaycarrental.com\/it\/wp-json\/wp\/v2\/media?parent=29980"}],"wp:term":[{"taxonomy":"product_brand","embeddable":true,"href":"https:\/\/kingwaycarrental.com\/it\/wp-json\/wp\/v2\/product_brand?post=29980"},{"taxonomy":"product_cat","embeddable":true,"href":"https:\/\/kingwaycarrental.com\/it\/wp-json\/wp\/v2\/product_cat?post=29980"},{"taxonomy":"product_tag","embeddable":true,"href":"https:\/\/kingwaycarrental.com\/it\/wp-json\/wp\/v2\/product_tag?post=29980"}],"curies":[{"name":"wp","href":"https:\/\/api.w.org\/{rel}","templated":true}]}}