{"id":28140,"date":"2026-03-06T18:12:06","date_gmt":"2026-03-06T18:12:06","guid":{"rendered":"https:\/\/kingwaycarrental.com\/?post_type=product&#038;p=28140"},"modified":"2026-03-17T20:13:15","modified_gmt":"2026-03-17T20:13:15","slug":"fiat-500-cabriolet-white","status":"publish","type":"product","link":"https:\/\/kingwaycarrental.com\/it\/car\/fiat-500-cabriolet-white\/","title":{"rendered":"Fiat 500 Cabriolet"},"content":{"rendered":"<h2>Perch\u00e9 Noleggiare una Fiat 500 Cabriolet a Dubai?<\/h2>\n<p>Questa auto ti offre un&#8217;esperienza eccezionale per goderti la brezza marina a JBR o scattare foto ricordo davanti al Burj Al Arab con il tetto aperto che offre una vista panoramica completa. King Way Car Rental offre questa icona con allestimenti che garantiscono il tuo comfort e la tua distinzione, rendendo i tuoi spostamenti un ricordo indelebile lontano dal rumore delle tradizionali auto grandi.<\/p>\n<h2>Esperienza di Noleggio Fiat 500 Cabriolet a Dubai<\/h2>\n<p>Decidere di <strong>noleggiare una Fiat 500 Cabriolet a Dubai<\/strong> \u00e8 una mossa intelligente per chi cerca un mezzo di trasporto che unisca praticit\u00e0 e lusso allo stesso tempo, specialmente rivolgendosi a King Way che ti facilita tutte le procedure.<\/p>\n<p>Questa auto ti offre grande flessibilit\u00e0 nel navigare percorsi stretti e aree affollate come Souk Al Bahar o il centro di Dubai, ed \u00e8 anche facile trovare parcheggio per lei nei luoghi affollati grazie alle sue dimensioni ideali.<\/p>\n<p>L&#8217;azienda ti offre questa esperienza a prezzi competitivi che rendono il possesso di <a href=\"https:\/\/kingwaycarrental.com\/it\/convertible-car-rental-dubai\/\">un&#8217;auto decappottabile<\/a> per un giorno, una settimana o anche un mese accessibile a tutti, garantendo al contempo un&#8217;auto pulita e in eccellenti condizioni tecniche degne del tuo tour turistico o delle tue commissioni personali in citt\u00e0.<\/p>\n<p>Se desideri provare la guida di un modello diverso, offriamo una meravigliosa flotta di auto Fiat a noleggio a Dubai, che include varie categorie come berlina Fiat, SUV, sportiva, cabriolet, hatchback.<\/p>\n<h2>Vantaggi della Fiat 500 Cabriolet a Noleggio a Dubai<\/h2>\n<p>La <strong>Fiat 500 Cabriolet<\/strong> \u00e8 dotata di una serie di caratteristiche tecniche che rendono la guida sotto il sole di Dubai o nella sua meravigliosa atmosfera notturna estremamente piacevole. Ecco i dettagli delle sue specifiche attraverso i seguenti punti:<\/p>\n<ol>\n<li><strong>Motore:<\/strong> 1.4 litri che offre prestazioni economiche e attive.<\/li>\n<li><strong>Cambio:<\/strong> Automatico avanzato per una guida facile nel traffico.<\/li>\n<li><strong>Tetto:<\/strong> In tessuto, ripiegabile elettricamente fino a determinate velocit\u00e0.<\/li>\n<li><strong>Tecnologia:<\/strong> Schermo tattile con supporto per Apple CarPlay e Android Auto.<\/li>\n<li><strong>Impianto audio:<\/strong> Altoparlanti di alta qualit\u00e0 per un&#8217;esperienza di intrattenimento integrata.<\/li>\n<\/ol>\n<h3>Il Design Italiano Distintivo della Fiat 500C<\/h3>\n<p>Il classico design italiano di questa auto \u00e8 un elemento attraente per gli appassionati di fotografia e i creatori di contenuti che visitano Dubai. Non \u00e8 solo un mezzo di trasporto ma un accessorio che aggiunge un tocco di eleganza alle tue foto personali.<\/p>\n<p>La carrozzeria hatchback filante dell&#8217;auto e i suoi colori vivaci si abbinano meravigliosamente con i famosi sfondi di Dubai come Ain Dubai o i lussuosi hotel Jumeirah, rendendola la scelta ideale per chi desidera documentare il proprio viaggio in stile cinematografico.<\/p>\n<p>Grazie alla cura che King Way dedica all&#8217;aspetto esteriore delle auto, troverai sempre l&#8217;auto con la sua lucentezza originale e i suoi dettagli cromati che riflettono le luci delle torri di Dubai di notte, garantendoti scatti professionali da ogni angolazione.<\/p>\n<blockquote><p>Parti ora per le strade di Dubai con un&#8217;eleganza italiana unica. Contattaci tramite il nostro sito web, WhatsApp o telefono, prenota la tua auto da King Way e mettiti in viaggio senza limiti!<\/p><\/blockquote>\n<h2>Domande Frequenti<\/h2>\n<div id=\"rank-math-rich-snippet-wrapper\"><div id=\"rank-math-faq\" class=\"rank-math-block\">\n<div class=\"rank-math-list \">\n<div id=\"faq-1\" class=\"rank-math-list-item\">\n<h3 class=\"rank-math-question \">Posso ritirare l'auto direttamente dall'aeroporto di Dubai?<\/h3>\n<div class=\"rank-math-answer \">\n\n<p>S\u00ec, King Way fornisce un servizio di consegna auto in vari aeroporti di Dubai per permetterti di iniziare il tuo viaggio immediatamente all'arrivo senza ritardi.<\/p>\n\n<\/div>\n<\/div>\n<div id=\"faq-2\" class=\"rank-math-list-item\">\n<h3 class=\"rank-math-question \">Quali tipi di carburante utilizza la Fiat 500 decappottabile?<\/h3>\n<div class=\"rank-math-answer \">\n\n<p>L'auto funziona a benzina (Speciale 95 o Premium 98) ed \u00e8 caratterizzata da un consumo di carburante molto economico rispetto ad altre auto sportive.<\/p>\n\n<\/div>\n<\/div>\n<div id=\"faq-3\" class=\"rank-math-list-item\">\n<h3 class=\"rank-math-question \">Due persone possono viaggiare in auto con bagagli da viaggio?<\/h3>\n<div class=\"rank-math-answer \">\n\n<p>L'auto pu\u00f2 ospitare quattro passeggeri, ma in presenza di bagagli ingombranti, \u00e8 preferibile abbattere i sedili posteriori per fornire spazio di stivaggio sufficiente per i bagagli.<\/p>\n\n<\/div>\n<\/div>\n<div id=\"faq-4\" class=\"rank-math-list-item\">\n<h3 class=\"rank-math-question \">\u00c8 consentito fumare all'interno delle auto decappottabili?<\/h3>\n<div class=\"rank-math-answer \">\n\n<p>L'azienda aderisce a una politica di divieto di fumo all'interno di tutte le sue auto per mantenere la pulizia degli abitacoli e la qualit\u00e0 dei rivestimenti e dei sedili per tutti i clienti.<\/p>\n\n<\/div>\n<\/div>\n<div id=\"faq-5\" class=\"rank-math-list-item\">\n<h3 class=\"rank-math-question \">Cosa fare se il tetto elettrico si guasta?<\/h3>\n<div class=\"rank-math-answer \">\n\n<p>Forniamo un servizio di assistenza stradale 24 ore su 24 nella nostra azienda e puoi contattarli immediatamente per inviare una squadra tecnica o sostituire l'auto in caso di guasto imprevisto.<\/p>\n\n<\/div>\n<\/div>\n<\/div>\n<\/div><\/div>\n","protected":false},"excerpt":{"rendered":"<p>Dubai unisce la modernit\u00e0 architettonica e la bellezza delle strade costiere, e non c&#8217;\u00e8 niente di pi\u00f9 piacevole che esplorare questi dettagli in un&#8217;auto che riflette uno spirito di vitalit\u00e0 e libert\u00e0. Se stai cercando un&#8217;esperienza di guida che combini eleganza italiana e facilit\u00e0 di movimento nelle strade affollate della citt\u00e0, noleggiare una Fiat 500 Cabriolet a Dubai \u00e8 la scelta ideale per te.<\/p>\n","protected":false},"featured_media":28146,"comment_status":"open","ping_status":"closed","template":"","meta":[],"product_brand":[1291],"product_cat":[1283,950,773],"product_tag":[792,793,794,795],"class_list":{"0":"post-28140","1":"product","2":"type-product","3":"status-publish","4":"has-post-thumbnail","6":"product_brand-fiat","7":"product_cat-hatchback-cars","8":"product_cat-convertible-cars","9":"product_cat-all-cars","10":"product_tag-car-rental-it","11":"product_tag-king-way-car-rental-it","12":"product_tag-rent-a-car-in-dubai-it","13":"product_tag-----it","15":"first","16":"instock","17":"featured","18":"taxable","19":"shipping-taxable","20":"purchasable","21":"product-type-ovabrw_car_rental"},"_links":{"self":[{"href":"https:\/\/kingwaycarrental.com\/it\/wp-json\/wp\/v2\/product\/28140","targetHints":{"allow":["GET"]}}],"collection":[{"href":"https:\/\/kingwaycarrental.com\/it\/wp-json\/wp\/v2\/product"}],"about":[{"href":"https:\/\/kingwaycarrental.com\/it\/wp-json\/wp\/v2\/types\/product"}],"replies":[{"embeddable":true,"href":"https:\/\/kingwaycarrental.com\/it\/wp-json\/wp\/v2\/comments?post=28140"}],"version-history":[{"count":0,"href":"https:\/\/kingwaycarrental.com\/it\/wp-json\/wp\/v2\/product\/28140\/revisions"}],"wp:featuredmedia":[{"embeddable":true,"href":"https:\/\/kingwaycarrental.com\/it\/wp-json\/wp\/v2\/media\/28146"}],"wp:attachment":[{"href":"https:\/\/kingwaycarrental.com\/it\/wp-json\/wp\/v2\/media?parent=28140"}],"wp:term":[{"taxonomy":"product_brand","embeddable":true,"href":"https:\/\/kingwaycarrental.com\/it\/wp-json\/wp\/v2\/product_brand?post=28140"},{"taxonomy":"product_cat","embeddable":true,"href":"https:\/\/kingwaycarrental.com\/it\/wp-json\/wp\/v2\/product_cat?post=28140"},{"taxonomy":"product_tag","embeddable":true,"href":"https:\/\/kingwaycarrental.com\/it\/wp-json\/wp\/v2\/product_tag?post=28140"}],"curies":[{"name":"wp","href":"https:\/\/api.w.org\/{rel}","templated":true}]}}