{"id":27830,"date":"2026-02-14T00:53:51","date_gmt":"2026-02-14T00:53:51","guid":{"rendered":"https:\/\/kingwaycarrental.com\/car\/rent-ferrari-f8-tributo-spider-dubai\/"},"modified":"2026-03-17T20:09:13","modified_gmt":"2026-03-17T20:09:13","slug":"rent-ferrari-f8-tributo-spider-dubai","status":"publish","type":"product","link":"https:\/\/kingwaycarrental.com\/it\/car\/rent-ferrari-f8-tributo-spider-dubai\/","title":{"rendered":"Ferrari F8 Tributo Spider"},"content":{"rendered":"<h2>Noleggio Ferrari F8 Tributo Spider a Dubai<\/h2>\n<p>Quando <a href=\"https:\/\/kingwaycarrental.com\/it\/rent-ferrari-f8-dubai\/\">noleggi una Ferrari F8 a Dubai<\/a>, non stai noleggiando solo un&#8217;auto sportiva; stai noleggiando l&#8217;apice del lusso, un&#8217;auto dal carattere raro e dal design moderno e distintivo della famosa azienda italiana Ferrari. La F8 Tributo Spider \u00e8 una delle auto sportive di lusso pi\u00f9 famose e prestigiose al mondo. Guidare quest&#8217;auto da sogno \u00e8 un desiderio per molti, ma con noi questo sogno diventer\u00e0 realt\u00e0, grazie a un&#8217;offerta speciale che forniamo a prezzi imbattibili.<\/p>\n<h2>Noleggio Ferrari F8 Tributo Spider a Dubai<\/h2>\n<p>Cerchi un noleggio Ferrari F8 Tributo Spider a Dubai? Noleggiala ora attraverso la nostra piattaforma ai prezzi pi\u00f9 convenienti! Puoi noleggiare una Ferrari F8 Tributo Spider a Dubai senza dover pagare assicurazione o deposito. Ti offriamo vantaggi che molti non hanno e servizi premium di livello mondiale. Con noi, sei veramente un &#8220;re della strada&#8221;.<\/p>\n<h2>Perch\u00e9 noleggiare una Ferrari F8 Spider Cabriolet a Dubai?<\/h2>\n<p>Noleggiare una Ferrari F8 Spider a Dubai \u00e8 un sogno che molti desiderano, poich\u00e9 gli Emirati sono la terra del lusso e degli appassionati di <strong><a href=\"https:\/\/kingwaycarrental.com\/it\/sports-car-rental-dubai\/\">auto sportive lussuose<\/a><\/strong> e rare. La Ferrari F8 Spider cabriolet \u00e8 la scelta ideale per la tua esperienza a Dubai o anche ad Abu Dhabi. Immaginati alla guida di quest&#8217;auto magnifica per le vibranti strade di Dubai, dirigendoti verso Jumeirah Beach, Dubai Marina o visitando i centri commerciali e gli hotel a cinque stelle pi\u00f9 famosi: guidare una Ferrari metter\u00e0 in risalto il tuo fascino unico ovunque tu vada.<\/p>\n<h3>Vantaggi del noleggio di una Ferrari F8 Spider a Dubai<\/h3>\n<p>I vantaggi del noleggio di una Ferrari F8 Spider con noi sono numerosi e vari:<\/p>\n<ul>\n<li>L&#8217;auto \u00e8 disponibile in un caratteristico colore rosso con magnifici cerchi sportivi dal design simile a una stella.<\/li>\n<li>Il design degli interni neri con eleganti tocchi rossi completa perfettamente il carattere sportivo di lusso.<\/li>\n<li>Per quanto riguarda il motore, la Ferrari F8 Spider \u00e8 dotata di un motore V8 biturbo da 3900 cc che produce 711 cavalli, rendendola un &#8220;razzo&#8221; sulle strade, ma deve essere guidata con cautela!<\/li>\n<\/ul>\n<h3>Quanto costa noleggiare una Ferrari F8 Tributo Spider a Dubai?<\/h3>\n<p>Poich\u00e9 siamo i migliori nel <strong><a href=\"https:\/\/kingwaycarrental.com\/it\/\">noleggio di auto sportive a Dubai<\/a><\/strong>, ti offriamo prezzi vantaggiosi per il noleggio Ferrari. Il costo del noleggio di una Ferrari F8 Spider a Dubai tramite noi parte da 3799 Dirham degli Emirati al giorno. Se stai pianificando un contratto di noleggio a lungo o breve termine, ti forniremo sconti fino al 30% sulla Ferrari F8 cabriolet e su tutte le altre auto sportive disponibili nella nostra flotta di lusso in tutti gli Emirati.<\/p>\n<h3>Prenota il tuo noleggio Ferrari F8 Spider a Dubai ora<\/h3>\n<p>Prenota la tua Ferrari F8 Spider a noleggio a Dubai attraverso il nostro sito web\u00a0KingWayCarRental.com\u00a0con passaggi facili e semplici senza complicazioni:<\/p>\n<ol>\n<li>Scegli la Ferrari F8 Tributo Spider dalla nostra grande flotta di <strong><a href=\"https:\/\/kingwaycarrental.com\/rent-ferrari-in-dubai\/\">auto Ferrari a noleggio a Dubai<\/a><\/strong>.<\/li>\n<li>Compila il modulo di prenotazione online.<\/li>\n<li>Seleziona la durata del noleggio che preferisci (giornaliera\/settimanale\/mensile) e invia la richiesta.<\/li>\n<li>O contattaci direttamente e il nostro team di assistenza clienti ti aiuter\u00e0 immediatamente.<\/li>\n<\/ol>\n<p>Mettiti in viaggio e goditi un&#8217;esperienza di guida indimenticabile con noi in totale comfort e sicurezza.<\/p>\n<div id=\"gtx-trans\" style=\"position: absolute; left: 274px; top: 59.8125px;\">\n<div class=\"gtx-trans-icon\"><\/div>\n<\/div>\n","protected":false},"excerpt":{"rendered":"<p>Guidare una Ferrari F8 Spider \u00e8 un sogno ineguagliabile, vero? Con King Way Car Rental diventa realt\u00e0. Noleggia una Ferrari F8 Tributo Spider a Dubai al miglior prezzo senza limiti di chilometraggio. Noleggia l&#8217;auto dei tuoi sogni nella citt\u00e0 dei sogni e vivi un&#8217;avventura indimenticabile. Quando guidi una Ferrari, diventi una stella splendente. Percorri le incantevoli strade di Dubai e Abu Dhabi e goditi la tua esperienza negli Emirati con noi.<\/p>\n","protected":false},"featured_media":23571,"comment_status":"open","ping_status":"closed","template":"","meta":[],"product_brand":[],"product_cat":[863,1330,1111,950,955,773],"product_tag":[974,793,794,795],"class_list":{"0":"post-27830","1":"product","2":"type-product","3":"status-publish","4":"has-post-thumbnail","6":"product_cat-ferrari","7":"product_cat-ferrari-f8","8":"product_cat-coupe-cars","9":"product_cat-convertible-cars","10":"product_cat-sports-cars","11":"product_cat-all-cars","12":"product_tag-dubai-car-rental-it","13":"product_tag-king-way-car-rental-it","14":"product_tag-rent-a-car-in-dubai-it","15":"product_tag-----it","17":"first","18":"instock","19":"featured","20":"taxable","21":"shipping-taxable","22":"purchasable","23":"product-type-ovabrw_car_rental"},"_links":{"self":[{"href":"https:\/\/kingwaycarrental.com\/it\/wp-json\/wp\/v2\/product\/27830","targetHints":{"allow":["GET"]}}],"collection":[{"href":"https:\/\/kingwaycarrental.com\/it\/wp-json\/wp\/v2\/product"}],"about":[{"href":"https:\/\/kingwaycarrental.com\/it\/wp-json\/wp\/v2\/types\/product"}],"replies":[{"embeddable":true,"href":"https:\/\/kingwaycarrental.com\/it\/wp-json\/wp\/v2\/comments?post=27830"}],"version-history":[{"count":0,"href":"https:\/\/kingwaycarrental.com\/it\/wp-json\/wp\/v2\/product\/27830\/revisions"}],"wp:featuredmedia":[{"embeddable":true,"href":"https:\/\/kingwaycarrental.com\/it\/wp-json\/wp\/v2\/media\/23571"}],"wp:attachment":[{"href":"https:\/\/kingwaycarrental.com\/it\/wp-json\/wp\/v2\/media?parent=27830"}],"wp:term":[{"taxonomy":"product_brand","embeddable":true,"href":"https:\/\/kingwaycarrental.com\/it\/wp-json\/wp\/v2\/product_brand?post=27830"},{"taxonomy":"product_cat","embeddable":true,"href":"https:\/\/kingwaycarrental.com\/it\/wp-json\/wp\/v2\/product_cat?post=27830"},{"taxonomy":"product_tag","embeddable":true,"href":"https:\/\/kingwaycarrental.com\/it\/wp-json\/wp\/v2\/product_tag?post=27830"}],"curies":[{"name":"wp","href":"https:\/\/api.w.org\/{rel}","templated":true}]}}