{"id":27077,"date":"2026-01-03T01:11:11","date_gmt":"2026-01-03T01:11:11","guid":{"rendered":"https:\/\/kingwaycarrental.com\/?post_type=product&#038;p=27077"},"modified":"2026-01-19T00:04:13","modified_gmt":"2026-01-19T00:04:13","slug":"mercedes-brabus-g800","status":"publish","type":"product","link":"https:\/\/kingwaycarrental.com\/it\/car\/mercedes-brabus-g800\/","title":{"rendered":"Mercedes Brabus G800 AMG"},"content":{"rendered":"<h2 class=\"ds-markdown-paragraph\">Vantaggi del Noleggio di una Mercedes G800 Brabus AMG a Dubai<\/h2>\n<p class=\"ds-markdown-paragraph\">Questo veicolo iconico si distingue per i suoi numerosi tocchi lussuosi e una presenza maestosa. Ha ottenuto un successo straordinario nel mondo dei veicoli di lusso, e a ragione. Mercedes-Benz non \u00e8 un&#8217;azienda ordinaria; produce le auto pi\u00f9 raffinate al mondo con un&#8217;eredit\u00e0 ricca e prestigiosa, facendo sognare molti di possederne una o semplicemente di provare l&#8217;esperienza di guida. Ecco perch\u00e9 offriamo ai nostri clienti uno dei migliori veicoli a trazione integrale: la\u00a0<strong><a href=\"https:\/\/kingwaycarrental.com\/it\/car\/mercedes-g-brabus\/\">G63 Brabus<\/a> Kit 800<\/strong>, che include una serie di caratteristiche:<\/p>\n<ul>\n<li class=\"ds-markdown-paragraph\">Un design esterno mozzafiato, progettato alla perfezione da Mercedes, arricchito con tocchi estetici Brabus come faretti sul tetto, uno spoiler posteriore e un cofano con inserto di ventilazione in carbonio.<\/li>\n<li class=\"ds-markdown-paragraph\">Una splendida verniciatura blu scuro all&#8217;esterno con accenti arancioni vivaci.<\/li>\n<li class=\"ds-markdown-paragraph\">Interni color arancione per l&#8217;abitacolo, inclusa la plancia e i sedili posteriori.<\/li>\n<li class=\"ds-markdown-paragraph\">Cerchi sportivi AMG neri lucidi.<\/li>\n<li class=\"ds-markdown-paragraph\">Materiali di alta qualit\u00e0 in pelle naturale con inserti in fibra di carbonio e Alcantara.<\/li>\n<li class=\"ds-markdown-paragraph\">Airbag di protezione e sistema frenante EBD.<\/li>\n<li class=\"ds-markdown-paragraph\">Controllo e limitatore di velocit\u00e0 con sistema antibloccaggio (ABS).<\/li>\n<li class=\"ds-markdown-paragraph\">Tecnologia all&#8217;avanguardia nell&#8217;abitacolo, sul volante e sul cruscotto, inclusi GPS, schermo touch con supporto Android Auto\/Apple CarPlay.<\/li>\n<\/ul>\n<h3 class=\"ds-markdown-paragraph\">Noleggia una Mercedes G63 Brabus Kit a Dubai<\/h3>\n<p class=\"ds-markdown-paragraph\">Se stai pianificando un viaggio a Dubai o sei gi\u00e0 residente e cerchi un&#8217;esperienza di lusso e raffinatezza supreme, scegliere la\u00a0<strong>Mercedes G Brabus 800<\/strong>\u00a0\u00e8 la decisione ottimale. Questo veicolo \u00e8 creato appositamente per gli appassionati di auto di lusso e per chi cerca un&#8217;esperienza di guida emozionante, proprio come la Classe S per gli amanti delle berline.<\/p>\n<p class=\"ds-markdown-paragraph\">Prenota la tua auto ora contattando il servizio clienti di King Way tramite il nostro sito web e visualizza la nostra vasta flotta di <a href=\"https:\/\/kingwaycarrental.com\/it\/rent-mercedes-in-dubai\/\">Mercedes disponibili per il noleggio a Dubai<\/a>, o contattaci direttamente tramite telefono +971505530830\/WhatsApp +971553022188.<\/p>\n<p><code><div id=\"rank-math-rich-snippet-wrapper\"><div id=\"rank-math-faq\" class=\"rank-math-block\">\n<div class=\"rank-math-list \">\n<div id=\"faq-1\" class=\"rank-math-list-item\">\n<h3 class=\"rank-math-question \">Qual \u00e8 l'et\u00e0 minima per noleggiare un'auto di lusso a Dubai?<\/h3>\n<div class=\"rank-math-answer \">\n\n<p>King Way consente alla sua clientela locale e internazionale di noleggiare un'auto di lusso a Dubai a partire dai\u00a019 anni di et\u00e0.<\/p>\n\n<\/div>\n<\/div>\n<div id=\"faq-2\" class=\"rank-math-list-item\">\n<h3 class=\"rank-math-question \">Cosa serve per noleggiare una G-Class a Dubai?<\/h3>\n<div class=\"rank-math-answer \">\n\n<p>Per i residenti: Una copia della carta d'identit\u00e0 degli Emirati Arabi Uniti (UAE ID) e una copia della patente di guida emiratina.<br \/>\nPer i turisti: Una copia della patente di guida del proprio paese di origine o di una\u00a0Patente Internazionale di Guida (IDP), insieme al passaporto.<\/p>\n\n<\/div>\n<\/div>\n<div id=\"faq-3\" class=\"rank-math-list-item\">\n<h3 class=\"rank-math-question \">Posso ritirare l'auto all'Aeroporto Internazionale di Dubai (DXB)?<\/h3>\n<div class=\"rank-math-answer \">\n\n<p>S\u00ec, King Way offre il suo servizio di noleggio direttamente all'Aeroporto Internazionale di Dubai (DXB). Inoltre, forniamo il\u00a0servizio di consegna gratuita\u00a0senza costi aggiuntivi.<\/p>\n\n<\/div>\n<\/div>\n<\/div>\n<\/div><\/div><\/code><\/p>\n","protected":false},"excerpt":{"rendered":"<h1>Noleggia una Mercedes Brabus G800 AMG a Dubai<\/h1>\n<p class=\"ds-markdown-paragraph\">Vivi il lusso assoluto noleggiando una Mercedes Brabus G800 AMG a Dubai a un prezzo eccezionale con King Way. Goditi la <strong>consegna gratuita<\/strong>\u00a0e\u00a0<strong>nessuna cauzione<\/strong>\u00a0\u00e8 richiesta per prenotare il tuo veicolo di lusso!<\/p>\n","protected":false},"featured_media":27105,"comment_status":"open","ping_status":"closed","template":"","meta":[],"product_brand":[1297],"product_cat":[1305,917,790,791,773],"product_tag":[792,793,794,795],"class_list":{"0":"post-27077","1":"product","2":"type-product","3":"status-publish","4":"has-post-thumbnail","6":"product_brand-mercedes","7":"product_cat-mercedes","8":"product_cat-mercedes-g-class","9":"product_cat-luxury-cars","10":"product_cat-suv-cars","11":"product_cat-all-cars","12":"product_tag-car-rental-it","13":"product_tag-king-way-car-rental-it","14":"product_tag-rent-a-car-in-dubai-it","15":"product_tag-----it","17":"first","18":"instock","19":"featured","20":"taxable","21":"shipping-taxable","22":"purchasable","23":"product-type-ovabrw_car_rental"},"_links":{"self":[{"href":"https:\/\/kingwaycarrental.com\/it\/wp-json\/wp\/v2\/product\/27077","targetHints":{"allow":["GET"]}}],"collection":[{"href":"https:\/\/kingwaycarrental.com\/it\/wp-json\/wp\/v2\/product"}],"about":[{"href":"https:\/\/kingwaycarrental.com\/it\/wp-json\/wp\/v2\/types\/product"}],"replies":[{"embeddable":true,"href":"https:\/\/kingwaycarrental.com\/it\/wp-json\/wp\/v2\/comments?post=27077"}],"version-history":[{"count":0,"href":"https:\/\/kingwaycarrental.com\/it\/wp-json\/wp\/v2\/product\/27077\/revisions"}],"wp:featuredmedia":[{"embeddable":true,"href":"https:\/\/kingwaycarrental.com\/it\/wp-json\/wp\/v2\/media\/27105"}],"wp:attachment":[{"href":"https:\/\/kingwaycarrental.com\/it\/wp-json\/wp\/v2\/media?parent=27077"}],"wp:term":[{"taxonomy":"product_brand","embeddable":true,"href":"https:\/\/kingwaycarrental.com\/it\/wp-json\/wp\/v2\/product_brand?post=27077"},{"taxonomy":"product_cat","embeddable":true,"href":"https:\/\/kingwaycarrental.com\/it\/wp-json\/wp\/v2\/product_cat?post=27077"},{"taxonomy":"product_tag","embeddable":true,"href":"https:\/\/kingwaycarrental.com\/it\/wp-json\/wp\/v2\/product_tag?post=27077"}],"curies":[{"name":"wp","href":"https:\/\/api.w.org\/{rel}","templated":true}]}}