{"id":26570,"date":"2025-12-05T01:29:14","date_gmt":"2025-12-05T01:29:14","guid":{"rendered":"https:\/\/kingwaycarrental.com\/?post_type=product&#038;p=26570"},"modified":"2026-03-13T23:44:46","modified_gmt":"2026-03-13T23:44:46","slug":"porsche-911-targa-4-gts","status":"publish","type":"product","link":"https:\/\/kingwaycarrental.com\/it\/car\/porsche-911-targa-4-gts\/","title":{"rendered":"Porsche 911 Targa 4 GTS"},"content":{"rendered":"<h2 data-path-to-node=\"6\">Vantaggi del Noleggio della Porsche 911 Targa 4 GTS a Dubai<\/h2>\n<p data-path-to-node=\"5\">La nuova edizione Targa 4 GTS della casa automobilistica tedesca Porsche si distingue per la sua incredibile potenza, le prestazioni sbalorditive e il design moderno come <a href=\"https:\/\/kingwaycarrental.com\/it\/sports-car-rental-dubai\/\">auto sportiva<\/a> convertibile. Questa vettura possiede un fascino particolare per la guida nel mondo delle supercar.<\/p>\n<p data-path-to-node=\"6\">Il motore della Targa 4 GTS ha una cilindrata di <b>3600 cc<\/b> twin-turbo \/ ibrido + motore turbo elettrico, producendo <b>532 cavalli<\/b>.<\/p>\n<p data-path-to-node=\"7\">Il design esterno dell&#8217;auto \u00e8 di suprema bellezza e include un&#8217;ingegneria aerodinamica geniale, insieme a cerchi sportivi verniciati di nero con l&#8217;iconico logo Porsche al centro della ruota. A ci\u00f2 si aggiunge il celebre scarico della Porsche 911 Targa e il suono potente del suo motore che attira l&#8217;attenzione.<\/p>\n<p data-path-to-node=\"8\">Se date uno sguardo pi\u00f9 da vicino all&#8217;interno dell&#8217;auto, troverete tocchi di estremo lusso firmati <a href=\"https:\/\/kingwaycarrental.com\/it\/?attachment_id=23181\">Porsche<\/a>. Vedrete un abitacolo apertamente sportivo, splendidamente e piacevolmente progettato. \u00c8 dotato di un volante con comandi completi, un quadro strumenti che \u00e8 un mix di digitale + analogico, e sedili lussuosi in pelle naturale color cammello raffinato, ricamati con filo bianco, creando una fusione di raffinatezza e lusso.<\/p>\n<p data-path-to-node=\"9\">L&#8217;accelerazione della Porsche 911 Targa \u00e8 davvero sorprendente e degna di nota, poich\u00e9 la Targa 4 GTS copre la distanza da zero a cento in soli <b>3,1 secondi<\/b>!<\/p>\n<p data-path-to-node=\"11\">\n<h3 data-path-to-node=\"12\">Cosa \u00e8 Richiesto per Noleggiare una Porsche Targa 4 GTS a Dubai tramite King Way?<\/h3>\n<p data-path-to-node=\"11\">I requisiti per <a href=\"https:\/\/kingwaycarrental.com\/it\/\">noleggiare un&#8217;auto a Dubai<\/a> attraverso la nostra azienda sono molto semplici. Offriamo servizi di noleggio flessibili e una grande facilit\u00e0 di prenotazione online per semplificare le procedure sia per i nostri clienti locali che internazionali. Tutto ci\u00f2 di cui avete bisogno per noleggiare e prenotare un&#8217;auto sportiva negli Emirati Arabi Uniti tramite King Way \u00e8 il seguente:<\/p>\n<ul data-path-to-node=\"12\">\n<li>\n<p data-path-to-node=\"12,0,0\"><b>Residenti:<\/b> Presentare l&#8217;Emirates ID e una patente di guida degli Emirati valida (il visto di residenza \u00e8 accettato).<\/p>\n<\/li>\n<li>\n<p data-path-to-node=\"12,1,0\"><b>Turisti:<\/b> Una copia del passaporto, una copia della patente di guida valida del paese d&#8217;origine e una copia del Permesso di Guida Internazionale (IDP) o di un&#8217;altra patente di guida riconosciuta all&#8217;interno degli Emirati Arabi Uniti.<\/p>\n<\/li>\n<\/ul>\n<p data-path-to-node=\"13\">Contattateci oggi stesso direttamente per prenotare la vostra auto sportiva per un viaggio indimenticabile a Dubai. Potete chiamarci direttamente al numero di telefono <b>+971553022188<\/b>, tramite WhatsApp, o attraverso la nostra piattaforma elettronica.<\/p>\n","protected":false},"excerpt":{"rendered":"<h1>Noleggio Porsche 911 Targa 4 GTS a Dubai<\/h1>\n<p>Godetevi i momenti pi\u00f9 belli a Dubai noleggiando l&#8217;ultimo modello 2026 della <a href=\"https:\/\/kingwaycarrental.com\/it\/?attachment_id=25334\">Porsche 911<\/a> Targa 4 GTS tramite <b>King Way<\/b>. Lanciatevi in strada con una delle auto sportive pi\u00f9 belle e famose del mondo. Esplorate le strade di Dubai e le spiagge sabbiose con un&#8217;auto sportiva decappottabile e rendete il vostro viaggio indimenticabile!<\/p>\n<div id=\"gtx-trans\" style=\"position: absolute; left: 400px; top: -0.5625px;\">\n<div class=\"gtx-trans-icon\"><\/div>\n<\/div>\n","protected":false},"featured_media":26611,"comment_status":"open","ping_status":"closed","template":"","meta":[],"product_brand":[],"product_cat":[1111,950,955,936,943,773],"product_tag":[792,794],"class_list":{"0":"post-26570","1":"product","2":"type-product","3":"status-publish","4":"has-post-thumbnail","6":"product_cat-coupe-cars","7":"product_cat-convertible-cars","8":"product_cat-sports-cars","9":"product_cat-porsche","10":"product_cat-porsche-911","11":"product_cat-all-cars","12":"product_tag-car-rental-it","13":"product_tag-rent-a-car-in-dubai-it","15":"first","16":"instock","17":"featured","18":"taxable","19":"shipping-taxable","20":"purchasable","21":"product-type-ovabrw_car_rental"},"_links":{"self":[{"href":"https:\/\/kingwaycarrental.com\/it\/wp-json\/wp\/v2\/product\/26570","targetHints":{"allow":["GET"]}}],"collection":[{"href":"https:\/\/kingwaycarrental.com\/it\/wp-json\/wp\/v2\/product"}],"about":[{"href":"https:\/\/kingwaycarrental.com\/it\/wp-json\/wp\/v2\/types\/product"}],"replies":[{"embeddable":true,"href":"https:\/\/kingwaycarrental.com\/it\/wp-json\/wp\/v2\/comments?post=26570"}],"version-history":[{"count":0,"href":"https:\/\/kingwaycarrental.com\/it\/wp-json\/wp\/v2\/product\/26570\/revisions"}],"wp:featuredmedia":[{"embeddable":true,"href":"https:\/\/kingwaycarrental.com\/it\/wp-json\/wp\/v2\/media\/26611"}],"wp:attachment":[{"href":"https:\/\/kingwaycarrental.com\/it\/wp-json\/wp\/v2\/media?parent=26570"}],"wp:term":[{"taxonomy":"product_brand","embeddable":true,"href":"https:\/\/kingwaycarrental.com\/it\/wp-json\/wp\/v2\/product_brand?post=26570"},{"taxonomy":"product_cat","embeddable":true,"href":"https:\/\/kingwaycarrental.com\/it\/wp-json\/wp\/v2\/product_cat?post=26570"},{"taxonomy":"product_tag","embeddable":true,"href":"https:\/\/kingwaycarrental.com\/it\/wp-json\/wp\/v2\/product_tag?post=26570"}],"curies":[{"name":"wp","href":"https:\/\/api.w.org\/{rel}","templated":true}]}}