{"id":26266,"date":"2025-07-07T14:29:56","date_gmt":"2025-07-07T14:29:56","guid":{"rendered":"https:\/\/kingwaycarrental.com\/product\/chevrolet-corvette-c8\/"},"modified":"2025-11-24T02:34:28","modified_gmt":"2025-11-24T02:34:28","slug":"chevrolet-corvette-c8","status":"publish","type":"product","link":"https:\/\/kingwaycarrental.com\/it\/car\/chevrolet-corvette-c8\/","title":{"rendered":"Chevrolet Corvette C8"},"content":{"rendered":"<h2 data-pm-slice=\"1 1 []\">Chevrolet Corvette C8 Stingray Cabrio a Noleggio a Dubai<\/h2>\n<p>Stai cercando di noleggiare una Chevrolet Corvette C8 Stingray Cabrio a Dubai? \u00c8 la scelta perfetta. Con il suo design elegante, le prestazioni potenti e la tecnologia all&#8217;avanguardia, la Corvette C8 Stingray Cabrio cattura l&#8217;attenzione ovunque tu vada. Presso King Way Car Rental, rendiamo facile e conveniente noleggiare questa eccezionale auto sportiva a Dubai, con servizi di noleggio premium.<\/p>\n<h3>Noleggio Chevrolet Corvette C8 Cabrio a Dubai<\/h3>\n<p>Noleggia la Chevrolet Corvette C8 Cabrio a Dubai; \u00e8 disponibile in un bellissimo colore esterno grigio e interni rossi. \u00c8 un capolavoro di ingegneria e design. Essendo la prima Corvette a motore centrale, offre un&#8217;esperienza di guida impareggiabile. Ecco alcune caratteristiche salienti che rendono la Corvette C8 una delle migliori scelte di <a href=\"https:\/\/kingwaycarrental.com\/it\/sports-car-rental-dubai\/\">auto sportive<\/a> a Dubai:<\/p>\n<ul>\n<li data-path-to-node=\"8,0,0\"><b>Prestazioni:<\/b> Dotata di un potente motore V8 da 6,2 litri, la Corvette C8 Stingray eroga <b>495 CV<\/b> (cavalli vapore) e <b>637 Nm di coppia<\/b>, garantendo un&#8217;accelerazione elettrizzante e una maneggevolezza di prima classe.<\/li>\n<li data-path-to-node=\"8,1,0\"><b>Design:<\/b> Con la sua forma aerodinamica, le linee audaci e gli interni lussuosi, la C8 Cabrio incarna raffinatezza e velocit\u00e0.<\/li>\n<\/ul>\n<h3>Come Noleggiare una Chevrolet Corvette C8 Stingray a Dubai<\/h3>\n<p>I passaggi per noleggiare una Chevrolet Corvette C8 Cabrio Stingray a Dubai, una macchina straordinaria da <a href=\"https:\/\/kingwaycarrental.com\/it\/\">KingWayCarRental<\/a>, sono semplici e veloci:<\/p>\n<ol>\n<li data-path-to-node=\"11,0,0\"><b>Sfoglia il nostro sito web:<\/b> Visita il nostro sito web per esplorare la nostra vasta flotta di auto <a href=\"https:\/\/kingwaycarrental.com\/it\/chevrolet-corvette-rental-dubai\/\">Chevrolet Corvette<\/a> e verificarne la disponibilit\u00e0.<\/li>\n<li data-path-to-node=\"11,1,0\"><b>Contattaci:<\/b> Contatta il nostro team via telefono, e-mail o WhatsApp per effettuare la tua prenotazione.<\/li>\n<li data-path-to-node=\"11,2,0\"><b>Fornisci i documenti richiesti:<\/b> Assicurati di avere una patente di guida valida, un passaporto e una carta di credito per la procedura di noleggio.<\/li>\n<li data-path-to-node=\"11,3,0\"><b>Conferma la tua prenotazione:<\/b> Una volta confermata la tua prenotazione per la Corvette C8 Stingray, puoi ritirare l&#8217;auto o fartela consegnare direttamente al tuo indirizzo.<\/li>\n<\/ol>\n<h3>Prenota il Tuo Noleggio Corvette C8 Stingray Cabrio a Dubai<\/h3>\n<p data-pm-slice=\"1 1 []\">Prenotare una Chevrolet Corvette C8 Cabrio con King Way Car Rental \u00e8 semplice e diretto:<\/p>\n<ul>\n<li data-path-to-node=\"14,0,0\">Non perdere l&#8217;opportunit\u00e0 di elevare la tua esperienza a Dubai con una Chevrolet Corvette C8, una vera supercar. In King Way Car Rental, ci impegniamo a rendere realt\u00e0 la guida dei tuoi sogni.<\/li>\n<li data-path-to-node=\"14,1,0\">Contattaci oggi stesso per prenotare il tuo noleggio e preparati a farti notare mentre esplori Dubai in questa straordinaria auto sportiva. Il nostro servizio clienti <b>24 ore su 24, 7 giorni su 7<\/b>, ti assister\u00e0 immediatamente.<\/li>\n<\/ul>\n","protected":false},"excerpt":{"rendered":"<h1>Noleggio Chevrolet Corvette C8 Stingray Cabrio a Dubai<\/h1>\n<p>Noleggiare una Chevrolet Corvette C8 Stingray Cabrio a Dubai \u00e8 molto pi\u00f9 di un semplice mezzo di trasporto; \u00e8 un&#8217;esperienza di lusso, prestazioni ed eleganza. Con King Way Car Rental, puoi goderti questa iconica auto sportiva con facilit\u00e0 e comfort. Rendi la tua visita a Dubai davvero indimenticabile indulgendo nell&#8217;emozione di guidare una Corvette C8 Stingray Cabrio al miglior prezzo.<\/p>\n","protected":false},"featured_media":25217,"comment_status":"open","ping_status":"closed","template":"","meta":[],"product_brand":[],"product_cat":[858,848,855,1111,950,955,773],"product_tag":[792,794],"class_list":{"0":"post-26266","1":"product","2":"type-product","3":"status-publish","4":"has-post-thumbnail","6":"product_cat-chevrolet","7":"product_cat-chevrolet-corvette","8":"product_cat-chevrolet-corvette-c8","9":"product_cat-coupe-cars","10":"product_cat-convertible-cars","11":"product_cat-sports-cars","12":"product_cat-all-cars","13":"product_tag-car-rental-it","14":"product_tag-rent-a-car-in-dubai-it","16":"first","17":"instock","18":"featured","19":"taxable","20":"shipping-taxable","21":"purchasable","22":"product-type-ovabrw_car_rental"},"_links":{"self":[{"href":"https:\/\/kingwaycarrental.com\/it\/wp-json\/wp\/v2\/product\/26266","targetHints":{"allow":["GET"]}}],"collection":[{"href":"https:\/\/kingwaycarrental.com\/it\/wp-json\/wp\/v2\/product"}],"about":[{"href":"https:\/\/kingwaycarrental.com\/it\/wp-json\/wp\/v2\/types\/product"}],"replies":[{"embeddable":true,"href":"https:\/\/kingwaycarrental.com\/it\/wp-json\/wp\/v2\/comments?post=26266"}],"version-history":[{"count":0,"href":"https:\/\/kingwaycarrental.com\/it\/wp-json\/wp\/v2\/product\/26266\/revisions"}],"wp:featuredmedia":[{"embeddable":true,"href":"https:\/\/kingwaycarrental.com\/it\/wp-json\/wp\/v2\/media\/25217"}],"wp:attachment":[{"href":"https:\/\/kingwaycarrental.com\/it\/wp-json\/wp\/v2\/media?parent=26266"}],"wp:term":[{"taxonomy":"product_brand","embeddable":true,"href":"https:\/\/kingwaycarrental.com\/it\/wp-json\/wp\/v2\/product_brand?post=26266"},{"taxonomy":"product_cat","embeddable":true,"href":"https:\/\/kingwaycarrental.com\/it\/wp-json\/wp\/v2\/product_cat?post=26266"},{"taxonomy":"product_tag","embeddable":true,"href":"https:\/\/kingwaycarrental.com\/it\/wp-json\/wp\/v2\/product_tag?post=26266"}],"curies":[{"name":"wp","href":"https:\/\/api.w.org\/{rel}","templated":true}]}}