{"id":26083,"date":"2025-11-18T00:01:59","date_gmt":"2025-11-18T00:01:59","guid":{"rendered":"https:\/\/kingwaycarrental.com\/product\/range-rover-svr-rental-in-dubai\/"},"modified":"2026-03-12T03:55:32","modified_gmt":"2026-03-12T03:55:32","slug":"range-rover-svr-rental-in-dubai","status":"publish","type":"product","link":"https:\/\/kingwaycarrental.com\/it\/car\/range-rover-svr-rental-in-dubai\/","title":{"rendered":"Range Rover SVR"},"content":{"rendered":"<h3>Vantaggi di Noleggiare una Range Rover SVR a Dubai<\/h3>\n<p data-path-to-node=\"3\">La Range Rover SVR si distingue per la tecnologia avanzata e un design moderno per un SUV di grandi dimensioni e allo stesso tempo sportivo. Tra le caratteristiche di questo veicolo iconico ci sono:<\/p>\n<ul>\n<li data-path-to-node=\"4,0,0\">Un abitacolo lussuoso e sofisticato con numerosi tocchi di eleganza.<\/li>\n<li data-path-to-node=\"4,1,0\">Un motore colossale V8 da 5.000 cc (il famoso tipo V8).<\/li>\n<li data-path-to-node=\"4,2,0\">Supporta 5 posti passeggeri ed \u00e8 spaziosa all&#8217;interno per il massimo comfort degli occupanti.<\/li>\n<li data-path-to-node=\"4,3,0\">Dotata di telecamere anteriori e posteriori, sensori di parcheggio (Park Sensor) e GPS.<\/li>\n<li data-path-to-node=\"4,4,0\">Illuminazione a LED sorprendente per i fari anteriori e posteriori.<\/li>\n<li data-path-to-node=\"4,5,0\">Materiali di lusso come la pelle naturale e l&#8217;Alcantara.<\/li>\n<li data-path-to-node=\"4,6,0\">Un sistema di climatizzazione di altissima qualit\u00e0 che supporta sia il conducente che i passeggeri.<\/li>\n<li data-path-to-node=\"4,7,0\">Uno schermo touch che supporta Apple CarPlay e Android Auto.<\/li>\n<li data-path-to-node=\"4,8,0\">Funzione massaggio nei sedili per offrire il massimo comfort possibile ai passeggeri.<\/li>\n<\/ul>\n<p data-path-to-node=\"5\">In aggiunta ad altri vantaggi per cui la <a href=\"https:\/\/kingwaycarrental.com\/range-rover-rental-dubai\/\">Range Rover<\/a> SVR \u00e8 famosa, \u00e8 una delle auto pi\u00f9 adatte per il vostro viaggio a Dubai, specialmente se siete con la vostra famiglia. Contattateci ora telefonicamente o scriveteci su WhatsApp per prenotare la vostra auto!<\/p>\n<div id=\"gtx-trans\" style=\"position: absolute; left: 323px; top: 53.7188px;\">\n<div class=\"gtx-trans-icon\"><\/div>\n<\/div>\n","protected":false},"excerpt":{"rendered":"<h1>Range Rover SVR a noleggio a Dubai<\/h1>\n<p>KingWayCarRental.com offre il <a href=\"https:\/\/kingwaycarrental.com\/it\/?attachment_id=25100\">noleggio di una Range Rover SVR a Dubai<\/a> alle migliori tariffe, con consegna gratuita dell&#8217;auto, sconto esclusivo del 30%, nessun deposito o assicurazione richiesti, un servizio clienti premium 24 ore su 24, 7 giorni su 7 e tanti regali nel tuo pacchetto di noleggio!<\/p>\n","protected":false},"featured_media":25096,"comment_status":"open","ping_status":"closed","template":"","meta":[],"product_brand":[],"product_cat":[869,791,946,944,773],"product_tag":[792,793,794,795],"class_list":{"0":"post-26083","1":"product","2":"type-product","3":"status-publish","4":"has-post-thumbnail","6":"product_cat-land-rover","7":"product_cat-suv-cars","8":"product_cat-range-rover","9":"product_cat-range-rover-svr","10":"product_cat-all-cars","11":"product_tag-car-rental-it","12":"product_tag-king-way-car-rental-it","13":"product_tag-rent-a-car-in-dubai-it","14":"product_tag-----it","16":"first","17":"instock","18":"featured","19":"taxable","20":"shipping-taxable","21":"purchasable","22":"product-type-ovabrw_car_rental"},"_links":{"self":[{"href":"https:\/\/kingwaycarrental.com\/it\/wp-json\/wp\/v2\/product\/26083","targetHints":{"allow":["GET"]}}],"collection":[{"href":"https:\/\/kingwaycarrental.com\/it\/wp-json\/wp\/v2\/product"}],"about":[{"href":"https:\/\/kingwaycarrental.com\/it\/wp-json\/wp\/v2\/types\/product"}],"replies":[{"embeddable":true,"href":"https:\/\/kingwaycarrental.com\/it\/wp-json\/wp\/v2\/comments?post=26083"}],"version-history":[{"count":0,"href":"https:\/\/kingwaycarrental.com\/it\/wp-json\/wp\/v2\/product\/26083\/revisions"}],"wp:featuredmedia":[{"embeddable":true,"href":"https:\/\/kingwaycarrental.com\/it\/wp-json\/wp\/v2\/media\/25096"}],"wp:attachment":[{"href":"https:\/\/kingwaycarrental.com\/it\/wp-json\/wp\/v2\/media?parent=26083"}],"wp:term":[{"taxonomy":"product_brand","embeddable":true,"href":"https:\/\/kingwaycarrental.com\/it\/wp-json\/wp\/v2\/product_brand?post=26083"},{"taxonomy":"product_cat","embeddable":true,"href":"https:\/\/kingwaycarrental.com\/it\/wp-json\/wp\/v2\/product_cat?post=26083"},{"taxonomy":"product_tag","embeddable":true,"href":"https:\/\/kingwaycarrental.com\/it\/wp-json\/wp\/v2\/product_tag?post=26083"}],"curies":[{"name":"wp","href":"https:\/\/api.w.org\/{rel}","templated":true}]}}