{"id":21345,"date":"2025-07-29T00:23:10","date_gmt":"2025-07-29T00:23:10","guid":{"rendered":"https:\/\/kingwaycarrental.com\/product\/mercedes-gle-63-white\/"},"modified":"2026-03-12T04:18:13","modified_gmt":"2026-03-12T04:18:13","slug":"mercedes-gle-63-white","status":"publish","type":"product","link":"https:\/\/kingwaycarrental.com\/it\/car\/mercedes-gle-63-white\/","title":{"rendered":"Mercedes GLE 63S AMG"},"content":{"rendered":"<h3 dir=\"ltr\">Esplora Dubai con stile a bordo della Mercedes AMG GLE 63S Coup\u00e9<\/h3>\n<p dir=\"ltr\">Dubai non \u00e8 solo una citt\u00e0 \u2014 \u00e8 una destinazione creata per chi ama l&#8217;avventura e il lusso. Con il suo skyline mozzafiato, i monumenti iconici e gli infiniti paesaggi desertici, non c&#8217;\u00e8 modo migliore per vivere tutto questo se non al volante di una Mercedes GLE 63S. L&#8217;auto si presenta con un\u2019elegante carrozzeria bianca e interni rossi raffinati \u2014 un capolavoro artigianale in ogni dettaglio.<\/p>\n<ul>\n<li dir=\"ltr\"><strong>Scopri i luoghi iconici di Dubai:<\/strong> Percorri le vivaci strade di Dubai e ammira luoghi come il maestoso Burj Khalifa, la splendida Palm Jumeirah e la frenetica Dubai Marina. La Mercedes GLE 63 combina potenza ed eleganza, rendendo il tuo viaggio fluido e raffinato. E fidati \u2014 attirerai l&#8217;attenzione ad ogni angolo.<\/li>\n<li dir=\"ltr\"><strong>Libera il tuo spirito d&#8217;esploratore:<\/strong> Prova l&#8217;emozione delle dune del deserto di Dubai con la Mercedes GLE 63. Il suo sistema di trazione integrale 4MATIC+ e le sospensioni adattive sono perfette per affrontare il terreno sabbioso, offrendoti un&#8217;esperienza fuoristrada senza sforzo e sempre sotto pieno controllo. Che tu stia guidando in citt\u00e0 o partendo per un&#8217;avventura nel deserto, questo coup\u00e9 \u00e8 pronto per tutto. Guidare un SUV di lusso come la Mercedes GLE 63 a Dubai \u00e8 un\u2019esperienza unica \u2014 non si tratta solo di trasporto, ma di fare una dichiarazione di stile.<\/li>\n<\/ul>\n<h2 dir=\"ltr\">Noleggia una Mercedes-Benz GLE 63 a Dubai<\/h2>\n<p dir=\"ltr\">Sfrutta al massimo il tuo <a href=\"https:\/\/kingwaycarrental.com\/it\/\">Noleggio auto a Dubai<\/a> della Mercedes GLE 63 AMG Coup\u00e9 a Dubai con alcuni dei percorsi pi\u00f9 spettacolari degli Emirati Arabi Uniti. Ecco dove andare:<\/p>\n<h4 dir=\"ltr\">Pianifica il tuo percorso perfetto<\/h4>\n<ul>\n<li data-start=\"1827\" data-end=\"1972\"><strong data-start=\"1827\" data-end=\"1857\">Jebel Hafeet Mountain Road<\/strong> \u2013 Una guida emozionante tra curve e panorami mozzafiato, un\u2019esperienza imperdibile per ogni appassionato d&#8217;auto.<\/li>\n<li data-start=\"1975\" data-end=\"2101\"><strong data-start=\"1975\" data-end=\"1999\">Al Qudra Lakes Drive<\/strong> \u2013 Fuggi dalla citt\u00e0 per una guida rilassante dove natura e lusso si incontrano in perfetta armonia.<\/li>\n<li data-start=\"2104\" data-end=\"2235\"><strong data-start=\"2104\" data-end=\"2133\">Da Dubai a Ras Al Khaimah<\/strong> \u2013 Immergiti nella cultura e nella storia con questo rapido viaggio su strada, a solo un\u2019ora da Dubai.<\/li>\n<\/ul>\n<h4 dir=\"ltr\">Cattura momenti indimenticabili<\/h4>\n<p>Il tuo <a href=\"https:\/\/kingwaycarrental.com\/it\/rent-mercedes-in-dubai\/\">noleggio Mercedes a Dubai<\/a> non \u00e8 solo una guida \u2014 \u00e8 un&#8217;esperienza. Portala nei luoghi pi\u00f9 fotogenici come il celebre Burj Al Arab, le maestose dune del deserto o la Dubai Marina per scatti perfetti da condividere sui social. Questa vettura \u00e8 pi\u00f9 di un mezzo di trasporto \u2014 \u00e8 un simbolo della tua avventura.<\/p>\n<h4 dir=\"ltr\">Guida in modo intelligente<\/h4>\n<p dir=\"ltr\">Le strade di Dubai sono di altissimo livello, ma rispettare le regole locali \u00e8 fondamentale. Controlla sempre i limiti di velocit\u00e0, rispetta il codice della strada e goditi una guida fluida in totale tranquillit\u00e0.<\/p>\n<p data-start=\"2858\" data-end=\"2942\"><a href=\"https:\/\/kingwaycarrental.com\/rent-mercedes-gle-63-in-dubai\/\">Noleggiare una Mercedes GLE 63 a Dubai<\/a> non significa solo spostarsi da A a B \u2014 \u00e8 vivere il lusso, le prestazioni e momenti davvero indimenticabili.<\/p>\n<h3>Considerazioni finali sul noleggio della Mercedes GLE 63S a Dubai<\/h3>\n<p>Che tu sia a Dubai per lavoro, piacere o per un&#8217;occasione speciale, <a href=\"https:\/\/kingwaycarrental.com\/mercedes-benz-gle-rental-dubai\/\">noleggiare una Mercedes GLE a Dubai<\/a> da King Way Car Rental aggiunge un livello incomparabile di lusso e comfort al tuo viaggio. Eleva la tua esperienza a Dubai e guida con stile.<\/p>\n","protected":false},"excerpt":{"rendered":"<h1>Noleggia la Mercedes GLE 63S AMG Coup\u00e9 a Dubai<\/h1>\n<p>Noleggia la Mercedes GLE 63S AMG Coup\u00e9 a Dubai a un prezzo competitivo. King Way Car Rental offre questa vettura <a href=\"https:\/\/kingwaycarrental.com\/it\/luxury-car-rental-dubai\/\">auto di lusso a noleggio<\/a> senza deposito e senza assicurazione obbligatoria, senza limiti di chilometraggio, con consegna gratuita del veicolo presso la tua posizione e sconti esclusivi sul tuo pacchetto di noleggio. Parti per la strada come mai prima d\u2019ora \u2014 con stile, potenza e libert\u00e0.<\/p>\n<div id=\"gtx-trans\" style=\"position: absolute; left: -13px; top: 64.875px;\">\n<div class=\"gtx-trans-icon\"><\/div>\n<\/div>\n","protected":false},"featured_media":21349,"comment_status":"open","ping_status":"closed","template":"","meta":[],"product_brand":[1297],"product_cat":[1305,917,928,929,791,773],"product_tag":[792,793,794,795],"class_list":{"0":"post-21345","1":"product","2":"type-product","3":"status-publish","4":"has-post-thumbnail","6":"product_brand-mercedes","7":"product_cat-mercedes","8":"product_cat-mercedes-g-class","9":"product_cat-mercedes-gle","10":"product_cat-mercedes-gle-63","11":"product_cat-suv-cars","12":"product_cat-all-cars","13":"product_tag-car-rental-it","14":"product_tag-king-way-car-rental-it","15":"product_tag-rent-a-car-in-dubai-it","16":"product_tag-----it","18":"first","19":"instock","20":"featured","21":"taxable","22":"shipping-taxable","23":"purchasable","24":"product-type-ovabrw_car_rental"},"_links":{"self":[{"href":"https:\/\/kingwaycarrental.com\/it\/wp-json\/wp\/v2\/product\/21345","targetHints":{"allow":["GET"]}}],"collection":[{"href":"https:\/\/kingwaycarrental.com\/it\/wp-json\/wp\/v2\/product"}],"about":[{"href":"https:\/\/kingwaycarrental.com\/it\/wp-json\/wp\/v2\/types\/product"}],"replies":[{"embeddable":true,"href":"https:\/\/kingwaycarrental.com\/it\/wp-json\/wp\/v2\/comments?post=21345"}],"version-history":[{"count":0,"href":"https:\/\/kingwaycarrental.com\/it\/wp-json\/wp\/v2\/product\/21345\/revisions"}],"wp:featuredmedia":[{"embeddable":true,"href":"https:\/\/kingwaycarrental.com\/it\/wp-json\/wp\/v2\/media\/21349"}],"wp:attachment":[{"href":"https:\/\/kingwaycarrental.com\/it\/wp-json\/wp\/v2\/media?parent=21345"}],"wp:term":[{"taxonomy":"product_brand","embeddable":true,"href":"https:\/\/kingwaycarrental.com\/it\/wp-json\/wp\/v2\/product_brand?post=21345"},{"taxonomy":"product_cat","embeddable":true,"href":"https:\/\/kingwaycarrental.com\/it\/wp-json\/wp\/v2\/product_cat?post=21345"},{"taxonomy":"product_tag","embeddable":true,"href":"https:\/\/kingwaycarrental.com\/it\/wp-json\/wp\/v2\/product_tag?post=21345"}],"curies":[{"name":"wp","href":"https:\/\/api.w.org\/{rel}","templated":true}]}}