{"id":20976,"date":"2025-10-08T05:09:55","date_gmt":"2025-10-08T05:09:55","guid":{"rendered":"https:\/\/kingwaycarrental.com\/?post_type=product&#038;p=20976"},"modified":"2026-03-12T05:19:09","modified_gmt":"2026-03-12T05:19:09","slug":"rent-hyundai-tucson-in-dubai","status":"publish","type":"product","link":"https:\/\/kingwaycarrental.com\/it\/car\/rent-hyundai-tucson-in-dubai\/","title":{"rendered":"Hyundai Tucson"},"content":{"rendered":"<h2>Hyundai Tucson in affitto a Dubai<\/h2>\n<p>Ora puoi goderti il tuo viaggio a Dubai, Abu Dhabi, Ajman e in altre citt\u00e0 degli Emirati con un\u2019auto a trazione integrale a un prezzo molto conveniente, solo 180 dirham (AED) al giorno. E non ci fermiamo qui: offriamo ai nostri clienti un <a href=\"https:\/\/kingwaycarrental.com\/it\/monthly-car-rental-dubai\/\">servizio di noleggio auto mensile<\/a>\u00a0e settimanale con uno sconto esclusivo sul pacchetto di noleggio per rendere il viaggio ancora pi\u00f9 speciale e confortevole. Contattaci oggi stesso e prenota una Hyundai Tucson a noleggio a Dubai al miglior prezzo e ricevi subito il tuo regalo.<\/p>\n","protected":false},"excerpt":{"rendered":"<h1>Noleggia Hyundai Tucson a Dubai<\/h1>\n<p>L&#8217;Hyundai Tucson \u00e8 uno dei SUV pi\u00f9 popolari da noleggiare a Dubai. Questo veicolo straordinario e affidabile ha dimostrato il suo valore su varie strade nel corso degli anni. Poich\u00e9 \u00e8 conveniente per chi desidera noleggiare un&#8217;auto economica a Dubai, il Tucson \u00e8 molto richiesto come auto familiare e di medie dimensioni allo stesso tempo. Qui, con King Way Car Rental, puoi noleggiare l&#8217;Hyundai Tucson a Dubai al prezzo pi\u00f9 basso di sempre, senza deposito e nemmeno assicurazione!<\/p>\n","protected":false},"featured_media":21024,"comment_status":"open","ping_status":"closed","template":"","meta":[],"product_brand":[],"product_cat":[852,862,791,773],"product_tag":[792,793,794,795],"class_list":{"0":"post-20976","1":"product","2":"type-product","3":"status-publish","4":"has-post-thumbnail","6":"product_cat-hyundai","7":"product_cat-economy-cars","8":"product_cat-suv-cars","9":"product_cat-all-cars","10":"product_tag-car-rental-it","11":"product_tag-king-way-car-rental-it","12":"product_tag-rent-a-car-in-dubai-it","13":"product_tag-----it","15":"first","16":"instock","17":"featured","18":"taxable","19":"shipping-taxable","20":"purchasable","21":"product-type-ovabrw_car_rental"},"_links":{"self":[{"href":"https:\/\/kingwaycarrental.com\/it\/wp-json\/wp\/v2\/product\/20976","targetHints":{"allow":["GET"]}}],"collection":[{"href":"https:\/\/kingwaycarrental.com\/it\/wp-json\/wp\/v2\/product"}],"about":[{"href":"https:\/\/kingwaycarrental.com\/it\/wp-json\/wp\/v2\/types\/product"}],"replies":[{"embeddable":true,"href":"https:\/\/kingwaycarrental.com\/it\/wp-json\/wp\/v2\/comments?post=20976"}],"version-history":[{"count":0,"href":"https:\/\/kingwaycarrental.com\/it\/wp-json\/wp\/v2\/product\/20976\/revisions"}],"wp:featuredmedia":[{"embeddable":true,"href":"https:\/\/kingwaycarrental.com\/it\/wp-json\/wp\/v2\/media\/21024"}],"wp:attachment":[{"href":"https:\/\/kingwaycarrental.com\/it\/wp-json\/wp\/v2\/media?parent=20976"}],"wp:term":[{"taxonomy":"product_brand","embeddable":true,"href":"https:\/\/kingwaycarrental.com\/it\/wp-json\/wp\/v2\/product_brand?post=20976"},{"taxonomy":"product_cat","embeddable":true,"href":"https:\/\/kingwaycarrental.com\/it\/wp-json\/wp\/v2\/product_cat?post=20976"},{"taxonomy":"product_tag","embeddable":true,"href":"https:\/\/kingwaycarrental.com\/it\/wp-json\/wp\/v2\/product_tag?post=20976"}],"curies":[{"name":"wp","href":"https:\/\/api.w.org\/{rel}","templated":true}]}}