{"id":20009,"date":"2024-11-21T00:10:34","date_gmt":"2024-11-21T00:10:34","guid":{"rendered":"https:\/\/kingwaycarrental.com\/terms-and-conditions\/"},"modified":"2026-02-16T04:06:27","modified_gmt":"2026-02-16T04:06:27","slug":"terms-and-conditions","status":"publish","type":"page","link":"https:\/\/kingwaycarrental.com\/it\/terms-and-conditions\/","title":{"rendered":"Termini e Condizioni"},"content":{"rendered":"\n<p>Si prega di leggere attentamente i presenti termini e condizioni prima di utilizzare il nostro servizio di noleggio auto.<\/p>\n\n\n\n<h2 class=\"wp-block-heading\">Interpretazione e Definizioni<\/h2>\n\n\n\n<ul class=\"wp-block-list\">\n<li>Societ\u00e0: (indicata come &#8216;la Societ\u00e0&#8217;, &#8216;Noi&#8217;, &#8216;Ci&#8217; o &#8216;Nostro&#8217;) si riferisce a King Way Car Rental L.L.C., situata in 23 24 St, Deira, Dubai, Emirati Arabi Uniti.<\/li>\n\n\n\n<li>Servizio: si riferisce ai servizi di noleggio auto, con o senza conducente, forniti all&#8217;interno degli Emirati Arabi Uniti.<\/li>\n\n\n\n<li>Servizio si riferisce al sito web <a href=\"https:\/\/kingwaycarrental.com\/it\/\" target=\"_blank\" rel=\"noreferrer noopener\">https:\/\/kingwaycarrental.com\/it\/<\/a>.<\/li>\n\n\n\n<li>Utente: indica l&#8217;individuo che accede o utilizza il Servizio, o la societ\u00e0 o altra entit\u00e0 legale per conto della quale tale individuo accede o utilizza il Servizio, a seconda dei casi.<\/li>\n\n\n\n<li>Affiliata: significa un&#8217;entit\u00e0 che controlla, \u00e8 controllata o \u00e8 sotto comune controllo con una parte, dove &#8216;controllo&#8217; significa possesso dell&#8217;80% o pi\u00f9 delle azioni, interessi azionari o altri titoli con diritto di voto.<\/li>\n\n\n\n<li>Dispositivo: indica qualsiasi dispositivo che pu\u00f2 accedere al Servizio, come un computer, un telefono cellulare o un tablet digitale.<\/li>\n\n\n\n<li>Termini e Condizioni (anche indicati come &#8216;Termini&#8217;): questi Termini e Condizioni che costituiscono l&#8217;intero accordo tra l&#8217;Utente e la Societ\u00e0 in merito all&#8217;utilizzo del Servizio.<\/li>\n\n\n\n<li>Servizi di Social Media di Terzi: indica qualsiasi servizio o contenuto (inclusi dati, informazioni, prodotti o servizi) fornito da terzi che pu\u00f2 essere mostrato, incluso o reso disponibile dal Servizio.<\/li>\n<\/ul>\n\n\n\n<h2 class=\"wp-block-heading\">Collegamenti ad Altri Siti Web<\/h2>\n\n\n\n<p>Il nostro Servizio pu\u00f2 contenere collegamenti a siti web o servizi di terzi che non sono posseduti o controllati dalla Societ\u00e0.<\/p>\n\n\n\n<p>La Societ\u00e0 non ha alcun controllo e non si assume alcuna responsabilit\u00e0 per i contenuti, le politiche sulla privacy o le pratiche di siti web o servizi di terzi. Inoltre, l&#8217;Utente riconosce e accetta che la Societ\u00e0 non sar\u00e0 responsabile, direttamente o indirettamente, per eventuali danni o perdite causati o presunti tali dall&#8217;uso o dall&#8217;affidamento a tali contenuti, beni o servizi disponibili su tali siti web o servizi.<\/p>\n\n\n\n<p>Si consiglia vivamente di leggere i termini e le condizioni e le politiche sulla privacy di qualsiasi sito web o servizio di terzi visitato.<\/p>\n\n\n\n<h2 class=\"wp-block-heading\">Accettazione dei Termini<\/h2>\n\n\n\n<p>Accedendo o utilizzando i nostri servizi, l&#8217;Utente accetta di essere vincolato da questi Termini e Condizioni. Se l&#8217;Utente non \u00e8 d&#8217;accordo con una parte di questi Termini, non pu\u00f2 utilizzare il nostro Servizio.<\/p>\n\n\n\n<h2 class=\"wp-block-heading\">Riconoscimento<\/h2>\n\n\n\n<p>Questi sono i Termini e Condizioni che regolano l&#8217;uso di questo Servizio (Noleggio Auto a Dubai, EAU) e l&#8217;accordo che opera tra l&#8217;Utente e la Societ\u00e0. Questi Termini stabiliscono i diritti e gli obblighi di tutti gli utenti riguardo all&#8217;uso del Servizio.<\/p>\n\n\n\n<p>L&#8217;accesso e l&#8217;utilizzo del Servizio sono subordinati all&#8217;accettazione e al rispetto di questi Termini e Condizioni. Questi Termini si applicano a tutti i visitatori, utenti e altri che accedono o utilizzano il Servizio.<\/p>\n\n\n\n<p>Accedendo o utilizzando il Servizio, l&#8217;Utente accetta di essere vincolato da questi Termini e Condizioni. Se l&#8217;Utente non \u00e8 d&#8217;accordo con una parte di questi Termini e Condizioni, non pu\u00f2 accedere al Servizio.<\/p>\n\n\n\n<p>L&#8217;Utente dichiara di avere pi\u00f9 di 19 anni per noleggiare un&#8217;auto da King Way. La Societ\u00e0 non consente l&#8217;uso del Servizio a persone di et\u00e0 inferiore a 19 anni.<\/p>\n\n\n\n<p>L&#8217;accesso e l&#8217;utilizzo del Servizio sono inoltre subordinati all&#8217;accettazione e al rispetto della Privacy Policy della Societ\u00e0 King Way Car Rental L.L.C.<\/p>\n\n\n\n<p>La nostra Privacy Policy descrive le nostre politiche e procedure sulla raccolta, l&#8217;uso e la divulgazione delle informazioni personali dell&#8217;Utente quando utilizza l&#8217;Applicazione o il Sito Web e informa l&#8217;Utente sui suoi diritti in materia di privacy e su come la legge lo protegge. Si prega di leggere attentamente la nostra Privacy Policy prima di utilizzare il nostro Servizio di Noleggio Auto negli Emirati Arabi Uniti.<\/p>\n\n\n\n<p>Offriamo il Noleggio Auto a Dubai senza deposito cauzionale, ma a condizione che venga pagata una tariffa di 100 dirham degli Emirati Arabi Uniti o il suo equivalente in altre valute come dollaro USA o euro.<\/p>\n\n\n\n<h3 class=\"wp-block-heading\">Requisiti di Idoneit\u00e0<\/h3>\n\n\n\n<p>Per noleggiare un veicolo con noi, l&#8217;Utente deve:<\/p>\n\n\n\n<ul class=\"wp-block-list\">\n<li>Avere almeno 19 anni.<\/li>\n\n\n\n<li>Possedere una patente di guida valida del proprio paese di origine e\/o un permesso di guida internazionale valido.<\/li>\n\n\n\n<li>Fornire un passaporto valido (per turisti) o una Emirates ID (per residenti).<\/li>\n\n\n\n<li>Fornire una carta di credito valida o un metodo di pagamento accettabile come garanzia.<\/li>\n<\/ul>\n\n\n\n<h3 class=\"wp-block-heading\">Pagamenti<\/h3>\n\n\n\n<ul class=\"wp-block-list\">\n<li>I pagamenti possono essere effettuati in anticipo o al momento della consegna del veicolo.<\/li>\n\n\n\n<li>I metodi di pagamento accettati includono: contanti, carta di credito (Visa \/ MasterCard), Tabby, Tamara o bonifico bancario. Tutti i pagamenti online sono elaborati in modo sicuro.<\/li>\n\n\n\n<li>Quando si effettua una prenotazione tramite il modulo sul nostro sito web o tramite WhatsApp\/telefono, i tuoi dati vengono trattati esclusivamente per gestire la tua prenotazione e comunicare con te. Non condividiamo questi dati oltre i fornitori di servizi o i requisiti legali.<\/li>\n\n\n\n<li>Il prezzo di noleggio concordato al momento della prenotazione \u00e8 definitivo e deve essere pagato secondo il metodo di pagamento scelto.<\/li>\n\n\n\n<li>Non verranno applicate commissioni o costi nascosti.<\/li>\n<\/ul>\n\n\n\n<h3 class=\"wp-block-heading\">Utilizzo del Veicolo<\/h3>\n\n\n\n<ul class=\"wp-block-list\">\n<li>Il veicolo deve essere utilizzato nel rispetto delle leggi sul traffico degli Emirati Arabi Uniti.<\/li>\n\n\n\n<li>Il veicolo non deve essere utilizzato per attivit\u00e0 illegali, gare o in aree vietate.<\/li>\n\n\n\n<li>L&#8217;Utente \u00e8 responsabile della restituzione del veicolo nelle stesse condizioni in cui \u00e8 stato consegnato.<\/li>\n<\/ul>\n\n\n\n<h2 class=\"wp-block-heading\">Assicurazione e Responsabilit\u00e0<\/h2>\n\n\n\n<p>Sebbene i nostri veicoli siano coperti da <strong>assicurazione Kasko completa<\/strong> secondo le normative degli Emirati Arabi Uniti, offriamo un&#8217;esperienza di prenotazione esclusiva <strong>senza deposito cauzionale<\/strong> e <strong>senza costi assicurativi obbligatori<\/strong>. Non blocchiamo alcun fondo sulla vostra carta di credito. <strong>Per vostra comodit\u00e0, offriamo anche un servizio opzionale di &#8216;esonero&#8217; a fronte di una piccola quota giornaliera, che vi consente di godere di questa esperienza senza deposito senza alcun requisito di garanzia.<\/strong> Tuttavia, il noleggiatore rimane legalmente responsabile per le multe stradali o per eventuali danni derivanti dalla violazione del contratto di noleggio o delle leggi sul traffico degli Emirati Arabi Uniti.<\/p>\n\n\n\n<h2 class=\"wp-block-heading\">Deposito<\/h2>\n\n\n\n<p>Desideriamo confermare che il nostro servizio di noleggio auto negli Emirati Arabi Uniti non richiede alcun deposito cauzionale, garantendovi un processo di noleggio fluido e trasparente.<\/p>\n\n\n\n<h2 class=\"wp-block-heading\">Penali per ritardo nella riconsegna, spese di consegna e ritiro<\/h2>\n\n\n\n<p>Offriamo un <strong>periodo di grazia gratuito fino a 2 ore<\/strong> per la riconsegna tardiva del veicolo. Tuttavia, le riconsegne oltre tale periodo possono comportare costi aggiuntivi pari a un&#8217;intera giornata di noleggio. Non sono previsti costi aggiuntivi per la consegna o il ritiro del veicolo nelle localit\u00e0 specificate, salvo diverso accordo scritto.<\/p>\n\n\n\n<h3 class=\"wp-block-heading\">Politica di Cancellazione e Rimborso<\/h3>\n\n\n\n<ul class=\"wp-block-list\">\n<li>In caso di cancellazione della prenotazione almeno 48 ore prima dell&#8217;orario di ritiro previsto, verr\u00e0 emesso immediatamente un rimborso completo.<\/li>\n\n\n\n<li>I rimborsi saranno elaborati tramite lo stesso metodo di pagamento utilizzato per la prenotazione.<\/li>\n<\/ul>\n\n\n\n<h3 class=\"wp-block-heading\">Risoluzione<\/h3>\n\n\n\n<p>Ci riserviamo il diritto di sospendere o risolvere la prenotazione se l&#8217;Utente viola questi Termini, fornisce documenti falsi o si impegna in attivit\u00e0 illegali durante l&#8217;utilizzo del nostro Servizio.<\/p>\n\n\n\n<h2 class=\"wp-block-heading\">Limitazione di Responsabilit\u00e0<\/h2>\n\n\n\n<ul class=\"wp-block-list\">\n<li>La Societ\u00e0 non sar\u00e0 responsabile per eventuali danni indiretti, perdita di profitti o oggetti personali lasciati all&#8217;interno del veicolo.<\/li>\n\n\n\n<li>La responsabilit\u00e0 massima della Societ\u00e0 non deve superare l&#8217;importo totale pagato per la prenotazione del noleggio.<\/li>\n<\/ul>\n\n\n\n<h3 class=\"wp-block-heading\">Limitazione di Responsabilit\u00e0 e Forza Maggiore:<\/h3>\n\n\n\n<p>N\u00e9 la Societ\u00e0 n\u00e9 il Locatario saranno responsabili per qualsiasi mancato adempimento o ritardo nell\u2019esecuzione delle proprie obbligazioni ai sensi di questi Termini se tale mancato adempimento o ritardo \u00e8 causato da eventi al di fuori del loro ragionevole controllo, inclusi, a titolo esemplificativo ma non esaustivo, calamit\u00e0 naturali, azioni governative, scioperi o atti di terrorismo.<\/p>\n\n\n\n<h2 class=\"wp-block-heading\">Informativa sulla Privacy<\/h2>\n\n\n\n<p>L&#8217;utilizzo del nostro Servizio \u00e8 inoltre regolato dalla nostra Informativa sulla Privacy, disponibile qui:<br><a href=\"https:\/\/kingwaycarrental.com\/it\/privacy-policy\/\" target=\"_blank\" rel=\"noreferrer noopener\">https:\/\/kingwaycarrental.com\/privacy-policy<\/a>.<\/p>\n\n\n\n<h2 class=\"wp-block-heading\">Legge Applicabile<\/h2>\n\n\n\n<p>I presenti Termini sono regolati e interpretati in conformit\u00e0 con le leggi degli Emirati Arabi Uniti.<\/p>\n\n\n\n<p>Eventuali controversie derivanti dall\u2019uso dei nostri servizi o in relazione ad essi devono essere inizialmente tentate di risolvere in via amichevole.<\/p>\n\n\n\n<p>Se non \u00e8 possibile raggiungere una risoluzione, la controversia sar\u00e0 sottoposta ai tribunali di Dubai, Emirati Arabi Uniti, che avranno giurisdizione esclusiva.<\/p>\n\n\n\n<h2 class=\"wp-block-heading\">Modifiche ai Termini<\/h2>\n\n\n\n<p>Ci riserviamo il diritto di modificare o aggiornare questi Termini in qualsiasi momento.<br>In caso di modifiche sostanziali, informeremo l&#8217;Utente prima della loro data di entrata in vigore.<br>L&#8217;uso continuato del Servizio dopo la pubblicazione delle modifiche implica l&#8217;accettazione dei Termini rivisti.<\/p>\n\n\n\n<h2 class=\"wp-block-heading\">Contattaci<\/h2>\n\n\n\n<p>Se hai domande su questi Termini e Condizioni, puoi contattarci:<\/p>\n\n\n\n<ul class=\"wp-block-list\">\n<li><strong>Via e-mail:<\/strong> info@kingwaycarrental.com<\/li>\n\n\n\n<li><strong>Per telefono:<\/strong> +971505530830<\/li>\n\n\n\n<li><strong>WhatApp:<\/strong> +971553022188<\/li>\n\n\n\n<li><strong>Indirizzo:<\/strong> 23 24 St, Deira, Dubai, Emirati Arabi Uniti.<\/li>\n<\/ul>\n","protected":false},"excerpt":{"rendered":"<p>Questi sono i Termini e Condizioni che regolano l&#8217;uso di questo Servizio (Noleggio Auto a Dubai, EAU) e l&#8217;accordo che opera tra l&#8217;Utente e la Societ\u00e0. Questi Termini stabiliscono i diritti e gli obblighi di tutti gli utenti riguardo all&#8217;uso del Servizio.<\/p>\n","protected":false},"author":2,"featured_media":19979,"parent":0,"menu_order":0,"comment_status":"closed","ping_status":"closed","template":"","meta":{"footnotes":""},"class_list":["post-20009","page","type-page","status-publish","has-post-thumbnail","hentry"],"_links":{"self":[{"href":"https:\/\/kingwaycarrental.com\/it\/wp-json\/wp\/v2\/pages\/20009","targetHints":{"allow":["GET"]}}],"collection":[{"href":"https:\/\/kingwaycarrental.com\/it\/wp-json\/wp\/v2\/pages"}],"about":[{"href":"https:\/\/kingwaycarrental.com\/it\/wp-json\/wp\/v2\/types\/page"}],"author":[{"embeddable":true,"href":"https:\/\/kingwaycarrental.com\/it\/wp-json\/wp\/v2\/users\/2"}],"replies":[{"embeddable":true,"href":"https:\/\/kingwaycarrental.com\/it\/wp-json\/wp\/v2\/comments?post=20009"}],"version-history":[{"count":0,"href":"https:\/\/kingwaycarrental.com\/it\/wp-json\/wp\/v2\/pages\/20009\/revisions"}],"wp:featuredmedia":[{"embeddable":true,"href":"https:\/\/kingwaycarrental.com\/it\/wp-json\/wp\/v2\/media\/19979"}],"wp:attachment":[{"href":"https:\/\/kingwaycarrental.com\/it\/wp-json\/wp\/v2\/media?parent=20009"}],"curies":[{"name":"wp","href":"https:\/\/api.w.org\/{rel}","templated":true}]}}