{"id":30511,"date":"2026-05-08T21:35:00","date_gmt":"2026-05-08T21:35:00","guid":{"rendered":"https:\/\/kingwaycarrental.com\/car\/mercedes-cla-250\/"},"modified":"2026-05-12T01:37:34","modified_gmt":"2026-05-12T01:37:34","slug":"mercedes-cla-250","status":"publish","type":"product","link":"https:\/\/kingwaycarrental.com\/fr\/car\/mercedes-cla-250\/","title":{"rendered":"Mercedes CLA 250"},"content":{"rendered":"<h2>Location de Mercedes-Benz CLA 250 \u00e0 Duba\u00ef<\/h2>\n<p>Lorsque vous d\u00e9cidez de conduire une voiture de luxe dans les rues des \u00c9mirats, la v\u00e9rification de la fiabilit\u00e9 du service et des d\u00e9tails du v\u00e9hicule devient une \u00e9tape essentielle pour garantir une exp\u00e9rience confortable. King Way Car Rental offre une transparence totale, vous permettant de consulter tous les d\u00e9tails de la voiture avant la prise en charge, vous donnant ainsi une confiance totale pendant la conduite. Si vous recherchez l&rsquo;\u00e9l\u00e9gance et les performances sportives, l&rsquo;option de louer une Mercedes CLA 250 \u00e0 Duba\u00ef est l&rsquo;un des meilleurs choix disponibles, alliant design moderne et technologies avanc\u00e9es. Nous nous soucions de fournir une exp\u00e9rience de r\u00e9servation fluide et claire, vous permettant de profiter de la beaut\u00e9 de Duba\u00ef et de ses monuments touristiques au volant de votre voiture de r\u00eave en toute s\u00e9r\u00e9nit\u00e9 et facilit\u00e9.<\/p>\n<h2>Pourquoi les touristes pr\u00e9f\u00e8rent-ils la Mercedes CLA 250 \u00e0 louer \u00e0 Duba\u00ef ?<\/h2>\n<p>Les touristes venant aux \u00c9mirats pr\u00e9f\u00e8rent une exp\u00e9rience de conduite qui refl\u00e8te la vitalit\u00e9 et la modernit\u00e9 de la ville. C&rsquo;est ici que la Mercedes CLA 250 \u00e0 louer \u00e0 Duba\u00ef appara\u00eet comme un choix judicieux qui \u00e9quilibre le luxe allemand et un prix raisonnable par rapport aux supercars.<\/p>\n<p>Les visiteurs sont attir\u00e9s par son design \u00e9lanc\u00e9 de berline rappelant un <a href=\"https:\/\/kingwaycarrental.com\/fr\/coupe-car-rental-dubai\/\">coup\u00e9<\/a> \u00e0 quatre portes, ce qui la rend id\u00e9ale pour prendre des photos souvenirs devant le Burj Khalifa ou \u00e0 JBR. De plus, la voiture dispose d&rsquo;un syst\u00e8me de navigation avanc\u00e9 et d&rsquo;une interface utilisateur prenant en charge les commandes vocales, aidant les touristes \u00e0 naviguer entre les monuments sans confusion.<\/p>\n<p>Choisir la classe <a href=\"https:\/\/kingwaycarrental.com\/mercedes-benz-cla-rental-dubai\/\">Mercedes-Benz CLA<\/a> vous donne une pr\u00e9sence prestigieuse dans les h\u00f4tels et resorts haut de gamme, tout en garantissant un stationnement et une man\u0153uvre faciles dans les rues bond\u00e9es de Duba\u00ef avec une grande flexibilit\u00e9. C&rsquo;est ce que King Way Car Rental s&rsquo;engage \u00e0 fournir \u00e0 ses clients pour garantir un voyage touristique inoubliable.<\/p>\n<h3>Sp\u00e9cifications de la Mercedes CLA 250 qui en font le premier choix des jeunes \u00e0 Duba\u00ef<\/h3>\n<p>La Mercedes-Benz CLA 250 cible le groupe des jeunes gr\u00e2ce \u00e0 son esprit sportif et ses technologies qui s&rsquo;alignent sur le mode de vie moderne de Duba\u00ef. Son attrait peut \u00eatre r\u00e9sum\u00e9 dans les points suivants :<\/p>\n<ul>\n<li>Le puissant moteur turbo de 2,0 litres g\u00e9n\u00e9rant une acc\u00e9l\u00e9ration qui vous donne l&rsquo;excitation n\u00e9cessaire sur les routes rapides comme la Sheikh Zayed Road.<\/li>\n<li>Le syst\u00e8me d&rsquo;\u00e9clairage d&rsquo;ambiance \u00e0 l&rsquo;int\u00e9rieur de l&rsquo;habitacle vous permettant de choisir parmi 64 couleurs diff\u00e9rentes pour correspondre \u00e0 votre humeur pendant la conduite de nuit.<\/li>\n<li>Les doubles \u00e9crans num\u00e9riques affichant les informations avec une clart\u00e9 totale et prenant en charge les syst\u00e8mes de smartphones sans fil et directement.<\/li>\n<li>Le design ext\u00e9rieur agressif avec des jantes en alliage sportives donnant une impression de force et de distinction parmi les pairs.<\/li>\n<li>Les si\u00e8ges sport confortables offrant un soutien corporel id\u00e9al lors des longs trajets vers les zones montagneuses ou les plages \u00e9loign\u00e9es.<\/li>\n<\/ul>\n<h3>Technologies de s\u00e9curit\u00e9 de la Mercedes-Benz CLA 250 et leur adaptation aux routes de Duba\u00ef<\/h3>\n<p>La s\u00e9curit\u00e9 de conduite est une priorit\u00e9 absolue lorsqu&rsquo;on envisage la location d&rsquo;une Mercedes CLA 250 \u00e0 Duba\u00ef, car la voiture est charg\u00e9e d&rsquo;un ensemble de syst\u00e8mes de s\u00e9curit\u00e9 intelligents qui g\u00e8rent efficacement les vitesses \u00e9lev\u00e9es sur les routes. La voiture comprend un syst\u00e8me actif d&rsquo;assistance au freinage qui pr\u00e9dit les collisions imminentes, et un syst\u00e8me de maintien de voie qui alerte le conducteur en cas d&rsquo;inattention. Ces caract\u00e9ristiques sont tr\u00e8s n\u00e9cessaires lors de la conduite sur de longues distances entre Duba\u00ef et Abou Dabi.<\/p>\n<p>Les cam\u00e9ras de recul et les capteurs p\u00e9riph\u00e9riques fournissent une vision compl\u00e8te vous aidant \u00e0 \u00e9viter les angles morts dans les voies multiples. Ces technologies rendent la conduite de la Mercedes-Benz CLA 250 une exp\u00e9rience totalement s\u00fbre m\u00eame pour ceux qui visitent Duba\u00ef pour la premi\u00e8re fois et qui ne sont pas familiers avec la nature du flux de trafic rapide, r\u00e9duisant consid\u00e9rablement la probabilit\u00e9 d&rsquo;accidents mineurs.<\/p>\n<h3>Combien de kilom\u00e8tres parcourt la Mercedes-Benz CLA 250 avec un litre de carburant ?<\/h3>\n<p>Sur le plan \u00e9conomique, la <a href=\"https:\/\/kingwaycarrental.com\/fr\/rent-mercedes-in-dubai\/\">Mercedes-Benz<\/a> CLA 250 excelle dans l&rsquo;efficacit\u00e9 de la consommation de carburant malgr\u00e9 ses performances sportives, ce que les locataires recherchent pour \u00e9conomiser sur les co\u00fbts annexes. En moyenne, la voiture parcourt une distance allant jusqu&rsquo;\u00e0 14 ou 15 kilom\u00e8tres par litre d&rsquo;essence, gr\u00e2ce \u00e0 la transmission automatique \u00e0 7 ou 8 rapports qui am\u00e9liore l&rsquo;efficacit\u00e9 du moteur.<\/p>\n<p>En conduite urbaine qui n\u00e9cessite des arr\u00eats fr\u00e9quents, le syst\u00e8me intelligent start-stop aide \u00e0 r\u00e9duire le gaspillage, tandis que sur routes ouvertes, la voiture devient tr\u00e8s efficace gr\u00e2ce \u00e0 son a\u00e9rodynamisme \u00e9lev\u00e9 qui r\u00e9duit la r\u00e9sistance au vent. Cette efficacit\u00e9 en fait un choix id\u00e9al pour ceux qui souhaitent explorer chaque coin des \u00c9mirats sans s&rsquo;inqui\u00e9ter constamment du nombre de visites \u00e0 la station-service, renfor\u00e7ant sa valeur en tant que voiture \u00e0 la fois pratique et luxueuse.<\/p>\n<p>Si vous souhaitez vivre l&rsquo;exp\u00e9rience de conduite de ce v\u00e9hicule compact qui allie caract\u00e8re sportif, luxueux et jeune, contactez-nous via nos canaux de communication. Soyez assur\u00e9 que nous vous fournirons le meilleur prix possible pour le forfait de location et sans d\u00e9p\u00f4t obligatoire.<\/p>\n<h2>Questions fr\u00e9quemment pos\u00e9es<\/h2>\n<div id=\"rank-math-rich-snippet-wrapper\"><div id=\"rank-math-faq\" class=\"rank-math-block\">\n<div class=\"rank-math-list \">\n<div id=\"faq-1\" class=\"rank-math-list-item\">\n<h3 class=\"rank-math-question \">Le service de livraison de la voiture \u00e0 l'h\u00f4tel ou \u00e0 l'a\u00e9roport est-il disponible ?<\/h3>\n<div class=\"rank-math-answer \">\n\n<p>Oui, nous fournissons un service de livraison et de r\u00e9cup\u00e9ration de la voiture \u00e0 n'importe quel endroit \u00e0 Duba\u00ef, y compris l'a\u00e9roport international de Duba\u00ef et les h\u00f4tels de Palm, pour faire gagner du temps et des efforts \u00e0 nos clients.<\/p>\n\n<\/div>\n<\/div>\n<div id=\"faq-2\" class=\"rank-math-list-item\">\n<h3 class=\"rank-math-question \">Quel type de carburant cette classe de Mercedes utilise-t-elle ?<\/h3>\n<div class=\"rank-math-answer \">\n\n<p>La voiture utilise principalement de l'essence Premium 98 pour garantir les meilleures performances du moteur turbo et maintenir l'efficacit\u00e9 de combustion et la vitesse requise.<\/p>\n\n<\/div>\n<\/div>\n<div id=\"faq-3\" class=\"rank-math-list-item\">\n<h3 class=\"rank-math-question \">Deux personnes peuvent-elles conduire la voiture sous un seul contrat de location ?<\/h3>\n<div class=\"rank-math-answer \">\n\n<p>Un conducteur suppl\u00e9mentaire peut \u00eatre ajout\u00e9 au contrat de location, \u00e0 condition que les documents officiels requis (permis de conduire et pi\u00e8ce d'identit\u00e9) soient fournis pour les deux, pour assurer une couverture l\u00e9gale compl\u00e8te pendant la conduite.<\/p>\n\n<\/div>\n<\/div>\n<\/div>\n<\/div><\/div>\n","protected":false},"excerpt":{"rendered":"<p>Profitez du luxe avec la <a href=\"https:\/\/kingwaycarrental.com\/fr\/?attachment_id=24978\">Mercedes CLA 250 \u00e0 louer \u00e0 Duba\u00ef<\/a>. D\u00e9couvrez les sp\u00e9cifications, l&rsquo;efficacit\u00e9 \u00e9nerg\u00e9tique et les technologies de s\u00e9curit\u00e9 avec la soci\u00e9t\u00e9 King Way. R\u00e9servez votre voiture d\u00e8s maintenant pour une exp\u00e9rience de conduite amusante et s\u00fbre.<\/p>\n","protected":false},"featured_media":24962,"comment_status":"open","ping_status":"closed","template":"","meta":[],"product_brand":[1295],"product_cat":[1302,1109,740,711,709,714,665],"product_tag":[759,755,747,756],"class_list":{"0":"post-30511","1":"product","2":"type-product","3":"status-publish","4":"has-post-thumbnail","6":"product_brand-mercedes","7":"product_cat-mercedes","8":"product_cat-coupe-cars","9":"product_cat-sedan-cars","10":"product_cat-mercedes-benz-cla","11":"product_cat-mercedes-c-class","12":"product_cat-mercedes-cla-250","13":"product_cat-all-cars","14":"product_tag-dubai-car-rental-fr","15":"product_tag-king-way-car-rental-fr","16":"product_tag-rent-a-car-in-dubai-fr","17":"product_tag-----fr","19":"first","20":"instock","21":"featured","22":"taxable","23":"shipping-taxable","24":"purchasable","25":"product-type-ovabrw_car_rental"},"_links":{"self":[{"href":"https:\/\/kingwaycarrental.com\/fr\/wp-json\/wp\/v2\/product\/30511","targetHints":{"allow":["GET"]}}],"collection":[{"href":"https:\/\/kingwaycarrental.com\/fr\/wp-json\/wp\/v2\/product"}],"about":[{"href":"https:\/\/kingwaycarrental.com\/fr\/wp-json\/wp\/v2\/types\/product"}],"replies":[{"embeddable":true,"href":"https:\/\/kingwaycarrental.com\/fr\/wp-json\/wp\/v2\/comments?post=30511"}],"version-history":[{"count":0,"href":"https:\/\/kingwaycarrental.com\/fr\/wp-json\/wp\/v2\/product\/30511\/revisions"}],"wp:featuredmedia":[{"embeddable":true,"href":"https:\/\/kingwaycarrental.com\/fr\/wp-json\/wp\/v2\/media\/24962"}],"wp:attachment":[{"href":"https:\/\/kingwaycarrental.com\/fr\/wp-json\/wp\/v2\/media?parent=30511"}],"wp:term":[{"taxonomy":"product_brand","embeddable":true,"href":"https:\/\/kingwaycarrental.com\/fr\/wp-json\/wp\/v2\/product_brand?post=30511"},{"taxonomy":"product_cat","embeddable":true,"href":"https:\/\/kingwaycarrental.com\/fr\/wp-json\/wp\/v2\/product_cat?post=30511"},{"taxonomy":"product_tag","embeddable":true,"href":"https:\/\/kingwaycarrental.com\/fr\/wp-json\/wp\/v2\/product_tag?post=30511"}],"curies":[{"name":"wp","href":"https:\/\/api.w.org\/{rel}","templated":true}]}}