{"id":29574,"date":"2026-03-21T22:26:38","date_gmt":"2026-03-21T22:26:38","guid":{"rendered":"https:\/\/kingwaycarrental.com\/car\/lamborghini-huracan-evo-spyder-orange\/"},"modified":"2026-03-22T00:07:21","modified_gmt":"2026-03-22T00:07:21","slug":"lamborghini-huracan-evo-spyder-orange","status":"publish","type":"product","link":"https:\/\/kingwaycarrental.com\/fr\/car\/lamborghini-huracan-evo-spyder-orange\/","title":{"rendered":"Lamborghini Huracan EVO"},"content":{"rendered":"","protected":false},"excerpt":{"rendered":"<p>L<a href=\"https:\/\/kingwaycarrental.com\/fr\/?attachment_id=25305\">ouez une Lamborghini Huracan EVO Spyder<\/a> Orange \u00e0 Duba\u00ef, l&rsquo;un des derniers mod\u00e8les de supercar d\u00e9capotable, \u00e0 des prix abordables imbattables. Le co\u00fbt journalier est de 3 199 Dirhams \u00c9miratis, mais si vous recherchez une location \u00e0 long terme, comme hebdomadaire ou mensuelle, nous vous offrirons une r\u00e9duction allant jusqu&rsquo;\u00e0 30 % sur la p\u00e9riode de location. Contactez-nous d\u00e8s aujourd&rsquo;hui pour r\u00e9server votre supercar et recevez votre cadeau instantan\u00e9ment !<\/p>\n","protected":false},"featured_media":23874,"comment_status":"open","ping_status":"closed","template":"","meta":[],"product_brand":[],"product_cat":[700,704,1109,735,739,665],"product_tag":[746,747],"class_list":{"0":"post-29574","1":"product","2":"type-product","3":"status-publish","4":"has-post-thumbnail","6":"product_cat-lamborghini","7":"product_cat-lamborghini-huracan","8":"product_cat-coupe-cars","9":"product_cat-sports-cars","10":"product_cat-convertible-cars","11":"product_cat-all-cars","12":"product_tag-car-rental-fr","13":"product_tag-rent-a-car-in-dubai-fr","15":"first","16":"instock","17":"featured","18":"taxable","19":"shipping-taxable","20":"purchasable","21":"product-type-ovabrw_car_rental"},"_links":{"self":[{"href":"https:\/\/kingwaycarrental.com\/fr\/wp-json\/wp\/v2\/product\/29574","targetHints":{"allow":["GET"]}}],"collection":[{"href":"https:\/\/kingwaycarrental.com\/fr\/wp-json\/wp\/v2\/product"}],"about":[{"href":"https:\/\/kingwaycarrental.com\/fr\/wp-json\/wp\/v2\/types\/product"}],"replies":[{"embeddable":true,"href":"https:\/\/kingwaycarrental.com\/fr\/wp-json\/wp\/v2\/comments?post=29574"}],"version-history":[{"count":0,"href":"https:\/\/kingwaycarrental.com\/fr\/wp-json\/wp\/v2\/product\/29574\/revisions"}],"wp:featuredmedia":[{"embeddable":true,"href":"https:\/\/kingwaycarrental.com\/fr\/wp-json\/wp\/v2\/media\/23874"}],"wp:attachment":[{"href":"https:\/\/kingwaycarrental.com\/fr\/wp-json\/wp\/v2\/media?parent=29574"}],"wp:term":[{"taxonomy":"product_brand","embeddable":true,"href":"https:\/\/kingwaycarrental.com\/fr\/wp-json\/wp\/v2\/product_brand?post=29574"},{"taxonomy":"product_cat","embeddable":true,"href":"https:\/\/kingwaycarrental.com\/fr\/wp-json\/wp\/v2\/product_cat?post=29574"},{"taxonomy":"product_tag","embeddable":true,"href":"https:\/\/kingwaycarrental.com\/fr\/wp-json\/wp\/v2\/product_tag?post=29574"}],"curies":[{"name":"wp","href":"https:\/\/api.w.org\/{rel}","templated":true}]}}