{"id":28139,"date":"2026-03-06T18:12:06","date_gmt":"2026-03-06T18:12:06","guid":{"rendered":"https:\/\/kingwaycarrental.com\/?post_type=product&#038;p=28139"},"modified":"2026-03-17T20:13:14","modified_gmt":"2026-03-17T20:13:14","slug":"fiat-500-cabriolet-white","status":"publish","type":"product","link":"https:\/\/kingwaycarrental.com\/fr\/car\/fiat-500-cabriolet-white\/","title":{"rendered":"Fiat 500 Cabriolet"},"content":{"rendered":"<h2>Pourquoi Louer une Fiat 500 Cabriolet \u00e0 Duba\u00ef ?<\/h2>\n<p>Cette voiture vous offre une exp\u00e9rience exceptionnelle pour profiter de la brise marine \u00e0 JBR ou prendre des photos souvenirs devant le Burj Al Arab avec un toit ouvert offrant une vue panoramique compl\u00e8te. King Way Car Rental propose cette ic\u00f4ne avec des \u00e9quipements garantissant votre confort et votre distinction, rendant vos d\u00e9placements un souvenir imp\u00e9rissable loin du bruit des grandes voitures traditionnelles.<\/p>\n<h2>Exp\u00e9rience de Location Fiat 500 Cabriolet \u00e0 Duba\u00ef<\/h2>\n<p>D\u00e9cider de <strong>louer une Fiat 500 cabriolet \u00e0 Duba\u00ef<\/strong> est une \u00e9tape intelligente pour ceux qui recherchent un moyen de transport alliant praticit\u00e9 et luxe \u00e0 la fois, surtout en traitant avec King Way qui vous facilite toutes les proc\u00e9dures.<\/p>\n<p>Cette voiture vous offre une grande flexibilit\u00e9 pour naviguer dans les ruelles \u00e9troites et les zones bond\u00e9es comme Souk Al Bahar ou le centre-ville de Duba\u00ef, et il est \u00e9galement facile de trouver des places de stationnement pour elle dans les endroits fr\u00e9quent\u00e9s gr\u00e2ce \u00e0 sa taille id\u00e9ale.<\/p>\n<p>L&rsquo;entreprise vous offre cette exp\u00e9rience \u00e0 des prix comp\u00e9titifs qui rendent la possession d&rsquo;une <a href=\"https:\/\/kingwaycarrental.com\/fr\/convertible-car-rental-dubai\/\">voiture d\u00e9capotable<\/a> pour un jour, une semaine ou m\u00eame un mois accessible \u00e0 tous, tout en garantissant une voiture propre et en excellent \u00e9tat technique digne de votre visite touristique ou de vos d\u00e9placements personnels en ville.<\/p>\n<p>Si vous souhaitez essayer la conduite d&rsquo;un mod\u00e8le diff\u00e9rent, nous proposons une merveilleuse flotte de voitures Fiat \u00e0 louer \u00e0 Duba\u00ef, comprenant diverses cat\u00e9gories telles que berline Fiat, SUV, sportive, cabriolet, hayon.<\/p>\n<h2>Avantages de la Fiat 500 Cabriolet \u00e0 Louer \u00e0 Duba\u00ef<\/h2>\n<p>La <strong>Fiat 500 Cabriolet<\/strong> est \u00e9quip\u00e9e d&rsquo;un ensemble de caract\u00e9ristiques techniques qui rendent la conduite sous le soleil de Duba\u00ef ou dans sa merveilleuse atmosph\u00e8re nocturne extr\u00eamement agr\u00e9able. Voici les d\u00e9tails de ses sp\u00e9cifications \u00e0 travers les points suivants :<\/p>\n<ol>\n<li><strong>Moteur :<\/strong> 1,4 litre offrant des performances \u00e9conomiques et actives.<\/li>\n<li><strong>Transmission :<\/strong> Automatique avanc\u00e9e pour une conduite facile dans les embouteillages.<\/li>\n<li><strong>Toit :<\/strong> En tissu, pliable \u00e9lectriquement jusqu&rsquo;\u00e0 certaines vitesses.<\/li>\n<li><strong>Technologie :<\/strong> \u00c9cran tactile avec support Apple CarPlay et Android Auto.<\/li>\n<li><strong>Syst\u00e8me audio :<\/strong> Haut-parleurs de haute qualit\u00e9 pour une exp\u00e9rience de divertissement int\u00e9gr\u00e9e.<\/li>\n<\/ol>\n<h3>Le Design Italien Distinctif de la Fiat 500C<\/h3>\n<p>Le design italien classique de cette voiture est un \u00e9l\u00e9ment attrayant pour les passionn\u00e9s de photographie et les cr\u00e9ateurs de contenu visitant Duba\u00ef. Ce n&rsquo;est pas seulement un moyen de transport mais un accessoire qui ajoute une touche d&rsquo;\u00e9l\u00e9gance \u00e0 vos photos personnelles.<\/p>\n<p>La carrosserie hayon profil\u00e9e de la voiture et ses couleurs vives se marient \u00e0 merveille avec les c\u00e9l\u00e8bres arri\u00e8re-plans de Duba\u00ef tels que Ain Dubai ou les luxueux h\u00f4tels Jumeirah, ce qui en fait le premier choix pour ceux qui souhaitent documenter leur voyage dans un style cin\u00e9matographique.<\/p>\n<p>Gr\u00e2ce au soin que King Way apporte \u00e0 l&rsquo;apparence ext\u00e9rieure des voitures, vous trouverez toujours la voiture avec son \u00e9clat d&rsquo;origine et ses d\u00e9tails chrom\u00e9s refl\u00e9tant les lumi\u00e8res des tours de Duba\u00ef la nuit, vous garantissant des clich\u00e9s professionnels sous tous les angles.<\/p>\n<blockquote><p>Partez maintenant dans les rues de Duba\u00ef avec une \u00e9l\u00e9gance italienne unique. Contactez-nous via notre site Web, WhatsApp ou par t\u00e9l\u00e9phone, r\u00e9servez votre voiture chez King Way et prenez la route sans limites !<\/p><\/blockquote>\n<h2>Questions Fr\u00e9quemment Pos\u00e9es<\/h2>\n<div id=\"rank-math-rich-snippet-wrapper\"><div id=\"rank-math-faq\" class=\"rank-math-block\">\n<div class=\"rank-math-list \">\n<div id=\"faq-1\" class=\"rank-math-list-item\">\n<h3 class=\"rank-math-question \">Puis-je r\u00e9cup\u00e9rer la voiture directement \u00e0 l'a\u00e9roport de Duba\u00ef ?<\/h3>\n<div class=\"rank-math-answer \">\n\n<p>Oui, King Way fournit un service de livraison de voiture dans les diff\u00e9rents a\u00e9roports de Duba\u00ef pour que vous puissiez commencer votre voyage imm\u00e9diatement \u00e0 votre arriv\u00e9e sans d\u00e9lai.<\/p>\n\n<\/div>\n<\/div>\n<div id=\"faq-2\" class=\"rank-math-list-item\">\n<h3 class=\"rank-math-question \">Quels types de carburant sont utilis\u00e9s dans la Fiat 500 d\u00e9capotable ?<\/h3>\n<div class=\"rank-math-answer \">\n\n<p>La voiture fonctionne \u00e0 l'essence (Sp\u00e9ciale 95 ou Premium 98), et elle se caract\u00e9rise par une consommation de carburant tr\u00e8s \u00e9conomique par rapport aux autres voitures de sport.<\/p>\n\n<\/div>\n<\/div>\n<div id=\"faq-3\" class=\"rank-math-list-item\">\n<h3 class=\"rank-math-question \">Deux personnes peuvent-elles monter dans la voiture avec des bagages de voyage ?<\/h3>\n<div class=\"rank-math-answer \">\n\n<p>La voiture peut accueillir quatre passagers, mais en cas de gros bagages, il est pr\u00e9f\u00e9rable de rabattre les si\u00e8ges arri\u00e8re pour fournir un espace de rangement suffisant pour les bagages.<\/p>\n\n<\/div>\n<\/div>\n<div id=\"faq-4\" class=\"rank-math-list-item\">\n<h3 class=\"rank-math-question \">Est-il permis de fumer \u00e0 l'int\u00e9rieur des voitures d\u00e9capotables ?<\/h3>\n<div class=\"rank-math-answer \">\n\n<p>L'entreprise adh\u00e8re \u00e0 une politique d'interdiction de fumer \u00e0 l'int\u00e9rieur de toutes ses voitures pour maintenir la propret\u00e9 des habitacles et la qualit\u00e9 des garnitures et des si\u00e8ges pour tous les clients.<\/p>\n\n<\/div>\n<\/div>\n<div id=\"faq-5\" class=\"rank-math-list-item\">\n<h3 class=\"rank-math-question \">Que faire si le toit \u00e9lectrique tombe en panne ?<\/h3>\n<div class=\"rank-math-answer \">\n\n<p>Nous fournissons un service d'assistance routi\u00e8re 24h\/24 dans notre entreprise, et vous pouvez les contacter imm\u00e9diatement pour envoyer une \u00e9quipe technique ou remplacer la voiture en cas de panne impr\u00e9vue.<\/p>\n\n<\/div>\n<\/div>\n<\/div>\n<\/div><\/div>\n","protected":false},"excerpt":{"rendered":"<p>Duba\u00ef allie la modernit\u00e9 architecturale et la beaut\u00e9 des routes c\u00f4ti\u00e8res, et il n&rsquo;y a rien de plus agr\u00e9able que d&rsquo;explorer ces d\u00e9tails dans une voiture qui refl\u00e8te un esprit de vitalit\u00e9 et de libert\u00e9. Si vous recherchez une exp\u00e9rience de conduite alliant \u00e9l\u00e9gance italienne et facilit\u00e9 de d\u00e9placement dans les rues anim\u00e9es de la ville, la location d&rsquo;une Fiat 500 cabriolet \u00e0 Duba\u00ef est le choix id\u00e9al pour vous.<\/p>\n","protected":false},"featured_media":28144,"comment_status":"open","ping_status":"closed","template":"","meta":[],"product_brand":[1289],"product_cat":[1284,739,665],"product_tag":[746,755,747,756],"class_list":{"0":"post-28139","1":"product","2":"type-product","3":"status-publish","4":"has-post-thumbnail","6":"product_brand-fiat","7":"product_cat-hatchback-cars","8":"product_cat-convertible-cars","9":"product_cat-all-cars","10":"product_tag-car-rental-fr","11":"product_tag-king-way-car-rental-fr","12":"product_tag-rent-a-car-in-dubai-fr","13":"product_tag-----fr","15":"first","16":"instock","17":"featured","18":"taxable","19":"shipping-taxable","20":"purchasable","21":"product-type-ovabrw_car_rental"},"_links":{"self":[{"href":"https:\/\/kingwaycarrental.com\/fr\/wp-json\/wp\/v2\/product\/28139","targetHints":{"allow":["GET"]}}],"collection":[{"href":"https:\/\/kingwaycarrental.com\/fr\/wp-json\/wp\/v2\/product"}],"about":[{"href":"https:\/\/kingwaycarrental.com\/fr\/wp-json\/wp\/v2\/types\/product"}],"replies":[{"embeddable":true,"href":"https:\/\/kingwaycarrental.com\/fr\/wp-json\/wp\/v2\/comments?post=28139"}],"version-history":[{"count":0,"href":"https:\/\/kingwaycarrental.com\/fr\/wp-json\/wp\/v2\/product\/28139\/revisions"}],"wp:featuredmedia":[{"embeddable":true,"href":"https:\/\/kingwaycarrental.com\/fr\/wp-json\/wp\/v2\/media\/28144"}],"wp:attachment":[{"href":"https:\/\/kingwaycarrental.com\/fr\/wp-json\/wp\/v2\/media?parent=28139"}],"wp:term":[{"taxonomy":"product_brand","embeddable":true,"href":"https:\/\/kingwaycarrental.com\/fr\/wp-json\/wp\/v2\/product_brand?post=28139"},{"taxonomy":"product_cat","embeddable":true,"href":"https:\/\/kingwaycarrental.com\/fr\/wp-json\/wp\/v2\/product_cat?post=28139"},{"taxonomy":"product_tag","embeddable":true,"href":"https:\/\/kingwaycarrental.com\/fr\/wp-json\/wp\/v2\/product_tag?post=28139"}],"curies":[{"name":"wp","href":"https:\/\/api.w.org\/{rel}","templated":true}]}}