{"id":26569,"date":"2025-12-05T01:29:14","date_gmt":"2025-12-05T01:29:14","guid":{"rendered":"https:\/\/kingwaycarrental.com\/?post_type=product&#038;p=26569"},"modified":"2026-03-13T23:44:46","modified_gmt":"2026-03-13T23:44:46","slug":"porsche-911-targa-4-gts","status":"publish","type":"product","link":"https:\/\/kingwaycarrental.com\/fr\/car\/porsche-911-targa-4-gts\/","title":{"rendered":"Porsche 911 Targa 4 GTS"},"content":{"rendered":"<h2 data-path-to-node=\"4\">Avantages de la Location de la Porsche 911 Targa 4 GTS \u00e0 Duba\u00ef<\/h2>\n<p data-path-to-node=\"5\">La nouvelle \u00e9dition Targa 4 GTS du constructeur allemand Porsche se distingue par sa puissance incroyable, ses performances \u00e9poustouflantes et son design moderne en tant que <a href=\"https:\/\/kingwaycarrental.com\/fr\/sports-car-rental-dubai\/\">voiture de sport<\/a> d\u00e9capotable. Ce v\u00e9hicule poss\u00e8de un charme particulier pour la conduite dans le monde des supercars.<\/p>\n<p data-path-to-node=\"6\">Le moteur de la Targa 4 GTS a une capacit\u00e9 de <b>3600 cc<\/b> bi-turbo \/ hybride + moteur turbo \u00e9lectrique, produisant <b>532 chevaux<\/b>.<\/p>\n<p data-path-to-node=\"7\">Le design ext\u00e9rieur de la voiture est d&rsquo;une beaut\u00e9 supr\u00eame et comprend une ing\u00e9nierie a\u00e9rodynamique de g\u00e9nie, ainsi que des jantes sport peintes en noir avec le logo Porsche au centre de la roue. Ceci est compl\u00e9t\u00e9 par le c\u00e9l\u00e8bre \u00e9chappement de la Porsche 911 Targa et le son puissant de son moteur, qui attire l&rsquo;attention.<\/p>\n<p data-path-to-node=\"8\">Si vous jetez un regard attentif \u00e0 l&rsquo;int\u00e9rieur de la voiture, vous d\u00e9couvrirez des touches de luxe extr\u00eame sign\u00e9es <a href=\"https:\/\/kingwaycarrental.com\/fr\/sports-car-rental-dubai\/\">Porsche<\/a>. Vous trouverez un cockpit r\u00e9solument sportif, magnifiquement et agr\u00e9ablement con\u00e7u. Il est \u00e9quip\u00e9 d&rsquo;un volant \u00e0 commandes compl\u00e8tes, d&rsquo;un tableau de bord m\u00e9langeant le num\u00e9rique et l&rsquo;analogique, et de si\u00e8ges luxueux en cuir naturel couleur camel raffin\u00e9, brod\u00e9 de fil blanc, cr\u00e9ant un m\u00e9lange de sophistication et de luxe.<\/p>\n<p data-path-to-node=\"9\">L&rsquo;acc\u00e9l\u00e9ration de la Porsche 911 Targa est vraiment \u00e9tonnante et remarquable, car la Targa 4 GTS parcourt la distance de z\u00e9ro \u00e0 cent en seulement <b>3,1 secondes<\/b>!<\/p>\n<p data-path-to-node=\"9\">\n<h3 data-path-to-node=\"10\">Que Faut-il pour Louer une Porsche Targa 4 GTS \u00e0 Duba\u00ef via King Way?<\/h3>\n<p data-path-to-node=\"11\">Les exigences pour <a href=\"https:\/\/kingwaycarrental.com\/fr\/\">louer une voiture \u00e0 Duba\u00ef<\/a> par le biais de notre compagnie sont tr\u00e8s simples. Nous offrons des services de location flexibles et une grande facilit\u00e9 de r\u00e9servation en ligne pour simplifier les d\u00e9marches pour nos clients locaux et internationaux. Tout ce dont vous avez besoin pour louer et r\u00e9server une voiture de sport aux \u00c9mirats Arabes Unis via King Way est ce qui suit :<\/p>\n<ul>\n<li data-path-to-node=\"12,0,0\"><b>R\u00e9sidents :<\/b> Pr\u00e9senter la carte d&rsquo;identit\u00e9 des \u00c9mirats (Emirates ID) et un permis de conduire \u00e9mirati valide (le visa de r\u00e9sidence est accept\u00e9).<\/li>\n<li data-path-to-node=\"12,1,0\"><b>Touristes :<\/b> Une copie du passeport, une copie du permis de conduire valide du pays d&rsquo;origine, et une copie du Permis de Conduire International (IDP) ou d&rsquo;un autre permis de conduire reconnu aux \u00c9mirats Arabes Unis.<\/li>\n<\/ul>\n<p data-path-to-node=\"13\">Contactez-nous directement aujourd&rsquo;hui pour r\u00e9server votre voiture de sport pour un voyage inoubliable \u00e0 Duba\u00ef. Vous pouvez nous appeler directement au num\u00e9ro de t\u00e9l\u00e9phone <b>+971553022188<\/b>, via WhatsApp, ou via notre plateforme \u00e9lectronique.<\/p>\n","protected":false},"excerpt":{"rendered":"<h1>Louer une Porsche 911 Targa 4 GTS \u00e0 Duba\u00ef<\/h1>\n<p>Profitez des meilleurs moments \u00e0 Duba\u00ef en louant la toute nouvelle <a href=\"https:\/\/kingwaycarrental.com\/fr\/?attachment_id=25332\">Porsche 911<\/a> Targa 4 GTS, mod\u00e8le 2026, via <b>King Way<\/b>. Lancez-vous sur la route \u00e0 bord de l&rsquo;une des voitures de sport les plus belles et c\u00e9l\u00e8bres du monde. Explorez les rues de Duba\u00ef et les plages de sable fin dans une voiture de sport d\u00e9capotable et rendez votre voyage inoubliable!<\/p>\n","protected":false},"featured_media":26609,"comment_status":"open","ping_status":"closed","template":"","meta":[],"product_brand":[],"product_cat":[1109,735,739,729,721,665],"product_tag":[746,747],"class_list":{"0":"post-26569","1":"product","2":"type-product","3":"status-publish","4":"has-post-thumbnail","6":"product_cat-coupe-cars","7":"product_cat-sports-cars","8":"product_cat-convertible-cars","9":"product_cat-porsche","10":"product_cat-porsche-911","11":"product_cat-all-cars","12":"product_tag-car-rental-fr","13":"product_tag-rent-a-car-in-dubai-fr","15":"first","16":"instock","17":"featured","18":"taxable","19":"shipping-taxable","20":"purchasable","21":"product-type-ovabrw_car_rental"},"_links":{"self":[{"href":"https:\/\/kingwaycarrental.com\/fr\/wp-json\/wp\/v2\/product\/26569","targetHints":{"allow":["GET"]}}],"collection":[{"href":"https:\/\/kingwaycarrental.com\/fr\/wp-json\/wp\/v2\/product"}],"about":[{"href":"https:\/\/kingwaycarrental.com\/fr\/wp-json\/wp\/v2\/types\/product"}],"replies":[{"embeddable":true,"href":"https:\/\/kingwaycarrental.com\/fr\/wp-json\/wp\/v2\/comments?post=26569"}],"version-history":[{"count":0,"href":"https:\/\/kingwaycarrental.com\/fr\/wp-json\/wp\/v2\/product\/26569\/revisions"}],"wp:featuredmedia":[{"embeddable":true,"href":"https:\/\/kingwaycarrental.com\/fr\/wp-json\/wp\/v2\/media\/26609"}],"wp:attachment":[{"href":"https:\/\/kingwaycarrental.com\/fr\/wp-json\/wp\/v2\/media?parent=26569"}],"wp:term":[{"taxonomy":"product_brand","embeddable":true,"href":"https:\/\/kingwaycarrental.com\/fr\/wp-json\/wp\/v2\/product_brand?post=26569"},{"taxonomy":"product_cat","embeddable":true,"href":"https:\/\/kingwaycarrental.com\/fr\/wp-json\/wp\/v2\/product_cat?post=26569"},{"taxonomy":"product_tag","embeddable":true,"href":"https:\/\/kingwaycarrental.com\/fr\/wp-json\/wp\/v2\/product_tag?post=26569"}],"curies":[{"name":"wp","href":"https:\/\/api.w.org\/{rel}","templated":true}]}}