{"id":26138,"date":"2025-11-19T21:01:02","date_gmt":"2025-11-19T21:01:02","guid":{"rendered":"https:\/\/kingwaycarrental.com\/product\/mercedes-g-brabus\/"},"modified":"2026-03-12T03:20:24","modified_gmt":"2026-03-12T03:20:24","slug":"mercedes-g-brabus","status":"publish","type":"product","link":"https:\/\/kingwaycarrental.com\/fr\/car\/mercedes-g-brabus\/","title":{"rendered":"Mercedes G63 Brabus"},"content":{"rendered":"<h2>Avantages de Louer une Mercedes-Benz G63 Brabus \u00e0 Duba\u00ef<\/h2>\n<p data-path-to-node=\"3\">La Mercedes G63 Brabus se distingue par son propre caract\u00e8re unique, \u00e0 la diff\u00e9rence de son homologue, la <a href=\"https:\/\/kingwaycarrental.com\/fr\/?attachment_id=24938\">Mercedes G63<\/a> de s\u00e9rie. La soci\u00e9t\u00e9 allemande <b>Brabus<\/b> est r\u00e9put\u00e9e pour ses designs embl\u00e9matiques et \u00e9poustouflants pour les voitures, en particulier celles bas\u00e9es sur la marque allemande Mercedes-Benz. Les voitures Brabus poss\u00e8dent un caract\u00e8re unique, singulier et attrayant qui am\u00e9liore consid\u00e9rablement le prestige et l&rsquo;apparence finale du v\u00e9hicule.<\/p>\n<p data-path-to-node=\"4\">Parmi les avantages de la Mercedes-Benz Classe G Brabus, on trouve ses <b>ajouts ext\u00e9rieurs enti\u00e8rement r\u00e9alis\u00e9s en fibre de carbone<\/b>, tels que les ailes de la voiture, la calandre avant et le capot. Si vous regardez la voiture de c\u00f4t\u00e9, vous trouverez \u00e9galement des prises d&rsquo;air distinctives en fibre de carbone \u00e0 c\u00f4t\u00e9 des jantes sport Brabus.<\/p>\n<p data-path-to-node=\"5\">Si vous jetez un coup d&rsquo;\u0153il \u00e0 l&rsquo;int\u00e9rieur moderne et sophistiqu\u00e9 de l&rsquo;habitacle, vous constaterez que Brabus a ajout\u00e9 de nombreuses touches esth\u00e9tiques distinctives, comme les <b>couleurs turquoise<\/b> qui attirent le regard, comme le montrent les photos de notre voiture.<\/p>\n<p data-path-to-node=\"6\">De plus, la Mercedes Classe G Brabus est <b>enti\u00e8rement garnie de fibre de carbone<\/b> pour les cadres des bouches de ventilation de la climatisation et le volant. Si vous regardez la voiture de l&rsquo;arri\u00e8re, vous trouverez un aileron sportif enti\u00e8rement fabriqu\u00e9 en fibre de carbone.<\/p>\n<p data-path-to-node=\"7\">Compte tenu de tout ce que nous avons mentionn\u00e9 \u00e0 propos de la Mercedes G63 Brabus, vous constaterez que la voiture gagne en prestige suppl\u00e9mentaire et en un design magnifique de la part de l&rsquo;entreprise de personnalisation.<\/p>\n<p data-path-to-node=\"8\">Il est important de noter que les <b>modifications Brabus sont reconnues par <a href=\"https:\/\/kingwaycarrental.com\/fr\/rent-mercedes-in-dubai\/\">Mercedes-Benz<\/a><\/b>, et la voiture conserve sa garantie m\u00eame si vous demandez \u00e0 Brabus d&rsquo;ajouter vos propres modifications sp\u00e9ciales.<\/p>\n<p data-path-to-node=\"9\">Maintenant que nous avons soulign\u00e9 les avantages de la location d&rsquo;une Mercedes Brabus \u00e0 Duba\u00ef, vous pouvez vous-m\u00eame faire l&rsquo;exp\u00e9rience de cette ic\u00f4ne moderne. Il vous suffit de <b>nous contacter<\/b> pour r\u00e9server votre voiture et prendre la route avec un plaisir illimit\u00e9 !<\/p>\n","protected":false},"excerpt":{"rendered":"<h1>Location Mercedes G63 Brabus \u00e0 Duba\u00ef<\/h1>\n<p>Vous cherchez \u00e0 <a href=\"https:\/\/kingwaycarrental.com\/fr\/mercedes-benz-g-class-rental-dubai\/\">Louer une Mercedes Classe G \u00e0 Duba\u00ef<\/a> ? King Way Car Rental vous permet de Louer une Mercedes G63 Brabus \u00e0 Duba\u00ef au prix le plus bas. Vous pouvez louer le kit G Brabus \u00e0 partir de 2100 AED par jour. Si vous envisagez une location \u00e0 long ou court terme, comme hebdomadaire ou mensuelle, nous vous fournirons une r\u00e9duction sp\u00e9ciale sur votre p\u00e9riode de location. Contactez-nous aujourd&rsquo;hui et obtenez votre cadeau !<\/p>\n<div id=\"gtx-trans\" style=\"position: absolute; left: 399px; top: -0.5625px;\">\n<div class=\"gtx-trans-icon\"><\/div>\n<\/div>\n","protected":false},"featured_media":26130,"comment_status":"open","ping_status":"closed","template":"","meta":[],"product_brand":[1295],"product_cat":[741,703,1302,720,719,665],"product_tag":[746,755,747,756],"class_list":{"0":"post-26138","1":"product","2":"type-product","3":"status-publish","4":"has-post-thumbnail","6":"product_brand-mercedes","7":"product_cat-suv-cars","8":"product_cat-luxury-cars","9":"product_cat-mercedes","10":"product_cat-mercedes-g-class","11":"product_cat-mercedes-g63","12":"product_cat-all-cars","13":"product_tag-car-rental-fr","14":"product_tag-king-way-car-rental-fr","15":"product_tag-rent-a-car-in-dubai-fr","16":"product_tag-----fr","18":"first","19":"instock","20":"featured","21":"taxable","22":"shipping-taxable","23":"purchasable","24":"product-type-ovabrw_car_rental"},"_links":{"self":[{"href":"https:\/\/kingwaycarrental.com\/fr\/wp-json\/wp\/v2\/product\/26138","targetHints":{"allow":["GET"]}}],"collection":[{"href":"https:\/\/kingwaycarrental.com\/fr\/wp-json\/wp\/v2\/product"}],"about":[{"href":"https:\/\/kingwaycarrental.com\/fr\/wp-json\/wp\/v2\/types\/product"}],"replies":[{"embeddable":true,"href":"https:\/\/kingwaycarrental.com\/fr\/wp-json\/wp\/v2\/comments?post=26138"}],"version-history":[{"count":0,"href":"https:\/\/kingwaycarrental.com\/fr\/wp-json\/wp\/v2\/product\/26138\/revisions"}],"wp:featuredmedia":[{"embeddable":true,"href":"https:\/\/kingwaycarrental.com\/fr\/wp-json\/wp\/v2\/media\/26130"}],"wp:attachment":[{"href":"https:\/\/kingwaycarrental.com\/fr\/wp-json\/wp\/v2\/media?parent=26138"}],"wp:term":[{"taxonomy":"product_brand","embeddable":true,"href":"https:\/\/kingwaycarrental.com\/fr\/wp-json\/wp\/v2\/product_brand?post=26138"},{"taxonomy":"product_cat","embeddable":true,"href":"https:\/\/kingwaycarrental.com\/fr\/wp-json\/wp\/v2\/product_cat?post=26138"},{"taxonomy":"product_tag","embeddable":true,"href":"https:\/\/kingwaycarrental.com\/fr\/wp-json\/wp\/v2\/product_tag?post=26138"}],"curies":[{"name":"wp","href":"https:\/\/api.w.org\/{rel}","templated":true}]}}