{"id":26119,"date":"2025-11-19T05:09:39","date_gmt":"2025-11-19T05:09:39","guid":{"rendered":"https:\/\/kingwaycarrental.com\/product\/mercedes-g63-keyvany-black\/"},"modified":"2026-03-13T23:34:15","modified_gmt":"2026-03-13T23:34:15","slug":"mercedes-g63-keyvany-black","status":"publish","type":"product","link":"https:\/\/kingwaycarrental.com\/fr\/car\/mercedes-g63-keyvany-black\/","title":{"rendered":"Mercedes G63 Keyvany AMG"},"content":{"rendered":"<h2>Quelle est la Diff\u00e9rence Entre la Mercedes G63 et la Mercedes Keyvany?<\/h2>\n<p data-path-to-node=\"3\">La Mercedes Classe G 63 AMG se caract\u00e9rise par son c\u00f4t\u00e9 \u00e0 la fois sportif et luxueux. La <b>Mercedes Classe G Keyvany<\/b>, cependant, est \u00e9galement un mod\u00e8le G63, mais elle est <i>modifi\u00e9e<\/i>, de la m\u00eame mani\u00e8re que la Mercedes Brabus. La modification apport\u00e9e \u00e0 la G63 par la soci\u00e9t\u00e9 allemande Keyvany conf\u00e8re au design de la voiture un caract\u00e8re sp\u00e9cial et distinctif, comme le montrent les images que nous vous pr\u00e9sentons.<\/p>\n<h3>Avantages de la Mercedes-Benz G63 Keyvany<\/h3>\n<p data-path-to-node=\"5\">Si vous \u00eates un amateur de la <a href=\"https:\/\/kingwaycarrental.com\/fr\/rent-mercedes-in-dubai\/\">Mercedes Benz<\/a> Classe G, symbole de luxe et de prestige, la Mercedes Classe G Keyvany vous offre un \u00e9clat sp\u00e9cial suppl\u00e9mentaire. Cette voiture pr\u00e9sente de magnifiques modifications, telles que l&rsquo;\u00e9largissement des ailes avant sur la face du v\u00e9hicule, la calandre avant portant l&#8217;embl\u00e8me Keyvany et des jantes sport Keyvany distinctives.<\/p>\n<p data-path-to-node=\"6\">De plus, l&rsquo;int\u00e9rieur de la voiture est am\u00e9lior\u00e9 avec des caract\u00e9ristiques telles que les si\u00e8ges et le volant dans la couleur <b>orange<\/b> distinctive, comme on le voit sur les photos. Des prises d&rsquo;air lat\u00e9rales fabriqu\u00e9es en <b>fibre de carbone<\/b> sont \u00e9galement ajout\u00e9es, et les bouches d&rsquo;a\u00e9ration de la climatisation sont garnies d&rsquo;un cadre en fibre de carbone pour lui donner des touches plus riches.<\/p>\n<p data-path-to-node=\"7\">Il est \u00e0 noter que la Mercedes G63 Keyvany est dot\u00e9e d&rsquo;un moteur plus puissant que la version standard, puisque le moteur Keyvany g\u00e9n\u00e8re <b>820 chevaux<\/b>, contrairement \u00e0 la G63 de s\u00e9rie qui produit <b>577 chevaux<\/b>.<\/p>\n<p data-path-to-node=\"8\">Contactez-nous maintenant pour r\u00e9server la <a href=\"https:\/\/kingwaycarrental.com\/fr\/?attachment_id=24938\">Mercedes G63<\/a> Keyvany en location \u00e0 Duba\u00ef au meilleur prix aupr\u00e8s de King Way Car Rental. Prenez la route comme une \u00e9toile brillante avec un kilom\u00e9trage illimit\u00e9 !<\/p>\n","protected":false},"excerpt":{"rendered":"<h1>Location Mercedes G63 Keyvany AMG \u00e0 Duba\u00ef<\/h1>\n<p data-path-to-node=\"3\">Nous offrons \u00e0 nos clients la possibilit\u00e9 de Louer la Mercedes G63 Keyvany AMG \u00e0 Duba\u00ef \u00e0 des tarifs abordables \u00e0 partir de 1750 AED par jour. La <a href=\"https:\/\/kingwaycarrental.com\/fr\/mercedes-benz-g-class-rental-dubai\/\">Mercedes Classe G<\/a> avec le kit Keyvany a une apparence magnifique et ce luxueux SUV est disponible en couleur noire. Si vous recherchez une location \u00e0 long terme, comme hebdomadaire ou mensuelle, vous b\u00e9n\u00e9ficierez d&rsquo;une remise exclusive allant jusqu&rsquo;\u00e0 30%, sans d\u00e9p\u00f4t requis et sans assurance n\u00e9cessaire !<\/p>\n<div id=\"gtx-trans\" style=\"position: absolute; left: 589px; top: 64.4375px;\">\n<div class=\"gtx-trans-icon\"><\/div>\n<\/div>\n","protected":false},"featured_media":25002,"comment_status":"open","ping_status":"closed","template":"","meta":[],"product_brand":[1295],"product_cat":[741,703,1302,720,719,665],"product_tag":[759,755,747,756],"class_list":{"0":"post-26119","1":"product","2":"type-product","3":"status-publish","4":"has-post-thumbnail","6":"product_brand-mercedes","7":"product_cat-suv-cars","8":"product_cat-luxury-cars","9":"product_cat-mercedes","10":"product_cat-mercedes-g-class","11":"product_cat-mercedes-g63","12":"product_cat-all-cars","13":"product_tag-dubai-car-rental-fr","14":"product_tag-king-way-car-rental-fr","15":"product_tag-rent-a-car-in-dubai-fr","16":"product_tag-----fr","18":"first","19":"instock","20":"featured","21":"taxable","22":"shipping-taxable","23":"purchasable","24":"product-type-ovabrw_car_rental"},"_links":{"self":[{"href":"https:\/\/kingwaycarrental.com\/fr\/wp-json\/wp\/v2\/product\/26119","targetHints":{"allow":["GET"]}}],"collection":[{"href":"https:\/\/kingwaycarrental.com\/fr\/wp-json\/wp\/v2\/product"}],"about":[{"href":"https:\/\/kingwaycarrental.com\/fr\/wp-json\/wp\/v2\/types\/product"}],"replies":[{"embeddable":true,"href":"https:\/\/kingwaycarrental.com\/fr\/wp-json\/wp\/v2\/comments?post=26119"}],"version-history":[{"count":0,"href":"https:\/\/kingwaycarrental.com\/fr\/wp-json\/wp\/v2\/product\/26119\/revisions"}],"wp:featuredmedia":[{"embeddable":true,"href":"https:\/\/kingwaycarrental.com\/fr\/wp-json\/wp\/v2\/media\/25002"}],"wp:attachment":[{"href":"https:\/\/kingwaycarrental.com\/fr\/wp-json\/wp\/v2\/media?parent=26119"}],"wp:term":[{"taxonomy":"product_brand","embeddable":true,"href":"https:\/\/kingwaycarrental.com\/fr\/wp-json\/wp\/v2\/product_brand?post=26119"},{"taxonomy":"product_cat","embeddable":true,"href":"https:\/\/kingwaycarrental.com\/fr\/wp-json\/wp\/v2\/product_cat?post=26119"},{"taxonomy":"product_tag","embeddable":true,"href":"https:\/\/kingwaycarrental.com\/fr\/wp-json\/wp\/v2\/product_tag?post=26119"}],"curies":[{"name":"wp","href":"https:\/\/api.w.org\/{rel}","templated":true}]}}