{"id":26081,"date":"2025-11-18T00:01:59","date_gmt":"2025-11-18T00:01:59","guid":{"rendered":"https:\/\/kingwaycarrental.com\/product\/range-rover-svr-rental-in-dubai\/"},"modified":"2026-03-12T03:55:32","modified_gmt":"2026-03-12T03:55:32","slug":"range-rover-svr-rental-in-dubai","status":"publish","type":"product","link":"https:\/\/kingwaycarrental.com\/fr\/car\/range-rover-svr-rental-in-dubai\/","title":{"rendered":"Range Rover SVR"},"content":{"rendered":"<h3>Avantages de Louer un Range Rover SVR \u00e0 Duba\u00ef<\/h3>\n<p data-path-to-node=\"4\">Le Range Rover SVR se distingue par une technologie de pointe et un design moderne pour un SUV \u00e0 la fois volumineux et sportif. Parmi les caract\u00e9ristiques de ce v\u00e9hicule embl\u00e9matique, on trouve :<\/p>\n<ul>\n<li data-path-to-node=\"4,0,0\">Un habitacle luxueux et sophistiqu\u00e9 dot\u00e9 de nombreuses touches de grand luxe.<\/li>\n<li data-path-to-node=\"4,1,0\">Un moteur colossal V8 de 5 000 cm\u00b3 (le c\u00e9l\u00e8bre type V8).<\/li>\n<li data-path-to-node=\"4,2,0\">Il prend en charge 5 si\u00e8ges passagers en plus d&rsquo;offrir un int\u00e9rieur spacieux pour le confort maximal des occupants.<\/li>\n<li data-path-to-node=\"4,3,0\">\u00c9quip\u00e9 de cam\u00e9ras avant et arri\u00e8re, de capteurs de stationnement (Park Sensor) et d&rsquo;un GPS.<\/li>\n<li data-path-to-node=\"4,4,0\">Des \u00e9clairages LED saisissants pour les phares et les feux arri\u00e8re.<\/li>\n<li data-path-to-node=\"4,5,0\">Des mat\u00e9riaux haut de gamme tels que le cuir naturel et l&rsquo;Alcantara.<\/li>\n<li data-path-to-node=\"4,6,0\">Un syst\u00e8me de climatisation de qualit\u00e9 sup\u00e9rieure qui soutient \u00e0 la fois le conducteur et les passagers.<\/li>\n<li data-path-to-node=\"4,7,0\">Un \u00e9cran tactile prenant en charge Apple CarPlay et Android Auto.<\/li>\n<li data-path-to-node=\"4,8,0\">Fonction de massage int\u00e9gr\u00e9e aux si\u00e8ges pour offrir le confort maximal possible aux passagers.<\/li>\n<\/ul>\n<p>En plus d&rsquo;autres avantages qui font la renomm\u00e9e du <a href=\"https:\/\/kingwaycarrental.com\/range-rover-rental-dubai\/\">Range Rover<\/a> SVR, il est l&rsquo;une des voitures les plus adapt\u00e9es \u00e0 votre voyage \u00e0 Duba\u00ef, surtout si votre famille vous accompagne. Contactez-nous d\u00e8s maintenant par t\u00e9l\u00e9phone ou envoyez-nous un message via WhatsApp pour r\u00e9server votre voiture !<\/p>\n<div id=\"gtx-trans\" style=\"position: absolute; left: 180px; top: 409.516px;\">\n<div class=\"gtx-trans-icon\"><\/div>\n<\/div>\n","protected":false},"excerpt":{"rendered":"<h1>Location de Range Rover SVR \u00e0 Duba\u00ef<\/h1>\n<p>KingWayCarRental.com propose la <a href=\"https:\/\/kingwaycarrental.com\/fr\/?attachment_id=25098\">location de Range Rover SVR \u00e0 Duba\u00ef<\/a> aux meilleurs tarifs. B\u00e9n\u00e9ficiez d&rsquo;une livraison gratuite, d&rsquo;une r\u00e9duction exclusive de 30 %, d&rsquo;aucun d\u00e9p\u00f4t ni assurance requis, d&rsquo;un service client premium disponible 24h\/24 et 7j\/7, et de nombreux cadeaux inclus dans votre forfait de location!<\/p>\n<div id=\"gtx-trans\" style=\"position: absolute; left: -37px; top: 64.4375px;\">\n<div class=\"gtx-trans-icon\"><\/div>\n<\/div>\n","protected":false},"featured_media":25094,"comment_status":"open","ping_status":"closed","template":"","meta":[],"product_brand":[],"product_cat":[705,741,722,733,665],"product_tag":[746,755,747,756],"class_list":{"0":"post-26081","1":"product","2":"type-product","3":"status-publish","4":"has-post-thumbnail","6":"product_cat-land-rover","7":"product_cat-suv-cars","8":"product_cat-range-rover","9":"product_cat-range-rover-svr","10":"product_cat-all-cars","11":"product_tag-car-rental-fr","12":"product_tag-king-way-car-rental-fr","13":"product_tag-rent-a-car-in-dubai-fr","14":"product_tag-----fr","16":"first","17":"instock","18":"featured","19":"taxable","20":"shipping-taxable","21":"purchasable","22":"product-type-ovabrw_car_rental"},"_links":{"self":[{"href":"https:\/\/kingwaycarrental.com\/fr\/wp-json\/wp\/v2\/product\/26081","targetHints":{"allow":["GET"]}}],"collection":[{"href":"https:\/\/kingwaycarrental.com\/fr\/wp-json\/wp\/v2\/product"}],"about":[{"href":"https:\/\/kingwaycarrental.com\/fr\/wp-json\/wp\/v2\/types\/product"}],"replies":[{"embeddable":true,"href":"https:\/\/kingwaycarrental.com\/fr\/wp-json\/wp\/v2\/comments?post=26081"}],"version-history":[{"count":0,"href":"https:\/\/kingwaycarrental.com\/fr\/wp-json\/wp\/v2\/product\/26081\/revisions"}],"wp:featuredmedia":[{"embeddable":true,"href":"https:\/\/kingwaycarrental.com\/fr\/wp-json\/wp\/v2\/media\/25094"}],"wp:attachment":[{"href":"https:\/\/kingwaycarrental.com\/fr\/wp-json\/wp\/v2\/media?parent=26081"}],"wp:term":[{"taxonomy":"product_brand","embeddable":true,"href":"https:\/\/kingwaycarrental.com\/fr\/wp-json\/wp\/v2\/product_brand?post=26081"},{"taxonomy":"product_cat","embeddable":true,"href":"https:\/\/kingwaycarrental.com\/fr\/wp-json\/wp\/v2\/product_cat?post=26081"},{"taxonomy":"product_tag","embeddable":true,"href":"https:\/\/kingwaycarrental.com\/fr\/wp-json\/wp\/v2\/product_tag?post=26081"}],"curies":[{"name":"wp","href":"https:\/\/api.w.org\/{rel}","templated":true}]}}