{"id":25953,"date":"2025-06-29T16:07:58","date_gmt":"2025-06-29T16:07:58","guid":{"rendered":"https:\/\/kingwaycarrental.com\/product\/hire-a-cadillac-escalade-in-dubai\/"},"modified":"2026-02-04T16:30:56","modified_gmt":"2026-02-04T16:30:56","slug":"hire-a-cadillac-escalade-in-dubai","status":"publish","type":"product","link":"https:\/\/kingwaycarrental.com\/fr\/car\/hire-a-cadillac-escalade-in-dubai\/","title":{"rendered":"Cadillac Escalade"},"content":{"rendered":"<h3 class=\"font-bold text-h3 leading-[40px] pt-[21px] pb-[2px] [&amp;_a]:underline-offset-[6px] [&amp;_.underline]:underline-offset-[6px]\" dir=\"ltr\">Conseils pour Louer une Cadillac Escalade \u00e0 Duba\u00ef<\/h3>\n<p>Pour profiter au maximum de votre exp\u00e9rience de location, voici quelques conseils pour la\u00a0<a href=\"https:\/\/kingwaycarrental.com\/product\/cadillac-escalade\/\">location de Cadillac Escalade \u00e0 Duba\u00ef<\/a>\u00a0:<\/p>\n<ul>\n<li class=\"ds-markdown-paragraph\"><strong>Planifiez \u00e0 l&rsquo;avance<\/strong>\u00a0: R\u00e9servez votre\u00a0<a href=\"https:\/\/kingwaycarrental.com\/fr\/cadillac-rental-dubai\/\">location de Cadillac \u00e0 Duba\u00ef<\/a>\u00a0\u00e0 l&rsquo;avance, surtout pendant les hautes saisons touristiques, pour garantir la disponibilit\u00e9.<\/li>\n<li class=\"ds-markdown-paragraph\"><strong>Comprenez les conditions de location<\/strong>\u00a0: Assurez-vous de bien comprendre la couverture et les politiques, bien que King Way Car Rental garantisse simplicit\u00e9 et transparence.<\/li>\n<li class=\"ds-markdown-paragraph\"><strong>Profitez de la livraison gratuite<\/strong>\u00a0: Gagnez du temps en utilisant notre service de livraison gratuite \u00e0 l&rsquo;endroit de votre choix.<\/li>\n<\/ul>\n<h3>Prix de Location de la Cadillac Escalade \u00e0 Duba\u00ef<\/h3>\n<p>En ce qui concerne les prix, avec King Way Car Rental, vous pouvez\u00a0<a href=\"https:\/\/kingwaycarrental.com\/fr\/suv-car-rental-dubai\/\">louer un SUV de luxe \u00e0 Duba\u00ef<\/a>\u00a0\u00e0 un prix tr\u00e8s abordable, car nos tarifs incluent tous les frais et il n&rsquo;y a\u00a0aucun co\u00fbt cach\u00e9. De plus, nous proposons la\u00a0Cadillac Escalade \u00e0 la location \u00e0 Duba\u00ef\u00a0\u00e0 un co\u00fbt quotidien starting de\u00a0885 AED \u00e0 949 AED. Non seulement cela, mais si vous envisagez une location \u00e0 long terme, que ce soit hebdomadaire ou mensuelle, vous b\u00e9n\u00e9ficierez d&rsquo;une\u00a0r\u00e9duction exclusive\u00a0sur votre p\u00e9riode de location.\u00a0R\u00e9servez votre SUV de luxe d\u00e8s maintenant\u00a0via notre plateforme ou contactez-nous directement aujourd&rsquo;hui et recevez votre cadeau.<\/p>\n<div id=\"gtx-trans\" style=\"position: absolute; left: 258px; top: 3.71875px;\">\n<div class=\"gtx-trans-icon\"><\/div>\n<\/div>\n","protected":false},"excerpt":{"rendered":"<h1>Location de Cadillac Escalade \u00e0 Duba\u00ef<\/h1>\n<p><a href=\"https:\/\/kingwaycarrental.com\/fr\/rent-cadillac-escalade-in-dubai\/\">Louez une Cadillac Escalade \u00e0 Duba\u00ef<\/a>, dernier mod\u00e8le, un SUV luxueux 7 places \u00e0 un prix abordable chez King Way Car Rental. Nous disposons d&rsquo;une large gamme de\u00a0<a href=\"https:\/\/kingwaycarrental.com\/fr\/\">locations de voitures de luxe \u00e0 Duba\u00ef<\/a>. Vous pouvez\u00a0louer une Cadillac Escalade \u00e0 Duba\u00ef\u00a0aux prix les plus bas \u00e0 partir de\u00a0949 AED par jour. Si vous recherchez une location hebdomadaire ou mensuelle, nous vous offrirons une\u00a0r\u00e9duction de 30%\u00a0sur votre forfait de location et une\u00a0livraison gratuite du v\u00e9hicule\u00a0\u00e0 votre lieu de s\u00e9jour. Contactez-nous d\u00e8s aujourd&rsquo;hui pour r\u00e9server votre\u00a0location de Cadillac Escalade \u00e0 Duba\u00ef.<\/p>\n","protected":false},"featured_media":24322,"comment_status":"open","ping_status":"closed","template":"","meta":[],"product_brand":[],"product_cat":[678,680,741,664,703,665],"product_tag":[746,755,747,756],"class_list":{"0":"post-25953","1":"product","2":"type-product","3":"status-publish","4":"has-post-thumbnail","6":"product_cat-cadillac","7":"product_cat-cadillac-escalade","8":"product_cat-suv-cars","9":"product_cat-7-seater-car-rental","10":"product_cat-luxury-cars","11":"product_cat-all-cars","12":"product_tag-car-rental-fr","13":"product_tag-king-way-car-rental-fr","14":"product_tag-rent-a-car-in-dubai-fr","15":"product_tag-----fr","17":"first","18":"instock","19":"featured","20":"taxable","21":"shipping-taxable","22":"purchasable","23":"product-type-ovabrw_car_rental"},"_links":{"self":[{"href":"https:\/\/kingwaycarrental.com\/fr\/wp-json\/wp\/v2\/product\/25953","targetHints":{"allow":["GET"]}}],"collection":[{"href":"https:\/\/kingwaycarrental.com\/fr\/wp-json\/wp\/v2\/product"}],"about":[{"href":"https:\/\/kingwaycarrental.com\/fr\/wp-json\/wp\/v2\/types\/product"}],"replies":[{"embeddable":true,"href":"https:\/\/kingwaycarrental.com\/fr\/wp-json\/wp\/v2\/comments?post=25953"}],"version-history":[{"count":0,"href":"https:\/\/kingwaycarrental.com\/fr\/wp-json\/wp\/v2\/product\/25953\/revisions"}],"wp:featuredmedia":[{"embeddable":true,"href":"https:\/\/kingwaycarrental.com\/fr\/wp-json\/wp\/v2\/media\/24322"}],"wp:attachment":[{"href":"https:\/\/kingwaycarrental.com\/fr\/wp-json\/wp\/v2\/media?parent=25953"}],"wp:term":[{"taxonomy":"product_brand","embeddable":true,"href":"https:\/\/kingwaycarrental.com\/fr\/wp-json\/wp\/v2\/product_brand?post=25953"},{"taxonomy":"product_cat","embeddable":true,"href":"https:\/\/kingwaycarrental.com\/fr\/wp-json\/wp\/v2\/product_cat?post=25953"},{"taxonomy":"product_tag","embeddable":true,"href":"https:\/\/kingwaycarrental.com\/fr\/wp-json\/wp\/v2\/product_tag?post=25953"}],"curies":[{"name":"wp","href":"https:\/\/api.w.org\/{rel}","templated":true}]}}