{"id":25556,"date":"2025-10-29T13:49:41","date_gmt":"2025-10-29T13:49:41","guid":{"rendered":"https:\/\/kingwaycarrental.com\/?post_type=product&#038;p=25556"},"modified":"2026-03-12T19:19:00","modified_gmt":"2026-03-12T19:19:00","slug":"chevrolet-tahoe-z71","status":"publish","type":"product","link":"https:\/\/kingwaycarrental.com\/fr\/car\/chevrolet-tahoe-z71\/","title":{"rendered":"Chevrolet Tahoe Z71"},"content":{"rendered":"<h2>Louer Chevtolet Tahoe \u00e0 Duba\u00ef<\/h2>\n<p>Explorez les sites touristiques de la ville fictive et tr\u00e8s attrayante de Duba\u00ef avec l&rsquo;une des voitures les plus populaires et les plus recherch\u00e9es des \u00c9mirats Arabes Unis \u00e0 louer, louez la toute nouvelle Chevrolet Tahoe Z71 \u00e0 Duba\u00ef par l&rsquo;interm\u00e9diaire de notre soci\u00e9t\u00e9 au meilleur prix et sans avoir besoin de payer une caution ou m\u00eame une assurance, obtenez une livraison gratuite de la voiture d\u00e8s votre arriv\u00e9e \u00e0 Duba\u00ef.<\/p>\n<h3>Avantages Chevrolet Tahoe Pour Un Voyage \u00e0 Duba\u00ef<\/h3>\n<p>Le v\u00e9hicule embl\u00e9matique \u00ab\u00a0Tahoe\u00a0\u00bb se caract\u00e9rise par un luxe absolu en tant que SUV familial supportant 7 passagers, cette voiture est parfaitement adapt\u00e9e \u00e0 ceux qui recherchent le luxe, le luxe, le confort, un design moderne et attrayant, le Tahoe dispose d&rsquo;un moteur tr\u00e8s puissant de type V8 g\u00e9ant d&rsquo;une cylindr\u00e9e de 6,2 litres, et g\u00e9n\u00e8re 355 chevaux, ce v\u00e9hicule haut de gamme sera l&rsquo;un de vos plus grands bons choix lors de votre voyage \u00e0 <a href=\"https:\/\/kingwaycarrental.com\/fr\/rent-a-car-dubai\/\">Duba\u00ef<\/a>, surtout si vous avez votre famille avec vous.<\/p>\n","protected":false},"excerpt":{"rendered":"<h1><span class=\"aNeGP0gI0B9AV8JaHPyH\" data-src-align=\"0:9\">Chevrolet<\/span> <span class=\"aNeGP0gI0B9AV8JaHPyH\" data-src-align=\"10:5\">Tahoe<\/span> <span class=\"aNeGP0gI0B9AV8JaHPyH\" data-src-align=\"16:3\">Z71<\/span> <span class=\"aNeGP0gI0B9AV8JaHPyH\" data-src-align=\"21:5\">(Blanc<\/span>) <span class=\"aNeGP0gI0B9AV8JaHPyH\" data-src-align=\"32:4\">\u00c0 louer<\/span> <span class=\"aNeGP0gI0B9AV8JaHPyH\" data-src-align=\"40:5\">\u00e0 Duba\u00ef<\/span><\/h1>\n<p><span class=\"aNeGP0gI0B9AV8JaHPyH\" data-src-align=\"47:7\">Vous<\/span> <span class=\"aNeGP0gI0B9AV8JaHPyH\" data-src-align=\"58:4\">cherchez \u00e0 <a href=\"https:\/\/kingwaycarrental.com\/fr\/7-seater-car-rental-dubai\/\">louer<\/a><\/span><a href=\"https:\/\/kingwaycarrental.com\/fr\/7-seater-car-rental-dubai\/\"> <span class=\"aNeGP0gI0B9AV8JaHPyH\" data-src-align=\"72:3\">une voiture<\/span> <span class=\"aNeGP0gI0B9AV8JaHPyH\" data-src-align=\"63:1\">7<\/span> <span class=\"aNeGP0gI0B9AV8JaHPyH\" data-src-align=\"65:6\">places<\/span> <span class=\"aNeGP0gI0B9AV8JaHPyH\" data-src-align=\"79:5\">\u00e0 Duba\u00ef<\/span><\/a>? <span class=\"aNeGP0gI0B9AV8JaHPyH\" data-src-align=\"86:4\">King<\/span> <span class=\"aNeGP0gI0B9AV8JaHPyH\" data-src-align=\"91:3\">Way<\/span> <span class=\"aNeGP0gI0B9AV8JaHPyH\" data-src-align=\"95:6\">Propose<\/span> <span class=\"aNeGP0gI0B9AV8JaHPyH\" data-src-align=\"117:3\">\u00e0<\/span> <span class=\"aNeGP0gI0B9AV8JaHPyH\" data-src-align=\"102:5\">ses<\/span> <span class=\"aNeGP0gI0B9AV8JaHPyH\" data-src-align=\"108:8\">clients<\/span> <span class=\"aNeGP0gI0B9AV8JaHPyH\" data-src-align=\"121:3\">la nouvelle<\/span> <span class=\"aNeGP0gI0B9AV8JaHPyH\" data-src-align=\"125:10\">g\u00e9n\u00e9ration<\/span> <span class=\"aNeGP0gI0B9AV8JaHPyH\" data-src-align=\"139:9\">de Chevrolet<\/span> <span class=\"aNeGP0gI0B9AV8JaHPyH\" data-src-align=\"149:5\">Tahoe<\/span> <span class=\"aNeGP0gI0B9AV8JaHPyH\" data-src-align=\"159:4\">\u00e0<\/span> <span class=\"aNeGP0gI0B9AV8JaHPyH\" data-src-align=\"167:5\">louer \u00e0 Duba\u00ef<\/span> <span class=\"aNeGP0gI0B9AV8JaHPyH\" data-src-align=\"176:3\">\u00e0 bas<\/span> <span class=\"aNeGP0gI0B9AV8JaHPyH\" data-src-align=\"180:4\">prix<\/span>, <span class=\"aNeGP0gI0B9AV8JaHPyH\" data-src-align=\"190:18\">le dernier mod\u00e8le tahoe<\/span> <span class=\"aNeGP0gI0B9AV8JaHPyH\" data-src-align=\"209:2\">est<\/span> <span class=\"aNeGP0gI0B9AV8JaHPyH\" data-src-align=\"236:3\">un suv<\/span> <span class=\"aNeGP0gI0B9AV8JaHPyH\" data-src-align=\"229:6\">de luxe<\/span> <span class=\"aNeGP0gI0B9AV8JaHPyH\" data-src-align=\"220:8\">super puissant<\/span> <span class=\"aNeGP0gI0B9AV8JaHPyH\" data-src-align=\"240:3\">pour<\/span> <span class=\"aNeGP0gI0B9AV8JaHPyH\" data-src-align=\"244:4\">ceux<\/span> <span class=\"aNeGP0gI0B9AV8JaHPyH\" data-src-align=\"249:9\">qui recherchent<\/span> <span class=\"aNeGP0gI0B9AV8JaHPyH\" data-src-align=\"263:13\">un voyage confortable \u00e0 Duba\u00ef<\/span> <span class=\"aNeGP0gI0B9AV8JaHPyH\" data-src-align=\"282:4\">sans<\/span> <span class=\"aNeGP0gI0B9AV8JaHPyH\" data-src-align=\"287:6\">tracas<\/span><span class=\"aNeGP0gI0B9AV8JaHPyH\" data-src-align=\"300:7\">, contactez<\/span><span class=\"aNeGP0gI0B9AV8JaHPyH\" data-src-align=\"308:8\">-nous d\u00e8s aujourd&rsquo;<\/span><span class=\"aNeGP0gI0B9AV8JaHPyH\" data-src-align=\"317:3\">hui<\/span> <span class=\"aNeGP0gI0B9AV8JaHPyH\" data-src-align=\"321:4\">et r\u00e9servez<\/span> <span class=\"aNeGP0gI0B9AV8JaHPyH\" data-src-align=\"347:6\">votre<\/span> <a href=\"https:\/\/kingwaycarrental.com\/fr\/chevrolet-tahoe-rental-in-dubai\/\"><span class=\"aNeGP0gI0B9AV8JaHPyH\" data-src-align=\"331:9\">location de chevrolet<\/span> <span class=\"aNeGP0gI0B9AV8JaHPyH\" data-src-align=\"341:5\">tahoe<\/span> <\/a><span class=\"aNeGP0gI0B9AV8JaHPyH\" data-src-align=\"357:6\"><a href=\"https:\/\/kingwaycarrental.com\/fr\/chevrolet-tahoe-rental-in-dubai\/\">\u00e0 duba\u00ef<\/a>.<\/span><\/p>\n<div id=\"gtx-trans\" style=\"position: absolute; left: 254px; top: 64.4375px;\">\n<div class=\"gtx-trans-icon\"><\/div>\n<\/div>\n","protected":false},"featured_media":25596,"comment_status":"open","ping_status":"closed","template":"","meta":[],"product_brand":[],"product_cat":[681,673,741,664,703,665],"product_tag":[746,755,747,756],"class_list":{"0":"post-25556","1":"product","2":"type-product","3":"status-publish","4":"has-post-thumbnail","6":"product_cat-chevrolet","7":"product_cat-chevrolet-tahoe","8":"product_cat-suv-cars","9":"product_cat-7-seater-car-rental","10":"product_cat-luxury-cars","11":"product_cat-all-cars","12":"product_tag-car-rental-fr","13":"product_tag-king-way-car-rental-fr","14":"product_tag-rent-a-car-in-dubai-fr","15":"product_tag-----fr","17":"first","18":"instock","19":"featured","20":"taxable","21":"shipping-taxable","22":"purchasable","23":"product-type-ovabrw_car_rental"},"_links":{"self":[{"href":"https:\/\/kingwaycarrental.com\/fr\/wp-json\/wp\/v2\/product\/25556","targetHints":{"allow":["GET"]}}],"collection":[{"href":"https:\/\/kingwaycarrental.com\/fr\/wp-json\/wp\/v2\/product"}],"about":[{"href":"https:\/\/kingwaycarrental.com\/fr\/wp-json\/wp\/v2\/types\/product"}],"replies":[{"embeddable":true,"href":"https:\/\/kingwaycarrental.com\/fr\/wp-json\/wp\/v2\/comments?post=25556"}],"version-history":[{"count":0,"href":"https:\/\/kingwaycarrental.com\/fr\/wp-json\/wp\/v2\/product\/25556\/revisions"}],"wp:featuredmedia":[{"embeddable":true,"href":"https:\/\/kingwaycarrental.com\/fr\/wp-json\/wp\/v2\/media\/25596"}],"wp:attachment":[{"href":"https:\/\/kingwaycarrental.com\/fr\/wp-json\/wp\/v2\/media?parent=25556"}],"wp:term":[{"taxonomy":"product_brand","embeddable":true,"href":"https:\/\/kingwaycarrental.com\/fr\/wp-json\/wp\/v2\/product_brand?post=25556"},{"taxonomy":"product_cat","embeddable":true,"href":"https:\/\/kingwaycarrental.com\/fr\/wp-json\/wp\/v2\/product_cat?post=25556"},{"taxonomy":"product_tag","embeddable":true,"href":"https:\/\/kingwaycarrental.com\/fr\/wp-json\/wp\/v2\/product_tag?post=25556"}],"curies":[{"name":"wp","href":"https:\/\/api.w.org\/{rel}","templated":true}]}}