{"id":20975,"date":"2025-10-08T05:09:55","date_gmt":"2025-10-08T05:09:55","guid":{"rendered":"https:\/\/kingwaycarrental.com\/?post_type=product&#038;p=20975"},"modified":"2026-03-12T05:19:09","modified_gmt":"2026-03-12T05:19:09","slug":"rent-hyundai-tucson-in-dubai","status":"publish","type":"product","link":"https:\/\/kingwaycarrental.com\/fr\/car\/rent-hyundai-tucson-in-dubai\/","title":{"rendered":"Hyundai Tucson"},"content":{"rendered":"<h2>Hyundai Tucson \u00e0 louer \u00e0 Duba\u00ef<\/h2>\n<p>Profitez d\u00e8s maintenant de votre s\u00e9jour \u00e0 Duba\u00ef, Abu Dhabi, Ajman et dans d&rsquo;autres villes des \u00c9mirats avec un v\u00e9hicule 4&#215;4 \u00e0 un prix tr\u00e8s raisonnable : seulement 180 dirhams \u00ab AED \u00bb par jour. Et ce n&rsquo;est pas tout : nous proposons \u00e0 nos clients un <a href=\"https:\/\/kingwaycarrental.com\/fr\/monthly-car-rental-dubai\/\">service de location de voiture \u00e0 la moisou<\/a> au semaine, avec une r\u00e9duction exclusive sur le forfait location, pour un voyage plus original et confortable. Contactez-nous d\u00e8s aujourd&rsquo;hui pour r\u00e9server un Hyundai Tucson \u00e0 louer \u00e0 Duba\u00ef au meilleur prix et recevez votre cadeau imm\u00e9diatement.<\/p>\n","protected":false},"excerpt":{"rendered":"<h1>Louer un Hyundai Tucson \u00e0 Duba\u00ef<\/h1>\n<p>Le Hyundai Tucson est l&rsquo;un des SUV les plus populaires \u00e0 la location \u00e0 Duba\u00ef. Ce v\u00e9hicule incroyable et fiable a fait ses preuves sur diverses routes au fil des ans. \u00c9tant abordable pour ceux qui souhaitent louer une voiture \u00e9conomique \u00e0 Duba\u00ef, le Tucson est tr\u00e8s demand\u00e9 comme une voiture familiale et de taille moyenne en m\u00eame temps. Ici, gr\u00e2ce \u00e0 King Way Car Rental, vous pouvez louer un Hyundai Tucson \u00e0 Duba\u00ef au prix le plus bas jamais vu, sans caution ni m\u00eame assurance\u00a0!<\/p>\n<div id=\"gtx-trans\" style=\"position: absolute; left: 757px; top: 160.875px;\">\n<div class=\"gtx-trans-icon\"><\/div>\n<\/div>\n","protected":false},"featured_media":21022,"comment_status":"open","ping_status":"closed","template":"","meta":[],"product_brand":[],"product_cat":[689,741,684,665],"product_tag":[746,755,747,756],"class_list":{"0":"post-20975","1":"product","2":"type-product","3":"status-publish","4":"has-post-thumbnail","6":"product_cat-hyundai","7":"product_cat-suv-cars","8":"product_cat-economy-cars","9":"product_cat-all-cars","10":"product_tag-car-rental-fr","11":"product_tag-king-way-car-rental-fr","12":"product_tag-rent-a-car-in-dubai-fr","13":"product_tag-----fr","15":"first","16":"instock","17":"featured","18":"taxable","19":"shipping-taxable","20":"purchasable","21":"product-type-ovabrw_car_rental"},"_links":{"self":[{"href":"https:\/\/kingwaycarrental.com\/fr\/wp-json\/wp\/v2\/product\/20975","targetHints":{"allow":["GET"]}}],"collection":[{"href":"https:\/\/kingwaycarrental.com\/fr\/wp-json\/wp\/v2\/product"}],"about":[{"href":"https:\/\/kingwaycarrental.com\/fr\/wp-json\/wp\/v2\/types\/product"}],"replies":[{"embeddable":true,"href":"https:\/\/kingwaycarrental.com\/fr\/wp-json\/wp\/v2\/comments?post=20975"}],"version-history":[{"count":0,"href":"https:\/\/kingwaycarrental.com\/fr\/wp-json\/wp\/v2\/product\/20975\/revisions"}],"wp:featuredmedia":[{"embeddable":true,"href":"https:\/\/kingwaycarrental.com\/fr\/wp-json\/wp\/v2\/media\/21022"}],"wp:attachment":[{"href":"https:\/\/kingwaycarrental.com\/fr\/wp-json\/wp\/v2\/media?parent=20975"}],"wp:term":[{"taxonomy":"product_brand","embeddable":true,"href":"https:\/\/kingwaycarrental.com\/fr\/wp-json\/wp\/v2\/product_brand?post=20975"},{"taxonomy":"product_cat","embeddable":true,"href":"https:\/\/kingwaycarrental.com\/fr\/wp-json\/wp\/v2\/product_cat?post=20975"},{"taxonomy":"product_tag","embeddable":true,"href":"https:\/\/kingwaycarrental.com\/fr\/wp-json\/wp\/v2\/product_tag?post=20975"}],"curies":[{"name":"wp","href":"https:\/\/api.w.org\/{rel}","templated":true}]}}