{"id":20538,"date":"2025-10-14T01:16:32","date_gmt":"2025-10-14T01:16:32","guid":{"rendered":"https:\/\/kingwaycarrental.com\/?post_type=product&#038;p=20538"},"modified":"2026-03-12T05:37:24","modified_gmt":"2026-03-12T05:37:24","slug":"jetour-t2-defender-kit-black","status":"publish","type":"product","link":"https:\/\/kingwaycarrental.com\/fr\/car\/jetour-t2-defender-kit-black\/","title":{"rendered":"Jetour T2 Defender Kit"},"content":{"rendered":"<h3>Avantages du kit Jetour T2 Defender<\/h3>\n<ol>\n<li>Le <a href=\"https:\/\/kingwaycarrental.com\/product\/jetour-t2\/\">Jetour T2<\/a> dispose d&rsquo;un salon luxueux et sophistiqu\u00e9 \u00e9quip\u00e9 des plus hauts niveaux de confort et de s\u00e9curit\u00e9.<\/li>\n<li>Un puissant moteur turbo de 2,0 litres acc\u00e9l\u00e8re de 0 \u00e0 100 km\/h en 8,7 secondes.<\/li>\n<li>Si\u00e8ges confortables pour le conducteur et les passagers, notamment des si\u00e8ges massants.<\/li>\n<li>Design ext\u00e9rieur moderne, sophistiqu\u00e9 et sportif, notamment avec l&rsquo;\u00e9dition Defender.<\/li>\n<li>L&#8217;empattement repose sur une architecture 4&#215;4 \u00e0 transmission int\u00e9grale.<\/li>\n<li>Id\u00e9al pour le tout-terrain et les safaris dans le d\u00e9sert.<\/li>\n<\/ol>\n<p>&nbsp;<\/p>\n","protected":false},"excerpt":{"rendered":"<h1>Kit Jetour T2 Defender Noir (2026)<\/h1>\n<p>Maintenant sur KingWayCarRental.com disponible <a href=\"https:\/\/kingwaycarrental.com\/fr\/rent-jetour-t2-in-dubai\/\">Jetour T2<\/a> Defender Kit Noir (2026) \u00e0 louer \u00e0 bas prix jamais aux \u00c9mirats arabes unis et dans ses \u00c9mirats, Duba\u00ef, Abu Dhabi, Ajman, Sharjah, sans d\u00e9p\u00f4t ni assurance, sans limite de kilom\u00e9trage, obtenez la livraison gratuite de la voiture, sans frais suppl\u00e9mentaires, sans frais suppl\u00e9mentaires, profitez de votre voyage avec l&rsquo;un des SUV les plus r\u00e9cents au monde!<\/p>\n","protected":false},"featured_media":20600,"comment_status":"open","ping_status":"closed","template":"","meta":[],"product_brand":[],"product_cat":[687,692,741,665],"product_tag":[746,755,747,756],"class_list":{"0":"post-20538","1":"product","2":"type-product","3":"status-publish","4":"has-post-thumbnail","6":"product_cat-jetour","7":"product_cat-jetour-t2","8":"product_cat-suv-cars","9":"product_cat-all-cars","10":"product_tag-car-rental-fr","11":"product_tag-king-way-car-rental-fr","12":"product_tag-rent-a-car-in-dubai-fr","13":"product_tag-----fr","15":"first","16":"instock","17":"featured","18":"taxable","19":"shipping-taxable","20":"purchasable","21":"product-type-ovabrw_car_rental"},"_links":{"self":[{"href":"https:\/\/kingwaycarrental.com\/fr\/wp-json\/wp\/v2\/product\/20538","targetHints":{"allow":["GET"]}}],"collection":[{"href":"https:\/\/kingwaycarrental.com\/fr\/wp-json\/wp\/v2\/product"}],"about":[{"href":"https:\/\/kingwaycarrental.com\/fr\/wp-json\/wp\/v2\/types\/product"}],"replies":[{"embeddable":true,"href":"https:\/\/kingwaycarrental.com\/fr\/wp-json\/wp\/v2\/comments?post=20538"}],"version-history":[{"count":0,"href":"https:\/\/kingwaycarrental.com\/fr\/wp-json\/wp\/v2\/product\/20538\/revisions"}],"wp:featuredmedia":[{"embeddable":true,"href":"https:\/\/kingwaycarrental.com\/fr\/wp-json\/wp\/v2\/media\/20600"}],"wp:attachment":[{"href":"https:\/\/kingwaycarrental.com\/fr\/wp-json\/wp\/v2\/media?parent=20538"}],"wp:term":[{"taxonomy":"product_brand","embeddable":true,"href":"https:\/\/kingwaycarrental.com\/fr\/wp-json\/wp\/v2\/product_brand?post=20538"},{"taxonomy":"product_cat","embeddable":true,"href":"https:\/\/kingwaycarrental.com\/fr\/wp-json\/wp\/v2\/product_cat?post=20538"},{"taxonomy":"product_tag","embeddable":true,"href":"https:\/\/kingwaycarrental.com\/fr\/wp-json\/wp\/v2\/product_tag?post=20538"}],"curies":[{"name":"wp","href":"https:\/\/api.w.org\/{rel}","templated":true}]}}