{"id":19753,"date":"2025-07-07T14:29:56","date_gmt":"2025-07-07T14:29:56","guid":{"rendered":"https:\/\/kingwaycarrental.com\/product\/chevrolet-corvette-c8\/"},"modified":"2025-11-24T02:34:27","modified_gmt":"2025-11-24T02:34:27","slug":"chevrolet-corvette-c8","status":"publish","type":"product","link":"https:\/\/kingwaycarrental.com\/fr\/car\/chevrolet-corvette-c8\/","title":{"rendered":"Chevrolet Corvette C8"},"content":{"rendered":"<h2 data-pm-slice=\"1 1 []\">Location de Chevrolet Corvette C8 Stingray d\u00e9capotable \u00e0 Duba\u00ef<\/h2>\n<p>Vous recherchez une location de Chevrolet Corvette C8 Stingray Cabriolet \u00e0 Duba\u00ef ? est le choix ultime. Avec son design \u00e9l\u00e9gant, ses performances puissantes et sa technologie de pointe, la Corvette C8 Stingray Cabriolet fait tourner les t\u00eates partout o\u00f9 elle va. Chez King Way Car Rental, nous rendons la location de cette voiture de sport exceptionnelle \u00e0 Duba\u00ef simple et pratique, avec des services de location haut de gamme.<\/p>\n<h3>Louer une Chevrolet Corvette C8 Cabriolet \u00e0 Duba\u00ef<\/h3>\n<p>Louez la Chevrolet Corvette C8 Cabriolet \u00e0 Duba\u00ef, elle est livr\u00e9e avec une belle couleur ext\u00e9rieure grise et une couleur int\u00e9rieure rouge, c&rsquo;est un chef-d&rsquo;\u0153uvre d&rsquo;ing\u00e9nierie et de design, en tant que premi\u00e8re Corvette \u00e0 moteur central, elle offre une exp\u00e9rience de conduite in\u00e9gal\u00e9e, voici quelques caract\u00e9ristiques remarquables qui font de la Corvette C8 l&rsquo;un des meilleurs choix de <a href=\"https:\/\/kingwaycarrental.com\/fr\/sports-car-rental-dubai\/\">voitures de sport<\/a> \u00e0 Duba\u00ef :<\/p>\n<ul data-spread=\"false\">\n<li><strong>Performance:<\/strong> \u00c9quip\u00e9e d&rsquo;un puissant moteur V8 de 6,2 litres, la Corvette C8 Stingray d\u00e9livre 495 chevaux et 637 Nm de couple, assurant une acc\u00e9l\u00e9ration palpitante et une maniabilit\u00e9 de haut niveau.<\/li>\n<li><strong>Conception:<\/strong> Avec sa forme a\u00e9rodynamique, ses lignes audacieuses et son int\u00e9rieur luxueux, la C8 Cabriolet incarne la sophistication et la vitesse.<\/li>\n<\/ul>\n<h3>Comment louer une Chevrolet Corvette C8 Stingray \u00e0 Duba\u00ef<\/h3>\n<p>Les \u00e9tapes pour louer une Chevrolet Corvette C8 Cabriolet Stingray \u00e0 Duba\u00ef, une belle super voiture de <a href=\"https:\/\/kingwaycarrental.com\/fr\/\">KingWayCarRental<\/a>, sont rapides et faciles\u00a0:<\/p>\n<ul>\n<li><strong>Consultez notre site web\u00a0:<\/strong> Visitez notre site web pour d\u00e9couvrir notre vaste flotte de <a href=\"https:\/\/kingwaycarrental.com\/fr\/chevrolet-corvette-rental-dubai\/\">Chevrolet Corvette<\/a> et v\u00e9rifier les disponibilit\u00e9s.<\/li>\n<li><strong>Contactez-nous\u00a0:<\/strong> Contactez notre \u00e9quipe par t\u00e9l\u00e9phone, e-mail ou WhatsApp pour effectuer votre r\u00e9servation.<\/li>\n<li><strong>Documents requis\u00a0:<\/strong> Assurez-vous d&rsquo;avoir un permis de conduire, un passeport et une carte de cr\u00e9dit valides pour la location.<\/li>\n<li><strong>Confirmez votre r\u00e9servation\u00a0:<\/strong> Une fois votre r\u00e9servation pour la Corvette C8 Stingray confirm\u00e9e, vous pouvez r\u00e9cup\u00e9rer le v\u00e9hicule ou vous le faire livrer \u00e0 votre adresse.<\/li>\n<\/ul>\n<h3>R\u00e9servez une location de Corvette C8 Stingray Convertible \u00e0 Duba\u00ef<\/h3>\n<p data-pm-slice=\"1 1 []\">R\u00e9server une Chevrolet Corvette C8 Cabriolet avec King Way Car Rental est simple et direct :<\/p>\n<ul>\n<li>Ne manquez pas l&rsquo;occasion d&rsquo;am\u00e9liorer votre exp\u00e9rience \u00e0 Duba\u00ef avec la Chevrolet Corvette C8, une super voiture. Chez King Way Car Rental, nous nous engageons \u00e0 faire de votre r\u00eave de conduire une r\u00e9alit\u00e9.<\/li>\n<li>Contactez-nous d\u00e8s aujourd&rsquo;hui pour r\u00e9server votre location et pr\u00e9parez-vous \u00e0 faire tourner les t\u00eates en explorant Duba\u00ef dans cette voiture de sport extraordinaire. Vous serez imm\u00e9diatement assist\u00e9 par notre service client 24h\/24 et 7j\/7.<\/li>\n<\/ul>\n","protected":false},"excerpt":{"rendered":"<h1>Louer une Chevrolet Corvette C8 Stingray Cabriolet \u00e0 Duba\u00ef<\/h1>\n<p>Louer une Chevrolet Corvette C8 Stingray Cabriolet \u00e0 Duba\u00ef est plus qu&rsquo;un simple moyen de transport ; c&rsquo;est une exp\u00e9rience de luxe, de performance et de style. Avec King Way Car Rental, vous pouvez profiter de cette voiture de sport embl\u00e9matique en toute simplicit\u00e9 et commodit\u00e9. Rendez votre visite \u00e0 Duba\u00ef vraiment m\u00e9morable en vous laissant tenter par le frisson de conduire une Corvette C8 Stingray Cabriolet au meilleur prix.<\/p>\n<div id=\"gtx-trans\" style=\"position: absolute; left: -4px; top: -0.5625px;\">\n<div class=\"gtx-trans-icon\"><\/div>\n<\/div>\n","protected":false},"featured_media":19757,"comment_status":"open","ping_status":"closed","template":"","meta":[],"product_brand":[],"product_cat":[681,683,682,1109,735,739,665],"product_tag":[746,747],"class_list":{"0":"post-19753","1":"product","2":"type-product","3":"status-publish","4":"has-post-thumbnail","6":"product_cat-chevrolet","7":"product_cat-chevrolet-corvette","8":"product_cat-chevrolet-corvette-c8","9":"product_cat-coupe-cars","10":"product_cat-sports-cars","11":"product_cat-convertible-cars","12":"product_cat-all-cars","13":"product_tag-car-rental-fr","14":"product_tag-rent-a-car-in-dubai-fr","16":"first","17":"instock","18":"featured","19":"taxable","20":"shipping-taxable","21":"purchasable","22":"product-type-ovabrw_car_rental"},"_links":{"self":[{"href":"https:\/\/kingwaycarrental.com\/fr\/wp-json\/wp\/v2\/product\/19753","targetHints":{"allow":["GET"]}}],"collection":[{"href":"https:\/\/kingwaycarrental.com\/fr\/wp-json\/wp\/v2\/product"}],"about":[{"href":"https:\/\/kingwaycarrental.com\/fr\/wp-json\/wp\/v2\/types\/product"}],"replies":[{"embeddable":true,"href":"https:\/\/kingwaycarrental.com\/fr\/wp-json\/wp\/v2\/comments?post=19753"}],"version-history":[{"count":0,"href":"https:\/\/kingwaycarrental.com\/fr\/wp-json\/wp\/v2\/product\/19753\/revisions"}],"wp:featuredmedia":[{"embeddable":true,"href":"https:\/\/kingwaycarrental.com\/fr\/wp-json\/wp\/v2\/media\/19757"}],"wp:attachment":[{"href":"https:\/\/kingwaycarrental.com\/fr\/wp-json\/wp\/v2\/media?parent=19753"}],"wp:term":[{"taxonomy":"product_brand","embeddable":true,"href":"https:\/\/kingwaycarrental.com\/fr\/wp-json\/wp\/v2\/product_brand?post=19753"},{"taxonomy":"product_cat","embeddable":true,"href":"https:\/\/kingwaycarrental.com\/fr\/wp-json\/wp\/v2\/product_cat?post=19753"},{"taxonomy":"product_tag","embeddable":true,"href":"https:\/\/kingwaycarrental.com\/fr\/wp-json\/wp\/v2\/product_tag?post=19753"}],"curies":[{"name":"wp","href":"https:\/\/api.w.org\/{rel}","templated":true}]}}