{"id":19743,"date":"2025-07-11T19:01:19","date_gmt":"2025-07-11T19:01:19","guid":{"rendered":"https:\/\/kingwaycarrental.com\/product\/mercedes-s500-blue\/"},"modified":"2026-02-06T22:18:58","modified_gmt":"2026-02-06T22:18:58","slug":"mercedes-s500-blue","status":"publish","type":"product","link":"https:\/\/kingwaycarrental.com\/fr\/car\/mercedes-s500-blue\/","title":{"rendered":"Mercedes S500"},"content":{"rendered":"<h2>Louez une Mercedes S500 \u00e0 Duba\u00ef au meilleur prix<\/h2>\n<p>Louez une Mercedes S500 mod\u00e8le 2023 \u00e0 Duba\u00ef chez <a href=\"https:\/\/kingwaycarrental.com\/fr\">Location de voitures King Way<\/a> aux meilleurs prix et avec un service client exceptionnel 24h\/24. Nous proposons \u00e9galement un service de livraison gratuit \u00e0 l&rsquo;a\u00e9roport et \u00e0 l&rsquo;h\u00f4tel. Vous pouvez <a href=\"https:\/\/kingwaycarrental.com\/mercedes-s-class-rental-dubai\/\">louer une Mercedes Classe S \u00e0 Duba\u00ef<\/a> sans caution.<\/p>\n<h2>Location de Mercedes Benz S500 \u00e0 Duba\u00ef<\/h2>\n<p>Louez une Mercedes S500 \u00e0 Duba\u00ef chez King Way Car Rental. Nous proposons la Mercedes Classe S S500 de luxe au tarif journalier de 1\u00a0100 AED. Cette voiture est \u00e9quip\u00e9e d&rsquo;une transmission automatique, de quatre places, du kilom\u00e9trage illimit\u00e9 et d&rsquo;avantages suppl\u00e9mentaires comme une assurance vol et la livraison gratuite \u00e0 l&rsquo;a\u00e9roport ou \u00e0 l&rsquo;h\u00f4tel. Aucun acompte n&rsquo;est requis pour la location.<\/p>\n<p>King Way Car Rental offre \u00e9galement un service client 24h\/24 et 7j\/7. Les r\u00e9servations peuvent \u00eatre effectu\u00e9es sur notre site web ou en nous contactant directement au +971553022188. Des r\u00e9ductions de 30 % sont disponibles pour les locations de longue dur\u00e9e (5 \u00e0 7 jours) et plus.<\/p>\n<h2>Louer une Mercedes S500 \u00e0 Duba\u00ef, \u00c9mirats arabes unis<\/h2>\n<p>Pour louer une Mercedes S500 \u00e0 Duba\u00ef, plusieurs services de location de voitures proposent ce v\u00e9hicule de luxe avec des tarifs comp\u00e9titifs et un excellent service client, King Way Car Rental est un fournisseur notable :<\/p>\n<ul>\n<li>Mod\u00e8le\u00a0: Mercedes-Benz S500 AMG Classe S.<\/li>\n<li>Prix\u00a0: 1\u00a0100\u00a0AED par jour seulement.<\/li>\n<li>Inclus\u00a0: Kilom\u00e9trage illimit\u00e9, assurance vol, livraison gratuite \u00e0 l&rsquo;a\u00e9roport\/\u00e0 l&rsquo;h\u00f4tel.<\/li>\n<li>R\u00e9ductions\u00a0: Applicables pour les locations de 5 \u00e0 7\u00a0jours et plus.<\/li>\n<li>Conditions requises\u00a0: Permis de conduire valide, \u00e2ge minimum de 19\u00a0ans et 12\u00a0mois d&rsquo;exp\u00e9rience de conduite.<\/li>\n<\/ul>\n<h3>FAQ sur la location d&rsquo;une Mercedes S500 \u00e0 Duba\u00ef<\/h3>\n<p>Voici quelques questions fr\u00e9quemment pos\u00e9es (FAQ) sur la location d&rsquo;une Mercedes S500 \u00e0 Duba\u00ef\u00a0:<\/p>\n<p><code><div id=\"rank-math-rich-snippet-wrapper\"><div id=\"rank-math-faq\" class=\"rank-math-block\">\n<div class=\"rank-math-list \">\n<div id=\"faq-1\" class=\"rank-math-list-item\">\n<h3 class=\"rank-math-question \">Dois-je payer une caution ?<\/h3>\n<div class=\"rank-math-answer \">\n\n<p>King Way exige un d\u00e9p\u00f4t de garantie remboursable (g\u00e9n\u00e9ralement entre 100 et 300 AED), selon le mod\u00e8le de v\u00e9hicule, mais nous vous proposons \u00e9galement un service de location sp\u00e9cial, qui vous permet de louer une voiture de luxe \u00e0 Duba\u00ef sans d\u00e9p\u00f4t.<\/p>\n\n<\/div>\n<\/div>\n<div id=\"faq-2\" class=\"rank-math-list-item\">\n<h3 class=\"rank-math-question \">L'assurance est-elle incluse dans la location ?<\/h3>\n<div class=\"rank-math-answer \">\n\n<p>King Way comprend une assurance de base. Une assurance compl\u00e8te est souvent disponible moyennant un co\u00fbt suppl\u00e9mentaire. V\u00e9rifiez aupr\u00e8s de King Way pour plus de d\u00e9tails.<\/p>\n\n<\/div>\n<\/div>\n<div id=\"faq-3\" class=\"rank-math-list-item\">\n<h3 class=\"rank-math-question \">Puis-je faire livrer la voiture \u00e0 mon emplacement ?<\/h3>\n<div class=\"rank-math-answer \">\n\n<p>Oui, King Way propose la livraison gratuite en voiture aux h\u00f4tels, a\u00e9roports et domiciles. Des frais peuvent s'appliquer uniquement pour les livraisons hors de la ville.<\/p>\n\n<\/div>\n<\/div>\n<div id=\"faq-4\" class=\"rank-math-list-item\">\n<h3 class=\"rank-math-question \">Quel est le co\u00fbt de la location d'une Mercedes S500 \u00e0 Duba\u00ef ?<\/h3>\n<div class=\"rank-math-answer \">\n\n<p>Les tarifs de location journaliers varient de 899 AED \u00e0 1 100 AED, selon la soci\u00e9t\u00e9 de location, l'ann\u00e9e du mod\u00e8le et la dur\u00e9e de la location.<\/p>\n\n<\/div>\n<\/div>\n<\/div>\n<\/div><\/div><\/code><\/p>\n","protected":false},"excerpt":{"rendered":"<h1>Louer une Mercedes S500 \u00e0 Duba\u00ef<\/h1>\n<p>Louer une Mercedes S500 Classe S \u00e0 Duba\u00ef chez King Way Car Rental. La <a href=\"https:\/\/kingwaycarrental.com\/rent-mercedes-s500-in-dubai\/\">Mercedes S500 la location \u00e0 Duba\u00ef<\/a> est d\u00e9sormais disponible \u00e0 sans caution. Nous proposons \u00e9galement un service de livraison de voiture gratuit \u00e0 l&rsquo;a\u00e9roport et \u00e0 l&rsquo;h\u00f4tel. Aucune assurance n&rsquo;est requise pour r\u00e9server votre location de voiture de luxe Mercedes-Benz S500. Nous pouvons vous fournir un chauffeur ou un si\u00e8ge b\u00e9b\u00e9 au moindre co\u00fbt, et soyez s\u00fbr qu&rsquo;avec nous, il n&rsquo;y a pas de taxes ou de frais cach\u00e9s. Profitez de votre escapade \u00e0 Duba\u00ef avec nous !<\/p>\n<div id=\"gtx-trans\" style=\"position: absolute; left: 366px; top: -0.5625px;\">\n<div class=\"gtx-trans-icon\"><\/div>\n<\/div>\n","protected":false},"featured_media":19749,"comment_status":"open","ping_status":"closed","template":"","meta":[],"product_brand":[1295],"product_cat":[703,1302,726,727,665],"product_tag":[746,747],"class_list":{"0":"post-19743","1":"product","2":"type-product","3":"status-publish","4":"has-post-thumbnail","6":"product_brand-mercedes","7":"product_cat-luxury-cars","8":"product_cat-mercedes","9":"product_cat-mercedes-s-class","10":"product_cat-mercedes-s500","11":"product_cat-all-cars","12":"product_tag-car-rental-fr","13":"product_tag-rent-a-car-in-dubai-fr","15":"first","16":"instock","17":"featured","18":"taxable","19":"shipping-taxable","20":"purchasable","21":"product-type-ovabrw_car_rental"},"_links":{"self":[{"href":"https:\/\/kingwaycarrental.com\/fr\/wp-json\/wp\/v2\/product\/19743","targetHints":{"allow":["GET"]}}],"collection":[{"href":"https:\/\/kingwaycarrental.com\/fr\/wp-json\/wp\/v2\/product"}],"about":[{"href":"https:\/\/kingwaycarrental.com\/fr\/wp-json\/wp\/v2\/types\/product"}],"replies":[{"embeddable":true,"href":"https:\/\/kingwaycarrental.com\/fr\/wp-json\/wp\/v2\/comments?post=19743"}],"version-history":[{"count":0,"href":"https:\/\/kingwaycarrental.com\/fr\/wp-json\/wp\/v2\/product\/19743\/revisions"}],"wp:featuredmedia":[{"embeddable":true,"href":"https:\/\/kingwaycarrental.com\/fr\/wp-json\/wp\/v2\/media\/19749"}],"wp:attachment":[{"href":"https:\/\/kingwaycarrental.com\/fr\/wp-json\/wp\/v2\/media?parent=19743"}],"wp:term":[{"taxonomy":"product_brand","embeddable":true,"href":"https:\/\/kingwaycarrental.com\/fr\/wp-json\/wp\/v2\/product_brand?post=19743"},{"taxonomy":"product_cat","embeddable":true,"href":"https:\/\/kingwaycarrental.com\/fr\/wp-json\/wp\/v2\/product_cat?post=19743"},{"taxonomy":"product_tag","embeddable":true,"href":"https:\/\/kingwaycarrental.com\/fr\/wp-json\/wp\/v2\/product_tag?post=19743"}],"curies":[{"name":"wp","href":"https:\/\/api.w.org\/{rel}","templated":true}]}}