{"id":19687,"date":"2025-07-03T21:19:35","date_gmt":"2025-07-03T21:19:35","guid":{"rendered":"https:\/\/kingwaycarrental.com\/product\/hyundai-accent-rental-dubai\/"},"modified":"2026-02-26T02:01:41","modified_gmt":"2026-02-26T02:01:41","slug":"hyundai-accent-rental-dubai","status":"publish","type":"product","link":"https:\/\/kingwaycarrental.com\/fr\/car\/hyundai-accent-rental-dubai\/","title":{"rendered":"Hyundai Accent"},"content":{"rendered":"","protected":false},"excerpt":{"rendered":"<h1>Louer une Hyundai Accent \u00e0 Duba\u00ef<\/h1>\n<p>Vous ne pouvez pas choisir la location de Hyundai Accent \u00e0 Duba\u00ef \u00e0 un prix abordable \u00e0 partir de 140 AED par jour, notre dernier mod\u00e8le 2025 d&rsquo;accent avec la couleur grise prend en charge 5 passagers, en plus c&rsquo;est une voiture si \u00e9conomique qui fonctionne sur votre budget de location enregistr\u00e9 !<\/p>\n","protected":false},"featured_media":19692,"comment_status":"open","ping_status":"closed","template":"","meta":[],"product_brand":[],"product_cat":[689,684,740,665],"product_tag":[746,755,747,756],"class_list":{"0":"post-19687","1":"product","2":"type-product","3":"status-publish","4":"has-post-thumbnail","6":"product_cat-hyundai","7":"product_cat-economy-cars","8":"product_cat-sedan-cars","9":"product_cat-all-cars","10":"product_tag-car-rental-fr","11":"product_tag-king-way-car-rental-fr","12":"product_tag-rent-a-car-in-dubai-fr","13":"product_tag-----fr","15":"first","16":"instock","17":"featured","18":"taxable","19":"shipping-taxable","20":"purchasable","21":"product-type-ovabrw_car_rental"},"_links":{"self":[{"href":"https:\/\/kingwaycarrental.com\/fr\/wp-json\/wp\/v2\/product\/19687","targetHints":{"allow":["GET"]}}],"collection":[{"href":"https:\/\/kingwaycarrental.com\/fr\/wp-json\/wp\/v2\/product"}],"about":[{"href":"https:\/\/kingwaycarrental.com\/fr\/wp-json\/wp\/v2\/types\/product"}],"replies":[{"embeddable":true,"href":"https:\/\/kingwaycarrental.com\/fr\/wp-json\/wp\/v2\/comments?post=19687"}],"version-history":[{"count":0,"href":"https:\/\/kingwaycarrental.com\/fr\/wp-json\/wp\/v2\/product\/19687\/revisions"}],"wp:featuredmedia":[{"embeddable":true,"href":"https:\/\/kingwaycarrental.com\/fr\/wp-json\/wp\/v2\/media\/19692"}],"wp:attachment":[{"href":"https:\/\/kingwaycarrental.com\/fr\/wp-json\/wp\/v2\/media?parent=19687"}],"wp:term":[{"taxonomy":"product_brand","embeddable":true,"href":"https:\/\/kingwaycarrental.com\/fr\/wp-json\/wp\/v2\/product_brand?post=19687"},{"taxonomy":"product_cat","embeddable":true,"href":"https:\/\/kingwaycarrental.com\/fr\/wp-json\/wp\/v2\/product_cat?post=19687"},{"taxonomy":"product_tag","embeddable":true,"href":"https:\/\/kingwaycarrental.com\/fr\/wp-json\/wp\/v2\/product_tag?post=19687"}],"curies":[{"name":"wp","href":"https:\/\/api.w.org\/{rel}","templated":true}]}}