{"id":19668,"date":"2025-07-15T00:30:46","date_gmt":"2025-07-15T00:30:46","guid":{"rendered":"https:\/\/kingwaycarrental.com\/product\/rent-bmw-x5-in-dubai\/"},"modified":"2026-03-13T06:13:10","modified_gmt":"2026-03-13T06:13:10","slug":"rent-bmw-x5-in-dubai","status":"publish","type":"product","link":"https:\/\/kingwaycarrental.com\/fr\/car\/rent-bmw-x5-in-dubai\/","title":{"rendered":"BMW X5"},"content":{"rendered":"<h2 class=\"font-bold text-h3 leading-[40px] pt-[21px] pb-[2px] [&amp;_a]:underline-offset-[6px] [&amp;_.underline]:underline-offset-[6px]\" dir=\"ltr\">Le BMW X5 est parfait pour toutes les occasions<\/h2>\n<p class=\"text-body font-regular leading-[24px] pt-[9px] pb-[2px]\" dir=\"ltr\">La BMW X5 40i M Sport Dynamic est polyvalente et adapt\u00e9e \u00e0 toutes sortes d&rsquo;activit\u00e9s :<\/p>\n<ul>\n<li><strong>Voyages en famille\u00a0:<\/strong> Spacieux et confortable, avec si\u00e8ges b\u00e9b\u00e9 en option.<\/li>\n<li><strong>Voyages d&rsquo;affaires\u00a0:<\/strong> Professionnel et \u00e9l\u00e9gant pour impressionner vos clients.<\/li>\n<li><strong>Voyages aventure\u00a0:<\/strong> Con\u00e7u pour les trajets en ville et les explorations en plein air.<\/li>\n<li><strong>\u00c9v\u00e9nements sp\u00e9ciaux\u00a0:<\/strong> Ajoutez une touche d&rsquo;\u00e9l\u00e9gance \u00e0 vos c\u00e9l\u00e9brations ou occasions importantes.<\/li>\n<\/ul>\n<p>R\u00e9servez d\u00e8s maintenant votre location de BMW X5 \u00e0 Duba\u00ef et explorez les \u00c9mirats arabes unis avec style et confiance. Cliquez ci-dessous pour commencer\u00a0! <a href=\"https:\/\/kingwaycarrental.com\/fr\/contact-us\/\">Contactez-nous<\/a>.<\/p>\n","protected":false},"excerpt":{"rendered":"<h1>Location de BMW x5 \u00e0 Duba\u00ef<\/h1>\n<p>Rendez votre exp\u00e9rience de voyage inoubliable avec la <a href=\"https:\/\/kingwaycarrental.com\/rent-bmw-x5-in-dubai\/\">location de BMW X5 \u00e0 Duba\u00ef<\/a>. Que vous soyez en ville pour les loisirs, les affaires ou un \u00e9v\u00e9nement sp\u00e9cial, ce SUV 4&#215;4 de luxe garantit une exp\u00e9rience haut de gamme.<\/p>\n<div id=\"gtx-trans\" style=\"position: absolute; left: -17px; top: -0.5625px;\">\n<div class=\"gtx-trans-icon\"><\/div>\n<\/div>\n","protected":false},"featured_media":19672,"comment_status":"open","ping_status":"closed","template":"","meta":[],"product_brand":[],"product_cat":[669,674,741,703,665],"product_tag":[746,755,747,756],"class_list":{"0":"post-19668","1":"product","2":"type-product","3":"status-publish","4":"has-post-thumbnail","6":"product_cat-bmw","7":"product_cat-bmw-x5","8":"product_cat-suv-cars","9":"product_cat-luxury-cars","10":"product_cat-all-cars","11":"product_tag-car-rental-fr","12":"product_tag-king-way-car-rental-fr","13":"product_tag-rent-a-car-in-dubai-fr","14":"product_tag-----fr","16":"first","17":"instock","18":"featured","19":"taxable","20":"shipping-taxable","21":"purchasable","22":"product-type-ovabrw_car_rental"},"_links":{"self":[{"href":"https:\/\/kingwaycarrental.com\/fr\/wp-json\/wp\/v2\/product\/19668","targetHints":{"allow":["GET"]}}],"collection":[{"href":"https:\/\/kingwaycarrental.com\/fr\/wp-json\/wp\/v2\/product"}],"about":[{"href":"https:\/\/kingwaycarrental.com\/fr\/wp-json\/wp\/v2\/types\/product"}],"replies":[{"embeddable":true,"href":"https:\/\/kingwaycarrental.com\/fr\/wp-json\/wp\/v2\/comments?post=19668"}],"version-history":[{"count":0,"href":"https:\/\/kingwaycarrental.com\/fr\/wp-json\/wp\/v2\/product\/19668\/revisions"}],"wp:featuredmedia":[{"embeddable":true,"href":"https:\/\/kingwaycarrental.com\/fr\/wp-json\/wp\/v2\/media\/19672"}],"wp:attachment":[{"href":"https:\/\/kingwaycarrental.com\/fr\/wp-json\/wp\/v2\/media?parent=19668"}],"wp:term":[{"taxonomy":"product_brand","embeddable":true,"href":"https:\/\/kingwaycarrental.com\/fr\/wp-json\/wp\/v2\/product_brand?post=19668"},{"taxonomy":"product_cat","embeddable":true,"href":"https:\/\/kingwaycarrental.com\/fr\/wp-json\/wp\/v2\/product_cat?post=19668"},{"taxonomy":"product_tag","embeddable":true,"href":"https:\/\/kingwaycarrental.com\/fr\/wp-json\/wp\/v2\/product_tag?post=19668"}],"curies":[{"name":"wp","href":"https:\/\/api.w.org\/{rel}","templated":true}]}}