{"id":19658,"date":"2025-11-18T18:03:40","date_gmt":"2025-11-18T18:03:40","guid":{"rendered":"https:\/\/kingwaycarrental.com\/product\/mclaren-720s\/"},"modified":"2026-02-28T23:14:14","modified_gmt":"2026-02-28T23:14:14","slug":"mclaren-720s","status":"publish","type":"product","link":"https:\/\/kingwaycarrental.com\/fr\/car\/mclaren-720s\/","title":{"rendered":"Mclaren 720S Spider"},"content":{"rendered":"<h2>Location de McLaren 720 \u00e0 Duba\u00ef, \u00c9mirats arabes unis<\/h2>\n<p>Duba\u00ef, une ville que beaucoup aimeraient visiter, offre l&rsquo;exp\u00e9rience de conduite ultime pour les passionn\u00e9s de voitures. Louer une McLaren 720S \u00e0 Duba\u00ef est votre porte d&rsquo;entr\u00e9e vers une vitesse in\u00e9gal\u00e9e, un design \u00e9l\u00e9gant et une technologie de pointe. Que vous exploriez les rues anim\u00e9es de la ville, que vous naviguiez le long de la c\u00f4te pittoresque ou que vous viviez le frisson des routes du d\u00e9sert, notre McLaren 720S Spider Cabriolet est livr\u00e9e avec une belle couleur ext\u00e9rieure rouge et une couleur int\u00e9rieure noire x rouge est le compagnon id\u00e9al, surtout si vous <a href=\"https:\/\/kingwaycarrental.com\/fr\/\">louez une voiture \u00e0 Duba\u00ef<\/a> chez King Way.<\/p>\n<h3>Louez une McLaren 720s Spider \u00e0 Duba\u00ef\u00a0: une destination de choix pour la conduite<\/h3>\n<p>Le paysage de Duba\u00ef offre le cadre id\u00e9al pour conduire une supercar comme la McLaren 720S Cabriolet. Les routes bien entretenues de la ville, son architecture \u00e0 couper le souffle et ses monuments embl\u00e9matiques, tels que le Burj Khalifa et <a href=\"https:\/\/kingwaycarrental.com\/fr\/rent-a-car-palm-jumeirah\/\">Palm Jumeirah<\/a>, cr\u00e9ent une exp\u00e9rience de conduite luxueuse. Pour une aventure plus exaltante, aventurez-vous sur les routes de montagne sinueuses de Hatta ou sur les autoroutes ouvertes du d\u00e9sert d&rsquo;Arabie.<\/p>\n<h3>Pourquoi la McLaren 720S Spider est Votre Choix Id\u00e9al \u00e0 Duba\u00ef<\/h3>\n<p data-path-to-node=\"3\">Si vous \u00eates un passionn\u00e9 de supercars et que vous souhaitez vivre une exp\u00e9rience unique et distinctive, la <b>McLaren 720S Spider<\/b> sera le choix parfait. Cela est d\u00fb au fait que ce v\u00e9hicule n&rsquo;est pas seulement une voiture de sport, mais une ic\u00f4ne moderne. Lorsque vous conduirez cette voiture dans les rues de Duba\u00ef ou de tout autre \u00c9mirat, vous serez une \u00e9toile \u00e9blouissante, attirant l&rsquo;attention gr\u00e2ce au son passionnant et excitant de son moteur. Votre voyage sera immortalis\u00e9 dans les esprits.<\/p>\n<p data-path-to-node=\"4\">Contactez-nous maintenant pour r\u00e9server votre <a href=\"https:\/\/kingwaycarrental.com\/fr\/?attachment_id=23149\">McLaren de location \u00e0 Duba\u00ef<\/a> et prenez la route en toute libert\u00e9 !<\/p>\n","protected":false},"excerpt":{"rendered":"<h1>Louer une McLaren 720s Spider \u00e0 Duba\u00ef<\/h1>\n<p><a href=\"https:\/\/kingwaycarrental.com\/mclaren-720s-rental-dubai\/\">Louer une McLaren 720S \u00e0 Duba\u00ef<\/a> chez King Way Car Rental, assurez-vous d&rsquo;obtenir les meilleurs prix \u00e0 proximit\u00e9 d&rsquo;un service client amical 24 heures sur 24 travaillant pour votre confort, nous proposons \u00e9galement un kilom\u00e9trage illimit\u00e9 pour la location de McLaren 720S Spider \u00e0 Duba\u00ef, vous pouvez louer une McLaren 720S Spider sans payer de d\u00e9p\u00f4t, aucune assurance n\u00e9cessaire.<\/p>\n<div id=\"gtx-trans\" style=\"position: absolute; left: -7px; top: 64.4375px;\">\n<div class=\"gtx-trans-icon\"><\/div>\n<\/div>\n","protected":false},"featured_media":19662,"comment_status":"open","ping_status":"closed","template":"","meta":[],"product_brand":[],"product_cat":[706,1109,735,739,716,665],"product_tag":[746,747],"class_list":{"0":"post-19658","1":"product","2":"type-product","3":"status-publish","4":"has-post-thumbnail","6":"product_cat-mclaren","7":"product_cat-coupe-cars","8":"product_cat-sports-cars","9":"product_cat-convertible-cars","10":"product_cat-mclaren-720s","11":"product_cat-all-cars","12":"product_tag-car-rental-fr","13":"product_tag-rent-a-car-in-dubai-fr","15":"first","16":"instock","17":"featured","18":"taxable","19":"shipping-taxable","20":"purchasable","21":"product-type-ovabrw_car_rental"},"_links":{"self":[{"href":"https:\/\/kingwaycarrental.com\/fr\/wp-json\/wp\/v2\/product\/19658","targetHints":{"allow":["GET"]}}],"collection":[{"href":"https:\/\/kingwaycarrental.com\/fr\/wp-json\/wp\/v2\/product"}],"about":[{"href":"https:\/\/kingwaycarrental.com\/fr\/wp-json\/wp\/v2\/types\/product"}],"replies":[{"embeddable":true,"href":"https:\/\/kingwaycarrental.com\/fr\/wp-json\/wp\/v2\/comments?post=19658"}],"version-history":[{"count":0,"href":"https:\/\/kingwaycarrental.com\/fr\/wp-json\/wp\/v2\/product\/19658\/revisions"}],"wp:featuredmedia":[{"embeddable":true,"href":"https:\/\/kingwaycarrental.com\/fr\/wp-json\/wp\/v2\/media\/19662"}],"wp:attachment":[{"href":"https:\/\/kingwaycarrental.com\/fr\/wp-json\/wp\/v2\/media?parent=19658"}],"wp:term":[{"taxonomy":"product_brand","embeddable":true,"href":"https:\/\/kingwaycarrental.com\/fr\/wp-json\/wp\/v2\/product_brand?post=19658"},{"taxonomy":"product_cat","embeddable":true,"href":"https:\/\/kingwaycarrental.com\/fr\/wp-json\/wp\/v2\/product_cat?post=19658"},{"taxonomy":"product_tag","embeddable":true,"href":"https:\/\/kingwaycarrental.com\/fr\/wp-json\/wp\/v2\/product_tag?post=19658"}],"curies":[{"name":"wp","href":"https:\/\/api.w.org\/{rel}","templated":true}]}}