{"id":19524,"date":"2025-07-19T21:10:47","date_gmt":"2025-07-19T21:10:47","guid":{"rendered":"https:\/\/kingwaycarrental.com\/product\/bmw-420i-convertible-grey\/"},"modified":"2025-09-07T02:08:58","modified_gmt":"2025-09-07T02:08:58","slug":"bmw-420i-convertible-grey","status":"publish","type":"product","link":"https:\/\/kingwaycarrental.com\/fr\/car\/bmw-420i-convertible-grey\/","title":{"rendered":"BMW 420i Convertible"},"content":{"rendered":"","protected":false},"excerpt":{"rendered":"<h1>Louer une BMW 420i Cabriolet (Gris) 2025 \u00e0 Duba\u00ef<\/h1>\n<p>Louez la BMW 420i Cabriolet (Gris) dernier mod\u00e8le 2025 \u00e0 Duba\u00ef \u00e0 des tarifs bas, aucun d\u00e9p\u00f4t requis, aucune assurance n\u00e9cessaire, obtenez un kilom\u00e9trage illimit\u00e9, pas de taxes ni de frais cach\u00e9s, prenez la route comme une star sans tracas !<\/p>\n<div id=\"gtx-trans\" style=\"position: absolute; left: 505px; top: -0.5625px;\">\n<div class=\"gtx-trans-icon\"><\/div>\n<\/div>\n","protected":false},"featured_media":19530,"comment_status":"open","ping_status":"closed","template":"","meta":[],"product_brand":[],"product_cat":[739,669,670,1109,665],"product_tag":[746,747],"class_list":{"0":"post-19524","1":"product","2":"type-product","3":"status-publish","4":"has-post-thumbnail","6":"product_cat-convertible-cars","7":"product_cat-bmw","8":"product_cat-bmw-4-series","9":"product_cat-coupe-cars","10":"product_cat-all-cars","11":"product_tag-car-rental-fr","12":"product_tag-rent-a-car-in-dubai-fr","14":"first","15":"instock","16":"featured","17":"taxable","18":"shipping-taxable","19":"purchasable","20":"product-type-ovabrw_car_rental"},"_links":{"self":[{"href":"https:\/\/kingwaycarrental.com\/fr\/wp-json\/wp\/v2\/product\/19524","targetHints":{"allow":["GET"]}}],"collection":[{"href":"https:\/\/kingwaycarrental.com\/fr\/wp-json\/wp\/v2\/product"}],"about":[{"href":"https:\/\/kingwaycarrental.com\/fr\/wp-json\/wp\/v2\/types\/product"}],"replies":[{"embeddable":true,"href":"https:\/\/kingwaycarrental.com\/fr\/wp-json\/wp\/v2\/comments?post=19524"}],"version-history":[{"count":0,"href":"https:\/\/kingwaycarrental.com\/fr\/wp-json\/wp\/v2\/product\/19524\/revisions"}],"wp:featuredmedia":[{"embeddable":true,"href":"https:\/\/kingwaycarrental.com\/fr\/wp-json\/wp\/v2\/media\/19530"}],"wp:attachment":[{"href":"https:\/\/kingwaycarrental.com\/fr\/wp-json\/wp\/v2\/media?parent=19524"}],"wp:term":[{"taxonomy":"product_brand","embeddable":true,"href":"https:\/\/kingwaycarrental.com\/fr\/wp-json\/wp\/v2\/product_brand?post=19524"},{"taxonomy":"product_cat","embeddable":true,"href":"https:\/\/kingwaycarrental.com\/fr\/wp-json\/wp\/v2\/product_cat?post=19524"},{"taxonomy":"product_tag","embeddable":true,"href":"https:\/\/kingwaycarrental.com\/fr\/wp-json\/wp\/v2\/product_tag?post=19524"}],"curies":[{"name":"wp","href":"https:\/\/api.w.org\/{rel}","templated":true}]}}