{"id":19516,"date":"2025-07-22T12:18:13","date_gmt":"2025-07-22T12:18:13","guid":{"rendered":"https:\/\/kingwaycarrental.com\/product\/nissan-patrol-titanium-white\/"},"modified":"2026-02-07T03:03:42","modified_gmt":"2026-02-07T03:03:42","slug":"nissan-patrol-titanium-white","status":"publish","type":"product","link":"https:\/\/kingwaycarrental.com\/fr\/car\/nissan-patrol-titanium-white\/","title":{"rendered":"Nissan Patrol Titanium"},"content":{"rendered":"<h2>Nissan Patrol Titanium Blanc \u00e0 Louer \u00e0 Duba\u00ef<\/h2>\n<p>Nous proposons la <a href=\"https:\/\/kingwaycarrental.com\/fr\/car\/nissan-patrol-titanium\/\">location Nissan Patrol Titanium \u00e0 Duba\u00ef<\/a> au meilleur prix jamais offert \u00e0 nos clients, la location journali\u00e8re sera seulement 499 AED, et si vous pr\u00e9voyez une location \u00e0 long terme ou \u00e0 court terme, nous vous offrirons une offre inoubliable. Et dans cette explication, vous allez d\u00e9couvrir beaucoup de choses sur les caract\u00e9ristiques du SUV Nissan Patrol 4&#215;4.<\/p>\n<div class=\"p8Jhnd\">\n<div class=\"aj35ze\">\n<div class=\"p8Jhnd\">\n<div class=\"aj35ze\">\n<h3 class=\"font-bold text-h3 leading-[40px] pt-[21px] pb-[2px] [&amp;_a]:underline-offset-[6px] [&amp;_.underline]:underline-offset-[6px]\" dir=\"ltr\">Pourquoi Louer un Nissan Patrol Titanium \u00e0 Duba\u00ef ?<\/h3>\n<p class=\"text-body font-regular leading-[24px] pt-[9px] pb-[2px]\" dir=\"ltr\">Le paysage urbain impressionnant de Duba\u00ef et les vastes terrains d\u00e9sertiques exigent un v\u00e9hicule \u00e0 la fois performant et toujours luxueux. Et le Nissan Patrol Titanium 4&#215;4 atteint parfaitement cet \u00e9quilibre. Que vous parcouriez la ville, visitiez l&#8217;embl\u00e9matique Burj Khalifa ou partiez en safari dans le d\u00e9sert, cette voiture offre une fiabilit\u00e9 et un confort incomparables.<\/p>\n<h4 class=\"font-bold text-h4 leading-[30px] pt-[15px] pb-[2px] [&amp;_a]:underline-offset-[6px] [&amp;_.underline]:underline-offset-[6px]\" dir=\"ltr\">Caract\u00e9ristiques Cl\u00e9s du Nissan Patrol Titanium :<\/h4>\n<ul>\n<li data-start=\"1094\" data-end=\"1369\"><strong>Design de Voiture Luxueux :<\/strong> Le Nissan Patrol Titanium est dot\u00e9 d&rsquo;un ext\u00e9rieur blanc \u00e9clatant et d&rsquo;un int\u00e9rieur sophistiqu\u00e9 couleur camel. Le travail artisanal du design garantit son statut de SUV de luxe, se d\u00e9marquant partout o\u00f9 vous allez aux \u00c9mirats Arabes Unis.<\/li>\n<li data-start=\"1372\" data-end=\"1595\"><strong>Confort et Espace :<\/strong> Avec ses int\u00e9rieurs spacieux, le Nissan Patrol Titanium peut accueillir confortablement votre famille ou vos amis. Les si\u00e8ges sont con\u00e7us pour offrir un confort durable, m\u00eame pour de longs trajets.<\/li>\n<li data-start=\"1598\" data-end=\"1862\"><strong>Puissance de Performance :<\/strong> Les terrains accident\u00e9s des d\u00e9serts des \u00c9mirats ou les autoroutes \u00e0 grande vitesse ne sont pas un probl\u00e8me pour le moteur puissant V8 5.6L du Patrol. Il d\u00e9livre des performances excellentes, m\u00eame dans des conditions exigeantes.<\/li>\n<li data-start=\"1865\" data-end=\"2104\"><strong>Fonctionnalit\u00e9s Avanc\u00e9es :<\/strong> Ce SUV est \u00e9quip\u00e9 des derni\u00e8res technologies, garantissant une conduite fluide et s\u00e9curis\u00e9e. Du r\u00e9gulateur de vitesse adaptatif aux syst\u00e8mes d\u2019assistance de voie, votre trajet sera \u00e0 la fois moderne et s\u00fbr.<\/li>\n<\/ul>\n<p class=\"text-body font-regular leading-[24px] pt-[9px] pb-[2px]\" dir=\"ltr\">En choisissant la location Nissan Patrol Titanium \u00e0 Duba\u00ef, vous aurez une exp\u00e9rience de conduite de luxe qui r\u00e9pond \u00e0 tous vos besoins.<\/p>\n<\/div>\n<\/div>\n<\/div>\n<\/div>\n<h2 class=\"font-bold text-h3 leading-[40px] pt-[21px] pb-[2px] [&amp;_a]:underline-offset-[6px] [&amp;_.underline]:underline-offset-[6px]\" dir=\"ltr\">Avantages de Louer un Nissan Patrol Titanium \u00e0 Duba\u00ef<\/h2>\n<p class=\"text-body font-regular leading-[24px] pt-[9px] pb-[2px]\" dir=\"ltr\">Chez <strong data-start=\"2323\" data-end=\"2346\">King Way Car Rental<\/strong>, nous veillons \u00e0 ce que louer un Nissan Patrol Titanium couleur blanche soit plus qu&rsquo;une simple transaction \u2014 c&rsquo;est une exp\u00e9rience. Voici pourquoi nous sommes le choix incontournable pour la location de Nissan Patrol Titanium \u00e0 Duba\u00ef et Abou Dhabi :<\/p>\n<ol>\n<li data-start=\"2602\" data-end=\"2822\"><strong data-start=\"2602\" data-end=\"2624\">Aucun d\u00e9p\u00f4t requis<\/strong> : Contrairement \u00e0 de nombreuses agences de location, nous ne demandons aucun d\u00e9p\u00f4t. Vous pouvez <a href=\"https:\/\/kingwaycarrental.com\/nissan-patrol-rental-dubai\/\">louer un Nissan Patrol \u00e0 Duba\u00ef<\/a> en toute tranquillit\u00e9 et vous concentrer uniquement sur vos trajets.<\/li>\n<li data-start=\"2825\" data-end=\"3083\"><strong data-start=\"2825\" data-end=\"2847\">Livraison gratuite<\/strong> : Nous livrons votre v\u00e9hicule gratuitement \u00e0 l&rsquo;endroit souhait\u00e9 \u2014 a\u00e9roport, h\u00f4tel ou m\u00eame votre domicile. Que vous arriviez \u00e0 l&rsquo;a\u00e9roport DXB ou que vous s\u00e9journiez dans un h\u00f4tel \u00e0 Jumeirah, votre voiture vous sera remise sans tracas.<\/li>\n<li data-start=\"3086\" data-end=\"3342\"><strong data-start=\"3086\" data-end=\"3114\">Remise exclusive de 30 %<\/strong> : Profitez de notre r\u00e9duction limit\u00e9e de 30 % et b\u00e9n\u00e9ficiez de services premium \u00e0 un prix plus abordable. Que vous ayez besoin de la voiture pour une journ\u00e9e ou un mois, cette offre garantit un excellent rapport qualit\u00e9-prix.<\/li>\n<li data-start=\"3345\" data-end=\"3652\"><strong data-start=\"3345\" data-end=\"3377\">Dur\u00e9es de location flexibles<\/strong> : Vous pouvez choisir un forfait de location qui correspond le mieux \u00e0 vos besoins, y compris : tarifs journaliers pour les courts trajets, locations mensuelles pour les s\u00e9jours prolong\u00e9s \u00e0 Duba\u00ef ou Abou Dhabi, forfaits Nissan Patrol par jour, semaine ou mois.<\/li>\n<li data-start=\"3655\" data-end=\"3998\"><strong data-start=\"3655\" data-end=\"3691\">Assistance client exceptionnelle<\/strong> : Nous sommes fiers d&rsquo;offrir un service client in\u00e9gal\u00e9. Que ce soit pour vous aider avec la documentation ou vous donner des conseils de conduite sur les routes des \u00c9mirats, nous sommes l\u00e0 pour vous. Avec ces avantages, louer avec King Way Car Rental est non seulement efficace mais aussi \u00e9conomique.<\/li>\n<\/ol>\n<h3 class=\"font-bold text-h3 leading-[40px] pt-[21px] pb-[2px] [&amp;_a]:underline-offset-[6px] [&amp;_.underline]:underline-offset-[6px]\" dir=\"ltr\">Louer le Nissan Patrol Titanium Blanc \u2013 Comment \u00e7a marche<\/h3>\n<p class=\"text-body font-regular leading-[24px] pt-[9px] pb-[2px]\" dir=\"ltr\">D\u00e9marrer avec la location Nissan Patrol Titanium (Blanc) \u00e0 Duba\u00ef est facile gr\u00e2ce \u00e0 notre processus simplifi\u00e9 chez King Way Car Rental :<\/p>\n<ol>\n<li data-start=\"4224\" data-end=\"4399\"><strong data-start=\"4224\" data-end=\"4268\">Visitez notre site Web ou contactez-nous<\/strong> : Acc\u00e9dez simplement \u00e0 notre site ou appelez-nous pour choisir le mod\u00e8le <a href=\"https:\/\/kingwaycarrental.com\/rent-nissan-in-dubai\/\">Location de voitures Nissan<\/a>\u00a0comme votre v\u00e9hicule de location.<\/li>\n<li data-start=\"4402\" data-end=\"4577\"><strong data-start=\"4402\" data-end=\"4440\">Fournissez vos d\u00e9tails de location<\/strong> : Indiquez votre dur\u00e9e de location pr\u00e9f\u00e9r\u00e9e \u2014 que vous ayez besoin de la voiture pour un jour ou un mois \u2014 et votre lieu de livraison.<\/li>\n<li data-start=\"4580\" data-end=\"4675\"><strong data-start=\"4580\" data-end=\"4603\">R\u00e9servez sans d\u00e9p\u00f4t<\/strong> : Compl\u00e9tez votre r\u00e9servation sans vous soucier des d\u00e9p\u00f4ts anticip\u00e9s.<\/li>\n<li data-start=\"4678\" data-end=\"4824\"><strong data-start=\"4678\" data-end=\"4711\">Recevez la livraison gratuite<\/strong> : Nous livrerons votre Nissan Patrol Titanium impeccable \u00e0 votre h\u00f4tel, r\u00e9sidence ou directement \u00e0 l&rsquo;a\u00e9roport.<\/li>\n<li data-start=\"4827\" data-end=\"5043\"><strong data-start=\"4827\" data-end=\"4855\">Profitez de votre trajet<\/strong> : Avec tout pris en charge, vous pouvez maintenant explorer Duba\u00ef et Abou Dhabi dans le luxe et le confort. Notre processus fluide vous garantit d&rsquo;\u00eatre sur la route en un rien de temps.<\/li>\n<\/ol>\n<h3 class=\"font-bold text-h3 leading-[40px] pt-[21px] pb-[2px] [&amp;_a]:underline-offset-[6px] [&amp;_.underline]:underline-offset-[6px]\" dir=\"ltr\">Pourquoi Choisir le Nissan Patrol Titanium pour Duba\u00ef ?<\/h3>\n<p class=\"text-body font-regular leading-[24px] pt-[9px] pb-[2px]\" dir=\"ltr\">Le style de vie luxueux de Duba\u00ef, ses routes d\u00e9sertiques vastes et son atmosph\u00e8re urbaine haut de gamme exigent une voiture qui corresponde \u00e0 la grandeur de votre environnement. Le Nissan Patrol Titanium est un SUV embl\u00e9matique qui a acquis sa r\u00e9putation en combinant opulence, performance et durabilit\u00e9.<\/p>\n<p class=\"font-bold text-h4 leading-[30px] pt-[15px] pb-[2px] [&amp;_a]:underline-offset-[6px] [&amp;_.underline]:underline-offset-[6px]\" dir=\"ltr\"><strong>Id\u00e9al pour :<\/strong><\/p>\n<ul>\n<li data-start=\"5450\" data-end=\"5501\">Les trajets en ville avec des amis et la famille.<\/li>\n<li data-start=\"5504\" data-end=\"5569\">Explorer les dunes lors des safaris dans le d\u00e9sert des \u00c9mirats.<\/li>\n<li data-start=\"5572\" data-end=\"5628\">Les voyages longue distance entre Duba\u00ef et Abou Dhabi.<\/li>\n<li data-start=\"5631\" data-end=\"5708\">Faire une d\u00e9claration de style lors d\u2019\u00e9v\u00e9nements professionnels ou sociaux.<\/li>\n<\/ul>\n<p class=\"text-body font-regular leading-[24px] pt-[9px] pb-[2px]\" dir=\"ltr\">Que vous soyez en vacances courtes, en voyage d\u2019affaires ou que vous viviez \u00e0 Duba\u00ef, le Nissan Patrol Titanium s\u2019adapte \u00e0 toutes les occasions.<\/p>\n<h3 class=\"font-bold text-h3 leading-[40px] pt-[21px] pb-[2px] [&amp;_a]:underline-offset-[6px] [&amp;_.underline]:underline-offset-[6px]\" dir=\"ltr\">Vivez un Luxe In\u00e9gal\u00e9 avec King Way Car Rental<\/h3>\n<p data-start=\"5932\" data-end=\"6327\">Vous recherchez des services fiables et luxueux de location Nissan Patrol Titanium \u00e0 Duba\u00ef ? King Way Car Rental vous offre la commodit\u00e9 ultime avec z\u00e9ro d\u00e9p\u00f4t, livraison gratuite, et r\u00e9ductions imbattables. Notre Nissan Patrol se pr\u00e9sente avec un ext\u00e9rieur blanc \u00e9l\u00e9gant et un int\u00e9rieur somptueux couleur camel, offrant une exp\u00e9rience de conduite luxueuse \u00e0 chaque niveau.<\/p>\n<p data-start=\"6329\" data-end=\"6523\">Pourquoi attendre ? Contactez-nous d\u00e8s aujourd\u2019hui et profitez de notre r\u00e9duction de 30 %. Votre prochaine aventure \u00e0 Duba\u00ef ou Abu Dhabi vous attend avec style et confort, sans compromis.<\/p>\n","protected":false},"excerpt":{"rendered":"<h2>Louer Nissan Patrol Titanium (Blanc), 2025 \u00e0 Duba\u00ef<\/h2>\n<p>Vous cherchez une voiture fiable et luxueuse pour explorer Duba\u00ef ou <a href=\"https:\/\/kingwaycarrental.com\/fr\/rent-a-car-abu-dhabi\/\">Abou Dhabi<\/a> avec style ? Le Nissan Patrol Titanium couleur blanche, dernier mod\u00e8le 2025, est le choix parfait pour affronter n\u2019importe quel terrain tout en profitant d\u2019un confort supr\u00eame. Avec ses caract\u00e9ristiques puissantes, son int\u00e9rieur spacieux et ses performances robustes, ce SUV est tr\u00e8s recherch\u00e9 par les r\u00e9sidents comme par les touristes aux \u00c9mirats Arabes Unis.<\/p>\n<div id=\"gtx-trans\" style=\"position: absolute; left: 247px; top: -4.09375px;\">\n<div class=\"gtx-trans-icon\"><\/div>\n<\/div>\n","protected":false},"featured_media":19518,"comment_status":"open","ping_status":"closed","template":"","meta":[],"product_brand":[],"product_cat":[723,741,664,730,665],"product_tag":[746,755,747,756],"class_list":{"0":"post-19516","1":"product","2":"type-product","3":"status-publish","4":"has-post-thumbnail","6":"product_cat-nissan","7":"product_cat-suv-cars","8":"product_cat-7-seater-car-rental","9":"product_cat-nissan-patrol","10":"product_cat-all-cars","11":"product_tag-car-rental-fr","12":"product_tag-king-way-car-rental-fr","13":"product_tag-rent-a-car-in-dubai-fr","14":"product_tag-----fr","16":"first","17":"instock","18":"featured","19":"taxable","20":"shipping-taxable","21":"purchasable","22":"product-type-ovabrw_car_rental"},"_links":{"self":[{"href":"https:\/\/kingwaycarrental.com\/fr\/wp-json\/wp\/v2\/product\/19516","targetHints":{"allow":["GET"]}}],"collection":[{"href":"https:\/\/kingwaycarrental.com\/fr\/wp-json\/wp\/v2\/product"}],"about":[{"href":"https:\/\/kingwaycarrental.com\/fr\/wp-json\/wp\/v2\/types\/product"}],"replies":[{"embeddable":true,"href":"https:\/\/kingwaycarrental.com\/fr\/wp-json\/wp\/v2\/comments?post=19516"}],"version-history":[{"count":0,"href":"https:\/\/kingwaycarrental.com\/fr\/wp-json\/wp\/v2\/product\/19516\/revisions"}],"wp:featuredmedia":[{"embeddable":true,"href":"https:\/\/kingwaycarrental.com\/fr\/wp-json\/wp\/v2\/media\/19518"}],"wp:attachment":[{"href":"https:\/\/kingwaycarrental.com\/fr\/wp-json\/wp\/v2\/media?parent=19516"}],"wp:term":[{"taxonomy":"product_brand","embeddable":true,"href":"https:\/\/kingwaycarrental.com\/fr\/wp-json\/wp\/v2\/product_brand?post=19516"},{"taxonomy":"product_cat","embeddable":true,"href":"https:\/\/kingwaycarrental.com\/fr\/wp-json\/wp\/v2\/product_cat?post=19516"},{"taxonomy":"product_tag","embeddable":true,"href":"https:\/\/kingwaycarrental.com\/fr\/wp-json\/wp\/v2\/product_tag?post=19516"}],"curies":[{"name":"wp","href":"https:\/\/api.w.org\/{rel}","templated":true}]}}