{"id":19441,"date":"2025-07-29T00:23:10","date_gmt":"2025-07-29T00:23:10","guid":{"rendered":"https:\/\/kingwaycarrental.com\/product\/mercedes-gle-63-white\/"},"modified":"2026-03-12T04:18:12","modified_gmt":"2026-03-12T04:18:12","slug":"mercedes-gle-63-white","status":"publish","type":"product","link":"https:\/\/kingwaycarrental.com\/fr\/car\/mercedes-gle-63-white\/","title":{"rendered":"Mercedes GLE 63S AMG"},"content":{"rendered":"<h3 dir=\"ltr\">Explorez Duba\u00ef avec style avec le Mercedes AMG GLE 63S Coup\u00e9<\/h3>\n<p dir=\"ltr\">Duba\u00ef n&rsquo;est pas seulement une ville, c&rsquo;est une destination con\u00e7ue pour ceux qui aiment l&rsquo;aventure et le luxe. Avec sa ligne d&rsquo;horizon \u00e9poustouflante, ses monuments embl\u00e9matiques et ses paysages d\u00e9sertiques sans fin, il n&rsquo;y a pas de meilleure fa\u00e7on de tout d\u00e9couvrir que derri\u00e8re le volant d&rsquo;une Mercedes GLE 63S, elle est livr\u00e9e avec une couleur ext\u00e9rieure blanche et une couleur int\u00e9rieure rouge. Elle b\u00e9n\u00e9ficie d&rsquo;une fabrication artisanale.<\/p>\n<ul>\n<li><strong>D\u00e9couvrez les monuments embl\u00e9matiques de Duba\u00ef\u00a0:<\/strong> Parcourez les rues anim\u00e9es de Duba\u00ef et admirez des sites tels que l&rsquo;imposant Burj Khalifa, l&rsquo;\u00e9poustouflante Palm Jumeirah et le quartier anim\u00e9 de la marina de Duba\u00ef. Le Mercedes GLE 63 allie puissance et \u00e9l\u00e9gance, pour un voyage aussi fluide qu&rsquo;\u00e9l\u00e9gant. Et croyez-nous, vous ferez tourner les t\u00eates \u00e0 chaque tournant.<\/li>\n<li><strong>R\u00e9v\u00e9lez l&rsquo;explorateur qui sommeille en vous\u00a0:<\/strong> Vivez le frisson des dunes du d\u00e9sert de Duba\u00ef avec le Mercedes GLE 63. Son syst\u00e8me de transmission int\u00e9grale 4MATIC+ et sa suspension adaptative sont parfaits pour affronter les terrains sablonneux, vous offrant une exp\u00e9rience tout-terrain fluide tout en vous gardant un contr\u00f4le total. Que vous naviguiez en ville ou que vous partiez \u00e0 l&rsquo;aventure dans le d\u00e9sert, ce coup\u00e9 est con\u00e7u pour tout. Traverser Duba\u00ef au volant d&rsquo;un SUV de luxe comme le Mercedes GLE 63 est une exp\u00e9rience unique. C&rsquo;est bien plus qu&rsquo;un simple moyen de transport\u00a0: c&rsquo;est une question d&rsquo;affirmation de soi.<\/li>\n<\/ul>\n<h2 dir=\"ltr\">Louer une Mercedes Benz GLE 63 \u00e0 Duba\u00ef<\/h2>\n<p>Profitez au maximum de votre <a href=\"https:\/\/kingwaycarrental.com\/fr\/\">location de voiture Duba\u00ef<\/a> Mercedes GLE 63 AMG Coup\u00e9 \u00e0 avec certaines des promenades les plus \u00e9poustouflantes des \u00c9mirats arabes unis, et voici o\u00f9 aller :<\/p>\n<h4 dir=\"ltr\">Planifiez votre itin\u00e9raire parfait<\/h4>\n<ul>\n<li>Route de montagne de Jebel Hafeet \u2013 Une route palpitante avec des routes sinueuses et des vues \u00e0 couper le souffle\u00a0; cet itin\u00e9raire est incontournable pour tout passionn\u00e9 d&rsquo;automobile.<\/li>\n<li>Route des lacs d&rsquo;Al Qudra \u2013 \u00c9chappez \u00e0 la ville pour une balade paisible o\u00f9 nature et luxe se marient en parfaite harmonie.<\/li>\n<li>De Duba\u00ef \u00e0 Ras Al Khaimah \u2013 Plongez dans la culture et l&rsquo;histoire avec ce court road trip, \u00e0 seulement une heure de Duba\u00ef.<\/li>\n<\/ul>\n<h4 dir=\"ltr\">Capturez des moments inoubliables<\/h4>\n<p>Votre <a href=\"https:\/\/kingwaycarrental.com\/fr\/rent-mercedes-in-dubai\/\">location de voiture Mercedes<\/a> ne se r\u00e9sume pas seulement \u00e0 la conduite, mais aussi \u00e0 l&rsquo;exp\u00e9rience. Emmenez-la dans des endroits parfaits comme l&#8217;embl\u00e9matique Burj Al Arab, les majestueuses dunes du d\u00e9sert ou m\u00eame la marina de Duba\u00ef pour des photos dignes d&rsquo;Instagram. Cette voiture est plus qu&rsquo;un simple moyen de transport, c&rsquo;est une pi\u00e8ce ma\u00eetresse de votre aventure.<\/p>\n<h4 dir=\"ltr\">Conduisez intelligemment<\/h4>\n<p dir=\"ltr\">Les routes de Duba\u00ef sont de classe mondiale, mais il est essentiel de respecter les r\u00e8gles de conduite locales. Gardez un \u0153il sur les limitations de vitesse, respectez le code de la route et profitez d&rsquo;une conduite en douceur en toute tranquillit\u00e9 d&rsquo;esprit.<\/p>\n<p dir=\"ltr\"><a href=\"https:\/\/kingwaycarrental.com\/rent-mercedes-gle-63-in-dubai\/\">Louer une Mercedes GLE 63 \u00e0 Duba\u00ef<\/a> ne consiste pas seulement \u00e0 se d\u00e9placer d&rsquo;un point A \u00e0 un point B, mais \u00e0 profiter du luxe, des performances et de moments inoubliables.<\/p>\n<h3>Derni\u00e8res r\u00e9flexions sur la location d&rsquo;une Mercedes GLE 63S \u00e0 Duba\u00ef<\/h3>\n<p>Que vous visitiez Duba\u00ef pour affaires, pour les loisirs ou pour une occasion sp\u00e9ciale, <a href=\"https:\/\/kingwaycarrental.com\/mercedes-benz-gle-rental-dubai\/\">la location d&rsquo;une Mercedes GLE \u00e0 Duba\u00ef<\/a> aupr\u00e8s de King Way Car Rental ajoute une couche in\u00e9gal\u00e9e de luxe et de commodit\u00e9 \u00e0 votre voyage. Am\u00e9liorez votre exp\u00e9rience \u00e0 Duba\u00ef et conduisez avec style.<\/p>\n<div id=\"gtx-trans\" style=\"position: absolute; left: 297px; top: 966.438px;\">\n<div class=\"gtx-trans-icon\"><\/div>\n<\/div>\n","protected":false},"excerpt":{"rendered":"<h1>Louer une Mercedes GLE 63S AMG Coup\u00e9 \u00e0 Duba\u00ef<\/h1>\n<p>Louez une Mercedes GLE 63S AMG Coup\u00e9 \u00e0 Duba\u00ef \u00e0 petit prix, King Way Car Rental vous propose cette <a href=\"https:\/\/kingwaycarrental.com\/fr\/luxury-car-rental-dubai\/\">voiture de luxe \u00e0 la location<\/a> sans caution ni assurance, sans limite de kilom\u00e9trage, obtenez un transfert de voiture gratuit vers votre destination, obtenez une remise exclusive sur votre forfait de location et prenez la route comme jamais auparavant !<\/p>\n","protected":false},"featured_media":19445,"comment_status":"open","ping_status":"closed","template":"","meta":[],"product_brand":[1295],"product_cat":[741,1302,720,724,725,665],"product_tag":[746,755,747,756],"class_list":{"0":"post-19441","1":"product","2":"type-product","3":"status-publish","4":"has-post-thumbnail","6":"product_brand-mercedes","7":"product_cat-suv-cars","8":"product_cat-mercedes","9":"product_cat-mercedes-g-class","10":"product_cat-mercedes-gle","11":"product_cat-mercedes-gle-63","12":"product_cat-all-cars","13":"product_tag-car-rental-fr","14":"product_tag-king-way-car-rental-fr","15":"product_tag-rent-a-car-in-dubai-fr","16":"product_tag-----fr","18":"first","19":"instock","20":"featured","21":"taxable","22":"shipping-taxable","23":"purchasable","24":"product-type-ovabrw_car_rental"},"_links":{"self":[{"href":"https:\/\/kingwaycarrental.com\/fr\/wp-json\/wp\/v2\/product\/19441","targetHints":{"allow":["GET"]}}],"collection":[{"href":"https:\/\/kingwaycarrental.com\/fr\/wp-json\/wp\/v2\/product"}],"about":[{"href":"https:\/\/kingwaycarrental.com\/fr\/wp-json\/wp\/v2\/types\/product"}],"replies":[{"embeddable":true,"href":"https:\/\/kingwaycarrental.com\/fr\/wp-json\/wp\/v2\/comments?post=19441"}],"version-history":[{"count":0,"href":"https:\/\/kingwaycarrental.com\/fr\/wp-json\/wp\/v2\/product\/19441\/revisions"}],"wp:featuredmedia":[{"embeddable":true,"href":"https:\/\/kingwaycarrental.com\/fr\/wp-json\/wp\/v2\/media\/19445"}],"wp:attachment":[{"href":"https:\/\/kingwaycarrental.com\/fr\/wp-json\/wp\/v2\/media?parent=19441"}],"wp:term":[{"taxonomy":"product_brand","embeddable":true,"href":"https:\/\/kingwaycarrental.com\/fr\/wp-json\/wp\/v2\/product_brand?post=19441"},{"taxonomy":"product_cat","embeddable":true,"href":"https:\/\/kingwaycarrental.com\/fr\/wp-json\/wp\/v2\/product_cat?post=19441"},{"taxonomy":"product_tag","embeddable":true,"href":"https:\/\/kingwaycarrental.com\/fr\/wp-json\/wp\/v2\/product_tag?post=19441"}],"curies":[{"name":"wp","href":"https:\/\/api.w.org\/{rel}","templated":true}]}}