{"id":19413,"date":"2025-08-26T12:28:35","date_gmt":"2025-08-26T12:28:35","guid":{"rendered":"https:\/\/kingwaycarrental.com\/product\/gmc-yukon-denali\/"},"modified":"2026-03-12T03:47:36","modified_gmt":"2026-03-12T03:47:36","slug":"gmc-yukon-denali","status":"publish","type":"product","link":"https:\/\/kingwaycarrental.com\/fr\/car\/gmc-yukon-denali\/","title":{"rendered":"GMC Yukon Denali"},"content":{"rendered":"<h2 class=\"font-bold text-h3 leading-[40px] pt-[21px] pb-[2px] [&amp;_a]:underline-offset-[6px] [&amp;_.underline]:underline-offset-[6px]\" dir=\"ltr\">Pourquoi choisir la location d\u2019un GMC Yukon Denali \u00e0 Duba\u00ef ?<\/h2>\n<p>Vous pensez \u00e0 <a href=\"https:\/\/kingwaycarrental.com\/fr\/rent-gmc-in-dubai\/\">louer un GMC \u00e0 Duba\u00ef<\/a> ? Si vous ne connaissez pas le GMC Yukon Denali, voici pourquoi c\u2019est un choix id\u00e9al \u00e0 Duba\u00ef :<\/p>\n<ol>\n<li data-start=\"357\" data-end=\"668\"><strong data-start=\"357\" data-end=\"389\">Le luxe rencontre l\u2019espace :<\/strong> Le mod\u00e8le GMC Yukon Denali offre un luxe in\u00e9gal\u00e9 avec des int\u00e9rieurs haut de gamme, des si\u00e8ges confortables pour jusqu\u2019\u00e0 8 passagers, voire 9, et des fonctionnalit\u00e9s de pointe. Cela le rend parfait pour les voyages d\u2019affaires, les vacances en famille ou les sorties en groupe.<\/li>\n<li data-start=\"670\" data-end=\"933\"><strong data-start=\"670\" data-end=\"692\">Explorez partout :<\/strong> Puissant mais fluide, le Yukon est con\u00e7u \u00e0 la fois pour la sophistication urbaine et pour les aventures dans le d\u00e9sert \u2014 id\u00e9al pour ceux qui souhaitent explorer \u00e0 la fois les paysages modernes de Duba\u00ef et les superbes dunes environnantes.<\/li>\n<li data-start=\"935\" data-end=\"1209\"><strong data-start=\"935\" data-end=\"972\">Caract\u00e9ristiques technologiques :<\/strong> Restez connect\u00e9 gr\u00e2ce \u00e0 son syst\u00e8me d\u2019infodivertissement ultramoderne, et profitez de la commodit\u00e9 de fonctions de s\u00e9curit\u00e9 avanc\u00e9es telles que l\u2019assistance au maintien de voie et une cam\u00e9ra \u00e0 360 degr\u00e9s pour une conduite sans stress.<\/li>\n<\/ol>\n<p class=\"text-body font-regular leading-[24px] pt-[9px] pb-[2px]\" dir=\"ltr\">Lorsque vous louez un GMC Yukon Denali \u00e0 Duba\u00ef, vous ne louez pas seulement une voiture \u2014 vous am\u00e9liorez votre voyage.<\/p>\n<h3 class=\"font-bold text-h3 leading-[40px] pt-[21px] pb-[2px] [&amp;_a]:underline-offset-[6px] [&amp;_.underline]:underline-offset-[6px]\" dir=\"ltr\">Pourquoi louer un GMC Yukon Denali \u00e0 Duba\u00ef avec nous ?<\/h3>\n<p>Maintenant que vous savez pourquoi <a href=\"https:\/\/kingwaycarrental.com\/gmc-yukon-rental-dubai\/\">louer un GMC Yukon \u00e0 Duba\u00ef<\/a>, le mod\u00e8le Denali, est un excellent choix, voici pourquoi King Way Car Rental devrait \u00eatre votre fournisseur de r\u00e9f\u00e9rence.<\/p>\n<ul>\n<li data-start=\"1572\" data-end=\"1759\"><strong data-start=\"1572\" data-end=\"1614\">Des r\u00e9ductions que vous allez adorer :<\/strong> Nous offrons une r\u00e9duction de 30 % sur l\u2019ensemble de notre flotte, afin que vous puissiez profiter de trajets luxueux \u00e0 des tarifs abordables.<\/li>\n<li data-start=\"1761\" data-end=\"1989\"><strong data-start=\"1761\" data-end=\"1796\">Pas de d\u00e9p\u00f4t, pas d\u2019assurance :<\/strong> <a href=\"https:\/\/kingwaycarrental.com\/fr\">Location de voiture \u00e0 Duba\u00ef sans d\u00e9p\u00f4t<\/a> \u2014 Contrairement \u00e0 de nombreuses soci\u00e9t\u00e9s de location, nous n\u2019exigeons ni d\u00e9p\u00f4t ni assurance s\u00e9par\u00e9e, ce qui rend le processus simple et \u00e9conomique.<\/li>\n<li data-start=\"1991\" data-end=\"2213\"><strong data-start=\"1991\" data-end=\"2029\">Livraison gratuite de la voiture :<\/strong> Vous n\u2019avez pas besoin de visiter un showroom pour r\u00e9cup\u00e9rer votre GMC Yukon Denali. Chez King Way Car Rental, nous livrons votre voiture gratuitement \u00e0 l\u2019a\u00e9roport ou \u00e0 votre h\u00f4tel.<\/li>\n<li data-start=\"2215\" data-end=\"2417\"><strong data-start=\"2215\" data-end=\"2253\">Services optionnels de chauffeur :<\/strong> Besoin d\u2019un chauffeur professionnel ou d\u2019un si\u00e8ge b\u00e9b\u00e9 ? Nous fournissons les deux \u00e0 un co\u00fbt suppl\u00e9mentaire r\u00e9duit, garantissant votre s\u00e9curit\u00e9 et votre confort.<\/li>\n<li data-start=\"2419\" data-end=\"2600\"><strong data-start=\"2419\" data-end=\"2448\">Excellence de confiance :<\/strong> Nous sommes fiers de fournir un service client exceptionnel, garantissant que votre exp\u00e9rience de <strong data-start=\"2547\" data-end=\"2570\">location de voiture<\/strong> soit fluide et sans stress.<\/li>\n<\/ul>\n","protected":false},"excerpt":{"rendered":"<h1>GMC Yukon Denali \u00e0 louer \u00e0 Duba\u00ef<\/h1>\n<p>Offrez-vous une exp\u00e9rience luxueuse et raffin\u00e9e aux \u00c9mirats arabes unis en louant un GMC Yukon Denali noir \u00e0 Duba\u00ef, dernier mod\u00e8le 2025, au meilleur prix. Ce SUV grand format peut accueillir 7 \u00e0 8 personnes. Profitez du transport gratuit vers l&rsquo;a\u00e9roport, l&rsquo;h\u00f4tel et votre domicile.<\/p>\n<div id=\"gtx-trans\" style=\"position: absolute; left: -19px; top: 64.875px;\">\n<div class=\"gtx-trans-icon\"><\/div>\n<\/div>\n","protected":false},"featured_media":19421,"comment_status":"open","ping_status":"closed","template":"","meta":[],"product_brand":[],"product_cat":[694,686,741,664,703,665],"product_tag":[746,755,747,756],"class_list":{"0":"post-19413","1":"product","2":"type-product","3":"status-publish","4":"has-post-thumbnail","6":"product_cat-gmc","7":"product_cat-gmc-yukon","8":"product_cat-suv-cars","9":"product_cat-7-seater-car-rental","10":"product_cat-luxury-cars","11":"product_cat-all-cars","12":"product_tag-car-rental-fr","13":"product_tag-king-way-car-rental-fr","14":"product_tag-rent-a-car-in-dubai-fr","15":"product_tag-----fr","17":"first","18":"instock","19":"featured","20":"taxable","21":"shipping-taxable","22":"purchasable","23":"product-type-ovabrw_car_rental"},"_links":{"self":[{"href":"https:\/\/kingwaycarrental.com\/fr\/wp-json\/wp\/v2\/product\/19413","targetHints":{"allow":["GET"]}}],"collection":[{"href":"https:\/\/kingwaycarrental.com\/fr\/wp-json\/wp\/v2\/product"}],"about":[{"href":"https:\/\/kingwaycarrental.com\/fr\/wp-json\/wp\/v2\/types\/product"}],"replies":[{"embeddable":true,"href":"https:\/\/kingwaycarrental.com\/fr\/wp-json\/wp\/v2\/comments?post=19413"}],"version-history":[{"count":0,"href":"https:\/\/kingwaycarrental.com\/fr\/wp-json\/wp\/v2\/product\/19413\/revisions"}],"wp:featuredmedia":[{"embeddable":true,"href":"https:\/\/kingwaycarrental.com\/fr\/wp-json\/wp\/v2\/media\/19421"}],"wp:attachment":[{"href":"https:\/\/kingwaycarrental.com\/fr\/wp-json\/wp\/v2\/media?parent=19413"}],"wp:term":[{"taxonomy":"product_brand","embeddable":true,"href":"https:\/\/kingwaycarrental.com\/fr\/wp-json\/wp\/v2\/product_brand?post=19413"},{"taxonomy":"product_cat","embeddable":true,"href":"https:\/\/kingwaycarrental.com\/fr\/wp-json\/wp\/v2\/product_cat?post=19413"},{"taxonomy":"product_tag","embeddable":true,"href":"https:\/\/kingwaycarrental.com\/fr\/wp-json\/wp\/v2\/product_tag?post=19413"}],"curies":[{"name":"wp","href":"https:\/\/api.w.org\/{rel}","templated":true}]}}