{"id":25978,"date":"2024-11-12T02:49:35","date_gmt":"2024-11-12T02:49:35","guid":{"rendered":"https:\/\/kingwaycarrental.com\/privacy-policy\/"},"modified":"2026-03-06T01:33:56","modified_gmt":"2026-03-06T01:33:56","slug":"privacy-policy","status":"publish","type":"page","link":"https:\/\/kingwaycarrental.com\/fr\/privacy-policy\/","title":{"rendered":"Politique de Confidentialit\u00e9"},"content":{"rendered":"\n<p>Cette Politique de Confidentialit\u00e9 d\u00e9crit comment King Way Car Rental collecte, utilise et divulgue vos informations personnelles lorsque vous utilisez nos services de location de voiture, que ce soit via notre site web, WhatsApp ou un contact direct. Elle explique \u00e9galement vos droits concernant vos donn\u00e9es et comment la loi des \u00c9mirats Arabes Unis prot\u00e8ge votre vie priv\u00e9e.<\/p>\n\n\n\n<p>En utilisant nos services, vous consentez \u00e0 la collecte et \u00e0 l&rsquo;utilisation de vos donn\u00e9es personnelles telles que d\u00e9crites dans cette politique. Nous nous engageons \u00e0 n&rsquo;utiliser vos informations que pour fournir et am\u00e9liorer votre exp\u00e9rience de location.<\/p>\n\n\n\n<h2 class=\"wp-block-heading\">Interpr\u00e9tation et D\u00e9finitions<\/h2>\n\n\n\n<h3 class=\"wp-block-heading\">Interpr\u00e9tation<\/h3>\n\n\n\n<p>Les mots commen\u00e7ant par une majuscule dans cette Politique de Confidentialit\u00e9 ont des significations sp\u00e9cifiques telles que d\u00e9finies ci-dessous. Ces d\u00e9finitions s&rsquo;appliquent que les mots apparaissent au singulier ou au pluriel.<\/p>\n\n\n\n<h3 class=\"wp-block-heading\">D\u00e9finitions<\/h3>\n\n\n\n<p>Aux fins de cette Politique de Confidentialit\u00e9 :<\/p>\n\n\n\n<ul class=\"wp-block-list\">\n<li><strong>Compte<\/strong>&nbsp;d\u00e9signe un compte unique cr\u00e9\u00e9 pour vous afin d&rsquo;acc\u00e9der \u00e0 nos services de location de voiture ou \u00e0 certaines parties de nos services.<\/li>\n\n\n\n<li><strong>Soci\u00e9t\u00e9<\/strong>&nbsp;(d\u00e9sign\u00e9e par \u00ab\u00a0la Soci\u00e9t\u00e9\u00a0\u00bb, \u00ab\u00a0Nous\u00a0\u00bb, \u00ab\u00a0Notre\u00a0\u00bb ou \u00ab\u00a0Nos\u00a0\u00bb) se r\u00e9f\u00e8re \u00e0 King Way Car Rental L.L.C, situ\u00e9e au 23 24 St, Deira, Hor Al Anz, Abu Hail, Duba\u00ef, \u00c9mirats Arabes Unis.<\/li>\n\n\n\n<li><strong>Cookies<\/strong>&nbsp;sont de petits fichiers plac\u00e9s sur votre appareil pour am\u00e9liorer la fonctionnalit\u00e9 du site web et l&rsquo;exp\u00e9rience utilisateur.<\/li>\n\n\n\n<li><strong>Pays<\/strong>&nbsp;se r\u00e9f\u00e8re aux : \u00c9mirats Arabes Unis.<\/li>\n\n\n\n<li><strong>Appareil<\/strong>&nbsp;d\u00e9signe tout appareil capable d&rsquo;acc\u00e9der au Service, tel qu&rsquo;un ordinateur, un t\u00e9l\u00e9phone portable ou une tablette num\u00e9rique.<\/li>\n\n\n\n<li><strong>Donn\u00e9es Personnelles<\/strong>&nbsp;d\u00e9signent toute information se rapportant \u00e0 une personne physique identifi\u00e9e ou identifiable.<\/li>\n\n\n\n<li><strong>Service<\/strong>&nbsp;se r\u00e9f\u00e8re aux services de location de voiture fournis par King Way Car Rental.<\/li>\n\n\n\n<li><strong>Fournisseur de Services<\/strong>&nbsp;d\u00e9signe des soci\u00e9t\u00e9s ou des individus tiers qui traitent des donn\u00e9es en notre nom pour fournir, maintenir ou analyser nos services.<\/li>\n\n\n\n<li><strong>Donn\u00e9es d&rsquo;Utilisation<\/strong>&nbsp;d\u00e9signent les donn\u00e9es collect\u00e9es automatiquement, g\u00e9n\u00e9r\u00e9es soit par l&rsquo;utilisation du Service, soit par l&rsquo;infrastructure du Service elle-m\u00eame (par exemple, la dur\u00e9e d&rsquo;une visite de page).<\/li>\n\n\n\n<li><strong>Site Web<\/strong>&nbsp;se r\u00e9f\u00e8re \u00e0 King Way Car Rental, accessible \u00e0 l&rsquo;adresse&nbsp;<a href=\"https:\/\/kingwaycarrental.com\/fr\/\" target=\"_blank\" rel=\"noreferrer noopener\">https:\/\/kingwaycarrental.com\/fr\/<\/a><\/li>\n\n\n\n<li><strong>Vous<\/strong>\u00a0d\u00e9signe la personne physique acc\u00e9dant ou utilisant le Service, ou la soci\u00e9t\u00e9 ou autre entit\u00e9 l\u00e9gale au nom de laquelle cette personne physique acc\u00e8de ou utilise le Service, selon le cas.<\/li>\n<\/ul>\n\n\n\n<h2 class=\"wp-block-heading\">Collecte et Utilisation de Vos Donn\u00e9es Personnelles<\/h2>\n\n\n\n<h3 class=\"wp-block-heading\">Types de Donn\u00e9es Collect\u00e9es<\/h3>\n\n\n\n<h4 class=\"wp-block-heading\">Donn\u00e9es Personnelles<\/h4>\n\n\n\n<p>Lors de l&rsquo;utilisation de nos services de location de voiture, nous pouvons vous demander de fournir certaines informations personnelles qui peuvent \u00eatre utilis\u00e9es pour vous contacter ou vous identifier. Celles-ci peuvent inclure, sans s&rsquo;y limiter :<\/p>\n\n\n\n<ul class=\"wp-block-list\">\n<li>Nom complet<\/li>\n\n\n\n<li>Num\u00e9ro de t\u00e9l\u00e9phone<\/li>\n\n\n\n<li>Adresse e-mail<\/li>\n\n\n\n<li>Documents requis pour la location, comprenant :\n<ul class=\"wp-block-list\">\n<li>Permis de conduire des \u00c9AU valide pour les r\u00e9sidents<\/li>\n\n\n\n<li>Permis de conduire du pays d&rsquo;origine ou Permis de Conduire International (IDP) pour les touristes<\/li>\n\n\n\n<li>Carte d&rsquo;identit\u00e9 \u00e9miratie (Emirates ID) pour les r\u00e9sidents (un Visa de R\u00e9sidence peut \u00eatre acceptable)<\/li>\n\n\n\n<li>Passeport pour les touristes<\/li>\n<\/ul>\n<\/li>\n\n\n\n<li>\u00c2ge minimum de location : 19 ans<\/li>\n<\/ul>\n\n\n\n<h4 class=\"wp-block-heading\">Donn\u00e9es d&rsquo;Utilisation<\/h4>\n\n\n\n<p>Les Donn\u00e9es d&rsquo;Utilisation sont collect\u00e9es automatiquement lors de l&rsquo;utilisation de nos services. Celles-ci peuvent inclure des informations telles que votre adresse IP, le type de navigateur, les pages visit\u00e9es, l&rsquo;heure et la date de votre visite, le temps pass\u00e9 sur les pages et d&rsquo;autres donn\u00e9es de diagnostic.<\/p>\n\n\n\n<p>Lorsque vous acc\u00e9dez \u00e0 nos services via un appareil mobile, nous pouvons \u00e9galement collecter automatiquement certaines informations, telles que le type d&rsquo;appareil, les identifiants uniques de l&rsquo;appareil, le syst\u00e8me d&rsquo;exploitation et le type de navigateur.<\/p>\n\n\n\n<p>Nous pouvons \u00e9galement collecter les informations que votre navigateur envoie chaque fois que vous visitez notre site web ou acc\u00e9dez \u00e0 nos services via un appareil mobile.<\/p>\n\n\n\n<h3 class=\"wp-block-heading\">Formulaire de R\u00e9servation et Donn\u00e9es<\/h3>\n\n\n\n<p>Lorsque vous effectuez une r\u00e9servation via le formulaire de notre site web ou par WhatsApp\/t\u00e9l\u00e9phone, vos donn\u00e9es sont trait\u00e9es pour g\u00e9rer votre r\u00e9servation et communiquer avec vous. Nous ne partageons pas ces donn\u00e9es au-del\u00e0 des fournisseurs de services ou des obligations l\u00e9gales.<\/p>\n\n\n\n<p><\/p>\n\n\n\n<h3 class=\"wp-block-heading\">Moyens de Paiement<\/h3>\n\n\n\n<p>Vous pouvez payer votre location de voiture :<\/p>\n\n\n\n<ul class=\"wp-block-list\">\n<li>Esp\u00e8ces<\/li>\n\n\n\n<li>Carte de cr\u00e9dit (Visa \/ MasterCard)<\/li>\n\n\n\n<li>Tabby ou Tamara<\/li>\n<\/ul>\n\n\n\n<p>Tous les paiements en ligne sont trait\u00e9s de mani\u00e8re s\u00e9curis\u00e9e.<\/p>\n\n\n\n<h2 class=\"wp-block-heading\">Technologies de Suivi et Cookies<\/h2>\n\n\n\n<p>Nous utilisons des Cookies et des technologies de suivi similaires pour surveiller l&rsquo;activit\u00e9 sur notre site web et am\u00e9liorer votre exp\u00e9rience avec nos services de location de voiture. Ces technologies nous aident \u00e0 comprendre comment nos visiteurs utilisent le site et nous permettent de fournir une exp\u00e9rience meilleure et plus personnalis\u00e9e.<\/p>\n\n\n\n<p>Les Cookies sont de petits fichiers plac\u00e9s sur votre appareil. Vous pouvez choisir de d\u00e9sactiver les cookies dans les param\u00e8tres de votre navigateur, mais certaines parties de notre site web pourraient ne pas fonctionner correctement sans eux.<\/p>\n\n\n\n<p>Nous pouvons \u00e9galement utiliser des cookies pour m\u00e9moriser vos pr\u00e9f\u00e9rences, telles que le choix de la langue ou les d\u00e9tails de connexion, et pour assurer une utilisation s\u00e9curis\u00e9e de nos services.<\/p>\n\n\n\n<p>Les cookies sont \u00e9galement utilis\u00e9s pour analyser le trafic et comprendre les centres d&rsquo;int\u00e9r\u00eat des clients.<\/p>\n\n\n\n<h3 class=\"wp-block-heading\">Utilisation d&rsquo;Outils Analytiques<\/h3>\n\n\n\n<p>Nous utilisons l&rsquo;outil Google Analytics pour comprendre comment les visiteurs utilisent notre site web et nos services. Cela nous aide \u00e0 am\u00e9liorer notre site web, l&rsquo;exp\u00e9rience utilisateur et les services de location de voiture. Les donn\u00e9es collect\u00e9es sont anonymis\u00e9es et utilis\u00e9es uniquement pour comprendre les performances du site web et les pr\u00e9f\u00e9rences des utilisateurs. Elles ne sont pas partag\u00e9es avec des tiers \u00e0 des fins de marketing ou pour tout autre objectif.<\/p>\n\n\n\n<h2 class=\"wp-block-heading\">Utilisation de Vos Donn\u00e9es Personnelles<\/h2>\n\n\n\n<p>Nous pouvons utiliser vos donn\u00e9es personnelles aux fins suivantes :<\/p>\n\n\n\n<ul class=\"wp-block-list\">\n<li><strong>Pour fournir et maintenir nos services<\/strong>&nbsp;: incluant la gestion des r\u00e9servations, le suivi de l&rsquo;utilisation et assurer le bon fonctionnement de nos services de location de voiture.<\/li>\n\n\n\n<li><strong>Pour g\u00e9rer votre compte<\/strong>&nbsp;: vos donn\u00e9es personnelles nous permettent de vous donner acc\u00e8s aux services et fonctionnalit\u00e9s disponibles pour les utilisateurs enregistr\u00e9s.<\/li>\n\n\n\n<li><strong>Pour ex\u00e9cuter les contrats<\/strong>&nbsp;: tels que le traitement de vos r\u00e9servations de location de voiture et assurer le respect du contrat de location.<\/li>\n\n\n\n<li><strong>Pour vous contacter<\/strong>&nbsp;: par e-mail, t\u00e9l\u00e9phone, SMS ou WhatsApp concernant vos r\u00e9servations, mises \u00e0 jour, offres sp\u00e9ciales ou notifications importantes.<\/li>\n\n\n\n<li><strong>Pour fournir des nouvelles et offres<\/strong>&nbsp;: si vous avez opt\u00e9 pour recevoir des informations sur les promotions, services ou \u00e9v\u00e9nements similaires \u00e0 ceux que vous avez r\u00e9serv\u00e9s ou sur lesquels vous vous \u00eates renseign\u00e9.<\/li>\n\n\n\n<li><strong>Pour g\u00e9rer vos demandes<\/strong>&nbsp;: aider pour les demandes, plaintes ou l&rsquo;assistance li\u00e9es \u00e0 nos services.<\/li>\n\n\n\n<li><strong>Pour l&rsquo;analyse des donn\u00e9es<\/strong>\u00a0: identifier les tendances d&rsquo;utilisation, am\u00e9liorer nos services et enrichir votre exp\u00e9rience globale.<\/li>\n<\/ul>\n\n\n\n<h2 class=\"wp-block-heading\">Partage de Vos Donn\u00e9es Personnelles<\/h2>\n\n\n\n<p>Nous pouvons partager vos informations uniquement dans les situations suivantes :<\/p>\n\n\n\n<ul class=\"wp-block-list\">\n<li><strong>Avec des Fournisseurs de Services<\/strong>&nbsp;: pour faciliter, maintenir ou am\u00e9liorer nos services.<\/li>\n\n\n\n<li><strong>Avec des partenaires commerciaux<\/strong>&nbsp;: tels que des compagnies d&rsquo;assurance automobile, ou les autorit\u00e9s l\u00e9gales si la loi l&rsquo;exige ou en cas d&rsquo;incidents ou de violations.<\/li>\n\n\n\n<li><strong>Avec votre consentement<\/strong>&nbsp;: pour toute autre finalit\u00e9 que vous acceptez.<\/li>\n<\/ul>\n\n\n\n<p>Nous ne vendons pas vos donn\u00e9es personnelles \u00e0 des tiers.<\/p>\n\n\n\n<h2 class=\"wp-block-heading\">Conservation de Vos Donn\u00e9es Personnelles<\/h2>\n\n\n\n<p>Nous conserverons vos donn\u00e9es personnelles seulement aussi longtemps que n\u00e9cessaire pour fournir nos services de location de voiture et respecter les obligations l\u00e9gales.<\/p>\n\n\n\n<p>Les&nbsp;<strong>Donn\u00e9es d&rsquo;Utilisation<\/strong>&nbsp;peuvent \u00eatre conserv\u00e9es pour une p\u00e9riode plus courte pour l&rsquo;analyse interne, pour am\u00e9liorer la s\u00e9curit\u00e9 et la fonctionnalit\u00e9 de nos services, ou comme l&rsquo;exige la loi.<\/p>\n\n\n\n<p>Les&nbsp;<strong>Donn\u00e9es Personnelles<\/strong>&nbsp;seront conserv\u00e9es jusqu&rsquo;\u00e0&nbsp;<strong>5 ans<\/strong>&nbsp;conform\u00e9ment aux lois des EAU, y compris les r\u00e8glements de la RTA (<em>Road and Transport Authority<\/em>).<\/p>\n\n\n\n<h2 class=\"wp-block-heading\">Transfert de Vos Donn\u00e9es Personnelles<\/h2>\n\n\n\n<p>Vos donn\u00e9es personnelles sont trait\u00e9es dans nos bureaux et peuvent \u00e9galement \u00eatre trait\u00e9es par nos fournisseurs de services ou partenaires. Dans certains cas, cela peut impliquer le transfert de vos donn\u00e9es vers des ordinateurs ou serveurs situ\u00e9s en dehors des EAU, o\u00f9 les lois sur la protection des donn\u00e9es peuvent diff\u00e9rer.<\/p>\n\n\n\n<p>En utilisant nos services et en fournissant vos donn\u00e9es personnelles, vous consentez \u00e0 ces transferts.<\/p>\n\n\n\n<p>Nous prenons toutes les mesures raisonnables pour garantir que vos donn\u00e9es sont trait\u00e9es de mani\u00e8re s\u00e9curis\u00e9e et conform\u00e9ment \u00e0 cette Politique de Confidentialit\u00e9.<\/p>\n\n\n\n<h2 class=\"wp-block-heading\">Suppression de Vos Donn\u00e9es Personnelles<\/h2>\n\n\n\n<p>Vous avez le droit de demander la suppression de toutes les donn\u00e9es personnelles que nous avons collect\u00e9es vous concernant.<\/p>\n\n\n\n<p>Vous pouvez mettre \u00e0 jour ou supprimer vos informations \u00e0 tout moment en nous contactant directement \u00e0&nbsp;<strong>info@kingwaycarrental.com<\/strong>&nbsp;ou via WhatsApp au&nbsp;<strong>+971553022188<\/strong>&nbsp;\/ t\u00e9l\u00e9phone \/&nbsp;<strong>+971505530830<\/strong>.<\/p>\n\n\n\n<p>Veuillez noter que nous pouvons avoir besoin de conserver certaines informations pour nous conformer aux obligations l\u00e9gales, telles que les r\u00e8glements de la&nbsp;<em>Roads and Transport Authority<\/em>&nbsp;(RTA), ou pour des raisons contractuelles et de s\u00e9curit\u00e9.<\/p>\n\n\n\n<h2 class=\"wp-block-heading\">Divulgation de Vos Donn\u00e9es Personnelles<\/h2>\n\n\n\n<p>Nous pouvons divulguer vos donn\u00e9es personnelles dans les situations suivantes :<\/p>\n\n\n\n<ul class=\"wp-block-list\">\n<li><strong>Aux autorit\u00e9s l\u00e9gales<\/strong>&nbsp;: si la loi, une ordonnance du tribunal ou une demande gouvernementale l&rsquo;exige.<\/li>\n\n\n\n<li><strong>Pour la s\u00e9curit\u00e9 et la protection<\/strong>&nbsp;: pour prot\u00e9ger les droits, la propri\u00e9t\u00e9 ou la s\u00e9curit\u00e9 de notre soci\u00e9t\u00e9, de nos clients ou du public.<\/li>\n\n\n\n<li><strong>Avec votre consentement<\/strong>&nbsp;: pour toute autre finalit\u00e9 que vous acceptez.<\/li>\n<\/ul>\n\n\n\n<p>Veuillez noter que nous ne vendons pas vos donn\u00e9es personnelles \u00e0 des tiers.<\/p>\n\n\n\n<h2 class=\"wp-block-heading\">S\u00e9curit\u00e9 de Vos Donn\u00e9es Personnelles<\/h2>\n\n\n\n<p>La s\u00e9curit\u00e9 de vos donn\u00e9es personnelles est importante pour nous. Nous utilisons des mesures commercialement acceptables pour prot\u00e9ger vos informations ; cependant, aucune m\u00e9thode de transmission ou de stockage sur Internet n&rsquo;est s\u00e9curis\u00e9e \u00e0 100%.<\/p>\n\n\n\n<h2 class=\"wp-block-heading\">Restrictions d&rsquo;\u00c2ge<\/h2>\n\n\n\n<p>Nos services ne s&rsquo;adressent \u00e0 personne de moins de 19 ans, l&rsquo;\u00e2ge l\u00e9gal minimum pour louer une voiture aux \u00c9mirats Arabes Unis. Nous ne collectons pas sciemment de donn\u00e9es personnelles aupr\u00e8s de quiconque en dessous de cet \u00e2ge. Si nous prenons connaissance que nous avons collect\u00e9 de telles donn\u00e9es, nous prenons des mesures pour les supprimer imm\u00e9diatement.<\/p>\n\n\n\n<h2 class=\"wp-block-heading\">Liens vers d&rsquo;Autres Sites Web<\/h2>\n\n\n\n<p>Notre site web peut contenir des liens vers d&rsquo;autres sites web qui ne sont pas exploit\u00e9s par nous. Si vous cliquez sur un lien tiers, vous serez redirig\u00e9 vers ce site.<\/p>\n\n\n\n<p>Nous ne sommes pas responsables du contenu, des politiques de confidentialit\u00e9 ou des pratiques de tout site web tiers. Nous vous recommandons vivement de consulter la politique de confidentialit\u00e9 de chaque site que vous visitez.<\/p>\n\n\n\n<h2 class=\"wp-block-heading\">Modifications de Cette Politique de Confidentialit\u00e9<\/h2>\n\n\n\n<p>Nous pouvons mettre \u00e0 jour cette Politique de Confidentialit\u00e9 de temps \u00e0 autre. Toute modification sera publi\u00e9e sur cette page, et la date de \u00ab\u00a0Derni\u00e8re mise \u00e0 jour\u00a0\u00bb sera modifi\u00e9e en cons\u00e9quence.<\/p>\n\n\n\n<p>Nous pouvons \u00e9galement vous notifier des changements importants par e-mail ou par un avis bien visible sur notre site web.<\/p>\n\n\n\n<p>Nous vous recommandons de consulter cette Politique de Confidentialit\u00e9 p\u00e9riodiquement pour rester inform\u00e9 sur la mani\u00e8re dont nous traitons vos donn\u00e9es personnelles.<\/p>\n\n\n\n<h2 class=\"wp-block-heading\">Nous Contacter<\/h2>\n\n\n\n<p>Si vous avez des questions concernant cette Politique de Confidentialit\u00e9 ou la mani\u00e8re dont nous traitons vos donn\u00e9es personnelles, vous pouvez nous contacter directement :<\/p>\n\n\n\n<ul class=\"wp-block-list\">\n<li><strong><strong>T\u00e9l\u00e9phone&nbsp;<\/strong>:<\/strong> +971505530830<\/li>\n\n\n\n<li><strong>WhatsApp :<\/strong> +971553022188<\/li>\n\n\n\n<li><strong>E-mail :<\/strong> info@kingwaycarrental.com<\/li>\n<\/ul>\n\n\n\n<p>Nous sommes heureux de vous aider pour toute demande relative \u00e0 vos donn\u00e9es personnelles ou \u00e0 vos droits en mati\u00e8re de vie priv\u00e9e.<\/p>\n","protected":false},"excerpt":{"rendered":"<p>Cette Politique de Confidentialit\u00e9 d\u00e9crit comment King Way Car Rental collecte, utilise et divulgue vos informations personnelles lorsque vous utilisez nos services de location de voiture, que ce soit via notre site web, WhatsApp ou un contact direct. Elle explique \u00e9galement vos droits concernant vos donn\u00e9es et comment la loi des \u00c9mirats Arabes Unis prot\u00e8ge votre vie priv\u00e9e.<\/p>\n","protected":false},"author":2,"featured_media":19261,"parent":0,"menu_order":0,"comment_status":"closed","ping_status":"closed","template":"","meta":{"footnotes":""},"class_list":["post-25978","page","type-page","status-publish","has-post-thumbnail","hentry"],"_links":{"self":[{"href":"https:\/\/kingwaycarrental.com\/fr\/wp-json\/wp\/v2\/pages\/25978","targetHints":{"allow":["GET"]}}],"collection":[{"href":"https:\/\/kingwaycarrental.com\/fr\/wp-json\/wp\/v2\/pages"}],"about":[{"href":"https:\/\/kingwaycarrental.com\/fr\/wp-json\/wp\/v2\/types\/page"}],"author":[{"embeddable":true,"href":"https:\/\/kingwaycarrental.com\/fr\/wp-json\/wp\/v2\/users\/2"}],"replies":[{"embeddable":true,"href":"https:\/\/kingwaycarrental.com\/fr\/wp-json\/wp\/v2\/comments?post=25978"}],"version-history":[{"count":0,"href":"https:\/\/kingwaycarrental.com\/fr\/wp-json\/wp\/v2\/pages\/25978\/revisions"}],"wp:featuredmedia":[{"embeddable":true,"href":"https:\/\/kingwaycarrental.com\/fr\/wp-json\/wp\/v2\/media\/19261"}],"wp:attachment":[{"href":"https:\/\/kingwaycarrental.com\/fr\/wp-json\/wp\/v2\/media?parent=25978"}],"curies":[{"name":"wp","href":"https:\/\/api.w.org\/{rel}","templated":true}]}}