{"id":19603,"date":"2025-07-08T22:52:50","date_gmt":"2025-07-08T22:52:50","guid":{"rendered":"https:\/\/kingwaycarrental.com\/rent-bmw-7-series-in-dubai\/"},"modified":"2025-09-11T04:11:21","modified_gmt":"2025-09-11T04:11:21","slug":"rent-bmw-7-series-in-dubai","status":"publish","type":"page","link":"https:\/\/kingwaycarrental.com\/fr\/rent-bmw-7-series-in-dubai\/","title":{"rendered":"Location de BMW S\u00e9rie 7 \u00e0 Duba\u00ef"},"content":{"rendered":"\t\t<div data-elementor-type=\"wp-page\" data-elementor-id=\"19603\" class=\"elementor elementor-19603 elementor-18264\" data-elementor-post-type=\"page\">\n\t\t\t\t<div class=\"elementor-element elementor-element-9e9814e e-flex e-con-boxed e-con e-parent\" data-id=\"9e9814e\" data-element_type=\"container\" data-e-type=\"container\">\n\t\t\t\t\t<div class=\"e-con-inner\">\n\t\t\t\t<div class=\"elementor-element elementor-element-16d2812 elementor-widget elementor-widget-remons_elementor_ova_search\" data-id=\"16d2812\" data-element_type=\"widget\" data-e-type=\"widget\" data-widget_type=\"remons_elementor_ova_search.default\">\n\t\t\t\t<div class=\"elementor-widget-container\">\n\t\t\t\t\t\n\t\t<div class=\"ova_wrap_search\">\n\t\t\t<form role=\"search\" method=\"get\" class=\"search-form\" action=\"https:\/\/kingwaycarrental.com\/fr\/\">\n\t\t\t\t<div class=\"search-input-wrap \">\n\t\t\t\t\t\n\t\t\t\t\t<input\n\t\t\t\t\t\ttype=\"search\"\n\t\t\t\t\t\tclass=\"search-field\"\n\t\t\t\t\t\tname=\"s\"\n\t\t\t\t\t\tvalue=\"\"\n\t\t\t\t\t\tplaceholder=\"Rechercher la Voiture de R\u00eave\"\n\t\t\t\t\t\ttitle=\"Search for:\"\n\t\t\t\t\t\/>\n\t\t\t\t<\/div>\n\n\t\t\t\t\t\t\t\t\t<button type=\"submit\" class=\"search-submit\" aria-label=\"Search\">\n\t\t\t\t\t\t\n\t\t\t\t\t\t\n\t\t\t\t\t\t\t\t\t\t\t\t\t<i class=\"flaticon flaticon-magnifying-glass\"><\/i>\n\t\t\t\t\t\t\t\t\t\t\t\t\n\t\t\t\t\t<\/button>\n\t\t\t\t\t\t\t<\/form>\t\t\t\t\t\t\t\t\t\n\t\t<\/div>\n\t\t\t\t\t\t<\/div>\n\t\t\t\t<\/div>\n\t\t\t\t<div class=\"elementor-element elementor-element-c4bcfa9 elementor-widget elementor-widget-ovabrw_product_ajax_filter\" data-id=\"c4bcfa9\" data-element_type=\"widget\" data-e-type=\"widget\" data-widget_type=\"ovabrw_product_ajax_filter.default\">\n\t\t\t\t<div class=\"elementor-widget-container\">\n\t\t\t\t\t\n<div class=\"ovabrw-product-ajax-filter\">\n\t\t<div class=\"ovabrw-result\">\n\t\t<ul class=\"products ovabrw-product-list\">\n\t\t\t\t\t\t\t\t<div class=\"not-found\">\n\t\t\t\t\t\tProduct not found\t\t\t\t\t<\/div>\n\t\t\t\t\t\t<\/ul>\n\t\t<span class=\"ovabrw-loader\"><\/span>\n\t\t<input\n\t\t\ttype=\"hidden\"\n\t\t\tname=\"ovabrw-data-ajax-filter\"\n\t\t\tdata-template=\"card1\"\n\t\t\tdata-posts-per-page=\"18\"\n\t\t\tdata-orderby=\"date\"\n\t\t\tdata-order=\"DESC\"\n\t\t\tdata-pagination=\"yes\"\n\t\t\/>\n\t<\/div>\n\t<\/div>\t\t\t\t<\/div>\n\t\t\t\t<\/div>\n\t\t\t\t\t<\/div>\n\t\t\t\t<\/div>\n\t\t<div class=\"elementor-element elementor-element-18ff736 e-flex e-con-boxed e-con e-parent\" data-id=\"18ff736\" data-element_type=\"container\" data-e-type=\"container\">\n\t\t\t\t\t<div class=\"e-con-inner\">\n\t\t\t\t<div class=\"elementor-element elementor-element-5596064 elementor-widget elementor-widget-remons_elementor_heading\" data-id=\"5596064\" data-element_type=\"widget\" data-e-type=\"widget\" data-widget_type=\"remons_elementor_heading.default\">\n\t\t\t\t<div class=\"elementor-widget-container\">\n\t\t\t\t\t\n\t\t<div class=\"ova-heading\">\n            <div class=\"top-heading\">\n            \t\t\t\t\t\t<div class=\"title-wrapper\" style=\"position: relative;\">\n\t\t\t\t\t\t\t\t\t\t\t\t\t<h2 class=\"title\">Location de BMW S\u00e9rie 7 \u00e0 Duba\u00ef<\/h2>\n\t\t\t\t\t\t\t\t\t\t\t<\/div>\n\t\t\t\t            <\/div>\n\n\t\t\t\t\t<\/div>\n\t\t\t\t\t\t<\/div>\n\t\t\t\t<\/div>\n\t\t\t\t<div class=\"elementor-element elementor-element-ebfce14 elementor-widget elementor-widget-text-editor\" data-id=\"ebfce14\" data-element_type=\"widget\" data-e-type=\"widget\" data-widget_type=\"text-editor.default\">\n\t\t\t\t<div class=\"elementor-widget-container\">\n\t\t\t\t\t\t\t\t\t<p>La location de BMW S\u00e9rie 7 \u00e0 Duba\u00ef est d\u00e9sormais disponible sans d\u00e9p\u00f4t aupr\u00e8s de nous. Nous vous proposons une offre incontournable pour louer la BMW S\u00e9rie 7 \u00e0 Duba\u00ef, la berline ultra-luxueuse de grande taille. Que diriez-vous si nous vous offrions \u00e9galement une location avec kilom\u00e9trage illimit\u00e9 et sans assurance obligatoire ? Dans ce contenu, vous d\u00e9couvrirez de nombreuses caract\u00e9ristiques et nos services de location de voitures de luxe aux \u00c9mirats arabes unis.<\/p>\n<h2>Louer une BMW S\u00e9rie 7 \u00e0 Duba\u00ef<\/h2>\n<p>Vous recherchez un service de location alliant luxe et confort ? Vous \u00eates au bon endroit, car avec nos services de location de voitures \u00e0 Duba\u00ef \u00ab\u00a0King Way Car Rental\u00a0\u00bb, vous b\u00e9n\u00e9ficierez de nombreuses options et de prix absolument imbattables. Louez une BMW S\u00e9rie 7 \u00e0 Duba\u00ef sans d\u00e9p\u00f4t ni assurance. Installez-vous simplement, et nous vous livrerons la voiture o\u00f9 que vous soyez aux \u00c9mirats arabes unis.<\/p>\n<h2>BMW S\u00e9rie 7 \u00e0 louer \u00e0 Duba\u00ef<\/h2>\n<p>La location d&rsquo;une BMW S\u00e9rie 7 \u00e0 Duba\u00ef, aux \u00c9mirats arabes unis, est un choix populaire pour les amateurs de voitures de luxe \u00e0 la recherche d&rsquo;une exp\u00e9rience de conduite haut de gamme. King Way propose une large gamme de <a href=\"https:\/\/kingwaycarrental.com\/fr\/rent-bmw-in-dubai\">location de voitures BMW<\/a> et <a href=\"https:\/\/kingwaycarrental.com\/fr\/luxury-car-rental-dubai\">services de location de voitures de luxe<\/a>, en particulier pour les voitures de luxe, et la BMW S\u00e9rie 7 et tous ses mod\u00e8les tels que BMW 730LI\/735Li M\/740i xDrive et M Sport\/750e xDrive, et la g\u00e9n\u00e9ration \u00e9lectrique BMW i7 M70 (G70) sont souvent disponibles via la plupart de ces services.<\/p>\n<h3>Avantages de louer une BMW S\u00e9rie 7 \u00e0 Duba\u00ef<\/h3>\n<p>Les derniers mod\u00e8les de la BMW 7 Series se distinguent par un design ext\u00e9rieur luxueux, impressionnant et unique, avec des couleurs magnifiques et agr\u00e9ables \u00e0 regarder. Ses superbes jantes rendent la voiture encore plus \u00e9l\u00e9gante et sportive \u00e0 la fois. \u00c0 l\u2019int\u00e9rieur, d\u00e9couvrez un habitacle raffin\u00e9, une climatisation de haute qualit\u00e9 et un confort exceptionnel. Louer une BMW S\u00e9rie 7 \u00e0 Duba\u00ef, c\u2019est profiter d\u2019une v\u00e9ritable \u0153uvre d\u2019art automobile offrant 5 places, une grande berline de luxe 4 portes et une technologie avanc\u00e9e.<\/p>\n<h3>Ce que vous obtenez en louant une BMW S\u00e9rie 7 ?<\/h3>\n<p>Vous recevrez votre voiture avec un r\u00e9servoir plein, <a href=\"https:\/\/kingwaycarrental.com\/fr\">louez une voiture \u00e0 Duba\u00ef<\/a> sans limite de kilom\u00e9trage, sans d\u00e9p\u00f4t requis. Nous vous livrons la voiture que vous soyez \u00e0 l&rsquo;h\u00f4tel ou \u00e0 la maison, m\u00eame si vous avez besoin de votre location BMW 730i \u00e0 l&rsquo;a\u00e9roport international de Duba\u00ef ou d&rsquo;un autre mod\u00e8le si vous le souhaitez, nous le ferons gratuitement pour vous. Nous mettons \u00e9galement \u00e0 votre disposition un chauffeur professionnel et s\u00fbr \u00e0 Duba\u00ef lorsque cela est n\u00e9cessaire, car nous offrons le <a href=\"https:\/\/kingwaycarrental.com\/fr\/chauffeur-service-dubai\">meilleur service de chauffeur \u00e0 Duba\u00ef<\/a> \u00e0 un prix bas !<\/p>\n<h3>Combien co\u00fbte la location d&rsquo;une BMW 7 Series \u00e0 Duba\u00ef ?<\/h3>\n<p>Nous proposons la BMW S\u00e9rie 7 \u00e0 louer \u00e0 Duba\u00ef aux prix les plus bas jamais vus. Vous pouvez louer cette berline haut de gamme \u00e0 des tarifs abordables \u00e0 partir de 899 AED par jour. Pour les formules hebdomadaires ou mensuelles, vous b\u00e9n\u00e9ficierez d&rsquo;une remise exclusive sur votre forfait de location. Avec nous, vous louerez une BMW 7 S\u00e9rie\u00a0sans d\u00e9p\u00f4t, sans frais suppl\u00e9mentaires ni co\u00fbts cach\u00e9s.<\/p>\n<h3>Prix du leasing BMW S\u00e9rie 7 \u00e0 Duba\u00ef<\/h3>\t\t\t\t\t\t\t\t<\/div>\n\t\t\t\t<\/div>\n\t\t\t\t<div class=\"elementor-element elementor-element-d51d5ad elementor-widget elementor-widget-shortcode\" data-id=\"d51d5ad\" data-element_type=\"widget\" data-e-type=\"widget\" data-widget_type=\"shortcode.default\">\n\t\t\t\t<div class=\"elementor-widget-container\">\n\t\t\t\t\t\t\t<div class=\"elementor-shortcode\"><figure class=\"wp-block-table is-style-stripes\"><table class=\"has-fixed-layout\"><thead><tr><th class=\"has-text-align-left\" data-align=\"left\">V\u00e9hicule<\/th><th>Jour<\/th><th>Semaine<\/th><th>Mois<\/th><\/tr><\/thead><tbody><tr><td class=\"has-text-align-left\" data-align=\"left\">BMW 735 Li M Kit Sport Blanc<\/td><td>AED 899<\/td><td>AED 5,625<\/td><td>AED 18,900<\/td><\/tr><tr><td class=\"has-text-align-left\" data-align=\"left\">BMW i7 M70 xDrive Rouge<\/td><td>AED 1,150<\/td><td>AED 7,245<\/td><td>AED 24,150<\/td><\/tr><tr><td class=\"has-text-align-left\" data-align=\"left\">BMW 740i xDrive Gris<\/td><td>AED 1,399<\/td><td>AED 8,775<\/td><td>AED 29,400<\/td><\/tr><tr><td class=\"has-text-align-left\" data-align=\"left\">BMW 750e xDrive Bleu<\/td><td>AED 1,575<\/td><td>AED 9,890<\/td><td>AED 32,975<\/td><\/tr><tr><td class=\"has-text-align-left\" data-align=\"left\">BMW 760i xDrive Noir<\/td><td>AED 1,749<\/td><td>AED 10,925<\/td><td>AED 36,750<\/td><\/tr><\/tbody><\/table><\/figure><\/div>\n\t\t\t\t\t\t<\/div>\n\t\t\t\t<\/div>\n\t\t\t\t\t<\/div>\n\t\t\t\t<\/div>\n\t\t<div class=\"elementor-element elementor-element-5072477 e-flex e-con-boxed e-con e-parent\" data-id=\"5072477\" data-element_type=\"container\" data-e-type=\"container\" data-settings=\"{&quot;background_background&quot;:&quot;classic&quot;}\">\n\t\t\t\t\t<div class=\"e-con-inner\">\n\t\t<div class=\"elementor-element elementor-element-62256c1 e-flex e-con-boxed e-con e-child\" data-id=\"62256c1\" data-element_type=\"container\" data-e-type=\"container\">\n\t\t\t\t\t<div class=\"e-con-inner\">\n\t\t\t\t<div class=\"elementor-element elementor-element-4771bce elementor-widget__width-inherit elementor-widget elementor-widget-remons_elementor_heading\" data-id=\"4771bce\" data-element_type=\"widget\" data-e-type=\"widget\" data-widget_type=\"remons_elementor_heading.default\">\n\t\t\t\t<div class=\"elementor-widget-container\">\n\t\t\t\t\t\n\t\t<div class=\"ova-heading\">\n            <div class=\"top-heading\">\n            \t\t\t\t\t\t<div class=\"sub-title-wrapper top\">\n\t\t\t\t\t\t\t\t\t\t\t\t\t<img decoding=\"async\" class=\"sub_pre\" src=\"https:\/\/kingwaycarrental.com\/wp-content\/uploads\/2025\/06\/icon-heading.png\" alt=\"icon heading\" title=\"\">\n\t\t\t\t\t\t\t\t\t\t\t\t\t<p class=\"sub-title\">Nos t\u00e9moignages<\/p>\n\t\t\t\t\t\t\t\t\t\t\t<\/div>\n\t\t\t\t\t\t\t\t\t<div class=\"title-wrapper\" style=\"position: relative;\">\n\t\t\t\t\t\t\t\t\t\t\t\t\t<h2 class=\"title\">Nos Avis Clients<\/h2>\n\t\t\t\t\t\t\t\t\t\t\t<\/div>\n\t\t\t\t            <\/div>\n\n\t\t\t\t\t<\/div>\n\t\t\t\t\t\t<\/div>\n\t\t\t\t<\/div>\n\t\t\t\t\t<\/div>\n\t\t\t\t<\/div>\n\t\t<div class=\"elementor-element elementor-element-9e4f5d7 e-flex e-con-boxed e-con e-child\" data-id=\"9e4f5d7\" data-element_type=\"container\" data-e-type=\"container\">\n\t\t\t\t\t<div class=\"e-con-inner\">\n\t\t<div class=\"elementor-element elementor-element-c492a91 e-con-full e-flex e-con e-child\" data-id=\"c492a91\" data-element_type=\"container\" data-e-type=\"container\">\n\t\t\t\t<div class=\"elementor-element elementor-element-1a60ed4 elementor-widget__width-initial elementor-widget-tablet__width-initial elementor-widget-mobile__width-initial elementor-widget elementor-widget-image\" data-id=\"1a60ed4\" data-element_type=\"widget\" data-e-type=\"widget\" data-widget_type=\"image.default\">\n\t\t\t\t<div class=\"elementor-widget-container\">\n\t\t\t\t\t\t\t\t\t\t\t\t<figure class=\"wp-caption\">\n\t\t\t\t\t\t\t\t\t\t\t<a href=\"https:\/\/maps.app.goo.gl\/sss33XAqoc9H5dZs9\" target=\"_blank\" rel=\"nofollow noopener\">\n\t\t\t\t\t\t\t<img decoding=\"async\" width=\"300\" height=\"156\" src=\"https:\/\/kingwaycarrental.com\/wp-content\/uploads\/2025\/03\/King-Way-Car-Rental-Google-Reviews-1-300x156.png\" class=\"attachment-medium size-medium wp-image-19182\" alt=\"Avis Google sur King Way Car Rental\" srcset=\"https:\/\/kingwaycarrental.com\/wp-content\/uploads\/2025\/03\/King-Way-Car-Rental-Google-Reviews-1-300x156.png 300w, https:\/\/kingwaycarrental.com\/wp-content\/uploads\/2025\/03\/King-Way-Car-Rental-Google-Reviews-1.png 460w\" sizes=\"(max-width: 300px) 100vw, 300px\" title=\"\">\t\t\t\t\t\t\t\t<\/a>\n\t\t\t\t\t\t\t\t\t\t\t<figcaption class=\"widget-image-caption wp-caption-text\">Note moyenne de 5 \u00e9toiles bas\u00e9e sur plus de 720 avis<\/figcaption>\n\t\t\t\t\t\t\t\t\t\t<\/figure>\n\t\t\t\t\t\t\t\t\t<\/div>\n\t\t\t\t<\/div>\n\t\t\t\t<div class=\"elementor-element elementor-element-3f5b4fc elementor-widget__width-initial elementor-widget-tablet__width-initial elementor-widget-mobile__width-initial elementor-widget elementor-widget-image\" data-id=\"3f5b4fc\" data-element_type=\"widget\" data-e-type=\"widget\" data-widget_type=\"image.default\">\n\t\t\t\t<div class=\"elementor-widget-container\">\n\t\t\t\t\t\t\t\t\t\t\t\t<figure class=\"wp-caption\">\n\t\t\t\t\t\t\t\t\t\t\t<a href=\"https:\/\/www.tripadvisor.com\/Attraction_Review-g295424-d33006291-Reviews-King_Way_Car_Rental-Dubai_Emirate_of_Dubai.html\" target=\"_blank\" rel=\"nofollow noopener\">\n\t\t\t\t\t\t\t<img decoding=\"async\" width=\"300\" height=\"156\" src=\"https:\/\/kingwaycarrental.com\/wp-content\/uploads\/2025\/03\/King-Way-Car-Rental-Tripadvisor-Reviews-300x156.png\" class=\"attachment-medium size-medium wp-image-19181\" alt=\"Avis TripAdvisor sur King Way Car Rental\" srcset=\"https:\/\/kingwaycarrental.com\/wp-content\/uploads\/2025\/03\/King-Way-Car-Rental-Tripadvisor-Reviews-300x156.png 300w, https:\/\/kingwaycarrental.com\/wp-content\/uploads\/2025\/03\/King-Way-Car-Rental-Tripadvisor-Reviews.png 460w\" sizes=\"(max-width: 300px) 100vw, 300px\" title=\"\">\t\t\t\t\t\t\t\t<\/a>\n\t\t\t\t\t\t\t\t\t\t\t<figcaption class=\"widget-image-caption wp-caption-text\">Note moyenne de 5 \u00e9toiles bas\u00e9e sur plus de 48 avis<\/figcaption>\n\t\t\t\t\t\t\t\t\t\t<\/figure>\n\t\t\t\t\t\t\t\t\t<\/div>\n\t\t\t\t<\/div>\n\t\t\t\t<\/div>\n\t\t\t\t\t<\/div>\n\t\t\t\t<\/div>\n\t\t\t\t\t<\/div>\n\t\t\t\t<\/div>\n\t\t\t\t<\/div>\n\t\t","protected":false},"excerpt":{"rendered":"<p>La location de BMW S\u00e9rie 7 \u00e0 Duba\u00ef est d\u00e9sormais disponible sans d\u00e9p\u00f4t aupr\u00e8s de nous. Nous vous proposons une offre incontournable pour la location de la BMW S\u00e9rie 7 \u00e0 Duba\u00ef, la berline ultra-luxueuse de grande taille. Et si nous vous offrons \u00e9galement des locations avec kilom\u00e9trage illimit\u00e9 et sans assurance obligatoire ? Dans ce contenu, vous d\u00e9couvrirez de nombreuses caract\u00e9ristiques de nos services et prestations de location de voitures de luxe aux \u00c9mirats arabes unis.<\/p>\n","protected":false},"author":2,"featured_media":19604,"parent":0,"menu_order":0,"comment_status":"closed","ping_status":"closed","template":"elementor_header_footer","meta":{"footnotes":""},"class_list":["post-19603","page","type-page","status-publish","has-post-thumbnail","hentry"],"_links":{"self":[{"href":"https:\/\/kingwaycarrental.com\/fr\/wp-json\/wp\/v2\/pages\/19603","targetHints":{"allow":["GET"]}}],"collection":[{"href":"https:\/\/kingwaycarrental.com\/fr\/wp-json\/wp\/v2\/pages"}],"about":[{"href":"https:\/\/kingwaycarrental.com\/fr\/wp-json\/wp\/v2\/types\/page"}],"author":[{"embeddable":true,"href":"https:\/\/kingwaycarrental.com\/fr\/wp-json\/wp\/v2\/users\/2"}],"replies":[{"embeddable":true,"href":"https:\/\/kingwaycarrental.com\/fr\/wp-json\/wp\/v2\/comments?post=19603"}],"version-history":[{"count":0,"href":"https:\/\/kingwaycarrental.com\/fr\/wp-json\/wp\/v2\/pages\/19603\/revisions"}],"wp:featuredmedia":[{"embeddable":true,"href":"https:\/\/kingwaycarrental.com\/fr\/wp-json\/wp\/v2\/media\/19604"}],"wp:attachment":[{"href":"https:\/\/kingwaycarrental.com\/fr\/wp-json\/wp\/v2\/media?parent=19603"}],"curies":[{"name":"wp","href":"https:\/\/api.w.org\/{rel}","templated":true}]}}