{"id":30518,"date":"2026-05-08T21:35:00","date_gmt":"2026-05-08T21:35:00","guid":{"rendered":"https:\/\/kingwaycarrental.com\/car\/mercedes-cla-250\/"},"modified":"2026-05-12T01:37:33","modified_gmt":"2026-05-12T01:37:33","slug":"mercedes-cla-250","status":"publish","type":"product","link":"https:\/\/kingwaycarrental.com\/es\/car\/mercedes-cla-250\/","title":{"rendered":"Mercedes CLA 250"},"content":{"rendered":"<h2>Alquila un Mercedes-Benz CLA 250 en Dub\u00e1i.<\/h2>\n<p>Cuando decide conducir un coche de lujo por las calles de los Emiratos, la verificaci\u00f3n de la fiabilidad del servicio y los detalles del veh\u00edculo se convierte en un paso esencial para garantizar una experiencia c\u00f3moda. King Way Car Rental ofrece total transparencia, permiti\u00e9ndole revisar todos los detalles del coche antes de la recogida, brind\u00e1ndole total confianza durante la conducci\u00f3n. Si busca elegancia y rendimiento deportivo, la opci\u00f3n de alquilar un Mercedes CLA 250 en Dub\u00e1i es una de las mejores opciones disponibles, que combina dise\u00f1o moderno y tecnolog\u00edas avanzadas. Nos preocupamos por ofrecer una experiencia de reserva fluida y clara, permiti\u00e9ndole disfrutar de la belleza de Dub\u00e1i y sus monumentos tur\u00edsticos al volante de su coche de ensue\u00f1o con total tranquilidad y facilidad.<\/p>\n<h2>\u00bfPor qu\u00e9 los turistas prefieren el Mercedes CLA 250 en alquiler en Dub\u00e1i?<\/h2>\n<p>Los turistas que vienen a los Emiratos prefieren una experiencia de conducci\u00f3n que refleje la vitalidad y modernidad de la ciudad. Aqu\u00ed es donde el Mercedes CLA 250 en alquiler en Dub\u00e1i aparece como una opci\u00f3n inteligente que equilibra el lujo alem\u00e1n y un precio razonable en comparaci\u00f3n con los superdeportivos.<\/p>\n<p>Los visitantes se sienten atra\u00eddos por su elegante dise\u00f1o de berlina que recuerda a un <a href=\"https:\/\/kingwaycarrental.com\/es\/coupe-car-rental-dubai\/\">cup\u00e9<\/a> de cuatro puertas, lo que lo hace ideal para tomar fotos de recuerdo frente al Burj Khalifa o en JBR. Adem\u00e1s, el coche cuenta con un avanzado sistema de navegaci\u00f3n y una interfaz de usuario que admite comandos de voz, ayudando a los turistas a navegar entre los monumentos sin confusi\u00f3n.<\/p>\n<p>Elegir la clase <a href=\"https:\/\/kingwaycarrental.com\/mercedes-benz-cla-rental-dubai\/\">Mercedes-Benz CLA<\/a> le brinda una presencia prestigiosa en hoteles y complejos tur\u00edsticos de lujo, al tiempo que garantiza facilidad de estacionamiento y maniobra en las concurridas calles de Dub\u00e1i con gran flexibilidad. Esto es lo que King Way Car Rental se compromete a proporcionar a sus clientes para garantizar un viaje tur\u00edstico inolvidable.<\/p>\n<h3>Especificaciones del Mercedes CLA 250 que lo convierten en la primera opci\u00f3n para los j\u00f3venes en Dub\u00e1i<\/h3>\n<p>El Mercedes-Benz CLA 250 se dirige al grupo de j\u00f3venes gracias a su esp\u00edritu deportivo y tecnolog\u00edas que se alinean con el estilo de vida moderno de Dub\u00e1i. Su atractivo se puede resumir en los siguientes puntos:<\/p>\n<ul>\n<li>El potente motor turbo de 2,0 litros que genera una aceleraci\u00f3n que le da la emoci\u00f3n necesaria en carreteras r\u00e1pidas como la Sheikh Zayed Road.<\/li>\n<li>El sistema de iluminaci\u00f3n ambiental en el interior del habit\u00e1culo que le permite elegir entre 64 colores diferentes para adaptarse a su estado de \u00e1nimo durante la conducci\u00f3n nocturna.<\/li>\n<li>Las dobles pantallas digitales que muestran la informaci\u00f3n con total claridad y admiten sistemas de tel\u00e9fonos inteligentes de forma inal\u00e1mbrica y directa.<\/li>\n<li>El dise\u00f1o exterior agresivo con llantas de aleaci\u00f3n deportivas que dan una impresi\u00f3n de fuerza y distinci\u00f3n entre sus pares.<\/li>\n<li>Los c\u00f3modos asientos deportivos que brindan un soporte corporal ideal durante los largos viajes a zonas monta\u00f1osas o playas lejanas.<\/li>\n<\/ul>\n<h3>Tecnolog\u00edas de seguridad del Mercedes-Benz CLA 250 y su idoneidad para las carreteras de Dub\u00e1i<\/h3>\n<p>La seguridad al conducir es una prioridad absoluta cuando se considera el alquiler de un Mercedes CLA 250 en Dub\u00e1i, ya que el coche est\u00e1 cargado con un paquete de sistemas de seguridad inteligentes que manejan eficientemente las altas velocidades en las carreteras. El coche incluye un sistema activo de asistencia de frenado que predice colisiones inminentes y un sistema de mantenimiento de carril que alerta al conductor en caso de falta de atenci\u00f3n. Estas caracter\u00edsticas son muy necesarias cuando se conduce largas distancias entre Dub\u00e1i y Abu Dabi.<\/p>\n<p>Las c\u00e1maras de visi\u00f3n trasera y los sensores perimetrales proporcionan una visi\u00f3n completa que le ayuda a evitar los \u00e1ngulos muertos en m\u00faltiples carriles. Estas tecnolog\u00edas hacen que conducir el Mercedes-Benz CLA 250 sea una experiencia completamente segura incluso para aquellos que visitan Dub\u00e1i por primera vez y no est\u00e1n familiarizados con la naturaleza del flujo de tr\u00e1fico r\u00e1pido, reduciendo significativamente la probabilidad de accidentes menores.<\/p>\n<h3>\u00bfCu\u00e1ntos kil\u00f3metros recorre el Mercedes-Benz CLA 250 con un litro de combustible?<\/h3>\n<p>Econ\u00f3micamente, el <a href=\"https:\/\/kingwaycarrental.com\/es\/rent-mercedes-in-dubai\/\">Mercedes-Benz CLA<\/a> 250 sobresale en la eficiencia del consumo de combustible a pesar de su rendimiento deportivo, algo que los arrendatarios buscan para ahorrar en costos adicionales. En promedio, el coche recorre una distancia de hasta 14 o 15 kil\u00f3metros por litro de gasolina, gracias a la transmisi\u00f3n autom\u00e1tica de 7 u 8 velocidades que mejora la eficiencia del motor.<\/p>\n<p>En la conducci\u00f3n urbana que requiere paradas frecuentes, el inteligente sistema de arranque y parada ayuda a reducir el desperdicio, mientras que en carreteras abiertas, el coche se vuelve muy eficiente gracias a su alta aerodin\u00e1mica que reduce la resistencia al viento. Esta eficiencia lo convierte en una opci\u00f3n ideal para aquellos que desean explorar cada rinc\u00f3n de los Emiratos sin preocuparse constantemente por el n\u00famero de visitas a la estaci\u00f3n de servicio, aumentando su valor como coche pr\u00e1ctico y lujoso al mismo tiempo.<\/p>\n<p>Si desea experimentar la conducci\u00f3n de este veh\u00edculo compacto que combina car\u00e1cter deportivo, lujoso y juvenil, cont\u00e1ctenos a trav\u00e9s de nuestros canales de comunicaci\u00f3n. Tenga la seguridad de que le ofreceremos el mejor precio posible para el paquete de alquiler y sin dep\u00f3sito obligatorio.<\/p>\n<h2>Preguntas frecuentes<\/h2>\n<div id=\"rank-math-rich-snippet-wrapper\"><div id=\"rank-math-faq\" class=\"rank-math-block\">\n<div class=\"rank-math-list \">\n<div id=\"faq-1\" class=\"rank-math-list-item\">\n<h3 class=\"rank-math-question \">\u00bfEst\u00e1 disponible el servicio de entrega del coche al hotel o al aeropuerto?<\/h3>\n<div class=\"rank-math-answer \">\n\n<p>S\u00ed, ofrecemos un servicio de entrega y recogida del coche en cualquier lugar de Dub\u00e1i, incluido el Aeropuerto Internacional de Dub\u00e1i y los hoteles de Palm, para ahorrar tiempo y esfuerzo a nuestros clientes.<\/p>\n\n<\/div>\n<\/div>\n<div id=\"faq-2\" class=\"rank-math-list-item\">\n<h3 class=\"rank-math-question \">\u00bfQu\u00e9 tipo de combustible utiliza esta clase de Mercedes?<\/h3>\n<div class=\"rank-math-answer \">\n\n<p>El coche utiliza principalmente gasolina Premium 98 para garantizar el mejor rendimiento del motor turbo y mantener la eficiencia de combusti\u00f3n y la velocidad requerida.<\/p>\n\n<\/div>\n<\/div>\n<div id=\"faq-3\" class=\"rank-math-list-item\">\n<h3 class=\"rank-math-question \">\u00bfPueden dos personas conducir el coche con un solo contrato de alquiler?<\/h3>\n<div class=\"rank-math-answer \">\n\n<p>Se puede a\u00f1adir un conductor adicional al contrato de alquiler, siempre que se proporcionen los documentos oficiales requeridos (permiso de conducir y documento de identidad) para ambos, para garantizar la cobertura legal completa durante la conducci\u00f3n.<\/p>\n\n<\/div>\n<\/div>\n<\/div>\n<\/div><\/div>\n","protected":false},"excerpt":{"rendered":"<p>Disfrute del lujo con el <a href=\"https:\/\/kingwaycarrental.com\/rent-mercedes-cla-250-in-dubai\/\">Mercedes CLA 250 en alquiler en Dub\u00e1i<\/a>. Descubra las especificaciones, la eficiencia de combustible y las tecnolog\u00edas de seguridad con la empresa King Way. Reserve su coche ahora para una experiencia de conducci\u00f3n divertida y segura.<\/p>\n","protected":false},"featured_media":24965,"comment_status":"open","ping_status":"closed","template":"","meta":[],"product_brand":[1299],"product_cat":[1306,1113,1057,1021,1032,1033,981],"product_tag":[1086,1064,1065,1066],"class_list":{"0":"post-30518","1":"product","2":"type-product","3":"status-publish","4":"has-post-thumbnail","6":"product_brand-mercedes","7":"product_cat-mercedes","8":"product_cat-coupe-cars","9":"product_cat-sedan-cars","10":"product_cat-mercedes-benz-cla","11":"product_cat-mercedes-c-class","12":"product_cat-mercedes-cla-250","13":"product_cat-all-cars","14":"product_tag-dubai-car-rental-es","15":"product_tag-king-way-car-rental-es","16":"product_tag-rent-a-car-in-dubai-es","17":"product_tag-----es","19":"first","20":"instock","21":"featured","22":"taxable","23":"shipping-taxable","24":"purchasable","25":"product-type-ovabrw_car_rental"},"_links":{"self":[{"href":"https:\/\/kingwaycarrental.com\/es\/wp-json\/wp\/v2\/product\/30518","targetHints":{"allow":["GET"]}}],"collection":[{"href":"https:\/\/kingwaycarrental.com\/es\/wp-json\/wp\/v2\/product"}],"about":[{"href":"https:\/\/kingwaycarrental.com\/es\/wp-json\/wp\/v2\/types\/product"}],"replies":[{"embeddable":true,"href":"https:\/\/kingwaycarrental.com\/es\/wp-json\/wp\/v2\/comments?post=30518"}],"version-history":[{"count":0,"href":"https:\/\/kingwaycarrental.com\/es\/wp-json\/wp\/v2\/product\/30518\/revisions"}],"wp:featuredmedia":[{"embeddable":true,"href":"https:\/\/kingwaycarrental.com\/es\/wp-json\/wp\/v2\/media\/24965"}],"wp:attachment":[{"href":"https:\/\/kingwaycarrental.com\/es\/wp-json\/wp\/v2\/media?parent=30518"}],"wp:term":[{"taxonomy":"product_brand","embeddable":true,"href":"https:\/\/kingwaycarrental.com\/es\/wp-json\/wp\/v2\/product_brand?post=30518"},{"taxonomy":"product_cat","embeddable":true,"href":"https:\/\/kingwaycarrental.com\/es\/wp-json\/wp\/v2\/product_cat?post=30518"},{"taxonomy":"product_tag","embeddable":true,"href":"https:\/\/kingwaycarrental.com\/es\/wp-json\/wp\/v2\/product_tag?post=30518"}],"curies":[{"name":"wp","href":"https:\/\/api.w.org\/{rel}","templated":true}]}}