{"id":30289,"date":"2026-03-28T23:10:14","date_gmt":"2026-03-28T23:10:14","guid":{"rendered":"https:\/\/kingwaycarrental.com\/car\/rolls-royce-cullinan\/"},"modified":"2026-03-29T15:07:33","modified_gmt":"2026-03-29T15:07:33","slug":"rolls-royce-cullinan","status":"publish","type":"product","link":"https:\/\/kingwaycarrental.com\/es\/car\/rolls-royce-cullinan\/","title":{"rendered":"Rolls-Royce Cullinan"},"content":{"rendered":"<h2>\u00bfPor qu\u00e9 alquilar un Rolls Royce Cullinan en Dub\u00e1i?<\/h2>\n<p>Ya sea que planee asistir a un gran evento o desee explorar los monumentos de Dub\u00e1i con un estilo lujoso, nuestros servicios le garantizan total transparencia y facilidad en los procedimientos de reserva, haciendo de sus desplazamientos por los Emiratos un viaje real atemporal que refleja su gusto refinado y su estatus prestigioso. Su elecci\u00f3n del Rolls-Royce Cullinan ser\u00e1 absolutamente acertada para convertirse en una estrella en la carretera.<\/p>\n<h2>Ventajas del Rolls Royce Cullinan en alquiler en Dub\u00e1i<\/h2>\n<p>El Rolls Royce Cullinan en alquiler en Dub\u00e1i es la primera opci\u00f3n para quienes buscan potencia de motor y una presencia prestigiosa. No es solo un <a href=\"https:\/\/kingwaycarrental.com\/es\/suv-car-rental-dubai\/\">SUV de lujo en alquiler<\/a>; es la cima de la ingenier\u00eda brit\u00e1nica. El Rolls-Royce Cullinan est\u00e1 equipado con un motor V12 biturbo de 6,75 litros, que le ofrece un rendimiento extremadamente suave en todas las carreteras de los Emiratos. King Way se ha asegurado de proporcionar una amplia flota de <a href=\"https:\/\/kingwaycarrental.com\/es\/rent-rolls-royce-in-dubai\/\">coches Rolls Royce en alquiler<\/a>, incluido este icono \u00abCullinan\u00bb, con especificaciones especiales que le garantizan distinci\u00f3n y confort absoluto. Debido a que nos preocupamos por ofrecer un precio especial acorde al valor de esta experiencia, le aclaramos las caracter\u00edsticas que lo hacen \u00fanico:<\/p>\n<ol>\n<li>Sistema de tracci\u00f3n total inteligente que se adapta a los diferentes tipos de terreno, ya sea en la ciudad o en carreteras des\u00e9rticas pavimentadas.<\/li>\n<li>Tecnolog\u00eda Magic Carpet Ride que garantiza el aislamiento completo de los pasajeros de cualquier vibraci\u00f3n causada por las imperfecciones de la carretera.<\/li>\n<li>Sistema de visi\u00f3n nocturna avanzado que ayuda al conductor a detectar peatones y animales en condiciones de poca luz.<\/li>\n<li>Puertas traseras que se abren al rev\u00e9s para facilitar la entrada y salida con cierre autom\u00e1tico al pulsar un bot\u00f3n.<\/li>\n<li>C\u00e1maras de 360 grados con un sistema de asistencia avanzado para aparcar el coche en espacios reducidos con extrema precisi\u00f3n.<\/li>\n<\/ol>\n<h2>La diferencia entre el Rolls Royce Cullinan y otros coches de lujo en alquiler<\/h2>\n<p>Cuando compara el Rolls Royce Cullinan en alquiler en Dub\u00e1i con sus competidores, descubrir\u00e1 que la diferencia reside en los detalles finos y la privacidad que ning\u00fan otro coche ofrece. Mientras que otros veh\u00edculos utilitarios deportivos se centran en la velocidad, el Rolls-Royce Cullinan se centra en el lujo silencioso y una presencia imponente que llama la atenci\u00f3n sin esfuerzo. Ofrecemos esta experiencia con la ventaja del alquiler sin seguro\/dep\u00f3sito para facilitar los procedimientos a los hombres de negocios y turistas que buscan lujo sin complicaciones financieras. Estas son las diferencias fundamentales que lo sit\u00faan a la cabeza de la lista:<\/p>\n<ul>\n<li>Aislamiento ac\u00fastico superior que hace que el habit\u00e1culo est\u00e9 completamente silencioso incluso cuando se conduce a alta velocidad por las calles de Dub\u00e1i.<\/li>\n<li>La calidad de los materiales utilizados, desde cueros naturales hasta maderas raras, seleccionados y acabados a mano con gran cuidado.<\/li>\n<li>El tama\u00f1o masivo y el interior espacioso que superan a la mayor\u00eda de los coches de la categor\u00eda de SUV de lujo.<\/li>\n<li>Suspensi\u00f3n neum\u00e1tica proactiva que lee la carretera que tiene delante y se ajusta inmediatamente para el confort de los pasajeros.<\/li>\n<li>La posibilidad de solicitar el servicio con un <a href=\"https:\/\/kingwaycarrental.com\/es\/chauffeur-service-dubai\/\">conductor privado profesional<\/a> que domina el arte de la hospitalidad y el trato refinado con personalidades importantes.<\/li>\n<\/ul>\n<h3>Caracter\u00edsticas del habit\u00e1culo real del Rolls Royce Cullinan para viajes largos<\/h3>\n<p>Los viajes largos entre los emiratos se convierten en una agradable excursi\u00f3n gracias al habit\u00e1culo del Rolls-Royce Cullinan que recuerda a los salones de los palacios lujosos. Los asientos est\u00e1n dise\u00f1ados para proporcionar un soporte completo del cuerpo con funciones de masaje y calefacci\u00f3n, lo que los hace ideales para quienes solicitan el servicio Cullinan con un conductor privado para concentrarse en su trabajo durante el viaje. La entrega gratuita del coche a su lugar de residencia tambi\u00e9n est\u00e1 disponible para que pueda comenzar su viaje con total comodidad. Para garantizar una experiencia real integrada, el habit\u00e1culo ofrece las siguientes caracter\u00edsticas:<\/p>\n<ol>\n<li>Sistema de entretenimiento trasero avanzado con pantallas t\u00e1ctiles de alta resoluci\u00f3n que permiten controlar la navegaci\u00f3n y los contenidos multimedia.<\/li>\n<li>Un peque\u00f1o frigor\u00edfico integrado para mantener las bebidas fr\u00edas con copas de cristal que a\u00f1aden un toque de elegancia y sofisticaci\u00f3n.<\/li>\n<li>Un techo de fibra \u00f3ptica que imita la apariencia de las estrellas en el cielo, creando una atm\u00f3sfera m\u00e1gica dentro del coche por la noche.<\/li>\n<li>Mesitas traseras plegables el\u00e9ctricamente que pueden utilizarse como espacio de trabajo o para un peque\u00f1o tentempi\u00e9 durante el viaje.<\/li>\n<li>Aire acondicionado autom\u00e1tico de cuatro zonas que garantiza una distribuci\u00f3n precisa del calor y el frescor a cada pasajero seg\u00fan su preferencia personal.<\/li>\n<\/ol>\n<h2>Preguntas frecuentes<\/h2>\n<div id=\"rank-math-rich-snippet-wrapper\"><div id=\"rank-math-faq\" class=\"rank-math-block\">\n<div class=\"rank-math-list \">\n<div id=\"faq-1\" class=\"rank-math-list-item\">\n<h3 class=\"rank-math-question \">\u00bfEst\u00e1 disponible el servicio de asistencia en carretera las 24 horas para el coche Rolls Royce?<\/h3>\n<div class=\"rank-math-answer \">\n\n<p>S\u00ed, proporcionamos soporte t\u00e9cnico integrado y asistencia inmediata en carretera en todos los Emiratos, para garantizar la continuidad de su viaje sin demoras en caso de que se encuentre con una peque\u00f1a emergencia t\u00e9cnica.<\/p>\n\n<\/div>\n<\/div>\n<div id=\"faq-2\" class=\"rank-math-list-item\">\n<h3 class=\"rank-math-question \">\u00bfCu\u00e1l es la pol\u00edtica sobre el lavado y la preparaci\u00f3n del coche antes de la recogida?<\/h3>\n<div class=\"rank-math-answer \">\n\n<p>El Rolls Royce Cullinan se entrega en condiciones absolutamente perfectas, tras haber sido sometido a una limpieza y desinfecci\u00f3n completa del habit\u00e1culo y un pulido de la carrocer\u00eda exterior, para garantizarle un veh\u00edculo digno de su estatus social.<\/p>\n\n<\/div>\n<\/div>\n<div id=\"faq-3\" class=\"rank-math-list-item\">\n<h3 class=\"rank-math-question \">\u00bfSe puede alquilar el Rolls Royce Cullinan solo para sesiones fotogr\u00e1ficas y publicidad?<\/h3>\n<div class=\"rank-math-answer \">\n\n<p>Por supuesto, ofrecemos paquetes dedicados al sector de la producci\u00f3n y la fotograf\u00eda, donde puede alquilar el coche con fines art\u00edsticos o comerciales en condiciones flexibles que le garantizan obtener las mejores tomas con este icono de lujo.<\/p>\n\n<\/div>\n<\/div>\n<\/div>\n<\/div><\/div>\n","protected":false},"excerpt":{"rendered":"<p>Cuando piensa en el lujo absoluto digno de las calles de la Ciudad del Oro, la b\u00fasqueda de un <a href=\"https:\/\/kingwaycarrental.com\/es\/rolls-royce-cullinan-rental-dubai\/\">Rolls Royce Cullinan en alquiler en Dub\u00e1i<\/a> le sit\u00faa ante una experiencia de conducci\u00f3n inigualable que combina poder real y confort supremo. En King Way Car Rental, entendemos las aspiraciones de nuestros clientes hacia la excelencia; por lo tanto, proporcionamos una flota de esta obra maestra que se somete a una inspecci\u00f3n meticulosa de los detalles de propiedad y el estado del veh\u00edculo para garantizar los m\u00e1s altos niveles de seguridad y privacidad.<\/p>\n","protected":false},"featured_media":30276,"comment_status":"open","ping_status":"closed","template":"","meta":[],"product_brand":[],"product_cat":[1047,1026,1048,1054,981],"product_tag":[1063,1065],"class_list":{"0":"post-30289","1":"product","2":"type-product","3":"status-publish","4":"has-post-thumbnail","6":"product_cat-rolls-royce","7":"product_cat-luxury-cars","8":"product_cat-suv-cars","9":"product_cat-rolls-royce-cullinan","10":"product_cat-all-cars","11":"product_tag-car-rental-es","12":"product_tag-rent-a-car-in-dubai-es","14":"first","15":"instock","16":"featured","17":"taxable","18":"shipping-taxable","19":"purchasable","20":"product-type-ovabrw_car_rental"},"_links":{"self":[{"href":"https:\/\/kingwaycarrental.com\/es\/wp-json\/wp\/v2\/product\/30289","targetHints":{"allow":["GET"]}}],"collection":[{"href":"https:\/\/kingwaycarrental.com\/es\/wp-json\/wp\/v2\/product"}],"about":[{"href":"https:\/\/kingwaycarrental.com\/es\/wp-json\/wp\/v2\/types\/product"}],"replies":[{"embeddable":true,"href":"https:\/\/kingwaycarrental.com\/es\/wp-json\/wp\/v2\/comments?post=30289"}],"version-history":[{"count":0,"href":"https:\/\/kingwaycarrental.com\/es\/wp-json\/wp\/v2\/product\/30289\/revisions"}],"wp:featuredmedia":[{"embeddable":true,"href":"https:\/\/kingwaycarrental.com\/es\/wp-json\/wp\/v2\/media\/30276"}],"wp:attachment":[{"href":"https:\/\/kingwaycarrental.com\/es\/wp-json\/wp\/v2\/media?parent=30289"}],"wp:term":[{"taxonomy":"product_brand","embeddable":true,"href":"https:\/\/kingwaycarrental.com\/es\/wp-json\/wp\/v2\/product_brand?post=30289"},{"taxonomy":"product_cat","embeddable":true,"href":"https:\/\/kingwaycarrental.com\/es\/wp-json\/wp\/v2\/product_cat?post=30289"},{"taxonomy":"product_tag","embeddable":true,"href":"https:\/\/kingwaycarrental.com\/es\/wp-json\/wp\/v2\/product_tag?post=30289"}],"curies":[{"name":"wp","href":"https:\/\/api.w.org\/{rel}","templated":true}]}}