{"id":30208,"date":"2026-03-28T01:56:53","date_gmt":"2026-03-28T01:56:53","guid":{"rendered":"https:\/\/kingwaycarrental.com\/?post_type=product&#038;p=30208"},"modified":"2026-04-12T00:52:25","modified_gmt":"2026-04-12T00:52:25","slug":"kia-sportage-green","status":"publish","type":"product","link":"https:\/\/kingwaycarrental.com\/es\/car\/kia-sportage-green\/","title":{"rendered":"Kia Sportage"},"content":{"rendered":"","protected":false},"excerpt":{"rendered":"<p><a href=\"https:\/\/kingwaycarrental.com\/es\/car\/kia-sportage-rental-dubai\/\">Alquile el Kia Sportage<\/a> de nueva generaci\u00f3n en el llamativo color verde, el \u00faltimo modelo 2026 en Dub\u00e1i, a un precio irresistible. Obtenga kilometraje ilimitado en su paquete de alquiler y entrega gratuita dondequiera que est\u00e9. Explore los Emiratos con un presupuesto bajo.<\/p>\n<div id=\"gtx-trans\" style=\"position: absolute; left: 282px; top: 54px;\">\n<div class=\"gtx-trans-icon\"><\/div>\n<\/div>\n","protected":false},"featured_media":30253,"comment_status":"open","ping_status":"closed","template":"","meta":[],"product_brand":[],"product_cat":[1004,1048,981],"product_tag":[1063,1064,1065,1066],"class_list":{"0":"post-30208","1":"product","2":"type-product","3":"status-publish","4":"has-post-thumbnail","6":"product_cat-kia","7":"product_cat-suv-cars","8":"product_cat-all-cars","9":"product_tag-car-rental-es","10":"product_tag-king-way-car-rental-es","11":"product_tag-rent-a-car-in-dubai-es","12":"product_tag-----es","14":"first","15":"instock","16":"featured","17":"taxable","18":"shipping-taxable","19":"purchasable","20":"product-type-ovabrw_car_rental"},"_links":{"self":[{"href":"https:\/\/kingwaycarrental.com\/es\/wp-json\/wp\/v2\/product\/30208","targetHints":{"allow":["GET"]}}],"collection":[{"href":"https:\/\/kingwaycarrental.com\/es\/wp-json\/wp\/v2\/product"}],"about":[{"href":"https:\/\/kingwaycarrental.com\/es\/wp-json\/wp\/v2\/types\/product"}],"replies":[{"embeddable":true,"href":"https:\/\/kingwaycarrental.com\/es\/wp-json\/wp\/v2\/comments?post=30208"}],"version-history":[{"count":0,"href":"https:\/\/kingwaycarrental.com\/es\/wp-json\/wp\/v2\/product\/30208\/revisions"}],"wp:featuredmedia":[{"embeddable":true,"href":"https:\/\/kingwaycarrental.com\/es\/wp-json\/wp\/v2\/media\/30253"}],"wp:attachment":[{"href":"https:\/\/kingwaycarrental.com\/es\/wp-json\/wp\/v2\/media?parent=30208"}],"wp:term":[{"taxonomy":"product_brand","embeddable":true,"href":"https:\/\/kingwaycarrental.com\/es\/wp-json\/wp\/v2\/product_brand?post=30208"},{"taxonomy":"product_cat","embeddable":true,"href":"https:\/\/kingwaycarrental.com\/es\/wp-json\/wp\/v2\/product_cat?post=30208"},{"taxonomy":"product_tag","embeddable":true,"href":"https:\/\/kingwaycarrental.com\/es\/wp-json\/wp\/v2\/product_tag?post=30208"}],"curies":[{"name":"wp","href":"https:\/\/api.w.org\/{rel}","templated":true}]}}