{"id":29853,"date":"2026-03-21T23:31:55","date_gmt":"2026-03-21T23:31:55","guid":{"rendered":"https:\/\/kingwaycarrental.com\/car\/porsche-911-black\/"},"modified":"2026-03-22T01:40:19","modified_gmt":"2026-03-22T01:40:19","slug":"porsche-911-black","status":"publish","type":"product","link":"https:\/\/kingwaycarrental.com\/es\/car\/porsche-911-black\/","title":{"rendered":"Porsche 911 Carrera"},"content":{"rendered":"<h2>Alquiler de Porsche 911 Carrera en Dub\u00e1i<\/h2>\n<p>Obtenga su coche de ensue\u00f1o favorito, el <a href=\"https:\/\/kingwaycarrental.com\/es\/?attachment_id=25335\">Porsche 911 en alquiler en Dub\u00e1i<\/a>, a un precio econ\u00f3mico. El superdeportivo Porsche 911 Carrera est\u00e1 disponible en King Way Car Rental en Dub\u00e1i con kilometraje ilimitado. Le ofrecemos el alquiler de un superdeportivo en Dub\u00e1i sin pago inicial. Y debido a que ofrecemos el mejor servicio de alquiler de coches en Dub\u00e1i, con un amplio mercado de coches, no le imponemos ning\u00fan seguro. Con nosotros, saldr\u00e1 a la carretera con confianza y tranquilidad. Con nosotros, conducir\u00e1 su coche deportivo con tranquilidad. No pensar\u00e1 mucho en nada que pueda privarle de disfrutar de su viaje. Le ofrecemos comodidad y lujo juntos a trav\u00e9s de nuestros servicios distinguidos. Disfrute de su viaje en Dub\u00e1i con nosotros.<\/p>\n<h3>Pasos para Alquilar un Porsche 911 Carrera en Dub\u00e1i<\/h3>\n<p>Alquilar un Porsche 911 Carrera en Dub\u00e1i a trav\u00e9s de nuestra plataforma es muy f\u00e1cil y se realiza en unos sencillos pasos. Todo lo que tiene que hacer es visitar nuestro sitio web oficial KingWayCarRental.com, elegir el Porsche 911 Carrera de nuestra flota m\u00e1s grande de <a href=\"https:\/\/kingwaycarrental.com\/rent-porsche-in-dubai\/\">alquiler de coches Porsche en Dub\u00e1i<\/a>, rellenar el formulario de reserva en l\u00ednea y enviar su solicitud. Nuestro equipo especializado le atender\u00e1 directamente, o cont\u00e1ctenos por tel\u00e9fono o WhatsApp y nuestro servicio al cliente le ayudar\u00e1.<\/p>\n","protected":false},"excerpt":{"rendered":"<p><a href=\"https:\/\/kingwaycarrental.com\/es\/sports-car-rental-dubai\/\">Alquilar un coche deportivo en Dub\u00e1i<\/a> es algo que muchos desean, pero alquilar un Porsche 911 Carrera en Dub\u00e1i es a\u00fan m\u00e1s atractivo, ya que los entusiastas de Porsche en todo el mundo no son comunes. El Porsche alem\u00e1n es conocido por su buena reputaci\u00f3n y ha demostrado su val\u00eda a lo largo de los a\u00f1os. Es un coche con un car\u00e1cter deportivo lujoso y atractivo, con un dise\u00f1o brillante. Adem\u00e1s, es un coche que llama la atenci\u00f3n cuando se conduce. Por lo tanto, la empresa King Way le ofrece este superdeportivo al mejor precio.<\/p>\n","protected":false},"featured_media":22426,"comment_status":"open","ping_status":"closed","template":"","meta":[],"product_brand":[],"product_cat":[1036,1113,1060,1046,981],"product_tag":[1063,1065],"class_list":{"0":"post-29853","1":"product","2":"type-product","3":"status-publish","4":"has-post-thumbnail","6":"product_cat-porsche","7":"product_cat-coupe-cars","8":"product_cat-sports-cars","9":"product_cat-porsche-911","10":"product_cat-all-cars","11":"product_tag-car-rental-es","12":"product_tag-rent-a-car-in-dubai-es","14":"first","15":"instock","16":"featured","17":"taxable","18":"shipping-taxable","19":"purchasable","20":"product-type-ovabrw_car_rental"},"_links":{"self":[{"href":"https:\/\/kingwaycarrental.com\/es\/wp-json\/wp\/v2\/product\/29853","targetHints":{"allow":["GET"]}}],"collection":[{"href":"https:\/\/kingwaycarrental.com\/es\/wp-json\/wp\/v2\/product"}],"about":[{"href":"https:\/\/kingwaycarrental.com\/es\/wp-json\/wp\/v2\/types\/product"}],"replies":[{"embeddable":true,"href":"https:\/\/kingwaycarrental.com\/es\/wp-json\/wp\/v2\/comments?post=29853"}],"version-history":[{"count":0,"href":"https:\/\/kingwaycarrental.com\/es\/wp-json\/wp\/v2\/product\/29853\/revisions"}],"wp:featuredmedia":[{"embeddable":true,"href":"https:\/\/kingwaycarrental.com\/es\/wp-json\/wp\/v2\/media\/22426"}],"wp:attachment":[{"href":"https:\/\/kingwaycarrental.com\/es\/wp-json\/wp\/v2\/media?parent=29853"}],"wp:term":[{"taxonomy":"product_brand","embeddable":true,"href":"https:\/\/kingwaycarrental.com\/es\/wp-json\/wp\/v2\/product_brand?post=29853"},{"taxonomy":"product_cat","embeddable":true,"href":"https:\/\/kingwaycarrental.com\/es\/wp-json\/wp\/v2\/product_cat?post=29853"},{"taxonomy":"product_tag","embeddable":true,"href":"https:\/\/kingwaycarrental.com\/es\/wp-json\/wp\/v2\/product_tag?post=29853"}],"curies":[{"name":"wp","href":"https:\/\/api.w.org\/{rel}","templated":true}]}}