{"id":28615,"date":"2026-03-17T20:39:10","date_gmt":"2026-03-17T20:39:10","guid":{"rendered":"https:\/\/kingwaycarrental.com\/?post_type=product&#038;p=28615"},"modified":"2026-03-21T23:51:21","modified_gmt":"2026-03-21T23:51:21","slug":"chevrolet-captiva-premier","status":"publish","type":"product","link":"https:\/\/kingwaycarrental.com\/es\/car\/chevrolet-captiva-premier\/","title":{"rendered":"Chevrolet Captiva Premier"},"content":{"rendered":"","protected":false},"excerpt":{"rendered":"<p>Emb\u00e1rcate en un viaje familiar con un econ\u00f3mico veh\u00edculo 4&#215;4 de 7 plazas a trav\u00e9s de King Way. Te ofrecemos el <a href=\"https:\/\/kingwaycarrental.com\/es\/rent-chevrolet-captiva-dubai\/\">alquiler de un Chevrolet Captiva<\/a> Premier de nueva generaci\u00f3n en color gris en Dub\u00e1i a un precio especial. Explora los Emiratos y mu\u00e9vete libremente entre cada emirato a los costes m\u00e1s bajos. \u00a1Cont\u00e1ctanos para reservar tu coche y recibe tu regalo!<\/p>\n<div id=\"gtx-trans\" style=\"position: absolute; left: 1020px; top: 38px;\">\n<div class=\"gtx-trans-icon\"><\/div>\n<\/div>\n","protected":false},"featured_media":28653,"comment_status":"open","ping_status":"closed","template":"","meta":[],"product_brand":[],"product_cat":[997,980,1008,1048,1235,981],"product_tag":[1063,1065],"class_list":{"0":"post-28615","1":"product","2":"type-product","3":"status-publish","4":"has-post-thumbnail","6":"product_cat-chevrolet","7":"product_cat-7-seater-car-rental","8":"product_cat-economy-cars","9":"product_cat-suv-cars","10":"product_cat-chevrolet-captiva","11":"product_cat-all-cars","12":"product_tag-car-rental-es","13":"product_tag-rent-a-car-in-dubai-es","15":"first","16":"instock","17":"featured","18":"taxable","19":"shipping-taxable","20":"purchasable","21":"product-type-ovabrw_car_rental"},"_links":{"self":[{"href":"https:\/\/kingwaycarrental.com\/es\/wp-json\/wp\/v2\/product\/28615","targetHints":{"allow":["GET"]}}],"collection":[{"href":"https:\/\/kingwaycarrental.com\/es\/wp-json\/wp\/v2\/product"}],"about":[{"href":"https:\/\/kingwaycarrental.com\/es\/wp-json\/wp\/v2\/types\/product"}],"replies":[{"embeddable":true,"href":"https:\/\/kingwaycarrental.com\/es\/wp-json\/wp\/v2\/comments?post=28615"}],"version-history":[{"count":0,"href":"https:\/\/kingwaycarrental.com\/es\/wp-json\/wp\/v2\/product\/28615\/revisions"}],"wp:featuredmedia":[{"embeddable":true,"href":"https:\/\/kingwaycarrental.com\/es\/wp-json\/wp\/v2\/media\/28653"}],"wp:attachment":[{"href":"https:\/\/kingwaycarrental.com\/es\/wp-json\/wp\/v2\/media?parent=28615"}],"wp:term":[{"taxonomy":"product_brand","embeddable":true,"href":"https:\/\/kingwaycarrental.com\/es\/wp-json\/wp\/v2\/product_brand?post=28615"},{"taxonomy":"product_cat","embeddable":true,"href":"https:\/\/kingwaycarrental.com\/es\/wp-json\/wp\/v2\/product_cat?post=28615"},{"taxonomy":"product_tag","embeddable":true,"href":"https:\/\/kingwaycarrental.com\/es\/wp-json\/wp\/v2\/product_tag?post=28615"}],"curies":[{"name":"wp","href":"https:\/\/api.w.org\/{rel}","templated":true}]}}