{"id":28514,"date":"2026-03-16T20:17:36","date_gmt":"2026-03-16T20:17:36","guid":{"rendered":"https:\/\/kingwaycarrental.com\/?post_type=product&#038;p=28514"},"modified":"2026-03-21T22:10:57","modified_gmt":"2026-03-21T22:10:57","slug":"kia-sportage-grey","status":"publish","type":"product","link":"https:\/\/kingwaycarrental.com\/es\/car\/kia-sportage-grey\/","title":{"rendered":"Kia Sportage"},"content":{"rendered":"","protected":false},"excerpt":{"rendered":"<p>Disfruta de un viaje econ\u00f3mico <a href=\"https:\/\/kingwaycarrental.com\/es\/car\/kia-sportage-rental-dubai\/\">alquilando un Kia Sportage<\/a> de nueva generaci\u00f3n en color gris en Dub\u00e1i a las mejores tarifas. Descubre Dub\u00e1i con un 4&#215;4 asequible y disfruta de descuentos exclusivos, entrega gratuita y kilometraje ilimitado. Cont\u00e1ctanos hoy y reserva tu coche sin dep\u00f3sito de garant\u00eda.<\/p>\n<div id=\"gtx-trans\" style=\"position: absolute; left: 413px; top: 38px;\">\n<div class=\"gtx-trans-icon\"><\/div>\n<\/div>\n","protected":false},"featured_media":28566,"comment_status":"open","ping_status":"closed","template":"","meta":[],"product_brand":[],"product_cat":[1004,1048,981],"product_tag":[1063,1064,1065,1066],"class_list":{"0":"post-28514","1":"product","2":"type-product","3":"status-publish","4":"has-post-thumbnail","6":"product_cat-kia","7":"product_cat-suv-cars","8":"product_cat-all-cars","9":"product_tag-car-rental-es","10":"product_tag-king-way-car-rental-es","11":"product_tag-rent-a-car-in-dubai-es","12":"product_tag-----es","14":"first","15":"instock","16":"featured","17":"taxable","18":"shipping-taxable","19":"purchasable","20":"product-type-ovabrw_car_rental"},"_links":{"self":[{"href":"https:\/\/kingwaycarrental.com\/es\/wp-json\/wp\/v2\/product\/28514","targetHints":{"allow":["GET"]}}],"collection":[{"href":"https:\/\/kingwaycarrental.com\/es\/wp-json\/wp\/v2\/product"}],"about":[{"href":"https:\/\/kingwaycarrental.com\/es\/wp-json\/wp\/v2\/types\/product"}],"replies":[{"embeddable":true,"href":"https:\/\/kingwaycarrental.com\/es\/wp-json\/wp\/v2\/comments?post=28514"}],"version-history":[{"count":0,"href":"https:\/\/kingwaycarrental.com\/es\/wp-json\/wp\/v2\/product\/28514\/revisions"}],"wp:featuredmedia":[{"embeddable":true,"href":"https:\/\/kingwaycarrental.com\/es\/wp-json\/wp\/v2\/media\/28566"}],"wp:attachment":[{"href":"https:\/\/kingwaycarrental.com\/es\/wp-json\/wp\/v2\/media?parent=28514"}],"wp:term":[{"taxonomy":"product_brand","embeddable":true,"href":"https:\/\/kingwaycarrental.com\/es\/wp-json\/wp\/v2\/product_brand?post=28514"},{"taxonomy":"product_cat","embeddable":true,"href":"https:\/\/kingwaycarrental.com\/es\/wp-json\/wp\/v2\/product_cat?post=28514"},{"taxonomy":"product_tag","embeddable":true,"href":"https:\/\/kingwaycarrental.com\/es\/wp-json\/wp\/v2\/product_tag?post=28514"}],"curies":[{"name":"wp","href":"https:\/\/api.w.org\/{rel}","templated":true}]}}