{"id":27931,"date":"2026-02-23T00:17:40","date_gmt":"2026-02-23T00:17:40","guid":{"rendered":"https:\/\/kingwaycarrental.com\/car\/lamborghini-urus\/"},"modified":"2026-03-16T23:14:14","modified_gmt":"2026-03-16T23:14:14","slug":"lamborghini-urus","status":"publish","type":"product","link":"https:\/\/kingwaycarrental.com\/es\/car\/lamborghini-urus\/","title":{"rendered":"Lamborghini Urus"},"content":{"rendered":"<h2>Coche Lamborghini Urus en Alquiler en Dub\u00e1i<\/h2>\n<p>Dub\u00e1i combina el lujo absoluto con carreteras preparadas para experiencias de conducci\u00f3n inolvidables, y no hay coche que encarne esta combinaci\u00f3n como el Lamborghini Urus. No es solo un <a href=\"https:\/\/kingwaycarrental.com\/es\/suv-car-rental-dubai\/\"><strong>SUV<\/strong><\/a>, sino un superdeportivo con rasgos familiares que te otorga prestigio y un rendimiento deportivo potente al mismo tiempo. Si planeas visitar atracciones tur\u00edsticas famosas o deseas asistir a reuniones de negocios con un estilo excepcional, la decisi\u00f3n de alquilar un Lamborghini Urus en Dub\u00e1i te coloca en una categor\u00eda especial de distinci\u00f3n. En King Way Car Rental, entendemos perfectamente la pasi\u00f3n por conducir, por lo que te ofrecemos una flota que se adapta a tus aspiraciones para garantizar una experiencia fluida digna del estatus de esta ciudad global.<\/p>\n<h2>Experiencia de Alquiler de Lamborghini Urus en Dub\u00e1i<\/h2>\n<p>La idea de alquilar un Lamborghini Urus en Dub\u00e1i es la primera opci\u00f3n para quienes buscan combinar potencia deportiva con practicidad diaria. Es un coche que te otorga una presencia imponente en las calles de JBR o en el bulevar Sheikh Mohammed Bin Rashid. Cuando eliges <a href=\"https:\/\/kingwaycarrental.com\/es\/car\/lamborghini-urus-black\/\"><strong>alquilar un Lamborghini Urus<\/strong><\/a>, no solo obtienes un medio de transporte, sino un pasaporte al mundo del lujo italiano que se adapta tanto a familias como a hombres de negocios.<\/p>\n<h2>\u00bfPor Qu\u00e9 Alquilar un Lamborghini Urus en Dub\u00e1i a Trav\u00e9s de King Way?<\/h2>\n<p>King Way Car Rental proporciona este \u00edcono con un equipamiento completo que te garantiza la m\u00e1xima comodidad, ya que el habit\u00e1culo presenta materiales lujosos y tecnolog\u00edas avanzadas que hacen de cada viaje una experiencia \u00fanica. La flexibilidad de este coche en diferentes tipos de carretera lo convierte en el Lamborghini Urus en alquiler m\u00e1s solicitado, ya que te otorga total confianza al volante gracias a su inteligente sistema de tracci\u00f3n en las cuatro ruedas que se adapta al ritmo de vida en una ciudad que nunca duerme como Dub\u00e1i. Entendemos todos estos detalles, por lo que trabajamos para ofrecer un servicio distinguido a nuestros clientes, combinando lujo, comodidad para tu viaje y simplicidad en la gesti\u00f3n.<\/p>\n<p>Si est\u00e1s pensando en probar otro modelo, ofrecemos una flota distinguida y variada de <a href=\"https:\/\/kingwaycarrental.com\/rent-lamborghini-in-dubai\/\"><strong>coches Lamborghini en alquiler en Dub\u00e1i<\/strong><\/a>. Puedes echar un vistazo atento para elegir el modelo m\u00e1s adecuado para tu pr\u00f3ximo viaje.<\/p>\n<h3>Especificaciones T\u00e9cnicas del Lamborghini Urus<\/h3>\n<p>Este coche posee un conjunto de caracter\u00edsticas mec\u00e1nicas y t\u00e9cnicas que lo sit\u00faan en la cima de la categor\u00eda de los SUV deportivos. Aqu\u00ed est\u00e1n los detalles de sus especificaciones b\u00e1sicas:<\/p>\n<ul>\n<li><strong>Motor:<\/strong> V8, 4.0 litros con doble turbocompresor.<\/li>\n<li><strong>Potencia:<\/strong> El motor genera una potencia de hasta 650 CV y un par motor de 850 Nm.<\/li>\n<li><strong>Aceleraci\u00f3n:<\/strong> Acelera de 0 a 100 km\/h en solo 3.6 segundos.<\/li>\n<li><strong>Velocidad m\u00e1xima:<\/strong> El coche alcanza una velocidad de 305 km\/h, lo que lo convierte en uno de los SUV m\u00e1s r\u00e1pidos del mundo.<\/li>\n<li><strong>Sistema de conducci\u00f3n:<\/strong> Dispone de 6 modos de conducci\u00f3n diferentes que incluyen modo arena, monta\u00f1a y deportivo (ANIMA).<\/li>\n<li><strong>Dise\u00f1o exterior:<\/strong> Grandes llantas de 21 a 23 pulgadas con l\u00edneas afiladas que mejoran la aerodin\u00e1mica.<\/li>\n<li><strong>Espacio interior:<\/strong> Asientos de cuero lujosos con capacidad para 5 pasajeros con pantallas t\u00e1ctiles dobles para controlar todas las funciones.<\/li>\n<\/ul>\n<h3>Rendimiento del Urus en Viajes Largos entre Dub\u00e1i y Abu Dhabi<\/h3>\n<p>Conducir largas distancias entre los dos emiratos requiere un coche que combine alta estabilidad y un excelente aislamiento ac\u00fastico, y esto es exactamente lo que encuentras al elegir un alquiler de Lamborghini Urus. En la carretera Sheikh Zayed, sentir\u00e1s la suavidad de la transmisi\u00f3n de 8 velocidades que funciona en perfecta armon\u00eda para proporcionar un consumo de combustible equilibrado a velocidades constantes y una potencia explosiva al adelantar.<\/p>\n<p>El sistema de suspensi\u00f3n neum\u00e1tica adaptativa del Lamborghini Urus en alquiler absorbe las vibraciones, haciendo que el viaje de una hora y media sea muy c\u00f3modo para todos los pasajeros. Adem\u00e1s, el sistema de mantenimiento de carril y el radar interactivo ayudan al conductor a reducir el esfuerzo, haciendo la transici\u00f3n de Dub\u00e1i a Abu Dhabi una experiencia agradable y tranquila, permiti\u00e9ndote disfrutar del sistema de audio premium y las impresionantes vistas a ambos lados de la carretera sin sentir la fatiga de conducci\u00f3n habitual de los <a href=\"https:\/\/kingwaycarrental.com\/es\/sports-car-rental-dubai\/\"><strong>autos deportivos<\/strong><\/a> tradicionales.<\/p>\n<p>\u00a1Da el paso final y cont\u00e1ctanos hoy para reservar tu Lamborghini Urus y salir a la carretera como una estrella con una experiencia \u00fanica en uno de los SUV deportivos m\u00e1s famosos del mundo!<\/p>\n<h2>Preguntas M\u00e1s Frecuentes<\/h2>\n<div id=\"rank-math-rich-snippet-wrapper\"><div id=\"rank-math-faq\" class=\"rank-math-block\">\n<div class=\"rank-math-list \">\n<div id=\"faq-1\" class=\"rank-math-list-item\">\n<h3 class=\"rank-math-question \">\u00bfQu\u00e9 documentos se requieren para que los turistas alquilen un Urus?<\/h3>\n<div class=\"rank-math-answer \">\n\n<p>Se requiere una copia del pasaporte, una visa de visita, una licencia de conducir local, adem\u00e1s de un permiso de conducir internacional para ciudadanos de pa\u00edses cuyas licencias locales no son reconocidas por los Emiratos.<\/p>\n\n<\/div>\n<\/div>\n<div id=\"faq-2\" class=\"rank-math-list-item\">\n<h3 class=\"rank-math-question \">\u00bfQu\u00e9 tipo de combustible utiliza el Lamborghini Urus?<\/h3>\n<div class=\"rank-math-answer \">\n\n<p>El coche utiliza exclusivamente gasolina S\u00faper 98 (Premium 98) para preservar el rendimiento del motor turbo y protegerlo de dep\u00f3sitos, garantizando la mejor aceleraci\u00f3n.<\/p>\n\n<\/div>\n<\/div>\n<div id=\"faq-3\" class=\"rank-math-list-item\">\n<h3 class=\"rank-math-question \">\u00bfEst\u00e1 disponible el servicio de entrega del coche al hotel?<\/h3>\n<div class=\"rank-math-answer \">\n\n<p>S\u00ed, King Way Car Rental proporciona un servicio de entrega y recogida del coche desde la puerta de tu hotel o tu lugar de trabajo en cualquier lugar de Dub\u00e1i para garantizar tu comodidad y ahorrarte tiempo.<\/p>\n\n<\/div>\n<\/div>\n<\/div>\n<\/div><\/div>\n<div id=\"gtx-trans\" style=\"position: absolute; left: 240px; top: 5.90625px;\">\n<div class=\"gtx-trans-icon\"><\/div>\n<\/div>\n","protected":false},"excerpt":{"rendered":"<p>Disfruta del lujo y la incre\u00edble potencia cuando elijas <a href=\"https:\/\/kingwaycarrental.com\/lamborghini-urus-rental-dubai\/\"><strong>alquilar un Lamborghini Urus en Dub\u00e1i<\/strong><\/a> con King Way Car Rental. Reserva ahora el mejor superauto con tracci\u00f3n en las cuatro ruedas del mundo a los mejores precios y sin complicaciones burocr\u00e1ticas, sin dep\u00f3sito, entrega gratuita, kilometraje ilimitado.<\/p>\n<div id=\"gtx-trans\" style=\"position: absolute; left: 370px; top: 38px;\">\n<div class=\"gtx-trans-icon\"><\/div>\n<\/div>\n","protected":false},"featured_media":25109,"comment_status":"open","ping_status":"closed","template":"","meta":[],"product_brand":[],"product_cat":[1015,1060,1048,1012,981],"product_tag":[1254],"class_list":{"0":"post-27931","1":"product","2":"type-product","3":"status-publish","4":"has-post-thumbnail","6":"product_cat-lamborghini","7":"product_cat-sports-cars","8":"product_cat-suv-cars","9":"product_cat-lamborghini-urus","10":"product_cat-all-cars","11":"product_tag-no-deposit","13":"first","14":"instock","15":"featured","16":"taxable","17":"shipping-taxable","18":"purchasable","19":"product-type-ovabrw_car_rental"},"_links":{"self":[{"href":"https:\/\/kingwaycarrental.com\/es\/wp-json\/wp\/v2\/product\/27931","targetHints":{"allow":["GET"]}}],"collection":[{"href":"https:\/\/kingwaycarrental.com\/es\/wp-json\/wp\/v2\/product"}],"about":[{"href":"https:\/\/kingwaycarrental.com\/es\/wp-json\/wp\/v2\/types\/product"}],"replies":[{"embeddable":true,"href":"https:\/\/kingwaycarrental.com\/es\/wp-json\/wp\/v2\/comments?post=27931"}],"version-history":[{"count":0,"href":"https:\/\/kingwaycarrental.com\/es\/wp-json\/wp\/v2\/product\/27931\/revisions"}],"wp:featuredmedia":[{"embeddable":true,"href":"https:\/\/kingwaycarrental.com\/es\/wp-json\/wp\/v2\/media\/25109"}],"wp:attachment":[{"href":"https:\/\/kingwaycarrental.com\/es\/wp-json\/wp\/v2\/media?parent=27931"}],"wp:term":[{"taxonomy":"product_brand","embeddable":true,"href":"https:\/\/kingwaycarrental.com\/es\/wp-json\/wp\/v2\/product_brand?post=27931"},{"taxonomy":"product_cat","embeddable":true,"href":"https:\/\/kingwaycarrental.com\/es\/wp-json\/wp\/v2\/product_cat?post=27931"},{"taxonomy":"product_tag","embeddable":true,"href":"https:\/\/kingwaycarrental.com\/es\/wp-json\/wp\/v2\/product_tag?post=27931"}],"curies":[{"name":"wp","href":"https:\/\/api.w.org\/{rel}","templated":true}]}}