{"id":26102,"date":"2025-11-18T18:03:40","date_gmt":"2025-11-18T18:03:40","guid":{"rendered":"https:\/\/kingwaycarrental.com\/product\/mclaren-720s\/"},"modified":"2026-02-28T23:14:14","modified_gmt":"2026-02-28T23:14:14","slug":"mclaren-720s","status":"publish","type":"product","link":"https:\/\/kingwaycarrental.com\/es\/car\/mclaren-720s\/","title":{"rendered":"Mclaren 720S Spider"},"content":{"rendered":"<h2>Alquiler de McLaren 720S en Dub\u00e1i, EAU<\/h2>\n<p>Dub\u00e1i, una ciudad que muchos desear\u00edan visitar, ofrece la experiencia de conducci\u00f3n definitiva para los entusiastas de los coches. Alquilar un <b>McLaren 720S en Dub\u00e1i<\/b> es su puerta de entrada a una velocidad inigualable, un dise\u00f1o elegante y tecnolog\u00eda de vanguardia. Ya sea que est\u00e9 explorando las bulliciosas calles de la ciudad, navegando por la pintoresca costa o experimentando la emoci\u00f3n de las carreteras del desierto, nuestro McLaren 720S Spider Convertible, con un hermoso color exterior rojo e interior negro y rojo, es el compa\u00f1ero perfecto, especialmente si <a href=\"https:\/\/kingwaycarrental.com\/es\/\">alquila un coche en Dub\u00e1i<\/a> con King Way.<\/p>\n<h3>Alquiler de McLaren 720S Spider en Dub\u00e1i &#8211; Destino de Conducci\u00f3n Definitivo<\/h3>\n<p>El paisaje de Dub\u00e1i proporciona el tel\u00f3n de fondo ideal para conducir un superdeportivo como el McLaren 720S Cabriolet. Las carreteras bien mantenidas de la ciudad, la impresionante arquitectura y los lugares emblem\u00e1ticos, como el Burj Khalifa y <a href=\"https:\/\/kingwaycarrental.com\/es\/rent-a-car-palm-jumeirah\/\">Palm Jumeirah<\/a>, crean una experiencia de conducci\u00f3n lujosa. Para una aventura m\u00e1s emocionante, avent\u00farese por las sinuosas carreteras de monta\u00f1a de Hatta o por las autopistas abiertas del desierto ar\u00e1bigo.<\/p>\n<h3>Por Qu\u00e9 el McLaren 720S Spider es Su Elecci\u00f3n Perfecta en Dub\u00e1i<\/h3>\n<p data-path-to-node=\"3\">Si usted es un entusiasta de los superdeportivos y desea vivir una experiencia \u00fanica y distintiva, el <b>McLaren 720S Spider<\/b> ser\u00e1 la elecci\u00f3n perfecta. Esto se debe a que este veh\u00edculo no es simplemente un coche deportivo, sino un \u00edcono moderno. Cuando conduzca este coche por las calles de Dub\u00e1i o de cualquier otro Emirato, ser\u00e1 una estrella deslumbrante, atrayendo la atenci\u00f3n debido al sonido emocionante y estimulante de su motor. Su viaje ser\u00e1 inmortalizado en la memoria de todos.<\/p>\n<p data-path-to-node=\"4\">\u00a1Cont\u00e1ctenos ahora para reservar su <a href=\"https:\/\/kingwaycarrental.com\/rent-lamborghini-in-dubai\/\">coche de alquiler McLaren en Dub\u00e1i<\/a> y salga a la carretera con libertad!<\/p>\n<div id=\"gtx-trans\" style=\"position: absolute; left: 121px; top: 131.812px;\">\n<div class=\"gtx-trans-icon\"><\/div>\n<\/div>\n","protected":false},"excerpt":{"rendered":"<h1>Alquiler de McLaren 720S Spider en Dub\u00e1i<\/h1>\n<p><a href=\"https:\/\/kingwaycarrental.com\/mclaren-720s-rental-dubai\/\">Alquile el <b>McLaren 720S en Dub\u00e1i<\/b><\/a> con King Way Car Rental. Le aseguramos que obtendr\u00e1 los mejores precios con un servicio al cliente amable, trabajando las 24 horas del d\u00eda para su comodidad. Tambi\u00e9n ofrecemos <b>kilometraje ilimitado<\/b> para el alquiler del McLaren 720S Spider en Dub\u00e1i. Puede alquilar el McLaren 720S Spider <b>sin pagar dep\u00f3sito<\/b>, no se requiere seguro.<\/p>\n<div id=\"gtx-trans\" style=\"position: absolute; left: -94px; top: 64.4375px;\">\n<div class=\"gtx-trans-icon\"><\/div>\n<\/div>\n","protected":false},"featured_media":25261,"comment_status":"open","ping_status":"closed","template":"","meta":[],"product_brand":[],"product_cat":[1025,1113,1060,1056,1018,981],"product_tag":[1063,1065],"class_list":{"0":"post-26102","1":"product","2":"type-product","3":"status-publish","4":"has-post-thumbnail","6":"product_cat-mclaren","7":"product_cat-coupe-cars","8":"product_cat-sports-cars","9":"product_cat-convertible-cars","10":"product_cat-mclaren-720s","11":"product_cat-all-cars","12":"product_tag-car-rental-es","13":"product_tag-rent-a-car-in-dubai-es","15":"first","16":"instock","17":"featured","18":"taxable","19":"shipping-taxable","20":"purchasable","21":"product-type-ovabrw_car_rental"},"_links":{"self":[{"href":"https:\/\/kingwaycarrental.com\/es\/wp-json\/wp\/v2\/product\/26102","targetHints":{"allow":["GET"]}}],"collection":[{"href":"https:\/\/kingwaycarrental.com\/es\/wp-json\/wp\/v2\/product"}],"about":[{"href":"https:\/\/kingwaycarrental.com\/es\/wp-json\/wp\/v2\/types\/product"}],"replies":[{"embeddable":true,"href":"https:\/\/kingwaycarrental.com\/es\/wp-json\/wp\/v2\/comments?post=26102"}],"version-history":[{"count":0,"href":"https:\/\/kingwaycarrental.com\/es\/wp-json\/wp\/v2\/product\/26102\/revisions"}],"wp:featuredmedia":[{"embeddable":true,"href":"https:\/\/kingwaycarrental.com\/es\/wp-json\/wp\/v2\/media\/25261"}],"wp:attachment":[{"href":"https:\/\/kingwaycarrental.com\/es\/wp-json\/wp\/v2\/media?parent=26102"}],"wp:term":[{"taxonomy":"product_brand","embeddable":true,"href":"https:\/\/kingwaycarrental.com\/es\/wp-json\/wp\/v2\/product_brand?post=26102"},{"taxonomy":"product_cat","embeddable":true,"href":"https:\/\/kingwaycarrental.com\/es\/wp-json\/wp\/v2\/product_cat?post=26102"},{"taxonomy":"product_tag","embeddable":true,"href":"https:\/\/kingwaycarrental.com\/es\/wp-json\/wp\/v2\/product_tag?post=26102"}],"curies":[{"name":"wp","href":"https:\/\/api.w.org\/{rel}","templated":true}]}}