{"id":25968,"date":"2025-11-15T01:00:20","date_gmt":"2025-11-15T01:00:20","guid":{"rendered":"https:\/\/kingwaycarrental.com\/product\/range-rover-grey\/"},"modified":"2026-03-12T04:41:25","modified_gmt":"2026-03-12T04:41:25","slug":"range-rover-grey","status":"publish","type":"product","link":"https:\/\/kingwaycarrental.com\/es\/car\/range-rover-grey\/","title":{"rendered":"Range Rover Vogue"},"content":{"rendered":"<h2>Alquiler de Range Rover Vogue en Dub\u00e1i<\/h2>\n<p class=\"ds-markdown-paragraph\">Conducir un Range Rover Vogue en Dub\u00e1i no se trata solo de ir del punto A al B, se trata de experimentar lujo, rendimiento y aventura. Con nuestros servicios de alquiler, esta experiencia es m\u00e1s accesible de lo que piensa.<\/p>\n<p class=\"ds-markdown-paragraph\">Ya sea que recorra las impolutas calles de la ciudad o explore la belleza del desierto, el Range Rover Vogue garantiza un viaje inolvidable. No pierda la oportunidad de elevar su experiencia en Dub\u00e1i.<\/p>\n<h3 data-pm-slice=\"1 3 []\">\u00bfPor Qu\u00e9 Deber\u00eda Contratar el Range Rover Vogue?<\/h3>\n<p class=\"ds-markdown-paragraph\">El Range Rover Vogue es sin\u00f3nimo de lujo y rendimiento. Con su dise\u00f1o elegante, motor potente y caracter\u00edsticas de \u00faltima tecnolog\u00eda, este SUV es perfecto tanto para recorridos urbanos como para aventuras en el desierto. Aqu\u00ed algunas de sus caracter\u00edsticas destacadas:<\/p>\n<ul>\n<li class=\"ds-markdown-paragraph\"><strong>Interior de Lujo:<\/strong>\u00a0Asientos de cuero mullido, cabinas espaciosas y materiales premium crean un entorno de confort.<\/li>\n<li class=\"ds-markdown-paragraph\"><strong>Tecnolog\u00eda Avanzada:<\/strong>\u00a0Navegaci\u00f3n por pantalla t\u00e1ctil, control de crucero adaptativo y un sistema de sonido de alta gama mejoran cada viaje.<\/li>\n<li class=\"ds-markdown-paragraph\"><strong>Rendimiento:<\/strong>\u00a0Equipado con un robusto motor V6 y V8 y un sistema de suspensi\u00f3n avanzado, el Vogue est\u00e1 dise\u00f1ado para manejar cualquier terreno con facilidad.<\/li>\n<li class=\"ds-markdown-paragraph\"><strong>Prestigio:<\/strong>\u00a0Llegue con estilo, ya sea dirigi\u00e9ndose a una reuni\u00f3n de negocios, un hotel cinco estrellas o un evento exclusivo.<\/li>\n<\/ul>\n<h3 class=\"font-bold text-h3 leading-[40px] pt-[21px] pb-[2px] [&amp;_a]:underline-offset-[6px] [&amp;_.underline]:underline-offset-[6px]\" dir=\"ltr\">Experiencia Lujosa del Range Rover Vogue<\/h3>\n<p class=\"text-body font-regular leading-[24px] pt-[9px] pb-[2px]\" dir=\"ltr\">Hay pocos veh\u00edculos que atraigan la atenci\u00f3n tan f\u00e1cilmente como el Range Rover Vogue. Con su dise\u00f1o audaz, tecnolog\u00eda avanzada e interior c\u00f3modo, convierte cada viaje en una experiencia extraordinaria. Ofrece m\u00faltiples opciones que le brindan una comodidad inolvidable, adem\u00e1s de su impresionante dise\u00f1o que atrae miradas en la carretera y en todas partes.<\/p>\n<h3 class=\"font-bold text-h3 leading-[40px] pt-[21px] pb-[2px] [&amp;_a]:underline-offset-[6px] [&amp;_.underline]:underline-offset-[6px]\" dir=\"ltr\">C\u00f3mo Alquilar un Range Rover Vogue en Dub\u00e1i<\/h3>\n<p class=\"ds-markdown-paragraph\">Alquilar un SUV de lujo como el Range Rover Vogue nunca ha sido tan simple. Siga estos pasos para asegurar su veh\u00edculo con King Way Alquiler de Autos hoy mismo:<\/p>\n<ol start=\"1\">\n<li>\n<p class=\"ds-markdown-paragraph\"><strong>Visite el Sitio Web:<\/strong>\u00a0Dir\u00edjase a\u00a0<strong><a href=\"https:\/\/kingwaycarrental.com\/es\/\" target=\"_blank\" rel=\"noopener noreferrer\">KingWayCarRental.com<\/a><\/strong>\u00a0y explore nuestra gama de veh\u00edculos premium. Use la funci\u00f3n de b\u00fasqueda para localizar el Range Rover Vogue.<\/p>\n<\/li>\n<li>\n<p class=\"ds-markdown-paragraph\"><strong>Haga Su Selecci\u00f3n:<\/strong>\u00a0Seleccione su modelo <a href=\"https:\/\/kingwaycarrental.com\/range-rover-rental-dubai\/\">Range Rover<\/a> preferido junto con la duraci\u00f3n del alquiler. King Way ofrece muchos planes flexibles para adaptarse a su agenda, ya sea que necesite el veh\u00edculo por un solo d\u00eda o por un per\u00edodo prolongado.<\/p>\n<\/li>\n<li>\n<p class=\"ds-markdown-paragraph\"><strong>Proporcione la Documentaci\u00f3n Requerida:<\/strong>\u00a0Aseg\u00farese de tener los documentos necesarios, que incluyen una licencia de conducir v\u00e1lida (internacional o espec\u00edfica de EAU) y identificaci\u00f3n. Para visitantes, se requiere una visa de turista o pasaporte v\u00e1lido.<\/p>\n<\/li>\n<li>\n<p class=\"ds-markdown-paragraph\"><strong>Confirme Su Reserva:<\/strong>\u00a0Una vez que haya seleccionado su veh\u00edculo y proporcionado todos los detalles, confirme su reserva en l\u00ednea o por tel\u00e9fono. Puede elegir que le entreguen el auto en la puerta de su casa o recogerlo en una ubicaci\u00f3n de King Way.<\/p>\n<\/li>\n<li>\n<p class=\"ds-markdown-paragraph\"><strong>\u00a1Tome la Carretera con Estilo!:<\/strong> Recoja su <a href=\"https:\/\/kingwaycarrental.com\/land-rover-rental-dubai\/\">Land Rover<\/a> &#8211; Range Rover Vogue y disfrute de la experiencia de conducir uno de los SUV m\u00e1s lujosos del mercado a trav\u00e9s de los impresionantes paisajes de Dub\u00e1i.<\/p>\n<\/li>\n<\/ol>\n<h3 data-pm-slice=\"1 1 []\">Reserve Su Alquiler de Range Rover Vogue en Dub\u00e1i<\/h3>\n<p>Si ha tomado la decisi\u00f3n de\u00a0<a href=\"https:\/\/kingwaycarrental.com\/es\/range-rover-vogue-rental-dubai\/\"><strong>alquilar un Range Rover Vogue en Dub\u00e1i<\/strong><\/a>, no pierda la oportunidad de explorar Dub\u00e1i en uno de los SUV m\u00e1s lujosos del mercado. Cont\u00e1ctenos hoy para reservar su\u00a0arrendamiento de Range Rover Vogue\u00a0y experimentar lo mejor que Dub\u00e1i tiene para ofrecer. Lujo, rendimiento y estilo est\u00e1n a solo una reserva de distancia.<\/p>\n<div id=\"gtx-trans\" style=\"position: absolute; left: 165px; top: 5.90625px;\">\n<div class=\"gtx-trans-icon\"><\/div>\n<\/div>\n","protected":false},"excerpt":{"rendered":"<h1>Alquiler de Range Rover Vogue en Dub\u00e1i<\/h1>\n<p class=\"ds-markdown-paragraph\">Ofrecemos\u00a0alquiler de Range Rover Vogue en Dub\u00e1i\u00a0con\u00a030% de descuento. Ahora puede\u00a0contratar un Range Rover Vogue en Dub\u00e1i, modelo nuevo, a un precio econ\u00f3mico por solo\u00a01,199 AED por d\u00eda. Con King Way Alquiler de Autos obtendr\u00e1\u00a0entrega gratuita del veh\u00edculo\u00a0en su ubicaci\u00f3n.<\/p>\n<div id=\"gtx-trans\" style=\"position: absolute; left: 5px; top: 64.4375px;\">\n<div class=\"gtx-trans-icon\"><\/div>\n<\/div>\n","protected":false},"featured_media":25053,"comment_status":"open","ping_status":"closed","template":"","meta":[],"product_brand":[],"product_cat":[1011,1026,1048,1051,1053,981],"product_tag":[1063,1064,1065,1066],"class_list":{"0":"post-25968","1":"product","2":"type-product","3":"status-publish","4":"has-post-thumbnail","6":"product_cat-land-rover","7":"product_cat-luxury-cars","8":"product_cat-suv-cars","9":"product_cat-range-rover","10":"product_cat-range-rover-vogue","11":"product_cat-all-cars","12":"product_tag-car-rental-es","13":"product_tag-king-way-car-rental-es","14":"product_tag-rent-a-car-in-dubai-es","15":"product_tag-----es","17":"first","18":"instock","19":"featured","20":"taxable","21":"shipping-taxable","22":"purchasable","23":"product-type-ovabrw_car_rental"},"_links":{"self":[{"href":"https:\/\/kingwaycarrental.com\/es\/wp-json\/wp\/v2\/product\/25968","targetHints":{"allow":["GET"]}}],"collection":[{"href":"https:\/\/kingwaycarrental.com\/es\/wp-json\/wp\/v2\/product"}],"about":[{"href":"https:\/\/kingwaycarrental.com\/es\/wp-json\/wp\/v2\/types\/product"}],"replies":[{"embeddable":true,"href":"https:\/\/kingwaycarrental.com\/es\/wp-json\/wp\/v2\/comments?post=25968"}],"version-history":[{"count":0,"href":"https:\/\/kingwaycarrental.com\/es\/wp-json\/wp\/v2\/product\/25968\/revisions"}],"wp:featuredmedia":[{"embeddable":true,"href":"https:\/\/kingwaycarrental.com\/es\/wp-json\/wp\/v2\/media\/25053"}],"wp:attachment":[{"href":"https:\/\/kingwaycarrental.com\/es\/wp-json\/wp\/v2\/media?parent=25968"}],"wp:term":[{"taxonomy":"product_brand","embeddable":true,"href":"https:\/\/kingwaycarrental.com\/es\/wp-json\/wp\/v2\/product_brand?post=25968"},{"taxonomy":"product_cat","embeddable":true,"href":"https:\/\/kingwaycarrental.com\/es\/wp-json\/wp\/v2\/product_cat?post=25968"},{"taxonomy":"product_tag","embeddable":true,"href":"https:\/\/kingwaycarrental.com\/es\/wp-json\/wp\/v2\/product_tag?post=25968"}],"curies":[{"name":"wp","href":"https:\/\/api.w.org\/{rel}","templated":true}]}}