{"id":25777,"date":"2025-11-12T00:18:21","date_gmt":"2025-11-12T00:18:21","guid":{"rendered":"https:\/\/kingwaycarrental.com\/?post_type=product&#038;p=25777"},"modified":"2026-03-13T22:20:01","modified_gmt":"2026-03-13T22:20:01","slug":"jetour-t2-black","status":"publish","type":"product","link":"https:\/\/kingwaycarrental.com\/es\/car\/jetour-t2-black\/","title":{"rendered":"Jetour T2"},"content":{"rendered":"","protected":false},"excerpt":{"rendered":"<h1>Jetour T2 (Negro) 2026 en alquiler en Dub\u00e1i<\/h1>\n<p><a href=\"https:\/\/kingwaycarrental.com\/es\/rent-jetour-t2-in-dubai\/\">Alquila un Jetour T2 en Dub\u00e1i<\/a>. Nuestro Jetour es un modelo 2026 de color negro con el nuevo kit \u00abDefender\u00bb de \u00faltima generaci\u00f3n y sin dep\u00f3sito a trav\u00e9s de King Way Car Rental. Explora Dub\u00e1i como nunca antes y viaja como una estrella con el lujoso y asequible SUV Jetour T2.<\/p>\n","protected":false},"featured_media":25829,"comment_status":"open","ping_status":"closed","template":"","meta":[],"product_brand":[],"product_cat":[1014,1048,1001,981],"product_tag":[1063,1064,1065,1066],"class_list":{"0":"post-25777","1":"product","2":"type-product","3":"status-publish","4":"has-post-thumbnail","6":"product_cat-jetour","7":"product_cat-suv-cars","8":"product_cat-jetour-t2","9":"product_cat-all-cars","10":"product_tag-car-rental-es","11":"product_tag-king-way-car-rental-es","12":"product_tag-rent-a-car-in-dubai-es","13":"product_tag-----es","15":"first","16":"instock","17":"featured","18":"taxable","19":"shipping-taxable","20":"purchasable","21":"product-type-ovabrw_car_rental"},"_links":{"self":[{"href":"https:\/\/kingwaycarrental.com\/es\/wp-json\/wp\/v2\/product\/25777","targetHints":{"allow":["GET"]}}],"collection":[{"href":"https:\/\/kingwaycarrental.com\/es\/wp-json\/wp\/v2\/product"}],"about":[{"href":"https:\/\/kingwaycarrental.com\/es\/wp-json\/wp\/v2\/types\/product"}],"replies":[{"embeddable":true,"href":"https:\/\/kingwaycarrental.com\/es\/wp-json\/wp\/v2\/comments?post=25777"}],"version-history":[{"count":0,"href":"https:\/\/kingwaycarrental.com\/es\/wp-json\/wp\/v2\/product\/25777\/revisions"}],"wp:featuredmedia":[{"embeddable":true,"href":"https:\/\/kingwaycarrental.com\/es\/wp-json\/wp\/v2\/media\/25829"}],"wp:attachment":[{"href":"https:\/\/kingwaycarrental.com\/es\/wp-json\/wp\/v2\/media?parent=25777"}],"wp:term":[{"taxonomy":"product_brand","embeddable":true,"href":"https:\/\/kingwaycarrental.com\/es\/wp-json\/wp\/v2\/product_brand?post=25777"},{"taxonomy":"product_cat","embeddable":true,"href":"https:\/\/kingwaycarrental.com\/es\/wp-json\/wp\/v2\/product_cat?post=25777"},{"taxonomy":"product_tag","embeddable":true,"href":"https:\/\/kingwaycarrental.com\/es\/wp-json\/wp\/v2\/product_tag?post=25777"}],"curies":[{"name":"wp","href":"https:\/\/api.w.org\/{rel}","templated":true}]}}