{"id":21350,"date":"2025-07-29T00:23:10","date_gmt":"2025-07-29T00:23:10","guid":{"rendered":"https:\/\/kingwaycarrental.com\/product\/mercedes-gle-63-white\/"},"modified":"2026-03-12T04:18:11","modified_gmt":"2026-03-12T04:18:11","slug":"mercedes-gle-63-white","status":"publish","type":"product","link":"https:\/\/kingwaycarrental.com\/es\/car\/mercedes-gle-63-white\/","title":{"rendered":"Mercedes GLE 63S AMG"},"content":{"rendered":"<h3 dir=\"ltr\">Explora Dub\u00e1i con estilo con el Mercedes AMG GLE 63S Coup\u00e9<\/h3>\n<p>Dub\u00e1i no es solo una ciudad, es un destino creado para quienes aman la aventura y el lujo. Con su impresionante horizonte, monumentos ic\u00f3nicos y paisajes des\u00e9rticos infinitos, no hay mejor manera de vivirlo todo que al volante de un Mercedes GLE 63S. Este modelo, con su exterior blanco y elegantes interiores rojos, es una verdadera obra maestra hecha a mano.<\/p>\n<ul>\n<li dir=\"ltr\"><strong>Descubre los lugares m\u00e1s emblem\u00e1ticos de Dub\u00e1i:<\/strong> Conduce por las vibrantes calles de Dub\u00e1i y disfruta de vistas como el imponente Burj Khalifa, la impresionante Palm Jumeirah y la animada zona de Dubai Marina. El Mercedes GLE 63 combina potencia y elegancia, haciendo que tu viaje sea tan suave como elegante. Y cr\u00e9enos: llamar\u00e1s la atenci\u00f3n en cada esquina.<\/li>\n<li dir=\"ltr\"><strong>Despierta tu esp\u00edritu explorador:<\/strong> Siente la emoci\u00f3n de las dunas del desierto de Dub\u00e1i con el Mercedes GLE 63. Su sistema de tracci\u00f3n total 4MATIC+ y su suspensi\u00f3n adaptativa son perfectos para dominar el terreno arenoso, ofreci\u00e9ndote una experiencia todoterreno fluida y totalmente controlada. Ya sea que te muevas por la ciudad o te aventures en el desierto, este coup\u00e9 est\u00e1 dise\u00f1ado para todo. Conducir un SUV de lujo como el Mercedes GLE 63 en Dub\u00e1i es una experiencia incomparable. No es solo transporte, es una declaraci\u00f3n de estilo.<\/li>\n<\/ul>\n<h2 dir=\"ltr\">Alquila un Mercedes-Benz GLE 63 en Dub\u00e1i<\/h2>\n<p>Aprovecha al m\u00e1ximo tu <a href=\"https:\/\/kingwaycarrental.com\/es\/\">Alquiler de coches en Dub\u00e1i<\/a> del Mercedes GLE 63 AMG Coup\u00e9 con algunas de las rutas m\u00e1s espectaculares de los Emiratos \u00c1rabes Unidos. Aqu\u00ed te dejamos algunas sugerencias:<\/p>\n<h4 dir=\"ltr\">Planifica tu ruta perfecta<\/h4>\n<ul>\n<li data-start=\"1593\" data-end=\"1745\">Carretera de la monta\u00f1a Jebel Hafeet: un recorrido emocionante lleno de curvas y vistas panor\u00e1micas, imprescindible para los amantes de la conducci\u00f3n.<\/li>\n<li data-start=\"1748\" data-end=\"1899\">Ruta de los lagos Al Qudra: escapa de la ciudad para disfrutar de un paseo tranquilo donde la naturaleza y el lujo se encuentran en perfecta armon\u00eda.<\/li>\n<li data-start=\"1902\" data-end=\"2031\">De Dub\u00e1i a Ras Al Khaimah: sum\u00e9rgete en la cultura y la historia con este r\u00e1pido viaje por carretera, a solo una hora de Dub\u00e1i.<\/li>\n<\/ul>\n<h4 dir=\"ltr\">Captura momentos inolvidables<\/h4>\n<p>Tu <a href=\"https:\/\/kingwaycarrental.com\/es\/rent-mercedes-in-dubai\/\">alquiler de Mercedes<\/a> no es solo un viaje, es toda una experiencia. Ll\u00e9valo a los lugares m\u00e1s emblem\u00e1ticos para tus fotos, como el ic\u00f3nico Burj Al Arab, las majestuosas dunas del desierto o la moderna Dubai Marina. Este coche es m\u00e1s que un medio de transporte, es una pieza clave para tu aventura.<\/p>\n<h4 dir=\"ltr\">Conduce con inteligencia<\/h4>\n<p dir=\"ltr\">Las carreteras de Dub\u00e1i son de clase mundial, pero respetar las normas locales de conducci\u00f3n es fundamental. Mant\u00e9n la atenci\u00f3n en los l\u00edmites de velocidad, cumple con las normas de tr\u00e1fico y disfruta de un viaje suave con total tranquilidad.<\/p>\n<p dir=\"ltr\"><a href=\"https:\/\/kingwaycarrental.com\/rent-mercedes-gle-63-in-dubai\/\">Alquilar un Mercedes GLE 63 en Dub\u00e1i<\/a> no se trata solo de ir del punto A al B, sino de vivir el lujo, la potencia y momentos inolvidables.<\/p>\n<h3>Pensamientos finales sobre el alquiler del Mercedes GLE 63S en Dub\u00e1i<\/h3>\n<p>Ya sea que visites Dub\u00e1i por negocios, placer o una ocasi\u00f3n especial, <a href=\"https:\/\/kingwaycarrental.com\/mercedes-benz-gle-rental-dubai\/\">alquilar un Mercedes GLE en Dub\u00e1i<\/a> con King Way Car Rental a\u00f1ade un nivel incomparable de lujo y comodidad a tu viaje. Eleva tu experiencia en Dub\u00e1i y conduce con estilo.<\/p>\n<div id=\"gtx-trans\" style=\"position: absolute; left: 399px; top: 808.641px;\">\n<div class=\"gtx-trans-icon\"><\/div>\n<\/div>\n","protected":false},"excerpt":{"rendered":"<h1>Alquila el Mercedes GLE 63S AMG Coup\u00e9 en Dub\u00e1i<\/h1>\n<p>Alquila el Mercedes GLE 63S AMG Coup\u00e9 en Dub\u00e1i a un precio competitivo. King Way Car Rental ofrece este <a href=\"https:\/\/kingwaycarrental.com\/es\/luxury-car-rental-dubai\/\">coche de lujo en alquiler<\/a> sin dep\u00f3sito y sin seguro obligatorio, sin l\u00edmite de kilometraje, con entrega gratuita en tu ubicaci\u00f3n y descuentos exclusivos en tu paquete de alquiler. Sal a la carretera como nunca antes, con estilo, potencia y libertad.<\/p>\n<div id=\"gtx-trans\" style=\"position: absolute; left: 173px; top: 64.4375px;\">\n<div class=\"gtx-trans-icon\"><\/div>\n<\/div>\n","protected":false},"featured_media":21354,"comment_status":"open","ping_status":"closed","template":"","meta":[],"product_brand":[1299],"product_cat":[1048,1306,1038,1028,1041,981],"product_tag":[1063,1064,1065,1066],"class_list":{"0":"post-21350","1":"product","2":"type-product","3":"status-publish","4":"has-post-thumbnail","6":"product_brand-mercedes","7":"product_cat-suv-cars","8":"product_cat-mercedes","9":"product_cat-mercedes-g-class","10":"product_cat-mercedes-gle","11":"product_cat-mercedes-gle-63","12":"product_cat-all-cars","13":"product_tag-car-rental-es","14":"product_tag-king-way-car-rental-es","15":"product_tag-rent-a-car-in-dubai-es","16":"product_tag-----es","18":"first","19":"instock","20":"featured","21":"taxable","22":"shipping-taxable","23":"purchasable","24":"product-type-ovabrw_car_rental"},"_links":{"self":[{"href":"https:\/\/kingwaycarrental.com\/es\/wp-json\/wp\/v2\/product\/21350","targetHints":{"allow":["GET"]}}],"collection":[{"href":"https:\/\/kingwaycarrental.com\/es\/wp-json\/wp\/v2\/product"}],"about":[{"href":"https:\/\/kingwaycarrental.com\/es\/wp-json\/wp\/v2\/types\/product"}],"replies":[{"embeddable":true,"href":"https:\/\/kingwaycarrental.com\/es\/wp-json\/wp\/v2\/comments?post=21350"}],"version-history":[{"count":0,"href":"https:\/\/kingwaycarrental.com\/es\/wp-json\/wp\/v2\/product\/21350\/revisions"}],"wp:featuredmedia":[{"embeddable":true,"href":"https:\/\/kingwaycarrental.com\/es\/wp-json\/wp\/v2\/media\/21354"}],"wp:attachment":[{"href":"https:\/\/kingwaycarrental.com\/es\/wp-json\/wp\/v2\/media?parent=21350"}],"wp:term":[{"taxonomy":"product_brand","embeddable":true,"href":"https:\/\/kingwaycarrental.com\/es\/wp-json\/wp\/v2\/product_brand?post=21350"},{"taxonomy":"product_cat","embeddable":true,"href":"https:\/\/kingwaycarrental.com\/es\/wp-json\/wp\/v2\/product_cat?post=21350"},{"taxonomy":"product_tag","embeddable":true,"href":"https:\/\/kingwaycarrental.com\/es\/wp-json\/wp\/v2\/product_tag?post=21350"}],"curies":[{"name":"wp","href":"https:\/\/api.w.org\/{rel}","templated":true}]}}