{"id":20852,"date":"2025-10-07T01:21:45","date_gmt":"2025-10-07T01:21:45","guid":{"rendered":"https:\/\/kingwaycarrental.com\/?post_type=product&#038;p=20852"},"modified":"2026-03-12T03:57:19","modified_gmt":"2026-03-12T03:57:19","slug":"mercedes-c300","status":"publish","type":"product","link":"https:\/\/kingwaycarrental.com\/es\/car\/mercedes-c300\/","title":{"rendered":"Mercedes C Class C300"},"content":{"rendered":"","protected":false},"excerpt":{"rendered":"<h1>Mercedes Clase C C300 (Negro)<\/h1>\n<p>\u00bfBuscas un <a href=\"https:\/\/kingwaycarrental.com\/mercedes-c-class-rental-dubai\/\">Mercedes Benz Clase C alquilar<\/a> de nueva generaci\u00f3n para? King Way Car Rental en Dub\u00e1i ofrece a sus clientes el <a href=\"https:\/\/kingwaycarrental.com\/es\/mercedes-c300-rental-dubai\/\">alquiler de un Mercedes C300<\/a> al mejor precio en los Emiratos \u00c1rabes Unidos. \u00bfVienes a Dub\u00e1i o Abu Dabi y buscas una experiencia de lujo? El ic\u00f3nico Mercedes C300 ser\u00e1 tu mejor opci\u00f3n, \u00a1especialmente con King Way!<\/p>\n","protected":false},"featured_media":20890,"comment_status":"open","ping_status":"closed","template":"","meta":[],"product_brand":[1299],"product_cat":[1026,1057,1306,1032,1031,981],"product_tag":[1063,1064,1065,1066],"class_list":{"0":"post-20852","1":"product","2":"type-product","3":"status-publish","4":"has-post-thumbnail","6":"product_brand-mercedes","7":"product_cat-luxury-cars","8":"product_cat-sedan-cars","9":"product_cat-mercedes","10":"product_cat-mercedes-c-class","11":"product_cat-mercedes-c300","12":"product_cat-all-cars","13":"product_tag-car-rental-es","14":"product_tag-king-way-car-rental-es","15":"product_tag-rent-a-car-in-dubai-es","16":"product_tag-----es","18":"first","19":"instock","20":"featured","21":"taxable","22":"shipping-taxable","23":"purchasable","24":"product-type-ovabrw_car_rental"},"_links":{"self":[{"href":"https:\/\/kingwaycarrental.com\/es\/wp-json\/wp\/v2\/product\/20852","targetHints":{"allow":["GET"]}}],"collection":[{"href":"https:\/\/kingwaycarrental.com\/es\/wp-json\/wp\/v2\/product"}],"about":[{"href":"https:\/\/kingwaycarrental.com\/es\/wp-json\/wp\/v2\/types\/product"}],"replies":[{"embeddable":true,"href":"https:\/\/kingwaycarrental.com\/es\/wp-json\/wp\/v2\/comments?post=20852"}],"version-history":[{"count":0,"href":"https:\/\/kingwaycarrental.com\/es\/wp-json\/wp\/v2\/product\/20852\/revisions"}],"wp:featuredmedia":[{"embeddable":true,"href":"https:\/\/kingwaycarrental.com\/es\/wp-json\/wp\/v2\/media\/20890"}],"wp:attachment":[{"href":"https:\/\/kingwaycarrental.com\/es\/wp-json\/wp\/v2\/media?parent=20852"}],"wp:term":[{"taxonomy":"product_brand","embeddable":true,"href":"https:\/\/kingwaycarrental.com\/es\/wp-json\/wp\/v2\/product_brand?post=20852"},{"taxonomy":"product_cat","embeddable":true,"href":"https:\/\/kingwaycarrental.com\/es\/wp-json\/wp\/v2\/product_cat?post=20852"},{"taxonomy":"product_tag","embeddable":true,"href":"https:\/\/kingwaycarrental.com\/es\/wp-json\/wp\/v2\/product_tag?post=20852"}],"curies":[{"name":"wp","href":"https:\/\/api.w.org\/{rel}","templated":true}]}}