{"id":30513,"date":"2026-05-08T21:35:00","date_gmt":"2026-05-08T21:35:00","guid":{"rendered":"https:\/\/kingwaycarrental.com\/car\/mercedes-cla-250\/"},"modified":"2026-05-12T01:37:32","modified_gmt":"2026-05-12T01:37:32","slug":"mercedes-cla-250","status":"publish","type":"product","link":"https:\/\/kingwaycarrental.com\/de\/car\/mercedes-cla-250\/","title":{"rendered":"Mercedes CLA 250"},"content":{"rendered":"<h2>Mieten Sie einen Mercedes-Benz CLA 250 in Dubai<\/h2>\n<p>Wenn Sie sich entscheiden, ein Luxusauto auf den Stra\u00dfen der Emirate zu fahren, wird die \u00dcberpr\u00fcfung der Zuverl\u00e4ssigkeit des Services und der Fahrzeugdetails zu einem wesentlichen Schritt, um ein komfortables Erlebnis zu gew\u00e4hrleisten. King Way Car Rental bietet vollst\u00e4ndige Transparenz und erm\u00f6glicht es Ihnen, alle Fahrzeugdetails vor der Abholung einzusehen, was Ihnen w\u00e4hrend der Fahrt volles Vertrauen gibt. Wenn Sie auf der Suche nach Eleganz und sportlicher Leistung sind, ist die Option, einen Mercedes CLA 250 in Dubai zu mieten, eine der besten verf\u00fcgbaren Optionen, die modernes Design und fortschrittliche Technologien vereint. Wir legen Wert auf ein nahtloses und klares Buchungserlebnis, das es Ihnen erm\u00f6glicht, die Sch\u00f6nheit Dubais und seine Touristenattraktionen hinter dem Steuer Ihres Traumautos mit v\u00f6lliger Gelassenheit und Leichtigkeit zu genie\u00dfen.<\/p>\n<h2>Warum bevorzugen Touristen den Mercedes CLA 250 Mietwagen in Dubai?<\/h2>\n<p>Touristen, die in die Emirate kommen, bevorzugen ein Fahrerlebnis, das die Vitalit\u00e4t und Modernit\u00e4t der Stadt widerspiegelt. Hier erweist sich der Mercedes CLA 250 Mietwagen in Dubai als kluge Wahl, die deutschen Luxus mit einem vern\u00fcnftigen Preis im Vergleich zu Supersportwagen in Einklang bringt.<\/p>\n<p>Besucher f\u00fchlen sich von seinem schlanken Limousinendesign angezogen, das an ein viert\u00fcriges <a href=\"https:\/\/kingwaycarrental.com\/de\/coupe-car-rental-dubai\/\">Coup\u00e9<\/a> erinnert, was ihn ideal f\u00fcr Erinnerungsfotos vor dem Burj Khalifa oder in JBR macht. Dar\u00fcber hinaus verf\u00fcgt das Auto \u00fcber ein fortschrittliches Navigationssystem und eine Benutzeroberfl\u00e4che, die Sprachbefehle unterst\u00fctzt, um Touristen bei der Navigation zwischen Sehensw\u00fcrdigkeiten ohne Verwirrung zu helfen.<\/p>\n<p>Die Wahl der <a href=\"https:\/\/kingwaycarrental.com\/mercedes-benz-cla-rental-dubai\/\">Mercedes-Benz CLA-Klasse<\/a> verleiht Ihnen eine prestigetr\u00e4chtige Pr\u00e4senz in gehobenen Hotels und Resorts, w\u00e4hrend gleichzeitig einfaches Parken und Man\u00f6vrieren auf den \u00fcberf\u00fcllten Stra\u00dfen Dubais mit hoher Flexibilit\u00e4t gew\u00e4hrleistet wird. Dies zu gew\u00e4hrleisten, ist das Bestreben von King Way Car Rental f\u00fcr seine Kunden, um eine unvergessliche Touristenreise zu garantieren.<\/p>\n<h3>Mercedes CLA 250 Spezifikationen, die ihn zur ersten Wahl f\u00fcr Jugendliche in Dubai machen<\/h3>\n<p>Der Mercedes-Benz CLA 250 zielt auf die Jugendgruppe ab, dank seines sportlichen Geistes und Technologien, die sich an den modernen Lebensstil Dubais anpassen. Seine Attraktivit\u00e4t kann in den folgenden Punkten zusammengefasst werden:<\/p>\n<ul>\n<li>Der kraftvolle 2,0-Liter-Turbomotor, der eine Beschleunigung erzeugt, die Ihnen die n\u00f6tige Aufregung auf schnellen Stra\u00dfen wie der Sheikh Zayed Road gibt.<\/li>\n<li>Das Ambientebeleuchtungssystem im Innenraum, das Ihnen die Wahl zwischen 64 verschiedenen Farben erm\u00f6glicht, um Ihre Stimmung w\u00e4hrend der Nachtfahrt zu treffen.<\/li>\n<li>Die dualen digitalen Bildschirme, die Informationen mit voller Klarheit anzeigen und Smartphone-Systeme drahtlos und direkt unterst\u00fctzen.<\/li>\n<li>Das aggressive Au\u00dfendesign mit Sport-Alufelgen, das einen Eindruck von St\u00e4rke und Auszeichnung unter Gleichaltrigen vermittelt.<\/li>\n<li>Die bequemen Sportsitze, die bei langen Fahrten in Bergregionen oder zu entfernten Str\u00e4nden eine ideale K\u00f6rperunterst\u00fctzung bieten.<\/li>\n<\/ul>\n<h3>Mercedes-Benz CLA 250 Sicherheitstechnologien und ihre Eignung f\u00fcr Dubais Stra\u00dfen<\/h3>\n<p>Fahrsicherheit ist eine oberste Priorit\u00e4t bei der Anmietung eines Mercedes CLA 250 in Dubai, da das Auto mit einem Paket intelligenter Sicherheitssysteme ausgestattet ist, die effizient mit hohen Stra\u00dfengeschwindigkeiten umgehen. Das Auto umfasst ein aktives Bremsassistenzsystem, das bevorstehende Kollisionen vorhersagt, und ein Spurhalteassistenzsystem, das den Fahrer bei Unachtsamkeit warnt. Diese Funktionen sind sehr notwendig beim Fahren \u00fcber lange Strecken zwischen Dubai und Abu Dhabi.<\/p>\n<p>Die R\u00fcckfahrkameras und Umgebungssensoren bieten eine umfassende Sicht und helfen Ihnen, tote Winkel auf mehrspurigen Stra\u00dfen zu vermeiden. Diese Technologien machen das Fahren des Mercedes-Benz CLA 250 zu einem v\u00f6llig sicheren Erlebnis, selbst f\u00fcr diejenigen, die Dubai zum ersten Mal besuchen und mit der Natur des schnellen Verkehrsflusses nicht vertraut sind, und verringern die Wahrscheinlichkeit von kleineren Unf\u00e4llen erheblich.<\/p>\n<h3>Wie viele Kilometer legt der Mercedes-Benz CLA 250 mit einem Liter Kraftstoff zur\u00fcck?<\/h3>\n<p>Wirtschaftlich gesehen zeichnet sich der <a href=\"https:\/\/kingwaycarrental.com\/de\/rent-mercedes-in-dubai\/\">Mercedes-Benz<\/a> CLA 250 trotz seiner sportlichen Leistung durch eine effiziente Kraftstoffverbrauch aus, wonach Mieter suchen, um Nebenkosten zu sparen. Im Durchschnitt legt das Auto eine Strecke von bis zu 14 oder 15 Kilometern pro Liter Benzin zur\u00fcck, dank des 7- oder 8-Gang-Automatikgetriebes, das die Motoreffizienz verbessert.<\/p>\n<p>Bei Stadtfahrten, die h\u00e4ufige Stopps erfordern, hilft das intelligente Start-Stopp-System, Verschwendung zu reduzieren, w\u00e4hrend auf offenen Stra\u00dfen das Auto dank seiner hohen aerodynamischen Stromlinienform, die den Luftwiderstand verringert, sehr effizient wird. Diese Effizienz macht es zu einer idealen Wahl f\u00fcr diejenigen, die jeden Winkel der Emirate erkunden m\u00f6chten, ohne sich st\u00e4ndig Sorgen \u00fcber die Anzahl der Besuche an der Tankstelle machen zu m\u00fcssen, was seinen Wert als praktisches und luxuri\u00f6ses Auto zugleich erh\u00f6ht.<\/p>\n<p>Wenn Sie das Fahrerlebnis dieses kompakten Fahrzeugs erleben m\u00f6chten, das sportlichen, luxuri\u00f6sen und jugendlichen Charakter vereint, kontaktieren Sie uns \u00fcber unsere Kommunikationskan\u00e4le. Seien Sie versichert, dass wir Ihnen den bestm\u00f6glichen Preis f\u00fcr das Mietpaket und ohne obligatorische Kaution anbieten werden.<\/p>\n<h2>H\u00e4ufig gestellte Fragen<\/h2>\n<div id=\"rank-math-rich-snippet-wrapper\"><div id=\"rank-math-faq\" class=\"rank-math-block\">\n<div class=\"rank-math-list \">\n<div id=\"faq-1\" class=\"rank-math-list-item\">\n<h3 class=\"rank-math-question \">Ist der Autolieferdienst zum Hotel oder Flughafen verf\u00fcgbar?<\/h3>\n<div class=\"rank-math-answer \">\n\n<p>Ja, wir bieten einen Auto-Liefer- und Abholservice an jedem Ort in Dubai an, einschlie\u00dflich des Dubai International Airport und Hotels auf der Palme, um Zeit und M\u00fche f\u00fcr unsere Kunden zu sparen.<\/p>\n\n<\/div>\n<\/div>\n<div id=\"faq-2\" class=\"rank-math-list-item\">\n<h3 class=\"rank-math-question \">Welche Kraftstoffart verwendet diese Mercedes-Klasse?<\/h3>\n<div class=\"rank-math-answer \">\n\n<p>Das Auto verwendet haupts\u00e4chlich Premium 98 Benzin, um die beste Turbomotorleistung zu gew\u00e4hrleisten und die Verbrennungseffizienz sowie die erforderliche Geschwindigkeit aufrechtzuerhalten.<\/p>\n\n<\/div>\n<\/div>\n<div id=\"faq-3\" class=\"rank-math-list-item\">\n<h3 class=\"rank-math-question \">K\u00f6nnen zwei Personen das Auto mit einem Mietvertrag fahren?<\/h3>\n<div class=\"rank-math-answer \">\n\n<p>Ein zus\u00e4tzlicher Fahrer kann in den Mietvertrag aufgenommen werden, sofern die erforderlichen offiziellen Dokumente (F\u00fchrerschein und Personalausweis) f\u00fcr beide vorgelegt werden, um eine vollst\u00e4ndige rechtliche Absicherung w\u00e4hrend der Fahrt zu gew\u00e4hrleisten.<\/p>\n\n<\/div>\n<\/div>\n<\/div>\n<\/div><\/div>\n","protected":false},"excerpt":{"rendered":"<p>Genie\u00dfen Sie Luxus mit dem <a href=\"https:\/\/kingwaycarrental.com\/de\/?attachment_id=24979\">Mercedes CLA 250 Mietwagen in Dubai<\/a>. Entdecken Sie die Spezifikationen, Kraftstoffeffizienz und Sicherheitstechnologien mit der Firma King Way. Buchen Sie jetzt Ihr Auto f\u00fcr ein unterhaltsames und sicheres Fahrerlebnis.<\/p>\n<div id=\"gtx-trans\" style=\"position: absolute; left: 394px; top: 54px;\">\n<div class=\"gtx-trans-icon\"><\/div>\n<\/div>\n","protected":false},"featured_media":24963,"comment_status":"open","ping_status":"closed","template":"","meta":[],"product_brand":[1296],"product_cat":[1303,772,1110,800,890,818,905],"product_tag":[973,785,786,787],"class_list":{"0":"post-30513","1":"product","2":"type-product","3":"status-publish","4":"has-post-thumbnail","6":"product_brand-mercedes","7":"product_cat-mercedes","8":"product_cat-all-cars","9":"product_cat-coupe-cars","10":"product_cat-sedan-cars","11":"product_cat-mercedes-benz-cla","12":"product_cat-mercedes-c-class","13":"product_cat-mercedes-cla-250","14":"product_tag-dubai-car-rental-de","15":"product_tag-king-way-car-rental-de","16":"product_tag-rent-a-car-in-dubai-de","17":"product_tag-----de","19":"first","20":"instock","21":"featured","22":"taxable","23":"shipping-taxable","24":"purchasable","25":"product-type-ovabrw_car_rental"},"_links":{"self":[{"href":"https:\/\/kingwaycarrental.com\/de\/wp-json\/wp\/v2\/product\/30513","targetHints":{"allow":["GET"]}}],"collection":[{"href":"https:\/\/kingwaycarrental.com\/de\/wp-json\/wp\/v2\/product"}],"about":[{"href":"https:\/\/kingwaycarrental.com\/de\/wp-json\/wp\/v2\/types\/product"}],"replies":[{"embeddable":true,"href":"https:\/\/kingwaycarrental.com\/de\/wp-json\/wp\/v2\/comments?post=30513"}],"version-history":[{"count":0,"href":"https:\/\/kingwaycarrental.com\/de\/wp-json\/wp\/v2\/product\/30513\/revisions"}],"wp:featuredmedia":[{"embeddable":true,"href":"https:\/\/kingwaycarrental.com\/de\/wp-json\/wp\/v2\/media\/24963"}],"wp:attachment":[{"href":"https:\/\/kingwaycarrental.com\/de\/wp-json\/wp\/v2\/media?parent=30513"}],"wp:term":[{"taxonomy":"product_brand","embeddable":true,"href":"https:\/\/kingwaycarrental.com\/de\/wp-json\/wp\/v2\/product_brand?post=30513"},{"taxonomy":"product_cat","embeddable":true,"href":"https:\/\/kingwaycarrental.com\/de\/wp-json\/wp\/v2\/product_cat?post=30513"},{"taxonomy":"product_tag","embeddable":true,"href":"https:\/\/kingwaycarrental.com\/de\/wp-json\/wp\/v2\/product_tag?post=30513"}],"curies":[{"name":"wp","href":"https:\/\/api.w.org\/{rel}","templated":true}]}}