{"id":30287,"date":"2026-03-28T23:10:14","date_gmt":"2026-03-28T23:10:14","guid":{"rendered":"https:\/\/kingwaycarrental.com\/car\/rolls-royce-cullinan\/"},"modified":"2026-03-29T15:07:27","modified_gmt":"2026-03-29T15:07:27","slug":"rolls-royce-cullinan","status":"publish","type":"product","link":"https:\/\/kingwaycarrental.com\/de\/car\/rolls-royce-cullinan\/","title":{"rendered":"Rolls-Royce Cullinan"},"content":{"rendered":"<h2>Warum einen Rolls Royce Cullinan in Dubai mieten?<\/h2>\n<p>Ob Sie planen, an einer gro\u00dfen Veranstaltung teilzunehmen oder Dubais Sehensw\u00fcrdigkeiten im luxuri\u00f6sen Stil erkunden m\u00f6chten, unsere Dienstleistungen garantieren Ihnen vollst\u00e4ndige Transparenz und einfache Buchungsverfahren und machen Ihre Fortbewegung in den Emiraten zu einer zeitlosen k\u00f6niglichen Reise, die Ihren raffinierten Geschmack und Ihren prestigetr\u00e4chtigen Status widerspiegelt. Ihre Wahl des Rolls-Royce Cullinan wird absolut richtig sein, um ein Star auf der Stra\u00dfe zu werden.<\/p>\n<h2>Vorteile des Rolls Royce Cullinan zur Miete in Dubai<\/h2>\n<p>Der Rolls Royce Cullinan zur Miete in Dubai ist die erste Wahl f\u00fcr alle, die Motorleistung und eine prestigetr\u00e4chtige Pr\u00e4senz suchen. Es ist nicht nur ein <a href=\"https:\/\/kingwaycarrental.com\/de\/suv-car-rental-dubai\/\">Luxus-SUV zur Miete<\/a>; es ist der Gipfel britischer Ingenieurskunst. Der Rolls-Royce Cullinan ist mit einem 6,75-Liter-V12-Biturbo-Motor ausgestattet, der Ihnen eine au\u00dfergew\u00f6hnlich sanfte Leistung auf allen Stra\u00dfen der Emirate bietet. King Way hat darauf geachtet, eine gro\u00dfe Flotte von <a href=\"https:\/\/kingwaycarrental.com\/de\/rent-rolls-royce-in-dubai\/\">Rolls Royce-Mietwagen<\/a> bereitzustellen, darunter diese Ikone &#8222;Cullinan&#8220;, mit speziellen Ausstattungsmerkmalen, die Ihnen Exklusivit\u00e4t und absoluten Komfort garantieren. Weil wir Wert darauf legen, einen Sonderpreis anzubieten, der dem Wert dieses Erlebnisses entspricht, erl\u00e4utern wir Ihnen die Merkmale, die es einzigartig machen:<\/p>\n<ol>\n<li>Intelligenter Allradantrieb, der sich an verschiedene Gel\u00e4ndetypen anpasst, sei es in der Stadt oder auf befestigten W\u00fcstenstra\u00dfen.<\/li>\n<li>Magic Carpet Ride-Technologie, die sicherstellt, dass die Passagiere vollst\u00e4ndig von Vibrationen isoliert werden, die durch Stra\u00dfenunebenheiten verursacht werden.<\/li>\n<li>Fortschrittliches Nachtsichtsystem, das dem Fahrer hilft, Fu\u00dfg\u00e4nger und Tiere bei schlechten Lichtverh\u00e4ltnissen zu erkennen.<\/li>\n<li>Hintert\u00fcren, die sich nach hinten \u00f6ffnen, um den Ein- und Ausstieg zu erleichtern, mit automatischer Schlie\u00dfung auf Knopfdruck.<\/li>\n<li>360-Grad-Rundumkameras mit einem fortschrittlichen Assistenzsystem zum Einparken in enge R\u00e4ume mit \u00e4u\u00dferster Pr\u00e4zision.<\/li>\n<\/ol>\n<h2>Der Unterschied zwischen dem Rolls Royce Cullinan und anderen Luxusautos zur Miete<\/h2>\n<p>Wenn Sie den Rolls Royce Cullinan zur Miete in Dubai mit Konkurrenten vergleichen, werden Sie feststellen, dass der Unterschied in den feinen Details und der Privatsph\u00e4re liegt, die kein anderes Auto bietet. W\u00e4hrend sich andere Sport Utility Vehicles auf Geschwindigkeit konzentrieren, konzentriert sich der Rolls-Royce Cullinan auf stillen Luxus und eine beeindruckende Pr\u00e4senz, die m\u00fchelos Aufmerksamkeit erregt. Wir bieten dieses Erlebnis mit dem Vorteil der Vermietung ohne Versicherung\/Kaution, um Verfahren f\u00fcr Gesch\u00e4ftsleute und Touristen zu vereinfachen, die Luxus ohne finanzielle Komplikationen suchen. Hier sind die grundlegenden Unterschiede, die ihn an die Spitze der Liste bringen:<\/p>\n<ul>\n<li>Hervorragende Schalld\u00e4mmung, die den Innenraum selbst bei hohen Geschwindigkeiten auf Dubais Stra\u00dfen v\u00f6llig ruhig macht.<\/li>\n<li>Die Qualit\u00e4t der verwendeten Materialien, von nat\u00fcrlichen Ledern bis hin zu seltenen H\u00f6lzern, die sorgf\u00e4ltig ausgew\u00e4hlt und von Hand verarbeitet werden.<\/li>\n<li>Die massive Gr\u00f6\u00dfe und der ger\u00e4umige Innenraum, die die meisten Autos in der Kategorie der Luxus-SUVs \u00fcbertreffen.<\/li>\n<li>Proaktive Luftfederung, die die Stra\u00dfe vorausliest und sich sofort f\u00fcr den Fahrgastkomfort anpasst.<\/li>\n<li>Die M\u00f6glichkeit, den Service mit einem <a href=\"https:\/\/kingwaycarrental.com\/de\/chauffeur-service-dubai\/\">professionellen Privatfahrer<\/a> anzufordern, der die Kunst der Gastfreundschaft und des vornehmen Umgangs mit VIPs beherrscht.<\/li>\n<\/ul>\n<h3>Merkmale der k\u00f6niglichen Kabine des Rolls Royce Cullinan f\u00fcr lange Fahrten<\/h3>\n<p>Lange Fahrten zwischen den Emiraten verwandeln sich dank der Kabine des Rolls-Royce Cullinan, die an die Salons luxuri\u00f6ser Pal\u00e4ste erinnert, in einen angenehmen Ausflug. Die Sitze sind so konzipiert, dass sie vollst\u00e4ndige K\u00f6rperunterst\u00fctzung mit Massage- und Heizfunktionen bieten, was sie ideal f\u00fcr diejenigen macht, die den Cullinan-Service mit einem privaten Fahrer anfordern, um sich w\u00e4hrend der Fahrt auf ihre Arbeit konzentrieren zu k\u00f6nnen. Die kostenlose Lieferung des Autos an Ihren Wohnort ist ebenfalls verf\u00fcgbar, damit Sie Ihre Reise in v\u00f6lligem Komfort beginnen k\u00f6nnen. F\u00fcr ein integriertes k\u00f6nigliches Erlebnis bietet die Kabine die folgenden Funktionen:<\/p>\n<ol>\n<li>Fortschrittliches Unterhaltungssystem f\u00fcr den Fond mit hochaufl\u00f6senden Touchscreens zur Steuerung von Navigation und Multimedia.<\/li>\n<li>Ein kleiner integrierter K\u00fchlschrank zum K\u00fchlen von Getr\u00e4nken mit Kristallgl\u00e4sern, die einen Hauch von Eleganz und Luxus verleihen.<\/li>\n<li>Ein mit Glasfasern best\u00fcckter Sternenhimmel, der den Anblick von Sternen am Himmel nachahmt und nachts eine magische Atmosph\u00e4re im Auto schafft.<\/li>\n<li>Elektrisch klappbare hintere Picknicktische, die als Arbeitsfl\u00e4che oder f\u00fcr einen kleinen Snack unterwegs genutzt werden k\u00f6nnen.<\/li>\n<li>Automatische Vier-Zonen-Klimaregelung, die eine pr\u00e4zise Verteilung von W\u00e4rme und K\u00e4lte an jeden Passagier entsprechend seiner pers\u00f6nlichen Pr\u00e4ferenz gew\u00e4hrleistet.<\/li>\n<\/ol>\n<h2>H\u00e4ufig gestellte Fragen<\/h2>\n<div id=\"rank-math-rich-snippet-wrapper\"><div id=\"rank-math-faq\" class=\"rank-math-block\">\n<div class=\"rank-math-list \">\n<div id=\"faq-1\" class=\"rank-math-list-item\">\n<h3 class=\"rank-math-question \">Ist der Pannenhilfedienst f\u00fcr das Rolls Royce Auto rund um die Uhr verf\u00fcgbar?<\/h3>\n<div class=\"rank-math-answer \">\n\n<p>Ja, wir bieten integrierte technische Unterst\u00fctzung und sofortige Pannenhilfe in allen Emiraten, um sicherzustellen, dass Ihre Reise ohne Verz\u00f6gerung fortgesetzt werden kann, falls Sie auf einen kleinen technischen Notfall sto\u00dfen.<\/p>\n\n<\/div>\n<\/div>\n<div id=\"faq-2\" class=\"rank-math-list-item\">\n<h3 class=\"rank-math-question \">Wie ist die Richtlinie bez\u00fcglich der Autow\u00e4sche und Vorbereitung vor der Abholung?<\/h3>\n<div class=\"rank-math-answer \">\n\n<p>Der Rolls Royce Cullinan wird in absolut perfektem Zustand \u00fcbergeben, nachdem er eine gr\u00fcndliche Reinigung und Desinfektion der Kabine sowie eine Politur der Karosserie durchlaufen hat, um sicherzustellen, dass Sie ein Fahrzeug erhalten, das Ihrem sozialen Status w\u00fcrdig ist.<\/p>\n\n<\/div>\n<\/div>\n<div id=\"faq-3\" class=\"rank-math-list-item\">\n<h3 class=\"rank-math-question \">Kann der Rolls Royce Cullinan nur f\u00fcr Fotoshootings und Werbung gemietet werden?<\/h3>\n<div class=\"rank-math-answer \">\n\n<p>Selbstverst\u00e4ndlich bieten wir spezielle Pakete f\u00fcr den Produktions- und Fotosektor an, bei denen Sie das Auto zu flexiblen Bedingungen f\u00fcr k\u00fcnstlerische oder kommerzielle Zwecke mieten k\u00f6nnen, die Ihnen garantieren, die besten Aufnahmen mit dieser Luxusikone zu erhalten.<\/p>\n\n<\/div>\n<\/div>\n<\/div>\n<\/div><\/div>\n<div id=\"gtx-trans\" style=\"position: absolute; left: 344px; top: 5.90625px;\">\n<div class=\"gtx-trans-icon\"><\/div>\n<\/div>\n","protected":false},"excerpt":{"rendered":"<p>Wenn Sie an absoluten Luxus denken, der den Stra\u00dfen der Stadt des Goldes w\u00fcrdig ist, stellt die Suche nach einem <a href=\"https:\/\/kingwaycarrental.com\/de\/rolls-royce-cullinan-rental-dubai\/\">Rolls Royce Cullinan zur Miete in Dubai<\/a> Sie vor ein unvergleichliches Fahrerlebnis, das k\u00f6nigliche Kraft und h\u00f6chsten Komfort vereint. Bei King Way Car Rental verstehen wir den Anspruch unserer Kunden an Exzellenz; deshalb stellen wir eine Flotte dieses Meisterwerks zur Verf\u00fcgung, das einer gr\u00fcndlichen Inspektion der Eigentumsdetails und des Fahrzeugzustands unterzogen wird, um h\u00f6chste Sicherheits- und Privatsph\u00e4renstandards zu gew\u00e4hrleisten.<\/p>\n","protected":false},"featured_media":30273,"comment_status":"open","ping_status":"closed","template":"","meta":[],"product_brand":[],"product_cat":[804,772,782,805,783],"product_tag":[784,786],"class_list":{"0":"post-30287","1":"product","2":"type-product","3":"status-publish","4":"has-post-thumbnail","6":"product_cat-rolls-royce","7":"product_cat-all-cars","8":"product_cat-luxury-cars","9":"product_cat-rolls-royce-cullinan","10":"product_cat-suv-cars","11":"product_tag-car-rental-de","12":"product_tag-rent-a-car-in-dubai-de","14":"first","15":"instock","16":"featured","17":"taxable","18":"shipping-taxable","19":"purchasable","20":"product-type-ovabrw_car_rental"},"_links":{"self":[{"href":"https:\/\/kingwaycarrental.com\/de\/wp-json\/wp\/v2\/product\/30287","targetHints":{"allow":["GET"]}}],"collection":[{"href":"https:\/\/kingwaycarrental.com\/de\/wp-json\/wp\/v2\/product"}],"about":[{"href":"https:\/\/kingwaycarrental.com\/de\/wp-json\/wp\/v2\/types\/product"}],"replies":[{"embeddable":true,"href":"https:\/\/kingwaycarrental.com\/de\/wp-json\/wp\/v2\/comments?post=30287"}],"version-history":[{"count":0,"href":"https:\/\/kingwaycarrental.com\/de\/wp-json\/wp\/v2\/product\/30287\/revisions"}],"wp:featuredmedia":[{"embeddable":true,"href":"https:\/\/kingwaycarrental.com\/de\/wp-json\/wp\/v2\/media\/30273"}],"wp:attachment":[{"href":"https:\/\/kingwaycarrental.com\/de\/wp-json\/wp\/v2\/media?parent=30287"}],"wp:term":[{"taxonomy":"product_brand","embeddable":true,"href":"https:\/\/kingwaycarrental.com\/de\/wp-json\/wp\/v2\/product_brand?post=30287"},{"taxonomy":"product_cat","embeddable":true,"href":"https:\/\/kingwaycarrental.com\/de\/wp-json\/wp\/v2\/product_cat?post=30287"},{"taxonomy":"product_tag","embeddable":true,"href":"https:\/\/kingwaycarrental.com\/de\/wp-json\/wp\/v2\/product_tag?post=30287"}],"curies":[{"name":"wp","href":"https:\/\/api.w.org\/{rel}","templated":true}]}}