{"id":28137,"date":"2026-03-06T18:12:06","date_gmt":"2026-03-06T18:12:06","guid":{"rendered":"https:\/\/kingwaycarrental.com\/?post_type=product&#038;p=28137"},"modified":"2026-03-17T20:13:13","modified_gmt":"2026-03-17T20:13:13","slug":"fiat-500-cabriolet-white","status":"publish","type":"product","link":"https:\/\/kingwaycarrental.com\/de\/car\/fiat-500-cabriolet-white\/","title":{"rendered":"Fiat 500 Cabriolet"},"content":{"rendered":"<h2>Warum ein Fiat 500 Cabriolet in Dubai mieten?<\/h2>\n<p>Dieses Auto bietet Ihnen ein au\u00dfergew\u00f6hnliches Erlebnis, um die Meeresbrise in JBR zu genie\u00dfen oder Erinnerungsfotos vor dem Burj Al Arab mit einem offenen Verdeck zu machen, das eine vollst\u00e4ndige Panoramaaussicht bietet. King Way Car Rental bietet diese Ikone mit einer Ausstattung, die Ihren Komfort und Ihre Exklusivit\u00e4t garantiert und Ihre Fortbewegung zu einer unvergesslichen Erinnerung fernab des L\u00e4rms traditioneller gro\u00dfer Autos macht.<\/p>\n<h2>Fiat 500 Cabriolet Miet-Erfahrung in Dubai<\/h2>\n<p>Die Entscheidung, ein <strong>Fiat 500 Cabriolet in Dubai zu mieten<\/strong>, ist ein kluger Schritt f\u00fcr alle, die ein Fortbewegungsmittel suchen, das Praktikabilit\u00e4t und Luxus zugleich vereint, besonders wenn man mit King Way zusammenarbeitet, das Ihnen alle Verfahren erleichtert.<\/p>\n<p>Dieses Auto bietet Ihnen hohe Flexibilit\u00e4t beim Navigieren durch enge Gassen und belebte Gegenden wie Souk Al Bahar oder das Zentrum Dubais, und es ist aufgrund seiner idealen Gr\u00f6\u00dfe auch leicht, Parkpl\u00e4tze f\u00fcr es an belebten Orten zu finden.<\/p>\n<p>Das Unternehmen bietet Ihnen dieses Erlebnis zu wettbewerbsf\u00e4higen Preisen, die den Besitz eines <a href=\"https:\/\/kingwaycarrental.com\/de\/convertible-car-rental-dubai\/\">Cabriolets<\/a> f\u00fcr einen Tag, eine Woche oder sogar einen Monat f\u00fcr jedermann erschwinglich machen, w\u00e4hrend gleichzeitig ein sauberes Auto in ausgezeichnetem technischem Zustand garantiert wird, das Ihrer touristischen Tour oder Ihren pers\u00f6nlichen Besorgungen in der Stadt w\u00fcrdig ist.<\/p>\n<p>Wenn Sie das Fahrerlebnis eines anderen Modells w\u00fcnschen, bieten wir eine wunderbare Flotte von Fiat-Mietwagen in Dubai an, die verschiedene Kategorien umfasst, wie Fiat Limousine, SUV, Sportwagen, Cabriolet, Flie\u00dfheck.<\/p>\n<h2>Vorteile des Fiat 500 Cabriolet Mietwagens in Dubai<\/h2>\n<p>Der <strong>Fiat 500 Cabriolet<\/strong> ist mit einer Reihe technischer Merkmale ausgestattet, die das Fahren unter Dubais Sonne oder in seiner wunderbaren Nachtatmosph\u00e4re \u00e4u\u00dferst angenehm machen. Hier sind die Details seiner Spezifikationen durch die folgenden Punkte:<\/p>\n<ol>\n<li><strong>Motor:<\/strong> 1,4-Liter-Motor, der wirtschaftliche und aktive Leistung bietet.<\/li>\n<li><strong>Getriebe:<\/strong> Fortschrittliches Automatikgetriebe f\u00fcr einfaches Fahren im Stau.<\/li>\n<li><strong>Verdeck:<\/strong> Stoffverdeck, elektrisch bis zu bestimmten Geschwindigkeiten faltbar.<\/li>\n<li><strong>Technologie:<\/strong> Touchscreen mit Unterst\u00fctzung f\u00fcr Apple CarPlay und Android Auto.<\/li>\n<li><strong>Soundsystem:<\/strong> Hochwertige Lautsprecher f\u00fcr ein integriertes Unterhaltungserlebnis.<\/li>\n<\/ol>\n<h3>Das unverwechselbare italienische Design des Fiat 500C<\/h3>\n<p>Das klassische italienische Design dieses Autos ist ein attraktives Element f\u00fcr Fotografie-Enthusiasten und Content-Ersteller, die Dubai besuchen. Es ist nicht nur ein Fortbewegungsmittel, sondern ein Accessoire, das Ihren pers\u00f6nlichen Fotos einen Hauch von Eleganz verleiht.<\/p>\n<p>Die stromlinienf\u00f6rmige Flie\u00dfheck-Karosserie und die lebendigen Farben des Autos harmonieren erstaunlich gut mit ber\u00fchmten Dubaier Hintergr\u00fcnden wie dem Ain Dubai oder den luxuri\u00f6sen Jumeirah Hotels, was es zur ersten Wahl f\u00fcr diejenigen macht, die ihre Reise auf kinematografische Weise dokumentieren m\u00f6chten.<\/p>\n<p>Dank der Sorgfalt, die King Way dem \u00e4u\u00dferen Erscheinungsbild der Autos widmet, werden Sie das Auto immer mit seinem urspr\u00fcnglichen Glanz und seinen Chromdetails finden, die nachts die Lichter der T\u00fcrme Dubais reflektieren, und Ihnen so professionelle Aufnahmen aus allen Blickwinkeln garantieren.<\/p>\n<blockquote><p>Fahren Sie jetzt mit einzigartiger italienischer Eleganz durch die Stra\u00dfen Dubais. Kontaktieren Sie uns \u00fcber unsere Website, WhatsApp oder telefonisch, buchen Sie Ihr Auto bei King Way und fahren Sie grenzenlos los!<\/p><\/blockquote>\n<h2>H\u00e4ufig gestellte Fragen<\/h2>\n<div id=\"rank-math-rich-snippet-wrapper\"><div id=\"rank-math-faq\" class=\"rank-math-block\">\n<div class=\"rank-math-list \">\n<div id=\"faq-1\" class=\"rank-math-list-item\">\n<h3 class=\"rank-math-question \">Kann ich das Auto direkt vom Flughafen Dubai abholen?<\/h3>\n<div class=\"rank-math-answer \">\n\n<p>Ja, King Way bietet einen Auto-Lieferservice an verschiedenen Flugh\u00e4fen in Dubai an, damit Sie Ihre Reise sofort nach Ihrer Ankunft ohne Verz\u00f6gerung beginnen k\u00f6nnen.<\/p>\n\n<\/div>\n<\/div>\n<div id=\"faq-2\" class=\"rank-math-list-item\">\n<h3 class=\"rank-math-question \">Welche Kraftstoffarten werden im Fiat 500 Cabriolet verwendet?<\/h3>\n<div class=\"rank-math-answer \">\n\n<p>Das Auto f\u00e4hrt mit Benzin (Special 95 oder Premium 98) und zeichnet sich durch einen sehr wirtschaftlichen Kraftstoffverbrauch im Vergleich zu anderen Sportwagen aus.<\/p>\n\n<\/div>\n<\/div>\n<div id=\"faq-3\" class=\"rank-math-list-item\">\n<h3 class=\"rank-math-question \">K\u00f6nnen zwei Personen mit Reisegep\u00e4ck im Auto fahren?<\/h3>\n<div class=\"rank-math-answer \">\n\n<p>Das Auto bietet Platz f\u00fcr vier Passagiere, aber bei gro\u00dfem Gep\u00e4ck ist es vorzuziehen, die R\u00fccksitze umzuklappen, um ausreichend Stauraum f\u00fcr das Gep\u00e4ck zu schaffen.<\/p>\n\n<\/div>\n<\/div>\n<div id=\"faq-4\" class=\"rank-math-list-item\">\n<h3 class=\"rank-math-question \">Ist das Rauchen in den Cabriolets erlaubt?<\/h3>\n<div class=\"rank-math-answer \">\n\n<p>Das Unternehmen h\u00e4lt an einer Nichtraucherpolitik in allen seinen Autos fest, um die Sauberkeit der Innenr\u00e4ume und die Qualit\u00e4t der Polster und Sitze f\u00fcr alle Kunden zu erhalten.<\/p>\n\n<\/div>\n<\/div>\n<div id=\"faq-5\" class=\"rank-math-list-item\">\n<h3 class=\"rank-math-question \">Was soll ich tun, wenn das elektrische Verdeck ausf\u00e4llt?<\/h3>\n<div class=\"rank-math-answer \">\n\n<p>Wir bieten in unserem Unternehmen einen 24-Stunden-Pannenhilfedienst an, und Sie k\u00f6nnen ihn sofort kontaktieren, um ein technisches Team zu schicken oder das Auto im Falle einer unerwarteten Panne auszutauschen.<\/p>\n\n<\/div>\n<\/div>\n<\/div>\n<\/div><\/div>\n<div id=\"gtx-trans\" style=\"position: absolute; left: 178px; top: 5.90625px;\">\n<div class=\"gtx-trans-icon\"><\/div>\n<\/div>\n","protected":false},"excerpt":{"rendered":"<p>Dubai vereint architektonische Moderne und die Sch\u00f6nheit der K\u00fcstenstra\u00dfen, und es gibt nichts Sch\u00f6neres, als diese Details in einem Auto zu erkunden, das einen Geist von Vitalit\u00e4t und Freiheit widerspiegelt. Wenn Sie ein Fahrerlebnis suchen, das italienische Eleganz und Leichtigkeit der Fortbewegung in den belebten Stra\u00dfen der Stadt verbindet, ist die Anmietung eines Fiat 500 Cabriolets in Dubai die ideale Wahl f\u00fcr Sie.<\/p>\n","protected":false},"featured_media":28145,"comment_status":"open","ping_status":"closed","template":"","meta":[],"product_brand":[1288],"product_cat":[1281,772,952],"product_tag":[784,785,786,787],"class_list":{"0":"post-28137","1":"product","2":"type-product","3":"status-publish","4":"has-post-thumbnail","6":"product_brand-fiat","7":"product_cat-hatchback-cars","8":"product_cat-all-cars","9":"product_cat-convertible-cars","10":"product_tag-car-rental-de","11":"product_tag-king-way-car-rental-de","12":"product_tag-rent-a-car-in-dubai-de","13":"product_tag-----de","15":"first","16":"instock","17":"featured","18":"taxable","19":"shipping-taxable","20":"purchasable","21":"product-type-ovabrw_car_rental"},"_links":{"self":[{"href":"https:\/\/kingwaycarrental.com\/de\/wp-json\/wp\/v2\/product\/28137","targetHints":{"allow":["GET"]}}],"collection":[{"href":"https:\/\/kingwaycarrental.com\/de\/wp-json\/wp\/v2\/product"}],"about":[{"href":"https:\/\/kingwaycarrental.com\/de\/wp-json\/wp\/v2\/types\/product"}],"replies":[{"embeddable":true,"href":"https:\/\/kingwaycarrental.com\/de\/wp-json\/wp\/v2\/comments?post=28137"}],"version-history":[{"count":0,"href":"https:\/\/kingwaycarrental.com\/de\/wp-json\/wp\/v2\/product\/28137\/revisions"}],"wp:featuredmedia":[{"embeddable":true,"href":"https:\/\/kingwaycarrental.com\/de\/wp-json\/wp\/v2\/media\/28145"}],"wp:attachment":[{"href":"https:\/\/kingwaycarrental.com\/de\/wp-json\/wp\/v2\/media?parent=28137"}],"wp:term":[{"taxonomy":"product_brand","embeddable":true,"href":"https:\/\/kingwaycarrental.com\/de\/wp-json\/wp\/v2\/product_brand?post=28137"},{"taxonomy":"product_cat","embeddable":true,"href":"https:\/\/kingwaycarrental.com\/de\/wp-json\/wp\/v2\/product_cat?post=28137"},{"taxonomy":"product_tag","embeddable":true,"href":"https:\/\/kingwaycarrental.com\/de\/wp-json\/wp\/v2\/product_tag?post=28137"}],"curies":[{"name":"wp","href":"https:\/\/api.w.org\/{rel}","templated":true}]}}