{"id":26567,"date":"2025-12-05T01:29:14","date_gmt":"2025-12-05T01:29:14","guid":{"rendered":"https:\/\/kingwaycarrental.com\/?post_type=product&#038;p=26567"},"modified":"2026-03-13T23:44:45","modified_gmt":"2026-03-13T23:44:45","slug":"porsche-911-targa-4-gts","status":"publish","type":"product","link":"https:\/\/kingwaycarrental.com\/de\/car\/porsche-911-targa-4-gts\/","title":{"rendered":"Porsche 911 Targa 4 GTS"},"content":{"rendered":"<h2 data-path-to-node=\"6\">Vorteile der Anmietung des Porsche 911 Targa 4 GTS in Dubai<\/h2>\n<p data-path-to-node=\"7\">Die neue Targa 4 GTS Edition des deutschen Unternehmens Porsche zeichnet sich durch ihre unglaubliche Leistung, atemberaubende Performance und ihr modernes Design als sportliches Cabriolet aus. Dieses Auto besitzt einen besonderen Reiz f\u00fcr das Fahren in der Welt der <a href=\"https:\/\/kingwaycarrental.com\/de\/sports-car-rental-dubai\/\">Supersportwagen<\/a>.<\/p>\n<p data-path-to-node=\"7\">Der Motor des Targa 4 GTS verf\u00fcgt \u00fcber einen Hubraum von <b>3600 ccm<\/b> mit Twin-Turboaufladung \/ Hybrid- + elektrischem Turbomotor und leistet <b>532 PS<\/b>.<\/p>\n<p data-path-to-node=\"7\">Das Au\u00dfendesign des Wagens ist von h\u00f6chster Sch\u00f6nheit und weist eine geniale Aerodynamik auf, zusammen mit schwarz lackierten Sportfelgen, in deren Mitte das auff\u00e4llige Porsche-Logo prangt. Dies wird erg\u00e4nzt durch den ber\u00fchmten Auspuff des Porsche 911 Targa und sein kraftvolles, aufmerksamkeitsstarkes Motorger\u00e4usch.<\/p>\n<p data-path-to-node=\"8\">Wenn Sie einen genaueren Blick in das Innere des Autos werfen, werden Sie luxuri\u00f6se Akzente von <a href=\"https:\/\/kingwaycarrental.com\/de\/?attachment_id=23180\">Porsche<\/a> entdecken. Sie finden ein ausgesprochen sportliches Cockpit, das wunderbar und ansprechend gestaltet ist. Es verf\u00fcgt \u00fcber ein Lenkrad mit vollst\u00e4ndiger Steuerung, eine Tachoeinheit, die eine Mischung aus digital und analog ist, sowie luxuri\u00f6se Sitze aus Naturleder in edlem Kamelbraun, die mit wei\u00dfem Faden bestickt sind, was eine Mischung aus Raffinesse und Luxus darstellt.<\/p>\n<p data-path-to-node=\"11\">Die Beschleunigung des Porsche 911 Targa ist wirklich erstaunlich und f\u00e4llt sofort ins Auge, da der Targa 4 GTS die Strecke von null auf hundert in nur <b>3,1 Sekunden<\/b> zur\u00fccklegt!<\/p>\n<p data-path-to-node=\"11\">\n<h3 data-path-to-node=\"12\">Was wird f\u00fcr die Anmietung des Porsche Targa 4 GTS in Dubai \u00fcber King Way ben\u00f6tigt?<\/h3>\n<p data-path-to-node=\"11\">Die Anforderungen f\u00fcr die <a href=\"https:\/\/kingwaycarrental.com\/de\/\">Anmietung eines Autos in Dubai<\/a> \u00fcber unser Unternehmen sind sehr einfach. Wir bieten flexible Mietdienste und eine einfache Online-Buchung, um die Verfahren f\u00fcr unsere lokalen und internationalen Kunden gleicherma\u00dfen zu erleichtern. Alles, was Sie ben\u00f6tigen, um einen Sportwagen in den VAE \u00fcber King Way zu mieten und zu buchen, ist Folgendes:<\/p>\n<ul>\n<li data-path-to-node=\"12,0,0\"><b>Einwohner:<\/b> Bringen Sie die Emirates ID und einen g\u00fcltigen Emirates-F\u00fchrerschein mit (die Aufenthaltserlaubnis wird akzeptiert).<\/li>\n<li data-path-to-node=\"12,1,0\"><b>Touristen:<\/b> Eine Kopie des Reisepasses, eine Kopie des g\u00fcltigen F\u00fchrerscheins des Heimatlandes und eine Kopie des Internationalen F\u00fchrerscheins (IDP) oder eines anderen in den Vereinigten Arabischen Emiraten anerkannten F\u00fchrerscheins.<\/li>\n<\/ul>\n<p data-path-to-node=\"13\">Kontaktieren Sie uns noch heute direkt, um Ihren Sportwagen f\u00fcr eine unvergessliche Reise in Dubai zu buchen. Sie k\u00f6nnen uns direkt unter der Telefonnummer <b>+971553022188<\/b>, \u00fcber WhatsApp oder \u00fcber unsere elektronische Plattform anrufen.<\/p>\n","protected":false},"excerpt":{"rendered":"<h1>Mieten Sie einen Porsche 911 Targa 4 GTS in Dubai<\/h1>\n<p>Genie\u00dfen Sie die sch\u00f6nsten Momente in Dubai, indem Sie das neueste Modell des <a href=\"https:\/\/kingwaycarrental.com\/de\/?attachment_id=25333\">Porsche 911<\/a> Targa 4 GTS (Modelljahr 2026) \u00fcber <b>King Way<\/b> mieten. Gehen Sie mit einem der sch\u00f6nsten und ber\u00fchmtesten Sportwagen der Welt auf die Stra\u00dfe. Erkunden Sie Dubais Stra\u00dfen und Sandstr\u00e4nde mit einem sportlichen Cabriolet und machen Sie Ihre Reise unvergesslich!<\/p>\n<div id=\"gtx-trans\" style=\"position: absolute; left: 344px; top: 64.4375px;\">\n<div class=\"gtx-trans-icon\"><\/div>\n<\/div>\n","protected":false},"featured_media":26610,"comment_status":"open","ping_status":"closed","template":"","meta":[],"product_brand":[],"product_cat":[772,952,1110,937,938,954],"product_tag":[784,786],"class_list":{"0":"post-26567","1":"product","2":"type-product","3":"status-publish","4":"has-post-thumbnail","6":"product_cat-all-cars","7":"product_cat-convertible-cars","8":"product_cat-coupe-cars","9":"product_cat-porsche","10":"product_cat-porsche-911","11":"product_cat-sports-cars","12":"product_tag-car-rental-de","13":"product_tag-rent-a-car-in-dubai-de","15":"first","16":"instock","17":"featured","18":"taxable","19":"shipping-taxable","20":"purchasable","21":"product-type-ovabrw_car_rental"},"_links":{"self":[{"href":"https:\/\/kingwaycarrental.com\/de\/wp-json\/wp\/v2\/product\/26567","targetHints":{"allow":["GET"]}}],"collection":[{"href":"https:\/\/kingwaycarrental.com\/de\/wp-json\/wp\/v2\/product"}],"about":[{"href":"https:\/\/kingwaycarrental.com\/de\/wp-json\/wp\/v2\/types\/product"}],"replies":[{"embeddable":true,"href":"https:\/\/kingwaycarrental.com\/de\/wp-json\/wp\/v2\/comments?post=26567"}],"version-history":[{"count":0,"href":"https:\/\/kingwaycarrental.com\/de\/wp-json\/wp\/v2\/product\/26567\/revisions"}],"wp:featuredmedia":[{"embeddable":true,"href":"https:\/\/kingwaycarrental.com\/de\/wp-json\/wp\/v2\/media\/26610"}],"wp:attachment":[{"href":"https:\/\/kingwaycarrental.com\/de\/wp-json\/wp\/v2\/media?parent=26567"}],"wp:term":[{"taxonomy":"product_brand","embeddable":true,"href":"https:\/\/kingwaycarrental.com\/de\/wp-json\/wp\/v2\/product_brand?post=26567"},{"taxonomy":"product_cat","embeddable":true,"href":"https:\/\/kingwaycarrental.com\/de\/wp-json\/wp\/v2\/product_cat?post=26567"},{"taxonomy":"product_tag","embeddable":true,"href":"https:\/\/kingwaycarrental.com\/de\/wp-json\/wp\/v2\/product_tag?post=26567"}],"curies":[{"name":"wp","href":"https:\/\/api.w.org\/{rel}","templated":true}]}}