{"id":25966,"date":"2025-11-15T01:00:20","date_gmt":"2025-11-15T01:00:20","guid":{"rendered":"https:\/\/kingwaycarrental.com\/product\/range-rover-grey\/"},"modified":"2026-03-12T04:41:24","modified_gmt":"2026-03-12T04:41:24","slug":"range-rover-grey","status":"publish","type":"product","link":"https:\/\/kingwaycarrental.com\/de\/car\/range-rover-grey\/","title":{"rendered":"Range Rover Vogue"},"content":{"rendered":"<h2>Vermietung des Range Rover Vogue in Dubai<\/h2>\n<p class=\"ds-markdown-paragraph\">Einen Range Rover Vogue in Dubai zu fahren bedeutet nicht nur, von Punkt A nach Punkt B zu gelangen, sondern Luxus, Leistung und Abenteuer zu erleben. Mit unseren Mietdienstleistungen ist dieses Erlebnis zug\u00e4nglicher, als Sie denken.<\/p>\n<p class=\"ds-markdown-paragraph\">Egal, ob Sie durch die makellosen Stra\u00dfen der Stadt cruisen oder die Sch\u00f6nheit der W\u00fcste erkunden \u2013 der Range Rover Vogue garantiert ein unvergessliches Fahrerlebnis. Verpassen Sie nicht die Chance, Ihr Dubai-Erlebnis zu bereichern.<\/p>\n<h3 data-pm-slice=\"1 3 []\">Warum Sie den Range Rover Vogue mieten sollten<\/h3>\n<p>Der Range Rover Vogue ist synonym mit Luxus und Leistung. Mit seinem eleganten Design, leistungsstarken Motor und modernsten Funktionen ist dieser SUV perfekt f\u00fcr Stadtfahrten und W\u00fcstenabenteuer geeignet. Hier sind einige der herausragenden Merkmale:<\/p>\n<ul>\n<li class=\"ds-markdown-paragraph\"><strong>Luxuri\u00f6ses Interieur:<\/strong>\u00a0Luxuri\u00f6se Ledersitze, ger\u00e4umige Innenr\u00e4ume und hochwertige Materialien schaffen eine komfortable Umgebung.<\/li>\n<li class=\"ds-markdown-paragraph\"><strong>Fortschrittliche Technologie:<\/strong>\u00a0Touchscreen-Navigation, adaptiver Tempomat und ein High-End-Soundsystem verbessern jede Fahrt.<\/li>\n<li class=\"ds-markdown-paragraph\"><strong>Leistung:<\/strong>\u00a0Ausgestattet mit einem robusten V6- und V8-Motor sowie einem fortschrittlichen Fahrwerk, ist der Vogue daf\u00fcr konzipiert, jedes Gel\u00e4nde mit Leichtigkeit zu bew\u00e4ltigen.<\/li>\n<li class=\"ds-markdown-paragraph\"><strong>Prestige:<\/strong>\u00a0Treffen Sie mit Stil ein, egal ob Sie zu einem Gesch\u00e4ftstermin, einem F\u00fcnf-Sterne-Hotel oder einer exklusiven Veranstaltung fahren.<\/li>\n<\/ul>\n<h3 class=\"font-bold text-h3 leading-[40px] pt-[21px] pb-[2px] [&amp;_a]:underline-offset-[6px] [&amp;_.underline]:underline-offset-[6px]\" dir=\"ltr\">Luxuri\u00f6ses Erlebnis des Range Rover Vogue<\/h3>\n<p class=\"text-body font-regular leading-[24px] pt-[9px] pb-[2px]\" dir=\"ltr\">Nur wenige Fahrzeuge erregen so leicht Aufmerksamkeit wie der Range Rover Vogue. Mit seinem mutigen Design, fortschrittlicher Technologie und komfortablem Interieur verwandelt er jede Fahrt in ein au\u00dfergew\u00f6hnliches Erlebnis. Er bietet viele Optionen, die Ihnen unvergesslichen Komfort bieten, zus\u00e4tzlich zu seinem atemberaubenden Design, das auf der Stra\u00dfe und \u00fcberall Aufmerksamkeit erregt.<\/p>\n<h3 class=\"font-bold text-h3 leading-[40px] pt-[21px] pb-[2px] [&amp;_a]:underline-offset-[6px] [&amp;_.underline]:underline-offset-[6px]\" dir=\"ltr\">So mieten Sie einen Range Rover Vogue in Dubai<\/h3>\n<p class=\"text-body font-regular leading-[24px] pt-[9px] pb-[2px]\" dir=\"ltr\">Einen Luxus-SUV wie den Range Rover Vogue zu mieten, war noch nie einfacher. Folgen Sie diesen Schritten, um Ihr Fahrzeug bei King Way Autovermietung noch heute zu sichern:<\/p>\n<ol start=\"1\">\n<li>\n<p class=\"ds-markdown-paragraph\"><strong>Besuchen Sie die Website:<\/strong>\u00a0Gehen Sie auf\u00a0<strong><a href=\"https:\/\/kingwaycarrental.com\/de\/\" target=\"_blank\" rel=\"noopener noreferrer\">KingWayCarRental.com<\/a><\/strong>\u00a0und erkunden Sie unsere Auswahl an Premium-Fahrzeugen. Verwenden Sie die Suchfunktion, um den Range Rover Vogue zu finden.<\/p>\n<\/li>\n<li>\n<p class=\"ds-markdown-paragraph\"><strong>Treffen Sie Ihre Auswahl:<\/strong> W\u00e4hlen Sie Ihr bevorzugtes <a href=\"https:\/\/kingwaycarrental.com\/range-rover-rental-dubai\/\">Range Rover<\/a> Modell zusammen with der Mietdauer. King Way bietet viele flexible Pl\u00e4ne, die sich Ihrem Zeitplan anpassen, egal ob Sie das Fahrzeug f\u00fcr einen Tag oder einen l\u00e4ngeren Zeitraum ben\u00f6tigen.<\/p>\n<\/li>\n<li>\n<p class=\"ds-markdown-paragraph\"><strong>Legen Sie die erforderlichen Dokumente vor:<\/strong>\u00a0Stellen Sie sicher, dass Sie die notwendigen Dokumente haben, including einen g\u00fcltigen F\u00fchrerschein (international oder f\u00fcr die VAE) und einen Ausweis. F\u00fcr Besucher wird ein g\u00fcltiges Touristenvisum oder Reisepass ben\u00f6tigt.<\/p>\n<\/li>\n<li>\n<p class=\"ds-markdown-paragraph\"><strong>Best\u00e4tigen Sie Ihre Buchung:<\/strong>\u00a0Sobald Sie Ihr Fahrzeug ausgew\u00e4hlt und alle Details angegeben haben, best\u00e4tigen Sie Ihre Buchung online oder telefonisch. Sie k\u00f6nnen w\u00e4hlen, ob das Auto zu Ihnen geliefert werden soll oder ob Sie es an einem King Way-Standort abholen m\u00f6chten.<\/p>\n<\/li>\n<li>\n<p class=\"ds-markdown-paragraph\"><strong>Machen Sie sich mit Stil auf den Weg!:<\/strong> Holen Sie Ihren <a href=\"https:\/\/kingwaycarrental.com\/land-rover-rental-dubai\/\">Land Rover<\/a>\/Range Rover Vogue ab und genie\u00dfen Sie das Erlebnis, einen der luxuri\u00f6sesten SUVs auf dem Markt durch die atemberaubende Landschaft Dubais zu fahren.<\/p>\n<\/li>\n<\/ol>\n<h3 data-pm-slice=\"1 1 []\">Buchen Sie Ihre Range Rover Vogue Vermietung in Dubai<\/h3>\n<p>Wenn Sie sich entschieden haben, einen\u00a0<a href=\"https:\/\/kingwaycarrental.com\/de\/range-rover-vogue-rental-dubai\/\">Range Rover Vogue in Dubai zu mieten<\/a>, verpassen Sie nicht die Chance, Dubai in einem der luxuri\u00f6sesten SUVs auf dem Markt zu erkunden. Kontaktieren Sie uns noch heute, um Ihre\u00a0Range Rover Vogue Mietung\u00a0zu reservieren und das Beste zu erleben, was Dubai zu bieten hat. Luxus, Leistung und Stil sind nur eine Buchung entfernt.<\/p>\n","protected":false},"excerpt":{"rendered":"<h1>Vermietung des Range Rover Vogue in Dubai<\/h1>\n<p class=\"ds-markdown-paragraph\">Wir bieten die\u00a0Vermietung des Range Rover Vogue in Dubai\u00a0mit\u00a030% Rabatt. Sie k\u00f6nnen jetzt den\u00a0Range Rover Vogue in Dubai, das neueste Modell, zu einem g\u00fcnstigen Preis von nur\u00a01.199 AED pro Tag\u00a0mieten. Bei King Way Autovermietung erhalten Sie\u00a0kostenlose Lieferung des Fahrzeugs\u00a0an Ihren Standort.<\/p>\n<div id=\"gtx-trans\" style=\"position: absolute; left: 382px; top: -0.5625px;\">\n<div class=\"gtx-trans-icon\"><\/div>\n<\/div>\n","protected":false},"featured_media":25051,"comment_status":"open","ping_status":"closed","template":"","meta":[],"product_brand":[],"product_cat":[868,772,782,940,949,783],"product_tag":[784,785,786,787],"class_list":{"0":"post-25966","1":"product","2":"type-product","3":"status-publish","4":"has-post-thumbnail","6":"product_cat-land-rover","7":"product_cat-all-cars","8":"product_cat-luxury-cars","9":"product_cat-range-rover","10":"product_cat-range-rover-vogue","11":"product_cat-suv-cars","12":"product_tag-car-rental-de","13":"product_tag-king-way-car-rental-de","14":"product_tag-rent-a-car-in-dubai-de","15":"product_tag-----de","17":"first","18":"instock","19":"featured","20":"taxable","21":"shipping-taxable","22":"purchasable","23":"product-type-ovabrw_car_rental"},"_links":{"self":[{"href":"https:\/\/kingwaycarrental.com\/de\/wp-json\/wp\/v2\/product\/25966","targetHints":{"allow":["GET"]}}],"collection":[{"href":"https:\/\/kingwaycarrental.com\/de\/wp-json\/wp\/v2\/product"}],"about":[{"href":"https:\/\/kingwaycarrental.com\/de\/wp-json\/wp\/v2\/types\/product"}],"replies":[{"embeddable":true,"href":"https:\/\/kingwaycarrental.com\/de\/wp-json\/wp\/v2\/comments?post=25966"}],"version-history":[{"count":0,"href":"https:\/\/kingwaycarrental.com\/de\/wp-json\/wp\/v2\/product\/25966\/revisions"}],"wp:featuredmedia":[{"embeddable":true,"href":"https:\/\/kingwaycarrental.com\/de\/wp-json\/wp\/v2\/media\/25051"}],"wp:attachment":[{"href":"https:\/\/kingwaycarrental.com\/de\/wp-json\/wp\/v2\/media?parent=25966"}],"wp:term":[{"taxonomy":"product_brand","embeddable":true,"href":"https:\/\/kingwaycarrental.com\/de\/wp-json\/wp\/v2\/product_brand?post=25966"},{"taxonomy":"product_cat","embeddable":true,"href":"https:\/\/kingwaycarrental.com\/de\/wp-json\/wp\/v2\/product_cat?post=25966"},{"taxonomy":"product_tag","embeddable":true,"href":"https:\/\/kingwaycarrental.com\/de\/wp-json\/wp\/v2\/product_tag?post=25966"}],"curies":[{"name":"wp","href":"https:\/\/api.w.org\/{rel}","templated":true}]}}